{"id":43,"date":"2011-07-07T08:14:05","date_gmt":"2011-07-07T08:14:05","guid":{"rendered":"http:\/\/lycee-lpayen.ac-reunion.fr\/?page_id=27"},"modified":"2023-12-15T16:11:55","modified_gmt":"2023-12-15T12:11:55","slug":"lequipe-vie-scolaire","status":"publish","type":"page","link":"https:\/\/etab.ac-reunion.fr\/lyc-louis-payen\/lequipe-vie-scolaire\/","title":{"rendered":"L&rsquo;\u00e9quipe Vie Scolaire"},"content":{"rendered":"<div style=\"text-align: justify\">\n<p>Le service de la vie scolaire du lyc\u00e9e Louis Payen comporte une \u00e9quipe de sept assistants d&rsquo;\u00e9ducation encadr\u00e9s par deux CPE : Mme COJONDESOLEYEN et Mme DIORFLAR.<\/p>\n<p>Outre le suivi des \u00e9l\u00e8ves (absences, retards, devoirs surveill\u00e9s), la vie scolaire attache une grande importance au bien-\u00eatre de la communaut\u00e9 \u00e9ducative par une attention particuli\u00e8re apport\u00e9e \u00e0 chacun, en collaboration avec les enseignants et les services sociaux et de sant\u00e9 du lyc\u00e9e.<\/p>\n<p>Les \u00e9l\u00e8ves et leurs parents sont invit\u00e9s \u00e0 prendre contact avec les surveillants ou les CPE d\u00e8s que besoin. Ils seront re\u00e7us \u00e0 leur demande au plus vite.<\/p>\n<p>La vie scolaire se charge \u00e9galement de manifestations telles que la f\u00eate du lyc\u00e9e, le concours de d\u00e9guisements du Mardi-Gras, mais aussi de la venue d\u2019intervenants sur des th\u00e8mes en rapport avec la citoyennet\u00e9 comme la formation des d\u00e9l\u00e9gu\u00e9s, la pr\u00e9vention sur les toxicomanies ou encore sur les questions li\u00e9es \u00e0 l\u2019orientation des \u00e9l\u00e8ves, particuli\u00e8rement au niveau des classes de terminales.<\/p>\n<\/div>\n","protected":false},"excerpt":{"rendered":"<p>Le service de la vie scolaire du lyc\u00e9e Louis Payen comporte une \u00e9quipe de sept assistants d&rsquo;\u00e9ducation encadr\u00e9s par deux CPE : Mme COJONDESOLEYEN et Mme DIORFLAR. Outre le suivi des \u00e9l\u00e8ves (absences, retards, devoirs surveill\u00e9s), la vie scolaire attache une grande importance au bien-\u00eatre de la communaut\u00e9 \u00e9ducative par une attention particuli\u00e8re apport\u00e9e \u00e0 [&hellip;]<\/p>\n","protected":false},"author":10422,"featured_media":0,"parent":0,"menu_order":0,"comment_status":"closed","ping_status":"closed","template":"","meta":{"footnotes":"","_links_to":"","_links_to_target":""},"class_list":["post-43","page","type-page","status-publish","hentry"],"_links":{"self":[{"href":"https:\/\/etab.ac-reunion.fr\/lyc-louis-payen\/wp-json\/wp\/v2\/pages\/43","targetHints":{"allow":["GET"]}}],"collection":[{"href":"https:\/\/etab.ac-reunion.fr\/lyc-louis-payen\/wp-json\/wp\/v2\/pages"}],"about":[{"href":"https:\/\/etab.ac-reunion.fr\/lyc-louis-payen\/wp-json\/wp\/v2\/types\/page"}],"author":[{"embeddable":true,"href":"https:\/\/etab.ac-reunion.fr\/lyc-louis-payen\/wp-json\/wp\/v2\/users\/10422"}],"replies":[{"embeddable":true,"href":"https:\/\/etab.ac-reunion.fr\/lyc-louis-payen\/wp-json\/wp\/v2\/comments?post=43"}],"version-history":[{"count":2,"href":"https:\/\/etab.ac-reunion.fr\/lyc-louis-payen\/wp-json\/wp\/v2\/pages\/43\/revisions"}],"predecessor-version":[{"id":27389,"href":"https:\/\/etab.ac-reunion.fr\/lyc-louis-payen\/wp-json\/wp\/v2\/pages\/43\/revisions\/27389"}],"wp:attachment":[{"href":"https:\/\/etab.ac-reunion.fr\/lyc-louis-payen\/wp-json\/wp\/v2\/media?parent=43"}],"curies":[{"name":"wp","href":"https:\/\/api.w.org\/{rel}","templated":true}]}}