{"id":44,"date":"2011-07-07T08:27:20","date_gmt":"2011-07-07T08:27:20","guid":{"rendered":"http:\/\/lycee-lpayen.ac-reunion.fr\/?page_id=30"},"modified":"2025-09-16T10:37:27","modified_gmt":"2025-09-16T06:37:27","slug":"le-cdi","status":"publish","type":"page","link":"https:\/\/etab.ac-reunion.fr\/lyc-louis-payen\/le-cdi\/","title":{"rendered":"CENTRE DE DOCUMENTATION ET D&rsquo;INFORMATION"},"content":{"rendered":"\n<p class=\"has-text-color has-link-color has-medium-font-size wp-elements-63e2083ac69b6929ab9820b9d2a6924d\" style=\"color:#076398\">Le CDI est ouvert aux \u00e9l\u00e8ves et \u00e0 tout le personnel de l\u2019\u00e9tablissement du lundi au vendredi.<\/p>\n\n\n\n<p class=\"has-text-color has-link-color has-medium-font-size wp-elements-3911220e5c2da1521d22d605eb6a35be\" style=\"color:#076398\"><strong><u>Horaires :<\/u><\/strong><\/p>\n\n\n\n<p class=\"has-text-color has-link-color has-medium-font-size wp-elements-55e7c454102df309814d7a7408b1294e\" style=\"color:#076398\">-Lundi : de 7h00 \u00e0 15h00<\/p>\n\n\n\n<p class=\"has-text-color has-link-color has-medium-font-size wp-elements-5178b17786e9c4ed0459e3e76daf7daa\" style=\"color:#076398\">-Mardi : de 7h00 \u00e0 15h00&nbsp;&nbsp;&nbsp;&nbsp;&nbsp;&nbsp;&nbsp;&nbsp;&nbsp;&nbsp;&nbsp;&nbsp;&nbsp;&nbsp;&nbsp;&nbsp;&nbsp;&nbsp;&nbsp; &nbsp;&nbsp;&nbsp;&nbsp;&nbsp;&nbsp;&nbsp;&nbsp;&nbsp;&nbsp;&nbsp; &nbsp;&nbsp;&nbsp;&nbsp;&nbsp;&nbsp;&nbsp;&nbsp;&nbsp;&nbsp;<\/p>\n\n\n\n<p class=\"has-text-color has-link-color has-medium-font-size wp-elements-85f9303bb8cb319fa5947d430f12a0ca\" style=\"color:#076398\">-Mercredi :                                                  de 7h00 \u00e0 11h45 &nbsp; &nbsp; &nbsp; &nbsp; &nbsp; &nbsp; &nbsp; &nbsp; &nbsp; &nbsp; &nbsp; &nbsp; &nbsp; &nbsp; &nbsp; &nbsp; &nbsp; &nbsp; &nbsp; &nbsp; &nbsp; &nbsp;<\/p>\n\n\n\n<p class=\"has-text-color has-link-color has-medium-font-size wp-elements-540724d9c4245be9e0f78f1bd54e4a15\" style=\"color:#076398\">-Jeudi : de 7h00 \u00e0 15h00 &nbsp; &nbsp; &nbsp; &nbsp; &nbsp; &nbsp; &nbsp; &nbsp; &nbsp; &nbsp; &nbsp; &nbsp; &nbsp; &nbsp; &nbsp; &nbsp; &nbsp; &nbsp; &nbsp;<\/p>\n\n\n\n<p class=\"has-text-color has-link-color has-medium-font-size wp-elements-00819ca0038b47ca15f942d2089d000e\" style=\"color:#076398\">-Vendredi : de 7h00 \u00e0 12h00\u00a0\u00a0\u00a0\u00a0\u00a0\u00a0\u00a0\u00a0\u00a0\u00a0\u00a0\u00a0<\/p>\n\n\n\n<p><\/p>\n\n\n\n<p class=\"has-text-color has-link-color has-medium-font-size wp-elements-a6dfc96dd5e71ada5aba1fa23b9df886\" style=\"color:#076398\">\u00a0\u00a0\u00a0\u00a0\u00a0\u00a0 \u00a0\u00a0\u00a0\u00a0\u00a0\u00a0\u00a0\u00a0\u00a0\u00a0\u00a0 \u00a0\u00a0\u00a0\u00a0\u00a0\u00a0\u00a0\u00a0\u00a0\u00a0\u00a0<\/p>\n\n\n\n<p class=\"has-text-color has-link-color has-medium-font-size wp-elements-5fc1e4de940f68775ac44b121cd15d66\" style=\"color:#076398\"><strong><u>Personnel :<\/u><\/strong><\/p>\n\n\n\n<p class=\"has-text-color has-link-color has-medium-font-size wp-elements-de5f34c321d4737eb902c563b93898bd\" style=\"color:#076398\">-Assistante d\u2019\u00e9ducation&nbsp;:&nbsp;&nbsp;&nbsp;&nbsp;&nbsp;&nbsp;&nbsp;&nbsp;&nbsp;&nbsp;&nbsp;&nbsp;&nbsp;&nbsp;&nbsp;&nbsp;&nbsp;&nbsp;&nbsp;&nbsp;&nbsp; &nbsp;&nbsp;&nbsp;&nbsp; <strong>Manon CLAIN<\/strong><\/p>\n\n\n\n<p class=\"has-text-color has-link-color has-medium-font-size wp-elements-7d57a4beda6bdcff294ed20a17fc1f79\" style=\"color:#076398\">-Professeure documentaliste&nbsp;:&nbsp; &nbsp; &nbsp; &nbsp; &nbsp; &nbsp; &nbsp; &nbsp; &nbsp;&nbsp;&nbsp;<strong>Patricia HOAREAU<\/strong> jusqu&rsquo;au 19 d\u00e9cembre &nbsp;&nbsp;&nbsp;&nbsp;&nbsp;<\/p>\n\n\n\n<p class=\"has-text-color has-link-color has-medium-font-size wp-elements-2f5bd39f5a4e8c64b28825bf5a8faf53\" style=\"color:#076398\">\u00a0-Professeure documentaliste\u00a0:\u00a0 \u00a0\u00a0 \u00a0\u00a0\u00a0\u00a0\u00a0\u00a0\u00a0\u00a0\u00a0\u00a0   <strong>L\u00e9anne MOURIAPREGASSIN<\/strong> \u00e0 partir de janvier<\/p>\n\n\n\n<p class=\"has-text-color has-link-color has-medium-font-size wp-elements-0c575e7183d2273ff495ec6dd67d5b38\" style=\"color:#076398\">-Professeure documentaliste&nbsp;:&nbsp;&nbsp;&nbsp;&nbsp;&nbsp;&nbsp;&nbsp;&nbsp;&nbsp;&nbsp;&nbsp;&nbsp;&nbsp;&nbsp;&nbsp;&nbsp; &nbsp;&nbsp; <strong>Maryline RAGENARD<\/strong><\/p>\n\n\n\n<p><\/p>\n\n\n\n<p><\/p>\n\n\n\n<p class=\"has-text-color has-link-color has-medium-font-size wp-elements-704d92022b02136830bf21ee12ba520f\" style=\"color:#076398\"><strong><u>Capacit\u00e9 d\u2019accueil&nbsp;:<\/u><\/strong><\/p>\n\n\n\n<p class=\"has-text-color has-link-color has-medium-font-size wp-elements-18348b40cc471ecca9f5da4ca8856f6c\" style=\"color:#076398\">Le CDI contient une cinquantaine de places, ainsi r\u00e9parties&nbsp;:<\/p>\n\n\n\n<p class=\"has-text-color has-link-color has-medium-font-size wp-elements-5f5243bbf19f85ecd57f0286f98a0b47\" style=\"color:#076398\">-espace orientation :&nbsp;&nbsp;&nbsp;&nbsp;&nbsp;&nbsp;&nbsp;&nbsp;&nbsp;&nbsp;&nbsp;&nbsp;&nbsp;&nbsp;&nbsp;&nbsp;&nbsp;&nbsp;&nbsp;&nbsp;&nbsp;&nbsp;&nbsp;&nbsp;&nbsp;&nbsp;&nbsp;&nbsp;&nbsp; 3 places<\/p>\n\n\n\n<p class=\"has-text-color has-link-color has-medium-font-size wp-elements-58a07c3e0f4d600890fb380266a5050a\" style=\"color:#076398\">-coin lecture et nouveaut\u00e9s :&nbsp;&nbsp;&nbsp;&nbsp;&nbsp;&nbsp;&nbsp;&nbsp;&nbsp;&nbsp;&nbsp;&nbsp;&nbsp;&nbsp;&nbsp;&nbsp;8 places<\/p>\n\n\n\n<p class=\"has-text-color has-link-color has-medium-font-size wp-elements-7ec0c674fb6b5766070a1c6466479964\" style=\"color:#076398\">-espace informatique :&nbsp;&nbsp;&nbsp;&nbsp;&nbsp;&nbsp;&nbsp;&nbsp;&nbsp;&nbsp;&nbsp;&nbsp;&nbsp; &nbsp;&nbsp;&nbsp;&nbsp;&nbsp;&nbsp;&nbsp;&nbsp;&nbsp;&nbsp;&nbsp; 12 places<\/p>\n\n\n\n<p class=\"has-text-color has-link-color has-medium-font-size wp-elements-89d849536a5d0a2c887d856739a8d37c\" style=\"color:#076398\">-espace travail sur tables :&nbsp;&nbsp;&nbsp;&nbsp;&nbsp;&nbsp;&nbsp;&nbsp;&nbsp;&nbsp;&nbsp;&nbsp;&nbsp;&nbsp;&nbsp;&nbsp;&nbsp;&nbsp;&nbsp;&nbsp;30 places<\/p>\n\n\n\n<p class=\"has-text-color has-link-color has-medium-font-size wp-elements-ae42374eed966c9ecbb7ec6a4e119958\" style=\"color:#076398\"><strong><u>R\u00e8gles de vie :<\/u><\/strong><\/p>\n\n\n\n<p class=\"has-text-color has-link-color has-medium-font-size wp-elements-56c8089b733136a6f980a3efb561fe27\" style=\"color:#076398\">&nbsp;&nbsp;&nbsp;&nbsp;&nbsp;&nbsp;&nbsp;&nbsp;&nbsp;&nbsp;&nbsp; Les \u00e9l\u00e8ves et le personnel du lyc\u00e9e viennent au CDI pour y faire des recherches, s\u2019informer, voir les expositions, travailler ou lire dans le calme.<\/p>\n\n\n\n<p class=\"has-text-color has-link-color has-medium-font-size wp-elements-24982da3dbec77859870b5922159ee60\" style=\"color:#076398\">&nbsp;&nbsp;&nbsp;&nbsp;&nbsp;&nbsp;&nbsp;&nbsp;&nbsp;&nbsp;&nbsp; Le professeur documentaliste a pour mission de garantir le bon fonctionnement du C.D.I. en veillant au respect des usagers, de l\u2019espace et des documents.<\/p>\n\n\n\n<p class=\"has-text-color has-link-color has-medium-font-size wp-elements-92088cf305714baba30a3d1bcf80accc\" style=\"color:#076398\">&nbsp;&nbsp;&nbsp;&nbsp;&nbsp;&nbsp;&nbsp;&nbsp;&nbsp;&nbsp;&nbsp; Le CDI dispose de son propre r\u00e8glement, que l\u2019on retrouve dans la plupart des m\u00e9diath\u00e8ques et CDI&nbsp;: d\u00e9p\u00f4t des sacs dans les casiers \u00e0 l\u2019entr\u00e9e, inscription individuelle des \u00e9l\u00e8ves sur la liste de pr\u00e9sence, respect du silence (pas de t\u00e9l\u00e9phone, limitation des d\u00e9placements\u2026), respect des lieux et documents (on sort pour boire et manger, on remet les ouvrages \u00e0 leur place).<\/p>\n\n\n\n<p class=\"has-text-color has-link-color has-medium-font-size wp-elements-9be572bc9c1cd8ec23e7bdd5e5247cb3\" style=\"color:#076398\">&nbsp;&nbsp;&nbsp;&nbsp;&nbsp;&nbsp;&nbsp;&nbsp;&nbsp;&nbsp;&nbsp;L\u2019acc\u00e8s aux ordinateurs passe obligatoirement par une ouverture de session avec codes d\u2019acc\u00e8s personnels. Les impressions sont limit\u00e9es, les \u00e9l\u00e8ves devant s\u00e9lectionner ce qui les int\u00e9resse et solliciter l\u2019autorisation d\u2019un responsable.<\/p>\n\n\n\n<p class=\"has-text-color has-link-color has-medium-font-size wp-elements-0785e2cf648583802b41841b750296d1\" style=\"color:#076398\"><strong><u>Modalit\u00e9s de pr\u00eat&nbsp;:<\/u><\/strong><strong>&nbsp;<\/strong><strong>&nbsp;&nbsp;&nbsp;&nbsp;&nbsp;&nbsp;&nbsp;&nbsp;&nbsp;&nbsp;&nbsp;&nbsp;&nbsp;&nbsp;&nbsp;&nbsp;&nbsp;<\/strong><\/p>\n\n\n\n<p class=\"has-text-color has-link-color has-medium-font-size wp-elements-191a878e4350a0acd92483d1715e5630\" style=\"color:#076398\"><strong>&nbsp;<\/strong>Les \u00e9l\u00e8ves et personnels du lyc\u00e9e peuvent emprunter tout type de document : romans, contes, pi\u00e8ces de th\u00e9\u00e2tre, po\u00e9sies, documentaires et parascolaires, bandes dessin\u00e9es et revues diverses, DVD.<\/p>\n\n\n\n<p class=\"has-text-color has-link-color has-medium-font-size wp-elements-9f8dc3d434f7bb5fce31412b605cde90\" style=\"color:#076398\">La dur\u00e9e du pr\u00eat varie de 2 jours pour les DVD \u00e0 1 \u00e0 3 semaines selon le type d\u2019ouvrage et la demande. Certains documents sont \u00e0 consulter sur place, encyclop\u00e9dies, gros dictionnaires et dernier num\u00e9ro re\u00e7u des p\u00e9riodiques (magazines et journaux), sauf pr\u00eat exceptionnel de tr\u00e8s courte dur\u00e9e.&nbsp;&nbsp;&nbsp;Certains pr\u00eats peuvent \u00eatre prolong\u00e9s sur demande.<\/p>\n\n\n\n<p class=\"has-text-color has-link-color has-medium-font-size wp-elements-0fa1534317d81d74c0837e37d6f1c7c5\" style=\"color:#076398\">Les demandes de r\u00e9servation de documents peuvent se faire via esidoc, le catalogue en ligne, ou de pr\u00e9f\u00e9rence, sur place, au CDI.&nbsp;&nbsp;&nbsp;&nbsp;<\/p>\n\n\n\n<p class=\"has-text-color has-link-color has-medium-font-size wp-elements-cdd8faeefc6732fc0af37cf50085a446\" style=\"color:#076398\"><strong><u>Les ressources&nbsp;:<\/u><\/strong><\/p>\n\n\n\n<p class=\"has-vivid-red-color has-text-color has-link-color has-medium-font-size wp-elements-cfd8fd6c8852548cb90c65edd807a653\"><strong>Le catalogue du CDI<\/strong> est en ligne via l\u2019ENT ou directement \u00e0 cette adresse&nbsp;:<\/p>\n\n\n\n<p class=\"has-vivid-red-color has-text-color has-link-color has-medium-font-size wp-elements-092791448562d2f7c5a6347fd870d3b6\"><a href=\"http:\/\/9741050y.esidoc.fr\/\"><strong>http:\/\/9741050y.esidoc.fr\/<\/strong><\/a><\/p>\n\n\n\n<p class=\"has-text-color has-link-color has-medium-font-size wp-elements-0f255ff3c742ce75f56e37fbb6688050\" style=\"color:#076398\">Le catalogue en ligne du CDI permet de faire des recherches dans la base du CDI et sur internet. En s\u2019authentifiant ou en y acc\u00e9dant via M\u00e9tice, il est possible de consulter ses pr\u00eats et donner son avis sur ses lectures et vid\u00e9os du CDI, de sauvegarder ses r\u00e9sultats de recherches afin de les retrouver facilement.<\/p>\n\n\n\n<p class=\"has-text-color has-link-color has-medium-font-size wp-elements-c1fa3ae1c427d20a29b7c44aafcefe96\" style=\"color:#076398\"><strong>&nbsp;Classement des livres : les documentaires, dictionnaires et encyclop\u00e9dies<\/strong> sont index\u00e9s selon une norme internationale, la classification d\u00e9cimale th\u00e9matique Dewey, en vigueur dans les CDI et m\u00e9diath\u00e8ques de France&nbsp;:<\/p>\n\n\n\n<p class=\"has-text-color has-link-color has-medium-font-size wp-elements-ac72649fea7d8c925b77c54c9b83077c\" style=\"color:#076398\">000 Informatique, information, g\u00e9n\u00e9ralit\u00e9s&nbsp;&nbsp;&nbsp;&nbsp;&nbsp;&nbsp;&nbsp;&nbsp;&nbsp;&nbsp;&nbsp;&nbsp;&nbsp;&nbsp; &nbsp;&nbsp;&nbsp;&nbsp;&nbsp;&nbsp;&nbsp;&nbsp;<\/p>\n\n\n\n<p class=\"has-text-color has-link-color has-medium-font-size wp-elements-325efe3e0228a96eb20a7a5459bcfb94\" style=\"color:#076398\">100 Philosophie, psychologie<\/p>\n\n\n\n<p class=\"has-text-color has-link-color has-medium-font-size wp-elements-7f77e34e81e477532dbd589f47065dff\" style=\"color:#076398\">200 Religion&nbsp;&nbsp;&nbsp;&nbsp;&nbsp;&nbsp;&nbsp;&nbsp;&nbsp;&nbsp;&nbsp;&nbsp;&nbsp;&nbsp;&nbsp;&nbsp;&nbsp;&nbsp;&nbsp;&nbsp;&nbsp;&nbsp;&nbsp;&nbsp;&nbsp;&nbsp;&nbsp;&nbsp;&nbsp;&nbsp;&nbsp;&nbsp;&nbsp;&nbsp;&nbsp;&nbsp;&nbsp;&nbsp;&nbsp;&nbsp;&nbsp;&nbsp;&nbsp;&nbsp;&nbsp;&nbsp;&nbsp;&nbsp;&nbsp;&nbsp;&nbsp;&nbsp;&nbsp;&nbsp;&nbsp;&nbsp;&nbsp;&nbsp;&nbsp;&nbsp;&nbsp;&nbsp;&nbsp;&nbsp;&nbsp;&nbsp;&nbsp;&nbsp;<\/p>\n\n\n\n<p class=\"has-text-color has-link-color has-medium-font-size wp-elements-f22cae569387045e6faf893d247cb940\" style=\"color:#076398\">300 Sciences sociales&nbsp;&nbsp;&nbsp;&nbsp;&nbsp;&nbsp;&nbsp;&nbsp;&nbsp;&nbsp;&nbsp;&nbsp;&nbsp;&nbsp;&nbsp;<\/p>\n\n\n\n<p class=\"has-text-color has-link-color has-medium-font-size wp-elements-de550bccca8896ad6052d26db6ad2943\" style=\"color:#076398\">400 Langues, grammaire&nbsp;&nbsp;&nbsp;&nbsp;&nbsp;&nbsp;&nbsp;&nbsp;&nbsp;&nbsp;&nbsp;&nbsp;&nbsp;&nbsp;&nbsp;&nbsp;&nbsp;&nbsp;&nbsp;&nbsp;&nbsp;&nbsp;&nbsp;&nbsp;&nbsp;&nbsp;&nbsp;&nbsp;&nbsp;&nbsp;&nbsp;&nbsp;&nbsp;&nbsp;&nbsp;&nbsp;&nbsp;&nbsp;&nbsp;&nbsp;&nbsp;&nbsp;&nbsp;&nbsp;&nbsp;&nbsp;&nbsp;&nbsp;&nbsp;&nbsp;&nbsp;&nbsp;&nbsp;&nbsp;&nbsp;&nbsp;<\/p>\n\n\n\n<p class=\"has-text-color has-link-color has-medium-font-size wp-elements-41c688aff8a0bf1b2e1d37ad3d62dcec\" style=\"color:#076398\">500 Sciences pures<\/p>\n\n\n\n<p class=\"has-text-color has-link-color has-medium-font-size wp-elements-81da56b26abae83ca125fc6f7e9f4fd0\" style=\"color:#076398\">600 Techniques, sciences appliqu\u00e9es&nbsp;&nbsp;&nbsp;&nbsp;&nbsp;&nbsp;&nbsp;&nbsp;&nbsp;&nbsp;&nbsp;&nbsp;&nbsp;&nbsp;&nbsp;&nbsp;&nbsp;&nbsp;&nbsp;&nbsp;&nbsp;&nbsp;&nbsp;&nbsp; &nbsp;&nbsp;&nbsp;&nbsp;&nbsp;&nbsp;&nbsp;&nbsp;<\/p>\n\n\n\n<p class=\"has-text-color has-link-color has-medium-font-size wp-elements-a3a3d67211167e08106ee59a277a4f39\" style=\"color:#076398\">700 Arts. Beaux-arts et arts d\u00e9coratifs<\/p>\n\n\n\n<p class=\"has-text-color has-link-color has-medium-font-size wp-elements-8ac69f7f54c3e41d12a5c42f0740e567\" style=\"color:#076398\">800 Litt\u00e9rature&nbsp;&nbsp;&nbsp;&nbsp;&nbsp;&nbsp;&nbsp;&nbsp;&nbsp;&nbsp;&nbsp;&nbsp;&nbsp;&nbsp;&nbsp;&nbsp;&nbsp;&nbsp;&nbsp;&nbsp;&nbsp;&nbsp;&nbsp;&nbsp;&nbsp;&nbsp;&nbsp;&nbsp;&nbsp;&nbsp;&nbsp;&nbsp;&nbsp;&nbsp;&nbsp;&nbsp;&nbsp;&nbsp;&nbsp;&nbsp;&nbsp;&nbsp;&nbsp;&nbsp;&nbsp;&nbsp;&nbsp;&nbsp;&nbsp;&nbsp; &nbsp;&nbsp;&nbsp;&nbsp;&nbsp;&nbsp;&nbsp;&nbsp;&nbsp;&nbsp;&nbsp;&nbsp;&nbsp;&nbsp; &nbsp;&nbsp;&nbsp;&nbsp;&nbsp;&nbsp;&nbsp;&nbsp;<\/p>\n\n\n\n<p class=\"has-text-color has-link-color has-medium-font-size wp-elements-b7493ace16ebdcfefcd3894c8a897d6e\" style=\"color:#076398\">900 G\u00e9ographie et Histoire<\/p>\n\n\n\n<p class=\"has-text-color has-link-color has-medium-font-size wp-elements-7dc49d5be258ccf4551908901e05ac1f\" style=\"color:#076398\"><strong>Les ouvrages de fiction<\/strong>&nbsp;: romans, contes, nouvelles, th\u00e9\u00e2tre, po\u00e9sie, bandes dessin\u00e9es, sont class\u00e9s \u00e0&nbsp;&nbsp; <strong>R, C, N, T, P, BD<\/strong>, par ordre alphab\u00e9tique auteur. Les ouvrages concernant le fonds local sont regroup\u00e9s \u00e0<strong> FL<\/strong> en respectant le classement ci-dessus.<\/p>\n\n\n\n<p class=\"has-text-color has-link-color has-medium-font-size wp-elements-42461e4630c27d8b4772f5ded9ba8715\" style=\"color:#076398\"><strong>Les manuels scolaires<\/strong> sont rang\u00e9s par<strong> discipline<\/strong>.<\/p>\n\n\n\n<p class=\"has-text-color has-link-color has-medium-font-size wp-elements-d3906b5322f8a5c69bc46550a114941c\" style=\"color:#076398\">Le fonds comprend apr\u00e8s d\u00e9sherbage pr\u00e8s de 15000 documents dont plus de 11500 livres, 276 DVD et 3000 p\u00e9riodiques.<\/p>\n\n\n\n<p class=\"has-text-color has-link-color has-medium-font-size wp-elements-3a3a6cd00177aa54a5cf2789ab106a09\" style=\"color:#076398\"><strong>*Les abonnements en cours&nbsp;:<\/strong><\/p>\n\n\n\n<p class=\"has-text-color has-link-color has-medium-font-size wp-elements-76462af88ac257c588a101cd8e460e10\" style=\"color:#076398\">&#8211;<em>Alternatives \u00e9conomiques&nbsp;&nbsp;&nbsp;&nbsp;&nbsp;&nbsp;&nbsp;&nbsp;&nbsp;&nbsp;&nbsp;&nbsp;<\/em><\/p>\n\n\n\n<p class=\"has-text-color has-link-color has-medium-font-size wp-elements-95ea60f3f781b129dfb36796f83bd81f\" style=\"color:#076398\"><em>-Capital&nbsp;&nbsp;&nbsp;&nbsp;&nbsp;&nbsp;&nbsp;&nbsp;&nbsp;&nbsp;&nbsp;&nbsp;&nbsp;&nbsp;&nbsp;&nbsp;&nbsp;&nbsp;&nbsp;&nbsp;&nbsp;&nbsp;&nbsp;&nbsp;&nbsp;&nbsp;&nbsp;&nbsp;&nbsp;&nbsp;&nbsp;&nbsp;&nbsp;&nbsp;&nbsp;&nbsp;&nbsp;&nbsp;&nbsp;&nbsp;&nbsp;&nbsp;&nbsp;&nbsp;&nbsp;&nbsp;&nbsp;&nbsp;&nbsp;&nbsp;&nbsp;&nbsp;&nbsp;&nbsp;&nbsp;&nbsp;&nbsp;&nbsp;&nbsp;&nbsp;&nbsp;&nbsp;&nbsp;&nbsp;&nbsp;&nbsp;&nbsp; &nbsp;<\/em><\/p>\n\n\n\n<p class=\"has-text-color has-link-color has-medium-font-size wp-elements-26bbf3533bdc4d0e54a7f524c5fe366e\" style=\"color:#076398\"><em>-Cerveau &amp; psycho&nbsp; &nbsp; &nbsp; &nbsp; &nbsp; &nbsp; &nbsp; &nbsp; &nbsp; &nbsp; &nbsp; &nbsp; &nbsp; &nbsp; &nbsp; &nbsp; &nbsp; &nbsp; &nbsp; &nbsp; &nbsp; &nbsp; &nbsp; &nbsp; &nbsp;<\/em><\/p>\n\n\n\n<p class=\"has-text-color has-link-color has-medium-font-size wp-elements-c020d6f0620fcb891f2cb37566347c19\" style=\"color:#076398\"><em>-Courrier international<\/em><\/p>\n\n\n\n<p class=\"has-text-color has-link-color has-medium-font-size wp-elements-c38ba6143483c0642e0675c56a5ffacc\" style=\"color:#076398\">&#8211;<em>GEO Ado&nbsp;<\/em><\/p>\n\n\n\n<p class=\"has-text-color has-link-color has-medium-font-size wp-elements-52ed2caf33637feff2c54f8384fb7d1e\" style=\"color:#076398\"><em>-I Love English World<\/em><\/p>\n\n\n\n<p class=\"has-text-color has-link-color has-medium-font-size wp-elements-a05d5eaa6c91ed37b828ba78595ea60b\" style=\"color:#076398\"><em>-Inter CDI&nbsp;<\/em><\/p>\n\n\n\n<p class=\"has-text-color has-link-color has-medium-font-size wp-elements-89ccb1c3022bd345e1456ca52590dd3c\" style=\"color:#076398\"><em>-L\u2019Obs<\/em><\/p>\n\n\n\n<p class=\"has-text-color has-link-color has-medium-font-size wp-elements-0746c16e001bcdc37f55cb7ac1f41180\" style=\"color:#076398\"><em>-La Nouvelle Revue P\u00e9dagogique&nbsp;<\/em><\/p>\n\n\n\n<p class=\"has-text-color has-link-color has-medium-font-size wp-elements-faaeed2a84e1fd82ff1a504f86c6f187\" style=\"color:#076398\"><em>-Le Monde diplomatique&nbsp; &nbsp;<\/em><\/p>\n\n\n\n<p class=\"has-text-color has-link-color has-medium-font-size wp-elements-06fa006f4c44040178dd222cb121d7bd\" style=\"color:#076398\"><em>-Le 1&nbsp; &nbsp; &nbsp;<\/em><\/p>\n\n\n\n<p class=\"has-text-color has-link-color has-medium-font-size wp-elements-f0c114f22c6a6a5c134a52a9c0c39949\" style=\"color:#076398\"><em>-Le Tangue&nbsp;<\/em><\/p>\n\n\n\n<p class=\"has-text-color has-link-color has-medium-font-size wp-elements-22bf5f3dce8c749d1652fa0bbeced6ec\" style=\"color:#076398\"><em>-Les Dossiers de l\u2019Onisep&nbsp;<\/em><\/p>\n\n\n\n<p class=\"has-text-color has-link-color has-medium-font-size wp-elements-ea3a4ba516cdb71fac2dfe6b634de472\" style=\"color:#076398\"><em>-Les Parcours de l\u2019ONISEP&nbsp;<\/em><\/p>\n\n\n\n<p class=\"has-text-color has-link-color has-medium-font-size wp-elements-5160813019742edcbd44cb6de70270c2\" style=\"color:#076398\"><em>-Philosophie magazine&nbsp;<\/em><\/p>\n\n\n\n<p class=\"has-text-color has-link-color has-medium-font-size wp-elements-e56c128438b54db58b9f3e7e24eba6b5\" style=\"color:#076398\"><em>-Phosphore&nbsp;<\/em><\/p>\n\n\n\n<p class=\"has-text-color has-link-color has-medium-font-size wp-elements-1bf57775dbdc60c8c8bd925ad20996fe\" style=\"color:#076398\"><em>-Premi\u00e8re&nbsp;&nbsp;<\/em><\/p>\n\n\n\n<p class=\"has-text-color has-link-color has-medium-font-size wp-elements-652ee386d864920d84ef2d69c899f65a\" style=\"color:#076398\"><em>-Sciences et Avenir &#8211; La Recherche<\/em><\/p>\n\n\n\n<p class=\"has-text-color has-link-color has-medium-font-size wp-elements-82af4329b33c1cdff44c618c22baa062\" style=\"color:#076398\"><em>-Science &amp; Vie<\/em><\/p>\n\n\n\n<p class=\"has-text-color has-link-color has-medium-font-size wp-elements-c9c0bf3cfcc309e2902be69fa1c30396\" style=\"color:#076398\"><em>-Science &amp; vie junior&nbsp;<\/em><\/p>\n\n\n\n<p class=\"has-text-color has-link-color has-medium-font-size wp-elements-efc8135569c18828ac48b094eb648c18\" style=\"color:#076398\"><em>-Sciences humaines<\/em><\/p>\n\n\n\n<p class=\"has-text-color has-link-color has-medium-font-size wp-elements-2751ef736d56fc1a68ce945c891bb7f4\" style=\"color:#076398\"><em>-Vocable : allemand&nbsp;<\/em><\/p>\n\n\n\n<p class=\"has-text-color has-link-color has-medium-font-size wp-elements-a8c8053613382541f73469174044fad3\" style=\"color:#076398\"><em>-Vocable : anglais&nbsp;&nbsp;&nbsp;<\/em><\/p>\n\n\n\n<p class=\"has-text-color has-link-color has-medium-font-size wp-elements-d39b6b9cbf49e8682c27fc6edbe84b01\" style=\"color:#076398\"><em>-Vocable : espagnol<\/em><\/p>\n\n\n\n<p class=\"has-text-color has-link-color has-medium-font-size wp-elements-0d733c2f3ddad9d05be82d4406b5f191\" style=\"color:#076398\"><em>-WE demain <\/em>(nouveau)<\/p>\n","protected":false},"excerpt":{"rendered":"<p>Le CDI est ouvert aux \u00e9l\u00e8ves et \u00e0 tout le personnel de l\u2019\u00e9tablissement du lundi au vendredi. Horaires : -Lundi : de 7h00 \u00e0 15h00 -Mardi : de 7h00 \u00e0 15h00&nbsp;&nbsp;&nbsp;&nbsp;&nbsp;&nbsp;&nbsp;&nbsp;&nbsp;&nbsp;&nbsp;&nbsp;&nbsp;&nbsp;&nbsp;&nbsp;&nbsp;&nbsp;&nbsp; &nbsp;&nbsp;&nbsp;&nbsp;&nbsp;&nbsp;&nbsp;&nbsp;&nbsp;&nbsp;&nbsp; &nbsp;&nbsp;&nbsp;&nbsp;&nbsp;&nbsp;&nbsp;&nbsp;&nbsp;&nbsp; -Mercredi : de 7h00 \u00e0 11h45 &nbsp; &nbsp; &nbsp; &nbsp; &nbsp; &nbsp; &nbsp; &nbsp; &nbsp; &nbsp; &nbsp; &nbsp; &nbsp; &nbsp; &nbsp; &nbsp; [&hellip;]<\/p>\n","protected":false},"author":10640,"featured_media":0,"parent":0,"menu_order":0,"comment_status":"closed","ping_status":"closed","template":"","meta":{"footnotes":"","_links_to":"","_links_to_target":""},"class_list":["post-44","page","type-page","status-publish","hentry"],"_links":{"self":[{"href":"https:\/\/etab.ac-reunion.fr\/lyc-louis-payen\/wp-json\/wp\/v2\/pages\/44","targetHints":{"allow":["GET"]}}],"collection":[{"href":"https:\/\/etab.ac-reunion.fr\/lyc-louis-payen\/wp-json\/wp\/v2\/pages"}],"about":[{"href":"https:\/\/etab.ac-reunion.fr\/lyc-louis-payen\/wp-json\/wp\/v2\/types\/page"}],"author":[{"embeddable":true,"href":"https:\/\/etab.ac-reunion.fr\/lyc-louis-payen\/wp-json\/wp\/v2\/users\/10640"}],"replies":[{"embeddable":true,"href":"https:\/\/etab.ac-reunion.fr\/lyc-louis-payen\/wp-json\/wp\/v2\/comments?post=44"}],"version-history":[{"count":91,"href":"https:\/\/etab.ac-reunion.fr\/lyc-louis-payen\/wp-json\/wp\/v2\/pages\/44\/revisions"}],"predecessor-version":[{"id":28822,"href":"https:\/\/etab.ac-reunion.fr\/lyc-louis-payen\/wp-json\/wp\/v2\/pages\/44\/revisions\/28822"}],"wp:attachment":[{"href":"https:\/\/etab.ac-reunion.fr\/lyc-louis-payen\/wp-json\/wp\/v2\/media?parent=44"}],"curies":[{"name":"wp","href":"https:\/\/api.w.org\/{rel}","templated":true}]}}