{"id":47,"date":"2011-07-07T08:31:50","date_gmt":"2011-07-07T08:31:50","guid":{"rendered":"http:\/\/lycee-lpayen.ac-reunion.fr\/?page_id=45"},"modified":"2026-04-08T13:59:36","modified_gmt":"2026-04-08T09:59:36","slug":"les-disciplines","status":"publish","type":"page","link":"https:\/\/etab.ac-reunion.fr\/lyc-louis-payen\/les-disciplines\/","title":{"rendered":"Les disciplines"},"content":{"rendered":"<div style=\"text-align: center\">\n<table style=\"height: 736px\" border=\"0\" summary=\"\" width=\"657\">\n<tbody>\n<tr>\n<td><a href=\"https:\/\/etab.ac-reunion.fr\/lyc-louis-payen\/category\/allemand\"><img loading=\"lazy\" decoding=\"async\" class=\"aligncenter size-full wp-image-1495\" title=\"Allemand\" src=\"https:\/\/etab.ac-reunion.fr\/lyc-louis-payen\/wp-content\/uploads\/sites\/137\/2015\/12\/Germany-Flag-icon.png\" alt=\"\" width=\"44\" height=\"44\" \/><\/a><\/p>\n<div style=\"text-align: center\">Allemand<\/div>\n<\/td>\n<td><img loading=\"lazy\" decoding=\"async\" class=\"aligncenter size-full wp-image-1497\" title=\"Anglais\" src=\"https:\/\/etab.ac-reunion.fr\/lyc-louis-payen\/wp-content\/uploads\/sites\/137\/2015\/12\/United-Kingdom-flag-icon.png\" alt=\"\" width=\"50\" height=\"50\" \/><\/p>\n<div style=\"text-align: center\">Anglais<\/div>\n<\/td>\n<td><img loading=\"lazy\" decoding=\"async\" class=\"wp-image-29185 alignnone\" src=\"https:\/\/etab.ac-reunion.fr\/lyc-louis-payen\/wp-content\/uploads\/sites\/137\/2026\/04\/imageschine.png\" alt=\"\" width=\"65\" height=\"43\" srcset=\"https:\/\/etab.ac-reunion.fr\/lyc-louis-payen\/wp-content\/uploads\/sites\/137\/2026\/04\/imageschine.png 275w, https:\/\/etab.ac-reunion.fr\/lyc-louis-payen\/wp-content\/uploads\/sites\/137\/2026\/04\/imageschine-207x136.png 207w, https:\/\/etab.ac-reunion.fr\/lyc-louis-payen\/wp-content\/uploads\/sites\/137\/2026\/04\/imageschine-260x170.png 260w, https:\/\/etab.ac-reunion.fr\/lyc-louis-payen\/wp-content\/uploads\/sites\/137\/2026\/04\/imageschine-140x94.png 140w\" sizes=\"auto, (max-width: 65px) 100vw, 65px\" \/><\/p>\n<p>Chinois<\/td>\n<td><a href=\"https:\/\/etab.ac-reunion.fr\/lyc-louis-payen\/category\/economie-et-gestion\/\"><img loading=\"lazy\" decoding=\"async\" class=\"alignnone wp-image-27929\" src=\"https:\/\/etab.ac-reunion.fr\/lyc-louis-payen\/wp-content\/uploads\/sites\/137\/2024\/09\/eco.jpg\" alt=\"\" width=\"113\" height=\"91\" \/><\/a><\/p>\n<div style=\"text-align: center\">\u00c9conomie\/Gestion<\/div>\n<\/td>\n<\/tr>\n<tr>\n<td><a href=\"https:\/\/etab.ac-reunion.fr\/lyc-louis-payen\/category\/education-physique-et-sportive\"><img loading=\"lazy\" decoding=\"async\" class=\"aligncenter size-full wp-image-1531\" title=\"eps\" src=\"https:\/\/etab.ac-reunion.fr\/lyc-louis-payen\/wp-content\/uploads\/sites\/137\/2015\/12\/eps.jpg\" alt=\"\" width=\"142\" height=\"88\" \/><\/a><\/p>\n<div style=\"text-align: center\">\u00c9ducation Physique<br \/>\net Sportive<\/div>\n<\/td>\n<td><a href=\"https:\/\/etab.ac-reunion.fr\/lyc-louis-payen\/category\/espagnol\"><img loading=\"lazy\" decoding=\"async\" class=\"aligncenter size-full wp-image-1539\" title=\"espagnol\" src=\"https:\/\/etab.ac-reunion.fr\/lyc-louis-payen\/wp-content\/uploads\/sites\/137\/2015\/12\/Spain-Flag-icon.png\" alt=\"\" width=\"58\" height=\"59\" \/><\/a><\/p>\n<div style=\"text-align: center\">Espagnol<\/div>\n<\/td>\n<td><a href=\"https:\/\/etab.ac-reunion.fr\/lyc-louis-payen\/category\/developpementdurable\"><img loading=\"lazy\" decoding=\"async\" class=\"aligncenter size-thumbnail wp-image-3023\" title=\"develop_durable\" src=\"https:\/\/etab.ac-reunion.fr\/lyc-louis-payen\/wp-content\/uploads\/sites\/137\/2015\/12\/develop_durable-150x150.jpg\" alt=\"\" width=\"120\" height=\"120\" \/>D\u00e9veloppement<br \/>\ndurable<\/a><\/td>\n<td><a href=\"https:\/\/etab.ac-reunion.fr\/lyc-louis-payen\/histoire-geographie\"><img loading=\"lazy\" decoding=\"async\" class=\"aligncenter size-full wp-image-1545\" title=\"hg\" src=\"https:\/\/etab.ac-reunion.fr\/lyc-louis-payen\/wp-content\/uploads\/sites\/137\/2015\/12\/hg.jpg\" alt=\"\" width=\"94\" height=\"83\" \/><\/a>Histoire G\u00e9ographie<\/td>\n<\/tr>\n<tr>\n<td><a href=\"https:\/\/etab.ac-reunion.fr\/lyc-louis-payen\/category\/lettres-classiques\"><img loading=\"lazy\" decoding=\"async\" class=\"aligncenter size-full wp-image-1552\" title=\"latin\" src=\"https:\/\/etab.ac-reunion.fr\/lyc-louis-payen\/wp-content\/uploads\/sites\/137\/2015\/12\/latin.png\" alt=\"\" width=\"97\" height=\"95\" \/>Lettres classiques<\/a><\/td>\n<td><a href=\"https:\/\/etab.ac-reunion.fr\/lyc-louis-payen\/category\/lettres-modernes\"><img loading=\"lazy\" decoding=\"async\" class=\"aligncenter size-full wp-image-1556\" title=\"lettresmodernes\" src=\"https:\/\/etab.ac-reunion.fr\/lyc-louis-payen\/wp-content\/uploads\/sites\/137\/2015\/12\/lettresmodernes.jpg\" alt=\"\" width=\"97\" height=\"60\" \/><\/a><\/p>\n<div style=\"text-align: center\">Lettres modernes<\/div>\n<\/td>\n<td><a href=\"https:\/\/etab.ac-reunion.fr\/lyc-louis-payen\/category\/mathematiques\"><img loading=\"lazy\" decoding=\"async\" class=\"aligncenter size-full wp-image-1559\" title=\"maths\" src=\"https:\/\/etab.ac-reunion.fr\/lyc-louis-payen\/wp-content\/uploads\/sites\/137\/2015\/11\/mathematiques.jpg\" alt=\"\" width=\"81\" height=\"88\" \/><\/a><\/p>\n<div style=\"text-align: center\">Math\u00e9matiques<\/div>\n<\/td>\n<td><a href=\"https:\/\/etab.ac-reunion.fr\/lyc-louis-payen\/category\/philosophie\"><img loading=\"lazy\" decoding=\"async\" class=\"aligncenter size-full wp-image-1562\" title=\"philo\" src=\"https:\/\/etab.ac-reunion.fr\/lyc-louis-payen\/wp-content\/uploads\/sites\/137\/2015\/12\/philo.jpg\" alt=\"\" width=\"84\" height=\"84\" \/><\/a>Philosophie<\/td>\n<\/tr>\n<tr>\n<td><a href=\"https:\/\/etab.ac-reunion.fr\/lyc-louis-payen\/physique-chimie\"><img loading=\"lazy\" decoding=\"async\" class=\"aligncenter size-full wp-image-1566\" title=\"physique\" src=\"https:\/\/etab.ac-reunion.fr\/lyc-louis-payen\/wp-content\/uploads\/sites\/137\/2015\/12\/physique.jpg\" alt=\"\" width=\"80\" height=\"89\" \/>Physique Chimie<\/a><\/td>\n<td><a href=\"https:\/\/etab.ac-reunion.fr\/lyc-louis-payen\/category\/sciences-economiques-et-sociales\"><img loading=\"lazy\" decoding=\"async\" class=\"aligncenter size-full wp-image-1569\" title=\"ses\" src=\"https:\/\/etab.ac-reunion.fr\/lyc-louis-payen\/wp-content\/uploads\/sites\/137\/2015\/12\/ses.jpg\" alt=\"\" width=\"80\" height=\"93\" \/>Sciences \u00c9conomiques<br \/>\net Sociales<\/a><\/td>\n<td><a href=\"https:\/\/etab.ac-reunion.fr\/lyc-louis-payen\/category\/sciences-de-la-vie-et-de-la-terre\"><img loading=\"lazy\" decoding=\"async\" class=\"aligncenter size-full wp-image-1571\" title=\"svt\" src=\"https:\/\/etab.ac-reunion.fr\/lyc-louis-payen\/wp-content\/uploads\/sites\/137\/2016\/02\/svt.jpg\" alt=\"\" width=\"89\" height=\"63\" \/><\/a><\/p>\n<div style=\"text-align: center\">Sciences de la Vie<br \/>\net de la Terre<\/div>\n<\/td>\n<td><a href=\"https:\/\/etab.ac-reunion.fr\/lyc-louis-payen\/category\/culture\"><img loading=\"lazy\" decoding=\"async\" class=\"aligncenter size-full wp-image-1321\" title=\"culture\" src=\"https:\/\/etab.ac-reunion.fr\/lyc-louis-payen\/wp-content\/uploads\/sites\/137\/2015\/12\/culture.png\" alt=\"\" width=\"93\" height=\"54\" \/><\/a><\/p>\n<div style=\"text-align: center\">Culture<\/div>\n<\/td>\n<\/tr>\n<tr>\n<td><\/td>\n<\/tr>\n<tr>\n<td><\/td>\n<td><\/td>\n<td><\/td>\n<td><\/td>\n<\/tr>\n<\/tbody>\n<\/table>\n<\/div>\n","protected":false},"excerpt":{"rendered":"<p>Allemand Anglais Chinois \u00c9conomie\/Gestion \u00c9ducation Physique et Sportive Espagnol D\u00e9veloppement durable Histoire G\u00e9ographie Lettres classiques Lettres modernes Math\u00e9matiques Philosophie Physique Chimie Sciences \u00c9conomiques et Sociales Sciences de la Vie et de la Terre Culture<\/p>\n","protected":false},"author":10422,"featured_media":0,"parent":0,"menu_order":0,"comment_status":"closed","ping_status":"closed","template":"","meta":{"footnotes":"","_links_to":"","_links_to_target":""},"class_list":["post-47","page","type-page","status-publish","hentry"],"_links":{"self":[{"href":"https:\/\/etab.ac-reunion.fr\/lyc-louis-payen\/wp-json\/wp\/v2\/pages\/47","targetHints":{"allow":["GET"]}}],"collection":[{"href":"https:\/\/etab.ac-reunion.fr\/lyc-louis-payen\/wp-json\/wp\/v2\/pages"}],"about":[{"href":"https:\/\/etab.ac-reunion.fr\/lyc-louis-payen\/wp-json\/wp\/v2\/types\/page"}],"author":[{"embeddable":true,"href":"https:\/\/etab.ac-reunion.fr\/lyc-louis-payen\/wp-json\/wp\/v2\/users\/10422"}],"replies":[{"embeddable":true,"href":"https:\/\/etab.ac-reunion.fr\/lyc-louis-payen\/wp-json\/wp\/v2\/comments?post=47"}],"version-history":[{"count":24,"href":"https:\/\/etab.ac-reunion.fr\/lyc-louis-payen\/wp-json\/wp\/v2\/pages\/47\/revisions"}],"predecessor-version":[{"id":29187,"href":"https:\/\/etab.ac-reunion.fr\/lyc-louis-payen\/wp-json\/wp\/v2\/pages\/47\/revisions\/29187"}],"wp:attachment":[{"href":"https:\/\/etab.ac-reunion.fr\/lyc-louis-payen\/wp-json\/wp\/v2\/media?parent=47"}],"curies":[{"name":"wp","href":"https:\/\/api.w.org\/{rel}","templated":true}]}}