{"id":7694,"date":"2012-04-10T13:04:36","date_gmt":"2012-04-10T13:04:36","guid":{"rendered":"http:\/\/lycee-louis-payen.ac-reunion.fr\/?page_id=7694"},"modified":"2024-02-19T18:40:36","modified_gmt":"2024-02-19T14:40:36","slug":"espace-culture-2","status":"publish","type":"page","link":"https:\/\/etab.ac-reunion.fr\/lyc-louis-payen\/espace-culture-2\/","title":{"rendered":"Espace Culture"},"content":{"rendered":"<table style=\"height: 387px\" border=\"0\" summary=\"\" width=\"557\" cellspacing=\"0\" cellpadding=\"0\" bgcolor=\"#000000\">\n<tbody>\n<tr>\n<td>\u00a0<span style=\"color: #ffffff;font-family: Calibri;font-size: medium\">\u00a0Pour les enseignants<\/span><\/td>\n<td rowspan=\"14\">\u00a0<img loading=\"lazy\" decoding=\"async\" src=\"https:\/\/etab.ac-reunion.fr\/lyc-louis-payen\/wp-content\/uploads\/sites\/137\/2016\/06\/Images.jpg\" alt=\"\" width=\"185\" height=\"212\" align=\"middle\" border=\"0\" \/><\/td>\n<\/tr>\n<tr>\n<td><\/td>\n<\/tr>\n<tr>\n<td><span style=\"color: #ffffff;font-family: Calibri;font-size: medium\">\u00a0<a href=\"https:\/\/etab.ac-reunion.fr\/lyc-louis-payen\/category\/culture\">Archives des articles publi\u00e9s dans la rubrique Culture<\/a><\/span><\/td>\n<\/tr>\n<tr>\n<td><span style=\"color: #ffffff;font-family: Calibri;font-size: medium\">Pour les \u00e9l\u00e8ves<\/span><\/td>\n<\/tr>\n<tr>\n<td><\/td>\n<\/tr>\n<tr>\n<td><\/td>\n<\/tr>\n<tr>\n<td>\u00a0<img loading=\"lazy\" decoding=\"async\" src=\"https:\/\/etab.ac-reunion.fr\/lyc-louis-payen\/wp-content\/uploads\/sites\/137\/2016\/06\/blue-button.jpg\" alt=\"\" width=\"29\" height=\"30\" align=\"bottom\" border=\"0\" \/><a href=\"https:\/\/etab.ac-reunion.fr\/lyc-louis-payen\/category\/sortiesculturelles\"><img loading=\"lazy\" decoding=\"async\" src=\"https:\/\/etab.ac-reunion.fr\/lyc-louis-payen\/wp-content\/uploads\/sites\/137\/2016\/06\/sorties.jpg\" alt=\"\" width=\"282\" height=\"28\" align=\"bottom\" border=\"0\" \/><\/a><\/td>\n<\/tr>\n<tr>\n<td>\u00a0<img loading=\"lazy\" decoding=\"async\" src=\"https:\/\/etab.ac-reunion.fr\/lyc-louis-payen\/wp-content\/uploads\/sites\/137\/2016\/06\/blue-button.jpg\" alt=\"\" width=\"29\" height=\"30\" align=\"bottom\" border=\"0\" \/><a href=\"https:\/\/etab.ac-reunion.fr\/lyc-louis-payen\/category\/cinema\"><img loading=\"lazy\" decoding=\"async\" src=\"https:\/\/etab.ac-reunion.fr\/lyc-louis-payen\/wp-content\/uploads\/sites\/137\/2016\/06\/cinema.jpg\" alt=\"\" width=\"282\" height=\"28\" align=\"bottom\" border=\"0\" \/><\/a><\/td>\n<\/tr>\n<tr>\n<td>\u00a0<img loading=\"lazy\" decoding=\"async\" src=\"https:\/\/etab.ac-reunion.fr\/lyc-louis-payen\/wp-content\/uploads\/sites\/137\/2016\/06\/blue-button.jpg\" alt=\"\" width=\"29\" height=\"30\" align=\"bottom\" border=\"0\" \/><a href=\"http:\/\/www.lespas.re\" target=\"_blank\" rel=\"noopener\"><img loading=\"lazy\" decoding=\"async\" src=\"https:\/\/etab.ac-reunion.fr\/lyc-louis-payen\/wp-content\/uploads\/sites\/137\/2016\/06\/lespas.jpg\" alt=\"\" width=\"282\" height=\"28\" align=\"bottom\" border=\"0\" \/><\/a><\/td>\n<\/tr>\n<tr>\n<td>\u00a0<img loading=\"lazy\" decoding=\"async\" src=\"https:\/\/etab.ac-reunion.fr\/lyc-louis-payen\/wp-content\/uploads\/sites\/137\/2016\/06\/blue-button.jpg\" alt=\"\" width=\"29\" height=\"30\" align=\"bottom\" border=\"0\" \/><a href=\"https:\/\/etab.ac-reunion.fr\/lyc-louis-payen\/category\/evenementsculturels\"><img loading=\"lazy\" decoding=\"async\" src=\"https:\/\/etab.ac-reunion.fr\/lyc-louis-payen\/wp-content\/uploads\/sites\/137\/2016\/06\/evenements.jpg\" alt=\"\" width=\"282\" height=\"28\" align=\"bottom\" border=\"0\" \/><\/a><\/td>\n<\/tr>\n<tr>\n<td>\u00a0<img loading=\"lazy\" decoding=\"async\" src=\"https:\/\/etab.ac-reunion.fr\/lyc-louis-payen\/wp-content\/uploads\/sites\/137\/2016\/06\/blue-button.jpg\" alt=\"\" width=\"29\" height=\"30\" align=\"bottom\" border=\"0\" \/><a href=\"https:\/\/etab.ac-reunion.fr\/lyc-louis-payen\/category\/museeaulycee\"><img loading=\"lazy\" decoding=\"async\" src=\"https:\/\/etab.ac-reunion.fr\/lyc-louis-payen\/wp-content\/uploads\/sites\/137\/2016\/06\/muse_au_lycee.jpg\" alt=\"\" width=\"282\" height=\"28\" align=\"bottom\" border=\"0\" \/><\/a><\/td>\n<\/tr>\n<tr>\n<td><\/td>\n<\/tr>\n<\/tbody>\n<\/table>\n","protected":false},"excerpt":{"rendered":"<p>\u00a0\u00a0Pour les enseignants \u00a0 \u00a0Archives des articles publi\u00e9s dans la rubrique Culture Pour les \u00e9l\u00e8ves \u00a0 \u00a0 \u00a0 \u00a0 \u00a0<\/p>\n","protected":false},"author":10640,"featured_media":0,"parent":0,"menu_order":0,"comment_status":"closed","ping_status":"closed","template":"","meta":{"footnotes":"","_links_to":"","_links_to_target":""},"class_list":["post-7694","page","type-page","status-publish","hentry"],"_links":{"self":[{"href":"https:\/\/etab.ac-reunion.fr\/lyc-louis-payen\/wp-json\/wp\/v2\/pages\/7694","targetHints":{"allow":["GET"]}}],"collection":[{"href":"https:\/\/etab.ac-reunion.fr\/lyc-louis-payen\/wp-json\/wp\/v2\/pages"}],"about":[{"href":"https:\/\/etab.ac-reunion.fr\/lyc-louis-payen\/wp-json\/wp\/v2\/types\/page"}],"author":[{"embeddable":true,"href":"https:\/\/etab.ac-reunion.fr\/lyc-louis-payen\/wp-json\/wp\/v2\/users\/10640"}],"replies":[{"embeddable":true,"href":"https:\/\/etab.ac-reunion.fr\/lyc-louis-payen\/wp-json\/wp\/v2\/comments?post=7694"}],"version-history":[{"count":10,"href":"https:\/\/etab.ac-reunion.fr\/lyc-louis-payen\/wp-json\/wp\/v2\/pages\/7694\/revisions"}],"predecessor-version":[{"id":27434,"href":"https:\/\/etab.ac-reunion.fr\/lyc-louis-payen\/wp-json\/wp\/v2\/pages\/7694\/revisions\/27434"}],"wp:attachment":[{"href":"https:\/\/etab.ac-reunion.fr\/lyc-louis-payen\/wp-json\/wp\/v2\/media?parent=7694"}],"curies":[{"name":"wp","href":"https:\/\/api.w.org\/{rel}","templated":true}]}}