{"id":96,"date":"2011-07-07T10:15:29","date_gmt":"2011-07-07T10:15:29","guid":{"rendered":"http:\/\/lycee-lpayen.ac-reunion.fr\/?page_id=96"},"modified":"2024-08-18T16:01:00","modified_gmt":"2024-08-18T12:01:00","slug":"informations-pratiques","status":"publish","type":"page","link":"https:\/\/etab.ac-reunion.fr\/lyc-louis-payen\/informations-pratiques\/","title":{"rendered":"Informations pratiques"},"content":{"rendered":"<ul>\n<li><a href=\"https:\/\/etab.ac-reunion.fr\/lyc-louis-payen\/horaires-douverture\/\">Horaires d&rsquo;ouverture<\/a><\/li>\n<li><a href=\"https:\/\/etab.ac-reunion.fr\/lyc-louis-payen\/filieres-et-options\/\">Les fili\u00e8res et options propos\u00e9es<\/a><\/li>\n<li><a href=\"https:\/\/etab.ac-reunion.fr\/lyc-louis-payen\/calendriers-trimestriel-et-semestriel\">Calendriers de l&rsquo;ann\u00e9e scolaire 2024\/2025<\/a><\/li>\n<li><a href=\"https:\/\/etab.ac-reunion.fr\/lyc-louis-payen\/qui-est-louis-payen\">Des informations sur Louis Payen<\/a><\/li>\n<li>R\u00e9sultats aux examens<\/li>\n<li>La structure du lyc\u00e9e<\/li>\n<li>Contacter l&rsquo;assistant sociale: 0262 71 18 71<\/li>\n<li>Contacter l&rsquo;infirmi\u00e8re: 0262 71 18 75<\/li>\n<\/ul>\n","protected":false},"excerpt":{"rendered":"<p>Horaires d&rsquo;ouverture Les fili\u00e8res et options propos\u00e9es Calendriers de l&rsquo;ann\u00e9e scolaire 2024\/2025 Des informations sur Louis Payen R\u00e9sultats aux examens La structure du lyc\u00e9e Contacter l&rsquo;assistant sociale: 0262 71 18 71 Contacter l&rsquo;infirmi\u00e8re: 0262 71 18 75<\/p>\n","protected":false},"author":10422,"featured_media":0,"parent":0,"menu_order":0,"comment_status":"closed","ping_status":"closed","template":"","meta":{"footnotes":"","_links_to":"","_links_to_target":""},"class_list":["post-96","page","type-page","status-publish","hentry"],"_links":{"self":[{"href":"https:\/\/etab.ac-reunion.fr\/lyc-louis-payen\/wp-json\/wp\/v2\/pages\/96","targetHints":{"allow":["GET"]}}],"collection":[{"href":"https:\/\/etab.ac-reunion.fr\/lyc-louis-payen\/wp-json\/wp\/v2\/pages"}],"about":[{"href":"https:\/\/etab.ac-reunion.fr\/lyc-louis-payen\/wp-json\/wp\/v2\/types\/page"}],"author":[{"embeddable":true,"href":"https:\/\/etab.ac-reunion.fr\/lyc-louis-payen\/wp-json\/wp\/v2\/users\/10422"}],"replies":[{"embeddable":true,"href":"https:\/\/etab.ac-reunion.fr\/lyc-louis-payen\/wp-json\/wp\/v2\/comments?post=96"}],"version-history":[{"count":9,"href":"https:\/\/etab.ac-reunion.fr\/lyc-louis-payen\/wp-json\/wp\/v2\/pages\/96\/revisions"}],"predecessor-version":[{"id":27883,"href":"https:\/\/etab.ac-reunion.fr\/lyc-louis-payen\/wp-json\/wp\/v2\/pages\/96\/revisions\/27883"}],"wp:attachment":[{"href":"https:\/\/etab.ac-reunion.fr\/lyc-louis-payen\/wp-json\/wp\/v2\/media?parent=96"}],"curies":[{"name":"wp","href":"https:\/\/api.w.org\/{rel}","templated":true}]}}