{"id":1077,"date":"2014-10-20T08:56:59","date_gmt":"2014-10-20T07:56:59","guid":{"rendered":"http:\/\/lycee-mahatma-gandhi-tmp.ac-reunion.fr\/?page_id=1077"},"modified":"2022-11-06T09:18:06","modified_gmt":"2022-11-06T08:18:06","slug":"latin","status":"publish","type":"page","link":"https:\/\/etab.ac-reunion.fr\/lyc-mahatma-gandhi\/latin\/","title":{"rendered":"Option Latin"},"content":{"rendered":"<p><img loading=\"lazy\" decoding=\"async\" class=\"aligncenter size-thumbnail wp-image-1412\" src=\"https:\/\/etab.ac-reunion.fr\/lyc-mahatma-gandhi\/wp-content\/uploads\/sites\/76\/2014\/12\/piece-romaine-150x150.jpg\" alt=\"piece romaine\" width=\"150\" height=\"150\" srcset=\"https:\/\/etab.ac-reunion.fr\/lyc-mahatma-gandhi\/wp-content\/uploads\/sites\/76\/2014\/12\/piece-romaine-150x150.jpg 150w, https:\/\/etab.ac-reunion.fr\/lyc-mahatma-gandhi\/wp-content\/uploads\/sites\/76\/2014\/12\/piece-romaine-185x185.jpg 185w, https:\/\/etab.ac-reunion.fr\/lyc-mahatma-gandhi\/wp-content\/uploads\/sites\/76\/2014\/12\/piece-romaine-90x90.jpg 90w, https:\/\/etab.ac-reunion.fr\/lyc-mahatma-gandhi\/wp-content\/uploads\/sites\/76\/2014\/12\/piece-romaine-25x25.jpg 25w, https:\/\/etab.ac-reunion.fr\/lyc-mahatma-gandhi\/wp-content\/uploads\/sites\/76\/2014\/12\/piece-romaine-184x184.jpg 184w, https:\/\/etab.ac-reunion.fr\/lyc-mahatma-gandhi\/wp-content\/uploads\/sites\/76\/2014\/12\/piece-romaine.jpg 204w\" sizes=\"auto, (max-width: 150px) 100vw, 150px\" \/><\/p>\n\n\t\t\t<div class='et-tabs-container et_sliderfx_fade et_sliderauto_false et_sliderauto_speed_5000 et_slidertype_top_tabs'>\n\t\t\t\t<ul class='et-tabs-control'>\n\t\t\t<li><a href='#'>\n\t\t\t<h2>Seconde<\/h2>\n\t\t<\/a><\/li> \n\t\t<li><a href='#'>\n\t\t\t<h2>Premi\u00e8re<\/h2>\n\t\t<\/a><\/li> \n\t\t<li><a href='#'>\n\t\t\t<h2>Terminale<\/h2>\n\t\t<\/a><\/li> \n\t\t<li><a href='#'>\n\t\t\t<h2>Bac<\/h2>\n\t\t<\/a><\/li>\n\n\t\t<li><a href='#'>\n\t\t\t<h2>Documents<\/h2>\n\t\t<\/a><\/li>\n\t\t<\/ul> <!-- .et-tabs-control --> \n\t\t<div class='et-tabs-content'>\n\t\t\t<div class='et-tabs-content-main-wrap'>\n\t\t\t\t<div class='et-tabs-content-wrapper'>\n\t\t\t\t\t<div class='et_slidecontent'>\n\t\t\t<div class='et-box et-bio'>\n\t\t\t\t\t<div class='et-box-content'><ul>\n<ul>\n<li><strong> L\u2019HOMME ROMAIN<\/strong><\/li>\n<\/ul>\n<\/ul>\n<p>La famille, l\u2019esclave, l\u2019affranchi, le patron, le citoyen, la femme, les \u00e2ges de la vie<\/p>\n<ul>\n<ul>\n<li><strong> LA RELIGION DES CULTES &amp; DES DIEUX <\/strong><\/li>\n<\/ul>\n<\/ul>\n<p>Le Panth\u00e9on, les dieux, le culte, les pr\u00eatres, le surnaturel, la mythologie<\/p>\n<ul>\n<ul>\n<li><strong> LE MONDE ROMAIN MARE NOSTRUM <\/strong><\/li>\n<\/ul>\n<\/ul>\n<p>Les grandes \u00e9tapes de la conqu\u00eate, les grandes reines de la M\u00e9diterran\u00e9e<\/p>\n<ul>\n<ul>\n<li><strong> H\u00c9ROS DES MYTHES &amp; DE L\u2019HISTOIRE <\/strong><\/li>\n<\/ul>\n<\/ul>\n<p>Des histoires l\u00e9gendaires (\u00c9n\u00e9e, Romulus) aux l\u00e9gendes historiques (Alexandre, C\u00e9sar)<\/div><\/div>\n\t\t<\/div> \n\t\t<div class='et_slidecontent'>\n\t\t\t<div class='et-box et-bio'>\n\t\t\t\t\t<div class='et-box-content'><ul>\n<ul>\n<li><strong> R\u00c9CITS &amp; T\u00c9MOIGNAGES <\/strong><\/li>\n<\/ul>\n<\/ul>\n<p>Formes narratives et romanesques, fables, lettres et \u00e9pigrammes<\/p>\n<ul>\n<ul>\n<li><strong> LA RH\u00c9TORIQUE L\u2019ORATEUR &amp;LES MOTS <\/strong><\/li>\n<\/ul>\n<\/ul>\n<p>Puissance du verbe, grands orateurs, apprentissage de la rh\u00e9torique, parole et libert\u00e9<\/p>\n<ul>\n<ul>\n<li><strong> LA PO\u00c9SIE AMOUR ET AMOURS <\/strong><\/li>\n<\/ul>\n<\/ul>\n<p>D\u00e9sir et s\u00e9duction, passions et tourments, amour et harmonie, passions fatales<\/p>\n<ul>\n<ul>\n<li><strong> LE TH\u00c9\u00c2TRE TEXTE &amp; REPR\u00c9SENTATION<\/strong><\/li>\n<\/ul>\n<\/ul>\n<p>Architecture, mise en sc\u00e8ne, dramaturges, intertextualit\u00e9, construction dramatique<\/div><\/div>\n\t\t<\/div>\n\n\t\t<div class='et_slidecontent'>\n\t\t\t<div class='et-box et-bio'>\n\t\t\t\t\t<div class='et-box-content'><ul>\n<ul>\n<li><strong> INTERROGATIONS PHILOSOPHIQUES <\/strong><\/li>\n<\/ul>\n<\/ul>\n<p>Choix de vie, construction de soi, l\u2019\u00e9picurisme et le sto\u00efcisme, la sagesse<\/p>\n<ul>\n<ul>\n<li><strong> INTERROGATIONS SCIENTIFIQUES<\/strong><\/li>\n<\/ul>\n<\/ul>\n<p>Sciences de la vie et de la terre, astronomie, math\u00e9matique, savants antiques<\/p>\n<ul>\n<ul>\n<li><strong> INTERROGATIONS POLITIQUES <\/strong><\/li>\n<\/ul>\n<\/ul>\n<p>Id\u00e9aux et r\u00e9alit\u00e9s politiques, mutations culturelles et religieuses, mythe de l\u2019\u00e2ge d\u2019or<\/p>\n<ul>\n<ul>\n<li><strong> UNE \u0152UVRE COMPL\u00c8TE<\/strong><\/li>\n<\/ul>\n<\/ul>\n<p>\u00c9tude d\u2019une \u0153uvre latine, traduction et commentaire d\u2019extraits majeurs<\/p><\/div><\/div>\n\t\t<\/div>\n\n\t\t<div class='et_slidecontent'>\n\t\t\t<div class='et-box et-bio'>\n\t\t\t\t\t<div class='et-box-content'><ul>\n<li><strong>Une \u00e9preuve valoris\u00e9e au baccalaur\u00e9at. Le Latin fait l\u2019objet d\u2019une \u00e9preuve facultative dans les sections ES, L et S, sous la forme d\u2019un oral de quinze minutes (apr\u00e8s une demi-heure de pr\u00e9paration).<\/strong><\/li>\n<li><strong>Dans ce cadre, seuls les points exc\u00e9dant 10 sont retenus et multipli\u00e9s par 3 en latin alors que, pour la premi\u00e8re ou la seule \u00e9preuve facultative du candidat, ces points sont habituellement doubl\u00e9s.<\/strong><\/li>\n<li><strong>Sinon, les \u00e9l\u00e8ves de s\u00e9rie Litt\u00e9raire ont la possibilit\u00e9 de prendre Latin en \u00e9preuve de sp\u00e9cialit\u00e9; il s\u2019agit d\u2019un \u00e9crit de 3 heures de coefficient 4 <\/strong><\/li>\n<\/ul><\/div><\/div>\n\t\t<\/div>\n\n\t\t<div class='et_slidecontent'>\n\t\t\t<div class='et-box et-bio'>\n\t\t\t\t\t<div class='et-box-content'><a href=\"https:\/\/etab.ac-reunion.fr\/lyc-mahatma-gandhi\/wp-content\/uploads\/sites\/76\/2015\/02\/latin-pr\u00e9sentation-dans-les-coll\u00e8ge.pdf\">latin pr\u00e9sentation dans les coll\u00e8ge<\/a><\/div><\/div><div class='et-box et-bio'>\n\t\t\t\t\t<div class='et-box-content'><a href=\"https:\/\/etab.ac-reunion.fr\/lyc-mahatma-gandhi\/wp-content\/uploads\/sites\/76\/2015\/02\/Latin-LYCEE-MAHATMA-GANDHI.pdf\">Latin LYCEE MAHATMA GANDHI<\/a><\/div><\/div>\n\t\t<\/div>\n\t\t\t\t<\/div>\n\t\t\t<\/div>\n\t\t<\/div>\n\t\t\t<\/div> <!-- .et-tabs-container -->\n","protected":false},"excerpt":{"rendered":"","protected":false},"author":1513,"featured_media":0,"parent":0,"menu_order":0,"comment_status":"open","ping_status":"open","template":"","meta":{"footnotes":""},"class_list":["post-1077","page","type-page","status-publish","hentry"],"_links":{"self":[{"href":"https:\/\/etab.ac-reunion.fr\/lyc-mahatma-gandhi\/wp-json\/wp\/v2\/pages\/1077","targetHints":{"allow":["GET"]}}],"collection":[{"href":"https:\/\/etab.ac-reunion.fr\/lyc-mahatma-gandhi\/wp-json\/wp\/v2\/pages"}],"about":[{"href":"https:\/\/etab.ac-reunion.fr\/lyc-mahatma-gandhi\/wp-json\/wp\/v2\/types\/page"}],"author":[{"embeddable":true,"href":"https:\/\/etab.ac-reunion.fr\/lyc-mahatma-gandhi\/wp-json\/wp\/v2\/users\/1513"}],"replies":[{"embeddable":true,"href":"https:\/\/etab.ac-reunion.fr\/lyc-mahatma-gandhi\/wp-json\/wp\/v2\/comments?post=1077"}],"version-history":[{"count":17,"href":"https:\/\/etab.ac-reunion.fr\/lyc-mahatma-gandhi\/wp-json\/wp\/v2\/pages\/1077\/revisions"}],"predecessor-version":[{"id":6035,"href":"https:\/\/etab.ac-reunion.fr\/lyc-mahatma-gandhi\/wp-json\/wp\/v2\/pages\/1077\/revisions\/6035"}],"wp:attachment":[{"href":"https:\/\/etab.ac-reunion.fr\/lyc-mahatma-gandhi\/wp-json\/wp\/v2\/media?parent=1077"}],"curies":[{"name":"wp","href":"https:\/\/api.w.org\/{rel}","templated":true}]}}