{"id":1091,"date":"2014-10-24T07:51:14","date_gmt":"2014-10-24T06:51:14","guid":{"rendered":"http:\/\/lycee-mahatma-gandhi-tmp.ac-reunion.fr\/?page_id=1091"},"modified":"2015-04-04T05:32:37","modified_gmt":"2015-04-04T04:32:37","slug":"sciences-economiques-et-sociales-ses","status":"publish","type":"page","link":"https:\/\/etab.ac-reunion.fr\/lyc-mahatma-gandhi\/sciences-economiques-et-sociales-ses\/","title":{"rendered":"Sciences \u00e9conomiques et sociales (SES)"},"content":{"rendered":"<p style=\"text-align: center\"><img loading=\"lazy\" decoding=\"async\" class=\"aligncenter size-thumbnail wp-image-1374\" src=\"https:\/\/etab.ac-reunion.fr\/lyc-mahatma-gandhi\/wp-content\/uploads\/sites\/76\/2015\/04\/bouton_SES.png\" alt=\"bouton_SES\" width=\"150\" height=\"150\" \/><br \/>\n<a href=\"https:\/\/etab.ac-reunion.fr\/lyc-mahatma-gandhi\/wp-content\/uploads\/sites\/76\/2015\/04\/Progression-g\u00e9n\u00e9rale-du-cours-2013-2014.pdf\">Progression g\u00e9n\u00e9rale du cours 2013-2014<\/a><br \/>\n<a href=\"https:\/\/etab.ac-reunion.fr\/lyc-mahatma-gandhi\/wp-content\/uploads\/sites\/76\/2015\/04\/Pourquoi-choisir-la-s\u00e9rie-ES.pdf\">Pourquoi choisir la s\u00e9rie ES<\/a><br \/>\n<a href=\"https:\/\/etab.ac-reunion.fr\/lyc-mahatma-gandhi\/wp-content\/uploads\/sites\/76\/2015\/04\/March\u00e9s-et-prix-S\u00e9ance-N\u00b02.pdf\">March\u00e9s et prix S\u00e9ance N\u00b02<\/a><br \/>\n<a href=\"https:\/\/etab.ac-reunion.fr\/lyc-mahatma-gandhi\/wp-content\/uploads\/sites\/76\/2015\/04\/Th\u00e8me-2.-Test-N\u00b02.pdf\">Th\u00e8me 2. Test N\u00b02<\/a><br \/>\n<a href=\"https:\/\/etab.ac-reunion.fr\/lyc-mahatma-gandhi\/wp-content\/uploads\/sites\/76\/2015\/04\/A-quels-m\u00e9tiers-la-s\u00e9rie-ES-m\u00e8ne-t-elle.pdf\">Quel m\u00e9tier choisir?<\/a><\/p>\n<p><img loading=\"lazy\" decoding=\"async\" class=\"aligncenter size-thumbnail wp-image-1374\" src=\"https:\/\/etab.ac-reunion.fr\/lyc-mahatma-gandhi\/wp-content\/uploads\/sites\/76\/2014\/11\/PFEG_logo1-150x150.jpg\" alt=\"PFEG_logo1\" width=\"150\" height=\"150\" \/><\/p>\n","protected":false},"excerpt":{"rendered":"<p>Progression g\u00e9n\u00e9rale du cours 2013-2014 Pourquoi choisir la s\u00e9rie ES March\u00e9s et prix S\u00e9ance N\u00b02 Th\u00e8me 2. Test N\u00b02 Quel m\u00e9tier choisir?<\/p>\n","protected":false},"author":1513,"featured_media":0,"parent":0,"menu_order":0,"comment_status":"open","ping_status":"open","template":"","meta":{"footnotes":""},"class_list":["post-1091","page","type-page","status-publish","hentry"],"_links":{"self":[{"href":"https:\/\/etab.ac-reunion.fr\/lyc-mahatma-gandhi\/wp-json\/wp\/v2\/pages\/1091","targetHints":{"allow":["GET"]}}],"collection":[{"href":"https:\/\/etab.ac-reunion.fr\/lyc-mahatma-gandhi\/wp-json\/wp\/v2\/pages"}],"about":[{"href":"https:\/\/etab.ac-reunion.fr\/lyc-mahatma-gandhi\/wp-json\/wp\/v2\/types\/page"}],"author":[{"embeddable":true,"href":"https:\/\/etab.ac-reunion.fr\/lyc-mahatma-gandhi\/wp-json\/wp\/v2\/users\/1513"}],"replies":[{"embeddable":true,"href":"https:\/\/etab.ac-reunion.fr\/lyc-mahatma-gandhi\/wp-json\/wp\/v2\/comments?post=1091"}],"version-history":[{"count":11,"href":"https:\/\/etab.ac-reunion.fr\/lyc-mahatma-gandhi\/wp-json\/wp\/v2\/pages\/1091\/revisions"}],"predecessor-version":[{"id":1872,"href":"https:\/\/etab.ac-reunion.fr\/lyc-mahatma-gandhi\/wp-json\/wp\/v2\/pages\/1091\/revisions\/1872"}],"wp:attachment":[{"href":"https:\/\/etab.ac-reunion.fr\/lyc-mahatma-gandhi\/wp-json\/wp\/v2\/media?parent=1091"}],"curies":[{"name":"wp","href":"https:\/\/api.w.org\/{rel}","templated":true}]}}