{"id":1384,"date":"2014-12-04T10:58:00","date_gmt":"2014-12-04T09:58:00","guid":{"rendered":"http:\/\/lycee-mahatma-gandhi-tmp.ac-reunion.fr\/?page_id=1384"},"modified":"2025-11-01T08:58:30","modified_gmt":"2025-11-01T07:58:30","slug":"bts","status":"publish","type":"page","link":"https:\/\/etab.ac-reunion.fr\/lyc-mahatma-gandhi\/bts\/","title":{"rendered":"BTS GPME"},"content":{"rendered":"<div id=\"moncadre\"><\/div>\n\n\t\t<div class='et-image-slider et_sliderfx_fade et_sliderauto_true et_sliderauto_speed_3000 et_slidertype_images'>\n\t\t\t<div class='et-image-slides'>\n\t\t\t\t<div class='et-tabs-content-wrapper'>\n\t\t\t\t\t<div class='et_slidecontent et-image-slide'><img loading=\"lazy\" decoding=\"async\" src=\"https:\/\/etab.ac-reunion.fr\/lyc-mahatma-gandhi\/wp-content\/uploads\/sites\/76\/et_temp\/Diapositive1-58131_800x600.jpg\" alt=\"\" width=\"800\" height=\"600\" \/><span class='et-image-overlay'> <\/span><\/div>\n\n\t\t<div class='et_slidecontent et-image-slide'><img loading=\"lazy\" decoding=\"async\" src=\"https:\/\/etab.ac-reunion.fr\/lyc-mahatma-gandhi\/wp-content\/uploads\/sites\/76\/et_temp\/Diapositive2-99518_800x600.jpg\" alt=\"\" width=\"800\" height=\"600\" \/><span class='et-image-overlay'> <\/span><\/div>\n\n\t\t<div class='et_slidecontent et-image-slide'><img loading=\"lazy\" decoding=\"async\" src=\"https:\/\/etab.ac-reunion.fr\/lyc-mahatma-gandhi\/wp-content\/uploads\/sites\/76\/et_temp\/Diapositive3-112678_800x600.jpg\" alt=\"\" width=\"800\" height=\"600\" \/><span class='et-image-overlay'> <\/span><\/div>\n\n\t\t<div class='et_slidecontent et-image-slide'><img loading=\"lazy\" decoding=\"async\" src=\"https:\/\/etab.ac-reunion.fr\/lyc-mahatma-gandhi\/wp-content\/uploads\/sites\/76\/et_temp\/Diapositive4-104401_800x600.jpg\" alt=\"\" width=\"800\" height=\"600\" \/><span class='et-image-overlay'> <\/span><\/div>\n\n\t\t<div class='et_slidecontent et-image-slide'><img loading=\"lazy\" decoding=\"async\" src=\"\" alt=\"\" width=\"800\" height=\"600\" \/><span class='et-image-overlay'> <\/span><\/div>\n\n\t\t<div class='et_slidecontent et-image-slide'><img loading=\"lazy\" decoding=\"async\" src=\"https:\/\/etab.ac-reunion.fr\/lyc-mahatma-gandhi\/wp-content\/uploads\/sites\/76\/et_temp\/Diapositive6-80734_800x600.jpg\" alt=\"\" width=\"800\" height=\"600\" \/><span class='et-image-overlay'> <\/span><\/div>\n\n\t\t<div class='et_slidecontent et-image-slide'><img loading=\"lazy\" decoding=\"async\" src=\"https:\/\/etab.ac-reunion.fr\/lyc-mahatma-gandhi\/wp-content\/uploads\/sites\/76\/et_temp\/Diapositive7-78623_800x600.jpg\" alt=\"\" width=\"800\" height=\"600\" \/><span class='et-image-overlay'> <\/span><\/div>\n\n\t\t<div class='et_slidecontent et-image-slide'><img loading=\"lazy\" decoding=\"async\" src=\"https:\/\/etab.ac-reunion.fr\/lyc-mahatma-gandhi\/wp-content\/uploads\/sites\/76\/et_temp\/Diapositive8-85861_800x600.jpg\" alt=\"\" width=\"800\" height=\"600\" \/><span class='et-image-overlay'> <\/span><\/div>\n\n\t\t<div class='et_slidecontent et-image-slide'><img loading=\"lazy\" decoding=\"async\" src=\"https:\/\/etab.ac-reunion.fr\/lyc-mahatma-gandhi\/wp-content\/uploads\/sites\/76\/et_temp\/Diapositive9-79219_800x600.jpg\" alt=\"\" width=\"800\" height=\"600\" \/><span class='et-image-overlay'> <\/span><\/div>\n\n\t\t<div class='et_slidecontent et-image-slide'><img loading=\"lazy\" decoding=\"async\" src=\"https:\/\/etab.ac-reunion.fr\/lyc-mahatma-gandhi\/wp-content\/uploads\/sites\/76\/et_temp\/Diapositive10-99515_800x600.jpg\" alt=\"\" width=\"800\" height=\"600\" \/><span class='et-image-overlay'> <\/span><\/div>\n\n\t\t<div class='et_slidecontent et-image-slide'><img loading=\"lazy\" decoding=\"async\" src=\"https:\/\/etab.ac-reunion.fr\/lyc-mahatma-gandhi\/wp-content\/uploads\/sites\/76\/et_temp\/Diapositive11-107746_800x600.jpg\" alt=\"\" width=\"800\" height=\"600\" \/><span class='et-image-overlay'> <\/span><\/div>\n\n\t\t<div class='et_slidecontent et-image-slide'><img loading=\"lazy\" decoding=\"async\" src=\"https:\/\/etab.ac-reunion.fr\/lyc-mahatma-gandhi\/wp-content\/uploads\/sites\/76\/et_temp\/Diapositive12-89140_800x600.jpg\" alt=\"\" width=\"800\" height=\"600\" \/><span class='et-image-overlay'> <\/span><\/div>\n\t\t\t\t<\/div>\n\t\t\t<\/div>\n\t\t<\/div> <!-- .et-image-slider -->\n\t\t\n<div id=\"moncadre\"><\/div>\n<p style=\"text-align: center\">\n<h2><a href=\"https:\/\/etab.ac-reunion.fr\/lyc-mahatma-gandhi\/wp-content\/uploads\/sites\/76\/2021\/02\/depliant-BTSgpme-1.pdf\">D\u00e9pliant-BTS g pme<\/a><\/h2>\n<p style=\"text-align: center\"><a class=\"wp-block-file__button\" href=\"https:\/\/etab.ac-reunion.fr\/lyc-mahatma-gandhi\/wp-content\/uploads\/sites\/76\/2021\/02\/depliant-BTSgpme-1.pdf\" target=\"_blank\" rel=\"noopener\">T\u00e9l\u00e9charger<\/a><\/p>\n","protected":false},"excerpt":{"rendered":"<p>D\u00e9pliant-BTS g pme T\u00e9l\u00e9charger<\/p>\n","protected":false},"author":1513,"featured_media":0,"parent":0,"menu_order":0,"comment_status":"open","ping_status":"open","template":"page-full.php","meta":{"footnotes":""},"class_list":["post-1384","page","type-page","status-publish","hentry"],"_links":{"self":[{"href":"https:\/\/etab.ac-reunion.fr\/lyc-mahatma-gandhi\/wp-json\/wp\/v2\/pages\/1384","targetHints":{"allow":["GET"]}}],"collection":[{"href":"https:\/\/etab.ac-reunion.fr\/lyc-mahatma-gandhi\/wp-json\/wp\/v2\/pages"}],"about":[{"href":"https:\/\/etab.ac-reunion.fr\/lyc-mahatma-gandhi\/wp-json\/wp\/v2\/types\/page"}],"author":[{"embeddable":true,"href":"https:\/\/etab.ac-reunion.fr\/lyc-mahatma-gandhi\/wp-json\/wp\/v2\/users\/1513"}],"replies":[{"embeddable":true,"href":"https:\/\/etab.ac-reunion.fr\/lyc-mahatma-gandhi\/wp-json\/wp\/v2\/comments?post=1384"}],"version-history":[{"count":59,"href":"https:\/\/etab.ac-reunion.fr\/lyc-mahatma-gandhi\/wp-json\/wp\/v2\/pages\/1384\/revisions"}],"predecessor-version":[{"id":6862,"href":"https:\/\/etab.ac-reunion.fr\/lyc-mahatma-gandhi\/wp-json\/wp\/v2\/pages\/1384\/revisions\/6862"}],"wp:attachment":[{"href":"https:\/\/etab.ac-reunion.fr\/lyc-mahatma-gandhi\/wp-json\/wp\/v2\/media?parent=1384"}],"curies":[{"name":"wp","href":"https:\/\/api.w.org\/{rel}","templated":true}]}}