{"id":1484,"date":"2014-12-10T11:41:01","date_gmt":"2014-12-10T10:41:01","guid":{"rendered":"http:\/\/lycee-mahatma-gandhi-tmp.ac-reunion.fr\/?page_id=1484"},"modified":"2015-04-03T19:09:34","modified_gmt":"2015-04-03T18:09:34","slug":"mdl","status":"publish","type":"page","link":"https:\/\/etab.ac-reunion.fr\/lyc-mahatma-gandhi\/vs\/mdl\/","title":{"rendered":"Maison des Lyc\u00e9ens"},"content":{"rendered":"<p>La MDL d\u00e9veloppe et soutient des projets sportifs, culturels, humanitaires ou li\u00e9s \u00e0 la citoyennet\u00e9.<\/p>\n<p>Le Conseil des d\u00e9l\u00e9gu\u00e9s pour la vie lyc\u00e9enne (CVL) travaille avec elle, pour l&rsquo;aider \u00e0 r\u00e9aliser ses projets et \u00e0 les faire conna\u00eetre.<\/p>\n<p>Pour financer ses projets, la MDL peut organiser des activit\u00e9s pour r\u00e9colter des fonds : f\u00eate de fin d&rsquo;ann\u00e9e, gestion d&rsquo;une caf\u00e9t\u00e9ria, expositions, etc.<\/p>\n<p>Elle assure aussi la promotion des moyens d&rsquo;expression des lyc\u00e9ens : droits d&rsquo;association, de r\u00e9union, de publication, etc.<\/p>\n","protected":false},"excerpt":{"rendered":"<p>La MDL d\u00e9veloppe et soutient des projets sportifs, culturels, humanitaires ou li\u00e9s \u00e0 la citoyennet\u00e9. Le Conseil des d\u00e9l\u00e9gu\u00e9s pour la vie lyc\u00e9enne (CVL) travaille avec elle, pour l&rsquo;aider \u00e0 r\u00e9aliser ses projets et \u00e0 les faire conna\u00eetre. Pour financer ses projets, la MDL peut organiser des activit\u00e9s pour r\u00e9colter des fonds : f\u00eate de [&hellip;]<\/p>\n","protected":false},"author":1513,"featured_media":0,"parent":452,"menu_order":0,"comment_status":"open","ping_status":"open","template":"page-blog.php","meta":{"footnotes":""},"class_list":["post-1484","page","type-page","status-publish","hentry"],"_links":{"self":[{"href":"https:\/\/etab.ac-reunion.fr\/lyc-mahatma-gandhi\/wp-json\/wp\/v2\/pages\/1484","targetHints":{"allow":["GET"]}}],"collection":[{"href":"https:\/\/etab.ac-reunion.fr\/lyc-mahatma-gandhi\/wp-json\/wp\/v2\/pages"}],"about":[{"href":"https:\/\/etab.ac-reunion.fr\/lyc-mahatma-gandhi\/wp-json\/wp\/v2\/types\/page"}],"author":[{"embeddable":true,"href":"https:\/\/etab.ac-reunion.fr\/lyc-mahatma-gandhi\/wp-json\/wp\/v2\/users\/1513"}],"replies":[{"embeddable":true,"href":"https:\/\/etab.ac-reunion.fr\/lyc-mahatma-gandhi\/wp-json\/wp\/v2\/comments?post=1484"}],"version-history":[{"count":5,"href":"https:\/\/etab.ac-reunion.fr\/lyc-mahatma-gandhi\/wp-json\/wp\/v2\/pages\/1484\/revisions"}],"predecessor-version":[{"id":1850,"href":"https:\/\/etab.ac-reunion.fr\/lyc-mahatma-gandhi\/wp-json\/wp\/v2\/pages\/1484\/revisions\/1850"}],"up":[{"embeddable":true,"href":"https:\/\/etab.ac-reunion.fr\/lyc-mahatma-gandhi\/wp-json\/wp\/v2\/pages\/452"}],"wp:attachment":[{"href":"https:\/\/etab.ac-reunion.fr\/lyc-mahatma-gandhi\/wp-json\/wp\/v2\/media?parent=1484"}],"curies":[{"name":"wp","href":"https:\/\/api.w.org\/{rel}","templated":true}]}}