{"id":1487,"date":"2014-12-10T11:42:38","date_gmt":"2014-12-10T10:42:38","guid":{"rendered":"http:\/\/lycee-mahatma-gandhi-tmp.ac-reunion.fr\/?page_id=1487"},"modified":"2015-04-03T19:11:08","modified_gmt":"2015-04-03T18:11:08","slug":"cvl","status":"publish","type":"page","link":"https:\/\/etab.ac-reunion.fr\/lyc-mahatma-gandhi\/vs\/cvl\/","title":{"rendered":"Conseil de la vie lyc\u00e9enne"},"content":{"rendered":"<h3>Composition du C.V.L.<\/h3>\n<p><b>Membres du CVL :<\/b><\/p>\n<ul>\n<li>10 lyc\u00e9ens \u00e9lus pour deux ans, par l&rsquo;ensemble des \u00e9l\u00e8ves de l&rsquo;\u00e9tablissement, et renouvel\u00e9s par moiti\u00e9 tous les ans<\/li>\n<li>5 enseignants ou personnels d&rsquo;\u00e9ducation (CPE, surveillants)<\/li>\n<li>3 personnels administratifs, sociaux et de sant\u00e9, techniques, ouvriers et de service (ATOSS)<\/li>\n<li>2 repr\u00e9sentants des parents d&rsquo;\u00e9l\u00e8ves<\/li>\n<\/ul>\n<p>Le chef d&rsquo;\u00e9tablissement pr\u00e9side cette instance.<br \/>\nLes adultes ont un r\u00f4le consultatif : ils ne participent pas aux votes.<br \/>\n\u00c0 l&rsquo;initiative de la moiti\u00e9 des repr\u00e9sentants lyc\u00e9ens ou du chef d&rsquo;\u00e9tablissement, des personnes ext\u00e9rieures peuvent participer \u00e0 une s\u00e9ance du CVL.<\/p>\n<p><b>Vice-pr\u00e9sidence lyc\u00e9enne du CVL.<\/b><\/p>\n<p>Chaque ann\u00e9e, <b>les repr\u00e9sentants lyc\u00e9ens du CVL \u00e9lisent parmi eux un repr\u00e9sentant titulaire et un suppl\u00e9ant au conseil d&rsquo;administration de l&rsquo;\u00e9tablissement.<\/b><\/p>\n<p>Le titulaire pr\u00e9sente les avis, propositions et compte-rendus de s\u00e9ance du CVL au conseil d&rsquo;administration. Ils sont alors inscrits \u00e0 l&rsquo;ordre du jour et peuvent \u00eatre affich\u00e9s. Il assure aussi les fonctions de vice-pr\u00e9sident du CVL, au c\u00f4t\u00e9 du chef d&rsquo;\u00e9tablissement<\/p>\n<h3><a title=\"Fonctionnement_du C.V.L.\" name=\"Fonctionnement_du C.V.L.\"><\/a>Fonctionnement du C.V.L.<\/h3>\n<p>Le conseil des d\u00e9l\u00e9gu\u00e9s pour la vie lyc\u00e9enne (CVL) se r\u00e9unit plusieurs fois par an et travaille sur un ordre du jour pr\u00e9cis pour formuler avis et propositions.<\/p>\n<p><b>R\u00e9unions du CVL<\/b><\/p>\n<p>Avant chaque s\u00e9ance du conseil d&rsquo;administration du lyc\u00e9e, le CVL se r\u00e9unit sur convocation du chef d&rsquo;\u00e9tablissement.<br \/>\nIl peut aussi se r\u00e9unir en s\u00e9ance extraordinaire, si la moiti\u00e9 des repr\u00e9sentants lyc\u00e9ens le demande.<br \/>\n<b><\/b><\/p>\n<p><b>Ordre du jour du CVL <\/b><\/p>\n<p>C&rsquo;est le chef d&rsquo;\u00e9tablissement qui fixe l&rsquo;odre du jour. Il y inscrit tous les points demand\u00e9s par au moins la moiti\u00e9 des membres du conseil et qui rel\u00e8vent de ses attributions.<\/p>\n<p><b>Avis et propositions du CVL<\/b><\/p>\n<p>\u00c0 chaque s\u00e9ance, le CVL \u00e9met des avis et fait des propositions. Il pr\u00e9pare aussi un compte-rendu de s\u00e9ance. L&rsquo;ensemble est port\u00e9 \u00e0 la connaissance du conseil d&rsquo;administration et peut \u00eatre affich\u00e9 dans le lyc\u00e9e.<\/p>\n<p>Le CVL peut aussi se doter d&rsquo;un r\u00e8glement int\u00e9rieur, en conformit\u00e9 avec les dispositions r\u00e9glementaires en vigueur.<\/p>\n","protected":false},"excerpt":{"rendered":"<p>Composition du C.V.L. Membres du CVL : 10 lyc\u00e9ens \u00e9lus pour deux ans, par l&rsquo;ensemble des \u00e9l\u00e8ves de l&rsquo;\u00e9tablissement, et renouvel\u00e9s par moiti\u00e9 tous les ans 5 enseignants ou personnels d&rsquo;\u00e9ducation (CPE, surveillants) 3 personnels administratifs, sociaux et de sant\u00e9, techniques, ouvriers et de service (ATOSS) 2 repr\u00e9sentants des parents d&rsquo;\u00e9l\u00e8ves Le chef d&rsquo;\u00e9tablissement pr\u00e9side [&hellip;]<\/p>\n","protected":false},"author":1513,"featured_media":0,"parent":452,"menu_order":0,"comment_status":"open","ping_status":"open","template":"page-blog.php","meta":{"footnotes":""},"class_list":["post-1487","page","type-page","status-publish","hentry"],"_links":{"self":[{"href":"https:\/\/etab.ac-reunion.fr\/lyc-mahatma-gandhi\/wp-json\/wp\/v2\/pages\/1487","targetHints":{"allow":["GET"]}}],"collection":[{"href":"https:\/\/etab.ac-reunion.fr\/lyc-mahatma-gandhi\/wp-json\/wp\/v2\/pages"}],"about":[{"href":"https:\/\/etab.ac-reunion.fr\/lyc-mahatma-gandhi\/wp-json\/wp\/v2\/types\/page"}],"author":[{"embeddable":true,"href":"https:\/\/etab.ac-reunion.fr\/lyc-mahatma-gandhi\/wp-json\/wp\/v2\/users\/1513"}],"replies":[{"embeddable":true,"href":"https:\/\/etab.ac-reunion.fr\/lyc-mahatma-gandhi\/wp-json\/wp\/v2\/comments?post=1487"}],"version-history":[{"count":3,"href":"https:\/\/etab.ac-reunion.fr\/lyc-mahatma-gandhi\/wp-json\/wp\/v2\/pages\/1487\/revisions"}],"predecessor-version":[{"id":1851,"href":"https:\/\/etab.ac-reunion.fr\/lyc-mahatma-gandhi\/wp-json\/wp\/v2\/pages\/1487\/revisions\/1851"}],"up":[{"embeddable":true,"href":"https:\/\/etab.ac-reunion.fr\/lyc-mahatma-gandhi\/wp-json\/wp\/v2\/pages\/452"}],"wp:attachment":[{"href":"https:\/\/etab.ac-reunion.fr\/lyc-mahatma-gandhi\/wp-json\/wp\/v2\/media?parent=1487"}],"curies":[{"name":"wp","href":"https:\/\/api.w.org\/{rel}","templated":true}]}}