{"id":152,"date":"2014-10-01T10:58:13","date_gmt":"2014-10-01T09:58:13","guid":{"rendered":"http:\/\/lycee-mahatma-gandhi-tmp.ac-reunion.fr\/?page_id=152"},"modified":"2015-04-02T07:15:11","modified_gmt":"2015-04-02T06:15:11","slug":"contact","status":"publish","type":"page","link":"https:\/\/etab.ac-reunion.fr\/lyc-mahatma-gandhi\/contact\/","title":{"rendered":"Contact_old"},"content":{"rendered":"<p><img loading=\"lazy\" decoding=\"async\" class=\"aligncenter size-full wp-image-796\" src=\"https:\/\/etab.ac-reunion.fr\/lyc-mahatma-gandhi\/wp-content\/uploads\/sites\/76\/2014\/10\/contacts.png\" alt=\"contacts\" width=\"64\" height=\"64\" srcset=\"https:\/\/etab.ac-reunion.fr\/lyc-mahatma-gandhi\/wp-content\/uploads\/sites\/76\/2014\/10\/contacts.png 64w, https:\/\/etab.ac-reunion.fr\/lyc-mahatma-gandhi\/wp-content\/uploads\/sites\/76\/2014\/10\/contacts-25x25.png 25w\" sizes=\"auto, (max-width: 64px) 100vw, 64px\" \/> <div class='et-learn-more clearfix'>\n\t\t\t\t\t<h3 class='heading-more'>Le personnel du Lyc\u00e9e<span class='et_learnmore_arrow'><span><\/span><\/span><\/h3>\n\t\t\t\t\t<div class='learn-more-content'><div class='et-tabs-container et_sliderfx_fade et_sliderauto_false et_sliderauto_speed_5000 et_slidertype_top_tabs'>\n\t\t\t\t<ul class='et-tabs-control'>\n\t\t\t<li><a href='#'>\n\t\t\t<h2>L\u2019\u00e9quipe de direction<\/h2>\n\t\t<\/a><\/li>\n\t\t<li><a href='#'>\n\t\t\t<h2>Le personnel de Gestion<\/h2>\n\t\t<\/a><\/li>\n\t\t<li><a href='#'>\n\t\t\t<h2>Le personnel de la vie scolaire<\/h2>\n\t\t<\/a><\/li>\n\t\t<li><a href='#'>\n\t\t\t<h2>Le personnel de l\u2019Infirmerie, d\u2019Orientation<\/h2>\n\t\t<\/a><\/li>\n\t\t<li><a href='#'>\n\t\t\t<h2>Le personnel du secr\u00e9tariat de direction<\/h2>\n\t\t<\/a><\/li>\n\t\t<\/ul> <!-- .et-tabs-control --> \n\t\t<div class='et-tabs-content'>\n\t\t\t<div class='et-tabs-content-main-wrap'>\n\t\t\t\t<div class='et-tabs-content-wrapper'>\n\t\t\t\t\t<div class='et_slidecontent'>\n\t\t\t<div class='et-box et-bio'>\n\t\t\t\t\t<div class='et-box-content'><ul>\n<li><strong>M. WILLAUME Philippe, Proviseur<\/strong><\/li>\n<li><strong>Mme HOARAU-SERAPHINE Val\u00e9rie, Proviseur- adjoint<\/strong><\/li>\n<\/ul><\/div><\/div>\n\t\t<\/div>\n\t\t<div class='et_slidecontent'>\n\t\t\t<div class='et-box et-bio'>\n\t\t\t\t\t<div class='et-box-content'><ul>\n<li><strong>Mme REAME Martine &#8211; Gestionnaire<\/strong><\/li>\n<li><strong>Mme MINATCHY Denise -Secr\u00e9tariat d\u2019Intendance<\/strong><\/li>\n<\/ul><\/div><\/div>\n\t\t<\/div>\n\t\t<div class='et_slidecontent'>\n\t\t\t<div class='et-box et-bio'>\n\t\t\t\t\t<div class='et-box-content'><ul>\n<li><strong>Mme APPAVOU Dolor\u00e8s, CPE &#8211; Contact : 06 92 35 85 52<\/strong><\/li>\n<li><strong>M BOYER Olivier , CPE &#8211; Contact : 02 62 92 15 27<\/strong><\/li>\n<\/ul><\/div><\/div>\n\t\t<\/div>\n\t\t<div class='et_slidecontent'>\n\t\t\t<div class='et-box et-bio'>\n\t\t\t\t\t<div class='et-box-content'><ul>\n<li><strong>Mme MARTIN Carine , Infirmi\u00e8re &#8211; Contact : 02 62 92 15 34<\/strong><\/li>\n<li><strong>Mme LOUIS Val\u00e9rie , Assistante sociale &#8211; Contact : 02 62 92 15 33<\/strong><\/li>\n<li><strong>Mme GROUZIS Christiane , Conseill\u00e8re d\u2019Orientation-Psychologue<\/strong><\/li>\n<\/ul><\/div><\/div>\n\t\t<\/div>\n\t\t<div class='et_slidecontent'>\n\t\t\t<div class='et-box et-bio'>\n\t\t\t\t\t<div class='et-box-content'><ul>\n<li><strong>Mme BEGUE Christine<\/strong><\/li>\n<li><strong>Mme BREZE Isabelle<\/strong><\/li>\n<\/ul><\/div><\/div>\n\t\t<\/div>\n\t\t\t\t<\/div>\n\t\t\t<\/div>\n\t\t<\/div>\n\t\t\t<\/div> <!-- .et-tabs-container --><\/div>\n\t\t\t\t<\/div> \n\t\t\t<div class='et-tabs-container et_sliderfx_fade et_sliderauto_false et_sliderauto_speed_5000 et_slidertype_top_tabs'>\n\t\t\t\t<ul class='et-tabs-control'>\n\t\t\t<li><a href='#'>\n\t\t\t<h2>L\u2019adresse postale<\/h2>\n\t\t<\/a><\/li>\n\t\t<li><a href='#'>\n\t\t\t<h2>Le mail<\/h2>\n\t\t<\/a><\/li>\n\t\t<li><a href='#'>\n\t\t\t<h2>Le t\u00e9l\u00e9phone<\/h2>\n\t\t<\/a><\/li>\n\t\t<li><a href='#'>\n\t\t\t<h2>Le fax<\/h2>\n\t\t<\/a><\/li>\n\t\t<li><a href='#'>\n\t\t\t<h2>Les indications d&rsquo;acc\u00e8s<\/h2>\n\t\t<\/a><\/li>\n\t\t<li><a href='#'>\n\t\t\t<h2>Le plan d&rsquo;acc\u00e8s<\/h2>\n\t\t<\/a><\/li>\n\t\t<\/ul> <!-- .et-tabs-control --> \n\t\t<div class='et-tabs-content'>\n\t\t\t<div class='et-tabs-content-main-wrap'>\n\t\t\t\t<div class='et-tabs-content-wrapper'>\n\t\t\t\t\t<div class='et_slidecontent'>\n\t\t\t<div class='et-box et-bio'>\n\t\t\t\t\t<div class='et-box-content'><img loading=\"lazy\" decoding=\"async\" class=\"aligncenter size-full wp-image-792\" src=\"https:\/\/etab.ac-reunion.fr\/lyc-mahatma-gandhi\/wp-content\/uploads\/sites\/76\/2014\/10\/mail.png\" alt=\"mail\" width=\"64\" height=\"64\" srcset=\"https:\/\/etab.ac-reunion.fr\/lyc-mahatma-gandhi\/wp-content\/uploads\/sites\/76\/2014\/10\/mail.png 64w, https:\/\/etab.ac-reunion.fr\/lyc-mahatma-gandhi\/wp-content\/uploads\/sites\/76\/2014\/10\/mail-25x25.png 25w\" sizes=\"auto, (max-width: 64px) 100vw, 64px\" \/><\/p>\n<ul>\n<li><strong>Lyc\u00e9e Mahatma Gandhi<\/strong><\/li>\n<li><strong>ZAC Porte des Salazes<\/strong> <strong>BP 507<\/strong><\/li>\n<li><strong>97440 Saint-Andr\u00e9 &#8211; La r\u00e9union<\/strong><\/li>\n<\/ul><\/div><\/div>\n\t\t<\/div>\n\t\t<div class='et_slidecontent'>\n\t\t\t<div class='et-box et-bio'>\n\t\t\t\t\t<div class='et-box-content'><img loading=\"lazy\" decoding=\"async\" class=\"aligncenter size-full wp-image-791\" src=\"https:\/\/etab.ac-reunion.fr\/lyc-mahatma-gandhi\/wp-content\/uploads\/sites\/76\/2014\/10\/email.png\" alt=\"email\" width=\"64\" height=\"64\" srcset=\"https:\/\/etab.ac-reunion.fr\/lyc-mahatma-gandhi\/wp-content\/uploads\/sites\/76\/2014\/10\/email.png 64w, https:\/\/etab.ac-reunion.fr\/lyc-mahatma-gandhi\/wp-content\/uploads\/sites\/76\/2014\/10\/email-25x25.png 25w\" sizes=\"auto, (max-width: 64px) 100vw, 64px\" \/><\/p>\n<ul>\n<li><strong>ce.9741324w@ac-reunion.fr<\/strong><\/li>\n<\/ul><\/div><\/div>\n\t\t<\/div>\n\t\t<div class='et_slidecontent'>\n\t\t\t<div class='et-box et-bio'>\n\t\t\t\t\t<div class='et-box-content'><img loading=\"lazy\" decoding=\"async\" class=\"aligncenter size-full wp-image-730\" src=\"https:\/\/etab.ac-reunion.fr\/lyc-mahatma-gandhi\/wp-content\/uploads\/sites\/76\/2014\/10\/phone.png\" alt=\"T\u00e9l\u00e9phone\" width=\"64\" height=\"64\" srcset=\"https:\/\/etab.ac-reunion.fr\/lyc-mahatma-gandhi\/wp-content\/uploads\/sites\/76\/2014\/10\/phone.png 64w, https:\/\/etab.ac-reunion.fr\/lyc-mahatma-gandhi\/wp-content\/uploads\/sites\/76\/2014\/10\/phone-25x25.png 25w\" sizes=\"auto, (max-width: 64px) 100vw, 64px\" \/><\/p>\n<ul>\n<li><strong>Accueil : 02 62 92 15 20<\/strong><\/li>\n<li><strong>Infirmi\u00e8re : 02 62 92 15 34<\/strong><\/li>\n<li><strong>Assistante sociale : 02 62 92 15 33<\/strong><\/li>\n<li><strong>CPE : 06 92 35 85 52<\/strong><\/li>\n<li><strong>CPE : 02 62 92 15 27<\/strong><\/li>\n<li><strong>CDI : 02 62 92 15 28<\/strong><\/li>\n<\/ul><\/div><\/div>\n\t\t<\/div>\n\t\t<div class='et_slidecontent'>\n\t\t\t<div class='et-box et-bio'>\n\t\t\t\t\t<div class='et-box-content'><img loading=\"lazy\" decoding=\"async\" class=\"aligncenter size-full wp-image-735\" src=\"https:\/\/etab.ac-reunion.fr\/lyc-mahatma-gandhi\/wp-content\/uploads\/sites\/76\/2014\/10\/document.png\" alt=\"document\" width=\"64\" height=\"64\" srcset=\"https:\/\/etab.ac-reunion.fr\/lyc-mahatma-gandhi\/wp-content\/uploads\/sites\/76\/2014\/10\/document.png 64w, https:\/\/etab.ac-reunion.fr\/lyc-mahatma-gandhi\/wp-content\/uploads\/sites\/76\/2014\/10\/document-25x25.png 25w\" sizes=\"auto, (max-width: 64px) 100vw, 64px\" \/><\/p>\n<ul>\n<li><strong>Fax de l&rsquo;administration : 02 62 92 15 30<\/strong><\/li>\n<\/ul><\/div><\/div>\n\t\t<\/div> \n\t\t<div class='et_slidecontent'>\n\t\t\t<div class='et-box et-bio'>\n\t\t\t\t\t<div class='et-box-content'><img loading=\"lazy\" decoding=\"async\" class=\"aligncenter size-full wp-image-797\" src=\"https:\/\/etab.ac-reunion.fr\/lyc-mahatma-gandhi\/wp-content\/uploads\/sites\/76\/2014\/10\/merge.png\" alt=\"merge\" width=\"64\" height=\"64\" srcset=\"https:\/\/etab.ac-reunion.fr\/lyc-mahatma-gandhi\/wp-content\/uploads\/sites\/76\/2014\/10\/merge.png 64w, https:\/\/etab.ac-reunion.fr\/lyc-mahatma-gandhi\/wp-content\/uploads\/sites\/76\/2014\/10\/merge-25x25.png 25w\" sizes=\"auto, (max-width: 64px) 100vw, 64px\" \/> <strong>Pour vous rendre au lyc\u00e9e Gandhi :<\/strong><\/p>\n<ul>\n<li>\n<h2>En arrivant de Saint-Denis par la \u00ab\u00a0quatre-voies\u00a0\u00bb<\/h2>\n<p>,<strong> au niveau de Saint-Andr\u00e9, prenez la sortie en direction de Salazie (RD48) puis continuez tout droit. Apr\u00e8s avoir pass\u00e9 deux ronds-points, le lyc\u00e9e se trouve sur votre gauche au deuxi\u00e8me rond point.<\/strong><\/li>\n<li>\n<h2>En arrivant de Saint-Benoit par la \u00ab\u00a0quatre-voies\u00a0\u00bb<\/h2>\n<p>,<strong> sortez \u00e0 la balance puis prenez la premi\u00e8re sortie du rond point direction Salazie (RD48). Apr\u00e8s avoir passez devant la balance, vous passez sous la quatre voies puis toujours tout droit pendant environ 1,5 km. Vous allez traverser deux ronds-points. Le lyc\u00e9e se trouve sur votre gauche au deuxi\u00e8me rond-point.<\/strong><\/li>\n<\/ul><\/div><\/div>\n\t\t<\/div> \n\t\t<div class='et_slidecontent'>\n\t\t\t<div class='et-box et-bio'>\n\t\t\t\t\t<div class='et-box-content'><a title=\"OpenMap\" href=\"http:\/\/osm.org\/go\/nC6GWxC2\" target=\"_blank\">Pour avoir une carte plus grande<\/a> <img loading=\"lazy\" decoding=\"async\" class=\"aligncenter size-full wp-image-794\" src=\"https:\/\/etab.ac-reunion.fr\/lyc-mahatma-gandhi\/wp-content\/uploads\/sites\/76\/2014\/10\/map.png\" alt=\"map\" width=\"64\" height=\"64\" srcset=\"https:\/\/etab.ac-reunion.fr\/lyc-mahatma-gandhi\/wp-content\/uploads\/sites\/76\/2014\/10\/map.png 64w, https:\/\/etab.ac-reunion.fr\/lyc-mahatma-gandhi\/wp-content\/uploads\/sites\/76\/2014\/10\/map-25x25.png 25w\" sizes=\"auto, (max-width: 64px) 100vw, 64px\" \/><img loading=\"lazy\" decoding=\"async\" class=\"aligncenter size-full wp-image-696\" src=\"https:\/\/etab.ac-reunion.fr\/lyc-mahatma-gandhi\/wp-content\/uploads\/sites\/76\/2014\/10\/maplycee.jpg\" alt=\"maplycee\" width=\"852\" height=\"967\" srcset=\"https:\/\/etab.ac-reunion.fr\/lyc-mahatma-gandhi\/wp-content\/uploads\/sites\/76\/2014\/10\/maplycee.jpg 852w, https:\/\/etab.ac-reunion.fr\/lyc-mahatma-gandhi\/wp-content\/uploads\/sites\/76\/2014\/10\/maplycee-264x300.jpg 264w\" sizes=\"auto, (max-width: 852px) 100vw, 852px\" \/><\/div><\/div>\n\t\t<\/div>\n\t\t\t\t<\/div>\n\t\t\t<\/div>\n\t\t<\/div>\n\t\t\t<\/div> <!-- .et-tabs-container --> <span style=\"font-size: large;\"><strong><span style=\"color: blue;\">Pour envoyer directement un mail, compl\u00e9ter les diff\u00e9rentes rubriques ainsi que la valeur \u00ab\u00a0Captcha\u00a0\u00bb<\/span><\/strong><\/span><br \/>\n[si-contact-form form=&rsquo;1&prime;]\n","protected":false},"excerpt":{"rendered":"<p>Pour envoyer directement un mail, compl\u00e9ter les diff\u00e9rentes rubriques ainsi que la valeur \u00ab\u00a0Captcha\u00a0\u00bb [si-contact-form form=&rsquo;1&prime;]<\/p>\n","protected":false},"author":1513,"featured_media":0,"parent":0,"menu_order":0,"comment_status":"open","ping_status":"open","template":"","meta":{"footnotes":""},"class_list":["post-152","page","type-page","status-publish","hentry"],"_links":{"self":[{"href":"https:\/\/etab.ac-reunion.fr\/lyc-mahatma-gandhi\/wp-json\/wp\/v2\/pages\/152","targetHints":{"allow":["GET"]}}],"collection":[{"href":"https:\/\/etab.ac-reunion.fr\/lyc-mahatma-gandhi\/wp-json\/wp\/v2\/pages"}],"about":[{"href":"https:\/\/etab.ac-reunion.fr\/lyc-mahatma-gandhi\/wp-json\/wp\/v2\/types\/page"}],"author":[{"embeddable":true,"href":"https:\/\/etab.ac-reunion.fr\/lyc-mahatma-gandhi\/wp-json\/wp\/v2\/users\/1513"}],"replies":[{"embeddable":true,"href":"https:\/\/etab.ac-reunion.fr\/lyc-mahatma-gandhi\/wp-json\/wp\/v2\/comments?post=152"}],"version-history":[{"count":67,"href":"https:\/\/etab.ac-reunion.fr\/lyc-mahatma-gandhi\/wp-json\/wp\/v2\/pages\/152\/revisions"}],"predecessor-version":[{"id":1821,"href":"https:\/\/etab.ac-reunion.fr\/lyc-mahatma-gandhi\/wp-json\/wp\/v2\/pages\/152\/revisions\/1821"}],"wp:attachment":[{"href":"https:\/\/etab.ac-reunion.fr\/lyc-mahatma-gandhi\/wp-json\/wp\/v2\/media?parent=152"}],"curies":[{"name":"wp","href":"https:\/\/api.w.org\/{rel}","templated":true}]}}