{"id":1590,"date":"2015-02-07T05:25:01","date_gmt":"2015-02-07T04:25:01","guid":{"rendered":"http:\/\/lycee-mahatma-gandhi-tmp.ac-reunion.fr\/?page_id=1590"},"modified":"2015-02-07T06:18:36","modified_gmt":"2015-02-07T05:18:36","slug":"instances","status":"publish","type":"page","link":"https:\/\/etab.ac-reunion.fr\/lyc-mahatma-gandhi\/parents\/instances\/","title":{"rendered":"Instances"},"content":{"rendered":"\n\t\t\t<div class='et-tabs-container et_sliderfx_fade et_sliderauto_false et_sliderauto_speed_5000 et_slidertype_top_tabs'>\n\t\t\t\t<ul class='et-tabs-control'>\n\t\t\t<li><a href='#'>\n\t\t\t<h2>Conseil d&rsquo;Adminstration (CA):<\/h2>\n\t\t<\/a><\/li>\n\t\t<li><a href='#'>\n\t\t\t<h2>Commission Permanente (CP):<\/h2>\n\t\t<\/a><\/li>\n\t\t<li><a href='#'>\n\t\t\t<h2>Conseil de discipline (CD):<\/h2>\n\t\t<\/a><\/li> \n\t\t<li><a href='#'>\n\t\t\t<h2>Conseil de la vie Lyc\u00e9enne (CVL):<\/h2>\n\t\t<\/a><\/li> \n\t\t<li><a href='#'>\n\t\t\t<h2>Conseil d&rsquo;hygi\u00e8ne et de s\u00e9curit\u00e9 (CHS):<\/h2>\n\t\t<\/a><\/li>\n\t\t<li><a href='#'>\n\t\t\t<h2>Conseil d&rsquo;\u00e9ducation, de sant\u00e9 et de citoyent\u00e9 (CSC):<\/h2>\n\t\t<\/a><\/li>\n\t\t<\/ul> <!-- .et-tabs-control --> \n\t\t<div class='et-tabs-content'>\n\t\t\t<div class='et-tabs-content-main-wrap'>\n\t\t\t\t<div class='et-tabs-content-wrapper'>\n\t\t\t\t\t<div class='et_slidecontent'>\n\t\t\t<div class='et-box et-bio'>\n\t\t\t\t\t<div class='et-box-content'><h2>Le conseil d\u2019administration du lyc\u00e9e comprend :<\/h2>\n<ul>\n<li><strong>Le chef d\u2019\u00e9tablissement pr\u00e9sident ;<\/strong><\/li>\n<li><strong>L\u2019adjoint au chef d\u2019\u00e9tablissement ;<\/strong><\/li>\n<li><strong>Le gestionnaire de l\u2019\u00e9tablissement ;<\/strong><\/li>\n<li><strong>Le conseiller principal d\u2019\u00e9ducation ;<\/strong><\/li>\n<li><strong>Un repr\u00e9sentant de la collectivit\u00e9 de rattachement ;<\/strong><\/li>\n<li><strong>Trois repr\u00e9sentants de la commune si\u00e8ge de l\u2019\u00e9tablissement ;<\/strong><\/li>\n<li><strong>Deux personnalit\u00e9s qualifi\u00e9es ;<\/strong><\/li>\n<li><strong>Dix repr\u00e9sentants \u00e9lus des personnels de l\u2019\u00e9tablissement, dont sept au titre des personnels d\u2019enseignement et d\u2019\u00e9ducation et trois au titre des personnels administratifs, sociaux et de sant\u00e9, techniques, ouvriers et de service ;<\/strong><\/li>\n<li><strong>Dix repr\u00e9sentants \u00e9lus des parents d\u2019\u00e9l\u00e8ves et des \u00e9l\u00e8ves dont cinq repr\u00e9sentants des parents d\u2019\u00e9l\u00e8ves, quatre repr\u00e9sentants des \u00e9l\u00e8ves dont un au moins repr\u00e9sente les \u00e9l\u00e8ves des classes post baccalaur\u00e9at si elles existent et un repr\u00e9sentant des \u00e9l\u00e8ves \u00e9lu par le conseil des d\u00e9l\u00e9gu\u00e9s pour la vie lyc\u00e9enne.<\/strong><\/li>\n<\/ul><\/div><\/div>\n\t\t<\/div> \n\t\t<div class='et_slidecontent'>\n\t\t\t<div class='et-box et-bio'>\n\t\t\t\t\t<div class='et-box-content'><h2>La commission permanente comprend :<\/h2>\n<ul>\n<ul>\n<li><strong>l\u2019\u00e9quipe de direction de l\u2019\u00e9tablissement,<\/strong><\/li>\n<li><strong>2 repr\u00e9sentants des collectivit\u00e9s territoriales<\/strong><\/li>\n<li><strong>5 repr\u00e9sentants des personnels de l\u2019\u00e9tablissement<\/strong><\/li>\n<li><strong>5 repr\u00e9sentants des parents d\u2019\u00e9l\u00e8ves et des \u00e9l\u00e8ves.<\/strong><\/li>\n<\/ul>\n<\/ul>\n<p>La commission permanente a la charge d\u2019instruire les questions soumises l\u2019examen du conseil d\u2019administration. Elle se r\u00e9unit donc avant chaque CA.\nElle \u00e9mane du conseil d\u2019administration.<\/p><\/div><\/div>\n\t\t<\/div>\n\t\t<div class='et_slidecontent'>\n\t\t\t<div class='et-box et-bio'>\n\t\t\t\t\t<div class='et-box-content'><h2>Le conseil de discipline comprend 14 membres :<\/h2>\n<ul>\n<ul>\n<li><strong>le chef d\u2019\u00e9tablissement, qui pr\u00e9side le conseil,<\/strong><\/li>\n<li><strong>son adjoint,<\/strong><\/li>\n<li><strong>un conseiller principal d\u2019\u00e9ducation (CPE, d\u00e9sign\u00e9 par le conseil d\u2019administration, sur proposition du chef d\u2019\u00e9tablissement),<\/strong><\/li>\n<li><strong>le gestionnaire de l\u2019\u00e9tablissement,<\/strong><\/li>\n<li><strong>5 repr\u00e9sentants \u00e9lus des personnels : 4 personnels d\u2019enseignement et d\u2019\u00e9ducation et 1 au titre des personnel administratifs, sociaux et de sant\u00e9, techniques, ouvriers et de service (ATOSS),<\/strong><\/li>\n<li><strong>2 repr\u00e9sentants \u00e9lus des parents d\u2019\u00e9l\u00e8ves<\/strong><\/li>\n<li><strong>3 repr\u00e9sentants \u00e9lus des \u00e9l\u00e8ves<\/strong><\/li>\n<\/ul>\n<\/ul>\n<p>Le conseil de discipline se r\u00e9unit \u00e0 la demande du chef d\u2019\u00e9tablissement. Pr\u00e9sid\u00e9 par celui-ci et compos\u00e9 de membres issus du conseil d\u2019administration, il peut prononcer des sanctions allant jusqu\u2019\u00e0 l\u2019exclusion d\u00e9finitive.<\/p><\/div><\/div>\n\t\t<\/div> \n\t\t<div class='et_slidecontent'>\n\t\t\t<div class='et-box et-bio'>\n\t\t\t\t\t<div class='et-box-content'><h2>Le CVL regroupe 10 lyc\u00e9ens \u00e9lus et 10 adultes repr\u00e9sentant les personnels et les parents d\u2019\u00e9l\u00e8ves.<\/h2>\n<ul>\n<li><strong>Ces derniers assistent aux s\u00e9ances \u00e0 titre consultatif et ne prennent pas part aux votes.<\/strong><\/li>\n<li><strong>A quoi sert le Conseil de la Vie Lyc\u00e9enne (CVL) ? Le CVL, pr\u00e9sid\u00e9 par le chef d\u2019\u00e9tablissement et comportant un vice-pr\u00e9sident lyc\u00e9en, rassemble des repr\u00e9sentants des \u00e9l\u00e8ves, des personnels et des parents qui r\u00e9fl\u00e9chissent ensemble et formulent des propositions sur des sujets qui touchent \u00e0 la vie quotidienne du lyc\u00e9e.<\/strong><\/li>\n<li><strong>Am\u00e9liorer les conditions de vie : r\u00e8glement int\u00e9rieur, soutien scolaire, orientation, organisation du temps scolaire, am\u00e9nagement des espaces, hygi\u00e8ne et s\u00e9curit\u00e9, vie associative ou encore utilisation des fonds lyc\u00e9ens&#8230; Dialoguer, \u00e9changer, d\u00e9battre pour faire valoir vos points de vue et vos attentes, \u00e9voquer vos probl\u00e8mes et vos pr\u00e9occupations. Vous associer aux d\u00e9cisions du conseil d\u2019administration en \u00e9mettant des avis, en proposant des am\u00e9nagements et en sugg\u00e9rant des solutions. Qui si\u00e8ge au CVL ?<\/strong><\/li>\n<\/ul><\/div><\/div>\n\t\t<\/div>\n\n\t\t<div class='et_slidecontent'>\n\t\t\t<div class='et-box et-bio'>\n\t\t\t\t\t<div class='et-box-content'><h2>La Commission d\u2019Hygi\u00e8ne et de S\u00e9curit\u00e9 comprend : .<\/h2>\n<ul>\n<li><strong>le chef d\u2019\u00e9tablissement,<\/strong><\/li>\n<li><strong>l\u2019 adjoint,<\/strong><\/li>\n<li><strong>le gestionnaire,<\/strong><\/li>\n<li><strong>le maitre-ouvrier principal en charge de la gestion des personnels TOSS,<\/strong><\/li>\n<li><strong>l\u2019agent charg\u00e9 de la mise en oeuvre des proc\u00e9dures d\u2019hygi\u00e8ne et de s\u00e9curit\u00e9 (l\u2019ACMO),<\/strong><\/li>\n<li><strong>l\u2019infirmi\u00e8re scolaire,<\/strong><\/li>\n<li><strong>3 repr\u00e9sentants des parents d\u2019\u00e9l\u00e8ves (d\u00e9sign\u00e9s par le conseil d\u2019administration),<\/strong><\/li>\n<li><strong>3 repr\u00e9sentants des personnels (d\u00e9sign\u00e9s par le conseil d\u2019administration),<\/strong><\/li>\n<li><strong>3 repr\u00e9sentants des \u00e9l\u00e8ves (d\u00e9sign\u00e9s par le conseil d\u2019administration) ;<\/strong><\/li>\n<li><strong>les vice-pr\u00e9sidents des commissions.<\/strong><\/li>\n<\/ul><\/div><\/div>\n\t\t<\/div>\n\n\t\t<div class='et_slidecontent'>\n\t\t\t<div class='et-box et-bio'>\n\t\t\t\t\t<div class='et-box-content'><h2>La Commission : .<\/h2>\n<p>Le Comit\u00e9 d\u2019\u00c9ducation \u00e0 la Sant\u00e9 et \u00e0 la Citoyennet\u00e9 d\u00e9finit et conduit des actions d\u2019\u00e9ducation et de pr\u00e9vention des conduites \u00e0 risques dans le domaine de la sant\u00e9 (n\u00e9gligence, d\u00e9pendances) et de la citoyennet\u00e9 (violence, discrimination).<\/p>\n<p>Sous la pr\u00e9sidence du chef d\u2019\u00e9tablissement, le CESC r\u00e9unit :<\/p>\n<p>les personnels d\u2019\u00e9ducation, sociaux et de sant\u00e9 de l\u2019\u00e9tablissement et des repr\u00e9sentants des personnels enseignants ;<\/p>\n<p>des parents et des \u00e9l\u00e8ves d\u00e9sign\u00e9s par le chef d\u2019\u00e9tablissement sur proposition des membres du conseil d\u2019administration ;<\/p>\n<p>les repr\u00e9sentants de la commune et de la collectivit\u00e9 de rattachement membres du CA ;<\/p>\n<p>les personnes ressources repr\u00e9sentantes des partenaires ;<\/p>\n<p>toute personne dont il estime l\u2019avis utile en fonction des sujets trait\u00e9s.<\/p>\n<p>Les CESC gagnent en efficacit\u00e9 s\u2019ils s\u2019appuient sur des partenariats de proximit\u00e9 :<\/p>\n<p>institutionnels (gendarmerie, police, justice, douanes, \u2026) ;<\/p>\n<p>acad\u00e9miques (rectorat \u2013 DAAC, DAREIC, \u2026 et inspection acad\u00e9mique \u2013 IEN 1er degr\u00e9, cellule d\u00e9partementale charg\u00e9e des CESC, \u2026) ;<\/p>\n<p>associatifs ou mutualistes.<\/div><\/div>\n\t\t<\/div>\n\t\t\t\t<\/div>\n\t\t\t<\/div>\n\t\t<\/div>\n\t\t\t<\/div> <!-- .et-tabs-container -->\n","protected":false},"excerpt":{"rendered":"","protected":false},"author":1513,"featured_media":0,"parent":194,"menu_order":0,"comment_status":"open","ping_status":"open","template":"page-full.php","meta":{"footnotes":""},"class_list":["post-1590","page","type-page","status-publish","hentry"],"_links":{"self":[{"href":"https:\/\/etab.ac-reunion.fr\/lyc-mahatma-gandhi\/wp-json\/wp\/v2\/pages\/1590","targetHints":{"allow":["GET"]}}],"collection":[{"href":"https:\/\/etab.ac-reunion.fr\/lyc-mahatma-gandhi\/wp-json\/wp\/v2\/pages"}],"about":[{"href":"https:\/\/etab.ac-reunion.fr\/lyc-mahatma-gandhi\/wp-json\/wp\/v2\/types\/page"}],"author":[{"embeddable":true,"href":"https:\/\/etab.ac-reunion.fr\/lyc-mahatma-gandhi\/wp-json\/wp\/v2\/users\/1513"}],"replies":[{"embeddable":true,"href":"https:\/\/etab.ac-reunion.fr\/lyc-mahatma-gandhi\/wp-json\/wp\/v2\/comments?post=1590"}],"version-history":[{"count":17,"href":"https:\/\/etab.ac-reunion.fr\/lyc-mahatma-gandhi\/wp-json\/wp\/v2\/pages\/1590\/revisions"}],"predecessor-version":[{"id":1613,"href":"https:\/\/etab.ac-reunion.fr\/lyc-mahatma-gandhi\/wp-json\/wp\/v2\/pages\/1590\/revisions\/1613"}],"up":[{"embeddable":true,"href":"https:\/\/etab.ac-reunion.fr\/lyc-mahatma-gandhi\/wp-json\/wp\/v2\/pages\/194"}],"wp:attachment":[{"href":"https:\/\/etab.ac-reunion.fr\/lyc-mahatma-gandhi\/wp-json\/wp\/v2\/media?parent=1590"}],"curies":[{"name":"wp","href":"https:\/\/api.w.org\/{rel}","templated":true}]}}