{"id":1817,"date":"2019-08-08T07:09:40","date_gmt":"2019-08-08T06:09:40","guid":{"rendered":"http:\/\/lycee-mahatma-gandhi.ac-reunion.fr\/?page_id=1817"},"modified":"2024-08-17T14:14:06","modified_gmt":"2024-08-17T13:14:06","slug":"contact2","status":"publish","type":"page","link":"https:\/\/etab.ac-reunion.fr\/lyc-mahatma-gandhi\/contact2\/","title":{"rendered":"Contact"},"content":{"rendered":"<p><img loading=\"lazy\" decoding=\"async\" class=\"aligncenter size-full wp-image-796\" src=\"https:\/\/etab.ac-reunion.fr\/lyc-mahatma-gandhi\/wp-content\/uploads\/sites\/76\/2014\/10\/contacts.png\" alt=\"contacts\" width=\"64\" height=\"64\" srcset=\"https:\/\/etab.ac-reunion.fr\/lyc-mahatma-gandhi\/wp-content\/uploads\/sites\/76\/2014\/10\/contacts.png 64w, https:\/\/etab.ac-reunion.fr\/lyc-mahatma-gandhi\/wp-content\/uploads\/sites\/76\/2014\/10\/contacts-25x25.png 25w\" sizes=\"auto, (max-width: 64px) 100vw, 64px\" \/> <div class='et-learn-more clearfix'>\n\t\t\t\t\t<h3 class='heading-more'>Le personnel du Lyc\u00e9e<span class='et_learnmore_arrow'><span><\/span><\/span><\/h3>\n\t\t\t\t\t<div class='learn-more-content'><div class='et-tabs-container et_sliderfx_fade et_sliderauto_false et_sliderauto_speed_5000 et_slidertype_top_tabs'>\n\t\t\t\t<ul class='et-tabs-control'>\n\t\t\t<li><a href='#'>\n\t\t\t<h2>L\u2019\u00e9quipe de direction<\/h2>\n\t\t<\/a><\/li>\n\t\t<li><a href='#'>\n\t\t\t<h2>Le personnel de Gestion<\/h2>\n\t\t<\/a><\/li>\n\t\t<li><a href='#'>\n\t\t\t<h2>Le personnel de la vie scolaire<\/h2>\n\t\t<\/a><\/li>\n\t\t<li><a href='#'>\n\t\t\t<h2>Le personnel de l\u2019Infirmerie, d\u2019Orientation<\/h2>\n\t\t<\/a><\/li>\n\t\t<li><a href='#'>\n\t\t\t<h2>Le personnel du secr\u00e9tariat de direction<\/h2>\n\t\t<\/a><\/li>\n\t\t<\/ul> <!-- .et-tabs-control --> \n\t\t<div class='et-tabs-content'>\n\t\t\t<div class='et-tabs-content-main-wrap'>\n\t\t\t\t<div class='et-tabs-content-wrapper'>\n\t\t\t\t\t<div class='et_slidecontent'>\n\t\t\t<div class='et-box et-bio'>\n\t\t\t\t\t<div class='et-box-content'><ul>\n<li><strong>Mme BANOU Nicole, Proviseure<\/strong><\/li>\n<li><strong>Mme PASCAL-RASSABY H\u00e9l\u00e9na, Proviseure &#8211; adjoint<\/strong><\/li>\n<\/ul><\/div><\/div>\n\t\t<\/div>\n\t\t<div class='et_slidecontent'>\n\t\t\t<div class='et-box et-bio'>\n\t\t\t\t\t<div class='et-box-content'><ul>\n<li><strong>Mme AMOURDOM MARIAYE Sandrine &#8211; Gestionnaire<\/strong><\/li>\n<li><strong>Mme BREZE Isabelle &#8211; Secr\u00e9tariat d\u2019Intendance<\/strong><\/li>\n<li><strong>Mme PATCHEAPIN Henriette &#8211; Secr\u00e9tariat d\u2019Intendance<\/strong><\/li>\n<\/ul><\/div><\/div>\n\t\t<\/div>\n\t\t<div class='et_slidecontent'>\n\t\t\t<div class='et-box et-bio'>\n\t\t\t\t\t<div class='et-box-content'><ul>\n<li><strong>Mme VIRIN CALY Kelly, CPE &#8211; Contact : 06 92 35 85 52 \/ 02 62 92 25 09\n<\/strong><\/li>\n<li><strong>Mme GAY Cindy, CPE &#8211; Contact : 02 62 92 15 27 \/06 92 09 28 37<\/strong><strong>\n<\/strong><\/li>\n<\/ul><\/div><\/div>\n\t\t<\/div>\n\t\t<div class='et_slidecontent'>\n\t\t\t<div class='et-box et-bio'>\n\t\t\t\t\t<div class='et-box-content'><ul>\n<li><strong>Mme  , Infirmi\u00e8re &#8211; Contact : 02 62 92 15 34<\/strong><\/li>\n<li><strong>Mme &#8230;.. , Assistante sociale &#8211; Contact : 02 62 92 15 33<\/strong><\/li>\n<li><strong>Mme GROUZIS Christiane , Conseill\u00e8re d\u2019Orientation-Psychologue &#8211; Contact : 02 62 92 15 29\n<\/strong><\/li>\n<p><\/strong><\/strong><\/li>\n<p><strong>\n<\/strong><\/ul>\n<p><strong><\/div><\/div>\n\t\t<\/div>\n\t\t<div class='et_slidecontent'>\n\t\t\t<div class='et-box et-bio'>\n\t\t\t\t\t<div class='et-box-content'><\/strong><\/p>\n<p><strong>\n<\/strong><strong><\/strong><\/p>\n<ul><strong><\/p>\n<li><strong>Mme BEGUE Christine<\/strong><\/li>\n<p><\/strong><strong><\/strong><strong><\/strong><strong><\/strong><strong><\/strong><strong><\/strong><strong><\/strong><strong><\/strong><strong><\/strong><strong><\/strong><strong><\/strong><strong><\/strong><\/ul><\/div><\/div>\n\t\t<\/div>\n\t\t\t\t<\/div>\n\t\t\t<\/div>\n\t\t<\/div>\n\t\t\t<\/div> <!-- .et-tabs-container --><\/div>\n\t\t\t\t<\/div> \n\t\t\t<div class='et-tabs-container et_sliderfx_fade et_sliderauto_false et_sliderauto_speed_5000 et_slidertype_top_tabs'>\n\t\t\t\t<ul class='et-tabs-control'>\n\t\t\t<li><a href='#'>\n\t\t\t<h2>L\u2019adresse postale<\/h2>\n\t\t<\/a><\/li>\n\t\t<li><a href='#'>\n\t\t\t<h2>Le mail<\/h2>\n\t\t<\/a><\/li>\n\t\t<li><a href='#'>\n\t\t\t<h2>Le t\u00e9l\u00e9phone<\/h2>\n\t\t<\/a><\/li>\n\t\t<li><a href='#'>\n\t\t\t<h2>Le fax<\/h2>\n\t\t<\/a><\/li>\n\t\t<li><a href='#'>\n\t\t\t<h2>Les indications d&rsquo;acc\u00e8s<\/h2>\n\t\t<\/a><\/li>\n\t\t<li><a href='#'>\n\t\t\t<h2>Le plan d&rsquo;acc\u00e8s<\/h2>\n\t\t<\/a><\/li>\n\t\t<\/ul> <!-- .et-tabs-control --> \n\t\t<div class='et-tabs-content'>\n\t\t\t<div class='et-tabs-content-main-wrap'>\n\t\t\t\t<div class='et-tabs-content-wrapper'>\n\t\t\t\t\t<div class='et_slidecontent'>\n\t\t\t<div class='et-box et-bio'>\n\t\t\t\t\t<div class='et-box-content'><img loading=\"lazy\" decoding=\"async\" class=\"aligncenter size-full wp-image-792\" src=\"https:\/\/etab.ac-reunion.fr\/lyc-mahatma-gandhi\/wp-content\/uploads\/sites\/76\/2014\/10\/mail.png\" alt=\"mail\" width=\"64\" height=\"64\" srcset=\"https:\/\/etab.ac-reunion.fr\/lyc-mahatma-gandhi\/wp-content\/uploads\/sites\/76\/2014\/10\/mail.png 64w, https:\/\/etab.ac-reunion.fr\/lyc-mahatma-gandhi\/wp-content\/uploads\/sites\/76\/2014\/10\/mail-25x25.png 25w\" sizes=\"auto, (max-width: 64px) 100vw, 64px\" \/><\/p>\n<ul>\n<li><strong>Lyc\u00e9e Mahatma Gandhi<\/strong><\/li>\n<li><strong>ZAC Porte des Salazes<\/strong> <strong>BP 507<\/strong><\/li>\n<li><strong>97440 Saint-Andr\u00e9 &#8211; La r\u00e9union<\/strong><\/li>\n<\/ul><\/div><\/div>\n\t\t<\/div>\n\t\t<div class='et_slidecontent'>\n\t\t\t<div class='et-box et-bio'>\n\t\t\t\t\t<div class='et-box-content'><img loading=\"lazy\" decoding=\"async\" class=\"aligncenter size-full wp-image-791\" src=\"https:\/\/etab.ac-reunion.fr\/lyc-mahatma-gandhi\/wp-content\/uploads\/sites\/76\/2014\/10\/email.png\" alt=\"email\" width=\"64\" height=\"64\" srcset=\"https:\/\/etab.ac-reunion.fr\/lyc-mahatma-gandhi\/wp-content\/uploads\/sites\/76\/2014\/10\/email.png 64w, https:\/\/etab.ac-reunion.fr\/lyc-mahatma-gandhi\/wp-content\/uploads\/sites\/76\/2014\/10\/email-25x25.png 25w\" sizes=\"auto, (max-width: 64px) 100vw, 64px\" \/><\/p>\n<ul>\n<li><strong>ce.9741324w@ac-reunion.fr<\/strong><\/li>\n<li><strong>metice.mahatma@gmail.com (en cas de probl\u00e8me pour acc\u00e9der \u00e0 M\u00e9tice)<\/strong><\/li>\n<\/ul><\/div><\/div>\n\t\t<\/div>\n\t\t<div class='et_slidecontent'>\n\t\t\t<div class='et-box et-bio'>\n\t\t\t\t\t<div class='et-box-content'><img loading=\"lazy\" decoding=\"async\" class=\"aligncenter size-full wp-image-730\" src=\"https:\/\/etab.ac-reunion.fr\/lyc-mahatma-gandhi\/wp-content\/uploads\/sites\/76\/2014\/10\/phone.png\" alt=\"T\u00e9l\u00e9phone\" width=\"64\" height=\"64\" srcset=\"https:\/\/etab.ac-reunion.fr\/lyc-mahatma-gandhi\/wp-content\/uploads\/sites\/76\/2014\/10\/phone.png 64w, https:\/\/etab.ac-reunion.fr\/lyc-mahatma-gandhi\/wp-content\/uploads\/sites\/76\/2014\/10\/phone-25x25.png 25w\" sizes=\"auto, (max-width: 64px) 100vw, 64px\" \/><\/p>\n<ul>\n<li><strong>Accueil : 02 62 92 15 20<\/strong><\/li>\n<li><strong>Infirmi\u00e8re : 02 62 92 15 34<\/strong><\/li>\n<li><strong>Assistante sociale : 02 62 92 15 33<\/strong><\/li>\n<li><strong>CPE : 06 92 35 85 52<\/strong><\/li>\n<li><strong>CPE : 02 62 92 15 27<\/strong><\/li>\n<li><strong>CDI : 02 62 92 15 28<\/strong><\/li>\n<\/ul><\/div><\/div>\n\t\t<\/div>\n\t\t<div class='et_slidecontent'>\n\t\t\t<div class='et-box et-bio'>\n\t\t\t\t\t<div class='et-box-content'><img loading=\"lazy\" decoding=\"async\" class=\"aligncenter size-full wp-image-735\" src=\"https:\/\/etab.ac-reunion.fr\/lyc-mahatma-gandhi\/wp-content\/uploads\/sites\/76\/2014\/10\/document.png\" alt=\"document\" width=\"64\" height=\"64\" srcset=\"https:\/\/etab.ac-reunion.fr\/lyc-mahatma-gandhi\/wp-content\/uploads\/sites\/76\/2014\/10\/document.png 64w, https:\/\/etab.ac-reunion.fr\/lyc-mahatma-gandhi\/wp-content\/uploads\/sites\/76\/2014\/10\/document-25x25.png 25w\" sizes=\"auto, (max-width: 64px) 100vw, 64px\" \/><\/p>\n<ul>\n<li><strong>Fax de l&rsquo;administration : 02 62 92 15 30<\/strong><\/li>\n<\/ul><\/div><\/div>\n\t\t<\/div> \n\t\t<div class='et_slidecontent'>\n\t\t\t<div class='et-box et-bio'>\n\t\t\t\t\t<div class='et-box-content'><img loading=\"lazy\" decoding=\"async\" class=\"aligncenter size-full wp-image-797\" src=\"https:\/\/etab.ac-reunion.fr\/lyc-mahatma-gandhi\/wp-content\/uploads\/sites\/76\/2014\/10\/merge.png\" alt=\"merge\" width=\"64\" height=\"64\" srcset=\"https:\/\/etab.ac-reunion.fr\/lyc-mahatma-gandhi\/wp-content\/uploads\/sites\/76\/2014\/10\/merge.png 64w, https:\/\/etab.ac-reunion.fr\/lyc-mahatma-gandhi\/wp-content\/uploads\/sites\/76\/2014\/10\/merge-25x25.png 25w\" sizes=\"auto, (max-width: 64px) 100vw, 64px\" \/> <strong>Pour vous rendre au lyc\u00e9e Gandhi :<\/strong><\/p>\n<ul>\n<li>\n<h2>En arrivant de Saint-Denis par la \u00ab\u00a0quatre-voies\u00a0\u00bb<\/h2>\n<p>,<strong> au niveau de Saint-Andr\u00e9, prenez la sortie en direction de Salazie (RD48) puis continuez tout droit. Apr\u00e8s avoir pass\u00e9 deux ronds-points, le lyc\u00e9e se trouve sur votre gauche au deuxi\u00e8me rond point.<\/strong><\/li>\n<li>\n<h2>En arrivant de Saint-Benoit par la \u00ab\u00a0quatre-voies\u00a0\u00bb<\/h2>\n<p>,<strong> sortez \u00e0 la balance puis prenez la premi\u00e8re sortie du rond point direction Salazie (RD48). Apr\u00e8s avoir passez devant la balance, vous passez sous la quatre voies puis toujours tout droit pendant environ 1,5 km. Vous allez traverser deux ronds-points. Le lyc\u00e9e se trouve sur votre gauche au deuxi\u00e8me rond-point.<\/strong><\/li>\n<\/ul><\/div><\/div>\n\t\t<\/div> \n\t\t<div class='et_slidecontent'>\n\t\t\t<div class='et-box et-bio'>\n\t\t\t\t\t<div class='et-box-content'><a title=\"OpenMap\" href=\"http:\/\/osm.org\/go\/nC6GWxC2\" target=\"_blank\" rel=\"noopener noreferrer\">Pour avoir une carte plus grande<\/a> <img loading=\"lazy\" decoding=\"async\" class=\"aligncenter size-full wp-image-794\" src=\"https:\/\/etab.ac-reunion.fr\/lyc-mahatma-gandhi\/wp-content\/uploads\/sites\/76\/2014\/10\/map.png\" alt=\"map\" width=\"64\" height=\"64\" srcset=\"https:\/\/etab.ac-reunion.fr\/lyc-mahatma-gandhi\/wp-content\/uploads\/sites\/76\/2014\/10\/map.png 64w, https:\/\/etab.ac-reunion.fr\/lyc-mahatma-gandhi\/wp-content\/uploads\/sites\/76\/2014\/10\/map-25x25.png 25w\" sizes=\"auto, (max-width: 64px) 100vw, 64px\" \/><img loading=\"lazy\" decoding=\"async\" class=\"aligncenter size-full wp-image-696\" src=\"https:\/\/etab.ac-reunion.fr\/lyc-mahatma-gandhi\/wp-content\/uploads\/sites\/76\/2014\/10\/maplycee.jpg\" alt=\"maplycee\" width=\"852\" height=\"967\" srcset=\"https:\/\/etab.ac-reunion.fr\/lyc-mahatma-gandhi\/wp-content\/uploads\/sites\/76\/2014\/10\/maplycee.jpg 852w, https:\/\/etab.ac-reunion.fr\/lyc-mahatma-gandhi\/wp-content\/uploads\/sites\/76\/2014\/10\/maplycee-264x300.jpg 264w\" sizes=\"auto, (max-width: 852px) 100vw, 852px\" \/><\/div><\/div>\n\t\t<\/div>\n\t\t\t\t<\/div>\n\t\t\t<\/div>\n\t\t<\/div>\n\t\t\t<\/div> <!-- .et-tabs-container --> <span style=\"font-size: large\"><strong><span style=\"color: blue\">Pour envoyer directement un mail, compl\u00e9ter les diff\u00e9rentes rubriques <\/span><\/strong><\/span><br \/>\n\n<div class=\"wpcf7 no-js\" id=\"wpcf7-f4133-o1\" lang=\"fr-FR\" dir=\"ltr\" data-wpcf7-id=\"4133\">\n<div class=\"screen-reader-response\"><p role=\"status\" aria-live=\"polite\" aria-atomic=\"true\"><\/p> <ul><\/ul><\/div>\n<form action=\"\/lyc-mahatma-gandhi\/wp-json\/wp\/v2\/pages\/1817#wpcf7-f4133-o1\" method=\"post\" class=\"wpcf7-form init\" aria-label=\"Formulaire de contact\" novalidate=\"novalidate\" data-status=\"init\">\n<fieldset class=\"hidden-fields-container\"><input type=\"hidden\" name=\"_wpcf7\" value=\"4133\" \/><input type=\"hidden\" name=\"_wpcf7_version\" value=\"6.1.5\" \/><input type=\"hidden\" name=\"_wpcf7_locale\" value=\"fr_FR\" \/><input type=\"hidden\" name=\"_wpcf7_unit_tag\" value=\"wpcf7-f4133-o1\" \/><input type=\"hidden\" name=\"_wpcf7_container_post\" value=\"0\" \/><input type=\"hidden\" name=\"_wpcf7_posted_data_hash\" value=\"\" \/>\n<\/fieldset>\n<p><label> Votre nom (obligatoire)<br \/>\n<span class=\"wpcf7-form-control-wrap\" data-name=\"your-name\"><input size=\"40\" maxlength=\"400\" class=\"wpcf7-form-control wpcf7-text wpcf7-validates-as-required\" aria-required=\"true\" aria-invalid=\"false\" value=\"\" type=\"text\" name=\"your-name\" \/><\/span> <\/label>\n<\/p>\n<p><label> Votre adresse de messagerie (obligatoire)<br \/>\n<span class=\"wpcf7-form-control-wrap\" data-name=\"your-email\"><input size=\"40\" maxlength=\"400\" class=\"wpcf7-form-control wpcf7-email wpcf7-validates-as-required wpcf7-text wpcf7-validates-as-email\" aria-required=\"true\" aria-invalid=\"false\" value=\"\" type=\"email\" name=\"your-email\" \/><\/span> <\/label>\n<\/p>\n<p><label> Objet<br \/>\n<span class=\"wpcf7-form-control-wrap\" data-name=\"your-subject\"><input size=\"40\" maxlength=\"400\" class=\"wpcf7-form-control wpcf7-text\" aria-invalid=\"false\" value=\"\" type=\"text\" name=\"your-subject\" \/><\/span> <\/label>\n<\/p>\n<p><label> Votre message<br \/>\n<span class=\"wpcf7-form-control-wrap\" data-name=\"your-message\"><textarea cols=\"40\" rows=\"10\" maxlength=\"2000\" class=\"wpcf7-form-control wpcf7-textarea\" aria-invalid=\"false\" name=\"your-message\"><\/textarea><\/span> <\/label>\n<\/p>\n<p><input class=\"wpcf7-form-control wpcf7-submit has-spinner\" type=\"submit\" value=\"Envoyer\" \/>\n<\/p><div class=\"wpcf7-response-output\" aria-hidden=\"true\"><\/div>\n<\/form>\n<\/div>\n\n","protected":false},"excerpt":{"rendered":"<p>Pour envoyer directement un mail, compl\u00e9ter les diff\u00e9rentes rubriques<\/p>\n","protected":false},"author":1513,"featured_media":0,"parent":0,"menu_order":0,"comment_status":"open","ping_status":"closed","template":"page-full.php","meta":{"footnotes":""},"class_list":["post-1817","page","type-page","status-publish","hentry"],"_links":{"self":[{"href":"https:\/\/etab.ac-reunion.fr\/lyc-mahatma-gandhi\/wp-json\/wp\/v2\/pages\/1817","targetHints":{"allow":["GET"]}}],"collection":[{"href":"https:\/\/etab.ac-reunion.fr\/lyc-mahatma-gandhi\/wp-json\/wp\/v2\/pages"}],"about":[{"href":"https:\/\/etab.ac-reunion.fr\/lyc-mahatma-gandhi\/wp-json\/wp\/v2\/types\/page"}],"author":[{"embeddable":true,"href":"https:\/\/etab.ac-reunion.fr\/lyc-mahatma-gandhi\/wp-json\/wp\/v2\/users\/1513"}],"replies":[{"embeddable":true,"href":"https:\/\/etab.ac-reunion.fr\/lyc-mahatma-gandhi\/wp-json\/wp\/v2\/comments?post=1817"}],"version-history":[{"count":24,"href":"https:\/\/etab.ac-reunion.fr\/lyc-mahatma-gandhi\/wp-json\/wp\/v2\/pages\/1817\/revisions"}],"predecessor-version":[{"id":6553,"href":"https:\/\/etab.ac-reunion.fr\/lyc-mahatma-gandhi\/wp-json\/wp\/v2\/pages\/1817\/revisions\/6553"}],"wp:attachment":[{"href":"https:\/\/etab.ac-reunion.fr\/lyc-mahatma-gandhi\/wp-json\/wp\/v2\/media?parent=1817"}],"curies":[{"name":"wp","href":"https:\/\/api.w.org\/{rel}","templated":true}]}}