{"id":194,"date":"2014-10-02T12:12:27","date_gmt":"2014-10-02T11:12:27","guid":{"rendered":"http:\/\/lycee-mahatma-gandhi-tmp.ac-reunion.fr\/?page_id=194"},"modified":"2015-04-02T15:07:33","modified_gmt":"2015-04-02T14:07:33","slug":"parents","status":"publish","type":"page","link":"https:\/\/etab.ac-reunion.fr\/lyc-mahatma-gandhi\/parents\/","title":{"rendered":"Espace Parents"},"content":{"rendered":"<div class='one_half'>\n\t\t\t\t\t<a class=\"monBouton4\" href=\"https:\/\/etab.ac-reunion.fr\/lyc-mahatma-gandhi\/parents\/calendrier-scolaire\/\">Calendrier scolaire<\/a>\n<a class=\"monBouton4\" href=\"https:\/\/etab.ac-reunion.fr\/lyc-mahatma-gandhi\/parents\/emploi-du-temps\/\">Emploi du temps<\/a>\n<a class=\"monBouton4\" href=\"https:\/\/etab.ac-reunion.fr\/lyc-mahatma-gandhi\/parents\/conseil-de-classe\/\">Conseil de classe<\/a>\n<a class=\"monBouton4\" href=\"https:\/\/etab.ac-reunion.fr\/lyc-mahatma-gandhi\/2015\/02\/01\/menu\/\">Restauration scolaire<\/a>\n\t\t\t\t<\/div>\n<div class='one_half et_column_last'>\n\t\t\t\t\t<strong>Proc\u00e9dure pour se connecter \u00e0 M\u00e9tice<\/strong>\n<a href=\"https:\/\/etab.ac-reunion.fr\/lyc-mahatma-gandhi\/wp-content\/uploads\/sites\/76\/2014\/10\/procedure_pour_se_connecter_-a_metice.jpg\"><img loading=\"lazy\" decoding=\"async\" class=\"aligncenter wp-image-905 \" src=\"https:\/\/etab.ac-reunion.fr\/lyc-mahatma-gandhi\/wp-content\/uploads\/sites\/76\/2014\/10\/procedure_pour_se_connecter_-a_metice.jpg\" alt=\"procedure_pour_se_connecter_ a_metice\" width=\"292\" height=\"199\" srcset=\"https:\/\/etab.ac-reunion.fr\/lyc-mahatma-gandhi\/wp-content\/uploads\/sites\/76\/2014\/10\/procedure_pour_se_connecter_-a_metice.jpg 1068w, https:\/\/etab.ac-reunion.fr\/lyc-mahatma-gandhi\/wp-content\/uploads\/sites\/76\/2014\/10\/procedure_pour_se_connecter_-a_metice-300x204.jpg 300w, https:\/\/etab.ac-reunion.fr\/lyc-mahatma-gandhi\/wp-content\/uploads\/sites\/76\/2014\/10\/procedure_pour_se_connecter_-a_metice-1024x697.jpg 1024w, https:\/\/etab.ac-reunion.fr\/lyc-mahatma-gandhi\/wp-content\/uploads\/sites\/76\/2014\/10\/procedure_pour_se_connecter_-a_metice-140x94.jpg 140w\" sizes=\"auto, (max-width: 292px) 100vw, 292px\" \/><\/a>\n\t\t\t\t<\/div><div class='clear'><\/div>\n<div class='et-learn-more clearfix'>\n\t\t\t\t\t<h3 class='heading-more'>Caf\u00e9 des Parents<span class='et_learnmore_arrow'><span><\/span><\/span><\/h3>\n\t\t\t\t\t<div class='learn-more-content'><strong>PROGRAMME DES RENCONTRES DU CAF\u00c9 DES PARENTS POUR L\u2019ANN\u00c9E 2014\/2015<\/strong><\/p>\n<ul>\n<li>Samedi 27 septembre 2014 METICE : suivre la scolarit\u00e9 de son enfant ; Informations pratiques, distribution des codes d\u2019acc\u00e8s et manipulation de l\u2019outil.<\/li>\n<li>Samedi 29 novembre 2014 Orientation en cycle terminal (premi\u00e8re\/terminale) et orientation post-bac : d\u00e9marches et choix existants.<\/li>\n<li>Samedi 28 f\u00e9vrier 2015 La sexualit\u00e9 des adolescents<\/li>\n<li>Samedi 28 mars 2015 L\u2019addictologie : les comportements d\u00e9viants des adolescents.<\/li>\n<li>Samedi 25 avril 2015 Les risques des nouvelles technologies<\/li>\n<li>Samedi 30 mai 2015 La relation bienveillante : un outil pour (&#8230;)<\/li>\n<\/ul><\/div>\n\t\t\t\t<\/div>\n","protected":false},"excerpt":{"rendered":"","protected":false},"author":1513,"featured_media":0,"parent":0,"menu_order":0,"comment_status":"open","ping_status":"open","template":"page-full.php","meta":{"footnotes":""},"class_list":["post-194","page","type-page","status-publish","hentry"],"_links":{"self":[{"href":"https:\/\/etab.ac-reunion.fr\/lyc-mahatma-gandhi\/wp-json\/wp\/v2\/pages\/194","targetHints":{"allow":["GET"]}}],"collection":[{"href":"https:\/\/etab.ac-reunion.fr\/lyc-mahatma-gandhi\/wp-json\/wp\/v2\/pages"}],"about":[{"href":"https:\/\/etab.ac-reunion.fr\/lyc-mahatma-gandhi\/wp-json\/wp\/v2\/types\/page"}],"author":[{"embeddable":true,"href":"https:\/\/etab.ac-reunion.fr\/lyc-mahatma-gandhi\/wp-json\/wp\/v2\/users\/1513"}],"replies":[{"embeddable":true,"href":"https:\/\/etab.ac-reunion.fr\/lyc-mahatma-gandhi\/wp-json\/wp\/v2\/comments?post=194"}],"version-history":[{"count":56,"href":"https:\/\/etab.ac-reunion.fr\/lyc-mahatma-gandhi\/wp-json\/wp\/v2\/pages\/194\/revisions"}],"predecessor-version":[{"id":1824,"href":"https:\/\/etab.ac-reunion.fr\/lyc-mahatma-gandhi\/wp-json\/wp\/v2\/pages\/194\/revisions\/1824"}],"wp:attachment":[{"href":"https:\/\/etab.ac-reunion.fr\/lyc-mahatma-gandhi\/wp-json\/wp\/v2\/media?parent=194"}],"curies":[{"name":"wp","href":"https:\/\/api.w.org\/{rel}","templated":true}]}}