{"id":199,"date":"2014-10-02T12:31:26","date_gmt":"2014-10-02T11:31:26","guid":{"rendered":"http:\/\/lycee-mahatma-gandhi-tmp.ac-reunion.fr\/?page_id=199"},"modified":"2020-11-05T04:57:03","modified_gmt":"2020-11-05T03:57:03","slug":"cdi","status":"publish","type":"page","link":"https:\/\/etab.ac-reunion.fr\/lyc-mahatma-gandhi\/cdi\/","title":{"rendered":"Cdi"},"content":{"rendered":"<p><a href=\"https:\/\/etab.ac-reunion.fr\/lyc-mahatma-gandhi\/wp-content\/uploads\/sites\/76\/2014\/10\/CDI_photo.jpg\"><img loading=\"lazy\" decoding=\"async\" class=\"alignleft size-full wp-image-327\" src=\"https:\/\/etab.ac-reunion.fr\/lyc-mahatma-gandhi\/wp-content\/uploads\/sites\/76\/2014\/10\/CDI_photo.jpg\" alt=\"CDI_photo\" width=\"1024\" height=\"264\" srcset=\"https:\/\/etab.ac-reunion.fr\/lyc-mahatma-gandhi\/wp-content\/uploads\/sites\/76\/2014\/10\/CDI_photo.jpg 1024w, https:\/\/etab.ac-reunion.fr\/lyc-mahatma-gandhi\/wp-content\/uploads\/sites\/76\/2014\/10\/CDI_photo-300x77.jpg 300w\" sizes=\"auto, (max-width: 1024px) 100vw, 1024px\" \/><\/a><\/p>\n<p style=\"text-align: center\">Acc\u00e8s au site du CDI <a href=\"http:\/\/9741324w.esidoc.fr\/\" target=\"_blank\" rel=\"noopener noreferrer\"><img loading=\"lazy\" decoding=\"async\" class=\"alignnone size-full wp-image-90\" src=\"https:\/\/etab.ac-reunion.fr\/lyc-mahatma-gandhi\/wp-content\/uploads\/sites\/76\/2014\/09\/CDI-2124b.jpg\" alt=\"CDI-2124b\" width=\"300\" height=\"71\" \/><\/a> <div class='one_half'>\n\t\t\t\t\t<img loading=\"lazy\" decoding=\"async\" class=\"aligncenter size-full wp-image-728\" src=\"https:\/\/etab.ac-reunion.fr\/lyc-mahatma-gandhi\/wp-content\/uploads\/sites\/76\/2014\/10\/clock.png\" alt=\"clock\" width=\"64\" height=\"64\" srcset=\"https:\/\/etab.ac-reunion.fr\/lyc-mahatma-gandhi\/wp-content\/uploads\/sites\/76\/2014\/10\/clock.png 64w, https:\/\/etab.ac-reunion.fr\/lyc-mahatma-gandhi\/wp-content\/uploads\/sites\/76\/2014\/10\/clock-25x25.png 25w\" sizes=\"auto, (max-width: 64px) 100vw, 64px\" \/>\n<div class='et-learn-more clearfix'>\n\t\t\t\t\t<h3 class='heading-more'>Horaire d&#039;ouverture<span class='et_learnmore_arrow'><span><\/span><\/span><\/h3>\n\t\t\t\t\t<div class='learn-more-content'><div class='et-box et-bio'>\n\t\t\t\t\t<div class='et-box-content'><ul>\n<li><strong>Lundi de 7h30 \u00e0 17h 30<\/strong><\/li>\n<li><strong>Mardi de 7h30 \u00e0 17h 30<\/strong><\/li>\n<li><strong>Mercredi de 8h30 \u00e0 11h 30<\/strong><\/li>\n<li><strong>Jeudi de 7h30 \u00e0 17h 30<\/strong><\/li>\n<li><strong>Vendredi de 7h30 \u00e0 17h 30<\/strong><\/li>\n<\/ul>\n<p style=\"text-align: center\"><\/div><\/div><\/div>\n\t\t\t\t<\/div>\n\t\t\t\t<\/div> <div class='one_half et_column_last'>\n\t\t\t\t\t<img loading=\"lazy\" decoding=\"async\" class=\"aligncenter size-full wp-image-730\" src=\"https:\/\/etab.ac-reunion.fr\/lyc-mahatma-gandhi\/wp-content\/uploads\/sites\/76\/2014\/10\/phone.png\" alt=\"phone\" width=\"64\" height=\"64\" srcset=\"https:\/\/etab.ac-reunion.fr\/lyc-mahatma-gandhi\/wp-content\/uploads\/sites\/76\/2014\/10\/phone.png 64w, https:\/\/etab.ac-reunion.fr\/lyc-mahatma-gandhi\/wp-content\/uploads\/sites\/76\/2014\/10\/phone-25x25.png 25w\" sizes=\"auto, (max-width: 64px) 100vw, 64px\" \/> <div class='et-learn-more clearfix'>\n\t\t\t\t\t<h3 class='heading-more'>Personnel et contact<span class='et_learnmore_arrow'><span><\/span><\/span><\/h3>\n\t\t\t\t\t<div class='learn-more-content'><div class='et-box et-bio'>\n\t\t\t\t\t<div class='et-box-content'><ul>\n<li><strong>M Fran\u00e7ois Balard<\/strong><\/li>\n<li><strong>Mail :cdi.lyc-standre3@ac-reunion.fr<\/strong><\/li>\n<li><strong>T\u00e9l\u00e9phone : 02 62 92 15 28<\/strong><\/li>\n<\/ul>\n<p style=\"text-align: center\"><\/div><\/div><\/div>\n\t\t\t\t<\/div>\n\t\t\t\t<\/div><div class='clear'><\/div> <img loading=\"lazy\" decoding=\"async\" class=\"aligncenter size-full wp-image-735\" src=\"https:\/\/etab.ac-reunion.fr\/lyc-mahatma-gandhi\/wp-content\/uploads\/sites\/76\/2014\/10\/document.png\" alt=\"document\" width=\"64\" height=\"64\" srcset=\"https:\/\/etab.ac-reunion.fr\/lyc-mahatma-gandhi\/wp-content\/uploads\/sites\/76\/2014\/10\/document.png 64w, https:\/\/etab.ac-reunion.fr\/lyc-mahatma-gandhi\/wp-content\/uploads\/sites\/76\/2014\/10\/document-25x25.png 25w\" sizes=\"auto, (max-width: 64px) 100vw, 64px\" \/> <div class='et-learn-more clearfix'>\n\t\t\t\t\t<h3 class='heading-more'>Conseils Pratiques<span class='et_learnmore_arrow'><span><\/span><\/span><\/h3>\n\t\t\t\t\t<div class='learn-more-content'><div class='et-tabs-container et_sliderfx_fade et_sliderauto_false et_sliderauto_speed_5000 et_slidertype_top_tabs'>\n\t\t\t\t<ul class='et-tabs-control'>\n\t\t\t<li><a href='#'>\n\t\t\t<h2>Pr\u00eat des ouvrages :<\/h2>\n\t\t<\/a><\/li>\n\t\t<li><a href='#'>\n\t\t\t<h2>Acc\u00e8s \u00e0 la salle audiovisuelle :<\/h2>\n\t\t<\/a><\/li>\n\t\t<li><a href='#'>\n\t\t\t<h2>Acc\u00e8s aux ordinateurs:<\/h2>\n\t\t<\/a><\/li>\n\t\t<\/ul> <!-- .et-tabs-control -->\n\t\t<div class='et-tabs-content'>\n\t\t\t<div class='et-tabs-content-main-wrap'>\n\t\t\t\t<div class='et-tabs-content-wrapper'>\n\t\t\t\t\t<div class='et_slidecontent'>\n\t\t\t<a href=\"https:\/\/etab.ac-reunion.fr\/lyc-mahatma-gandhi\/wp-content\/uploads\/sites\/76\/2014\/10\/bookshelf.png\"><img loading=\"lazy\" decoding=\"async\" class=\"aligncenter size-full wp-image-765\" src=\"https:\/\/etab.ac-reunion.fr\/lyc-mahatma-gandhi\/wp-content\/uploads\/sites\/76\/2014\/10\/bookshelf.png\" alt=\"bookshelf\" width=\"64\" height=\"64\" srcset=\"https:\/\/etab.ac-reunion.fr\/lyc-mahatma-gandhi\/wp-content\/uploads\/sites\/76\/2014\/10\/bookshelf.png 64w, https:\/\/etab.ac-reunion.fr\/lyc-mahatma-gandhi\/wp-content\/uploads\/sites\/76\/2014\/10\/bookshelf-25x25.png 25w\" sizes=\"auto, (max-width: 64px) 100vw, 64px\" \/><\/a> <div class='et-box et-bio'>\n\t\t\t\t\t<div class='et-box-content'><strong>Maximum 3 ouvrages \u00e0 la fois<\/strong><\/p>\n<ul>\n<li><strong>Fiction : 2 semaines<\/strong><\/li>\n<li><strong>P\u00e9riodiques : 1 semaine<\/strong><\/li>\n<li><strong>Bandes dessin\u00e9es : 1 semaine<\/strong><\/li>\n<li><strong>Documents Onisep : 1 semaine<\/strong><\/li>\n<li><strong>Documentaires : 1 semaine<\/strong><\/li>\n<li><strong>Annales : 3 semaines<\/strong><\/li>\n<\/ul>\n<p style=\"text-align: center\"><\/div><\/div>\n\t\t<\/div>\n\t\t<div class='et_slidecontent'>\n\t\t\t<a href=\"https:\/\/etab.ac-reunion.fr\/lyc-mahatma-gandhi\/wp-content\/uploads\/sites\/76\/2014\/10\/tv.png\"><img loading=\"lazy\" decoding=\"async\" class=\"aligncenter size-full wp-image-761\" src=\"https:\/\/etab.ac-reunion.fr\/lyc-mahatma-gandhi\/wp-content\/uploads\/sites\/76\/2014\/10\/tv.png\" alt=\"tv\" width=\"64\" height=\"64\" srcset=\"https:\/\/etab.ac-reunion.fr\/lyc-mahatma-gandhi\/wp-content\/uploads\/sites\/76\/2014\/10\/tv.png 64w, https:\/\/etab.ac-reunion.fr\/lyc-mahatma-gandhi\/wp-content\/uploads\/sites\/76\/2014\/10\/tv-25x25.png 25w\" sizes=\"auto, (max-width: 64px) 100vw, 64px\" \/><\/a> <div class='et-box et-bio'>\n\t\t\t\t\t<div class='et-box-content'><strong> Les \u00e9l\u00e8ves viennent en acc\u00e8s libre pendant leurs heures de disponibilit\u00e9 et choisissent parmi le catalogue du CDI (plus de 100 titres)<\/strong><\/div><\/div>\n\t\t<\/div>\n\t\t<div class='et_slidecontent'>\n\t\t\t<a href=\"https:\/\/etab.ac-reunion.fr\/lyc-mahatma-gandhi\/wp-content\/uploads\/sites\/76\/2014\/10\/computer.png\"><img loading=\"lazy\" decoding=\"async\" class=\"aligncenter size-full wp-image-763\" src=\"https:\/\/etab.ac-reunion.fr\/lyc-mahatma-gandhi\/wp-content\/uploads\/sites\/76\/2014\/10\/computer.png\" alt=\"computer\" width=\"64\" height=\"64\" srcset=\"https:\/\/etab.ac-reunion.fr\/lyc-mahatma-gandhi\/wp-content\/uploads\/sites\/76\/2014\/10\/computer.png 64w, https:\/\/etab.ac-reunion.fr\/lyc-mahatma-gandhi\/wp-content\/uploads\/sites\/76\/2014\/10\/computer-25x25.png 25w\" sizes=\"auto, (max-width: 64px) 100vw, 64px\" \/><\/a>\n<div class='et-box et-bio'>\n\t\t\t\t\t<div class='et-box-content'><ul>\n<li><strong> (apr\u00e8s signature de \u00ab La charte d\u2019utilisation de l\u2019Internet, des r\u00e9seaux et des services multim\u00e9dias du lyc\u00e9e \u00bb)<\/strong><\/li>\n<li><strong>Au CDI, les ordinateurs sont exclusivement des outils de travail ; la consultation du logiciel documentaire BCDI (en r\u00e9seau sur tous les postes) est une priorit\u00e9. Les \u00e9l\u00e8ves peuvent effectuer des recherches sur Internet gr\u00e2ce \u00e0 une connexion ADSL. <\/strong><\/li>\n<\/ul><\/div><\/div> <div class='et-box et-info'>\n\t\t\t\t\t<div class='et-box-content'><ul>\n<li><strong>Toutefois, si l\u2019usage de la messagerie \u00e9lectronique est tol\u00e9r\u00e9 en revanche sont interdits :<\/strong><\/li>\n<li><strong>L\u2019acc\u00e8s aux sites de jeux.<\/strong><\/li>\n<li><strong>L\u2019acc\u00e8s aux sites de musiques, sonneries et logos pour GSM.<\/strong><\/li>\n<li><strong>Le t\u00e9l\u00e9chargement de programmes divers.<\/strong><\/li>\n<\/ul><\/div><\/div>\n\t\t<\/div>\n\t\t\t\t<\/div>\n\t\t\t<\/div>\n\t\t<\/div>\n\t\t\t<\/div> <!-- .et-tabs-container --><\/div>\n\t\t\t\t<\/div>\n","protected":false},"excerpt":{"rendered":"<p>Acc\u00e8s au site du CDI<\/p>\n","protected":false},"author":1513,"featured_media":0,"parent":0,"menu_order":0,"comment_status":"open","ping_status":"open","template":"page-full.php","meta":{"footnotes":""},"class_list":["post-199","page","type-page","status-publish","hentry"],"_links":{"self":[{"href":"https:\/\/etab.ac-reunion.fr\/lyc-mahatma-gandhi\/wp-json\/wp\/v2\/pages\/199","targetHints":{"allow":["GET"]}}],"collection":[{"href":"https:\/\/etab.ac-reunion.fr\/lyc-mahatma-gandhi\/wp-json\/wp\/v2\/pages"}],"about":[{"href":"https:\/\/etab.ac-reunion.fr\/lyc-mahatma-gandhi\/wp-json\/wp\/v2\/types\/page"}],"author":[{"embeddable":true,"href":"https:\/\/etab.ac-reunion.fr\/lyc-mahatma-gandhi\/wp-json\/wp\/v2\/users\/1513"}],"replies":[{"embeddable":true,"href":"https:\/\/etab.ac-reunion.fr\/lyc-mahatma-gandhi\/wp-json\/wp\/v2\/comments?post=199"}],"version-history":[{"count":91,"href":"https:\/\/etab.ac-reunion.fr\/lyc-mahatma-gandhi\/wp-json\/wp\/v2\/pages\/199\/revisions"}],"predecessor-version":[{"id":4841,"href":"https:\/\/etab.ac-reunion.fr\/lyc-mahatma-gandhi\/wp-json\/wp\/v2\/pages\/199\/revisions\/4841"}],"wp:attachment":[{"href":"https:\/\/etab.ac-reunion.fr\/lyc-mahatma-gandhi\/wp-json\/wp\/v2\/media?parent=199"}],"curies":[{"name":"wp","href":"https:\/\/api.w.org\/{rel}","templated":true}]}}