{"id":2950,"date":"2016-10-08T07:17:03","date_gmt":"2016-10-08T06:17:03","guid":{"rendered":"http:\/\/lycee-mahatma-gandhi.ac-reunion.fr\/?page_id=2950"},"modified":"2016-10-09T08:57:09","modified_gmt":"2016-10-09T07:57:09","slug":"orientation-post-seconde","status":"publish","type":"page","link":"https:\/\/etab.ac-reunion.fr\/lyc-mahatma-gandhi\/orientation-post-seconde\/","title":{"rendered":"Orientation post seconde"},"content":{"rendered":"<p style=\"text-align: center\"><strong>Voil\u00e0 les documents pr\u00e9sent\u00e9s lors de la R\u00e9union sur l&rsquo;orientation post-seconde<\/strong><\/p>\n<h2 style=\"text-align: center\"><a href=\"https:\/\/etab.ac-reunion.fr\/lyc-mahatma-gandhi\/wp-content\/uploads\/sites\/76\/2016\/10\/Apr\u00e8s-la-seconde-info-parents.pdf\">Orientation apr\u00e8s la seconde information pour les parents Version PDF<\/a><\/h2>\n<h2 style=\"text-align: center\"><a href=\"https:\/\/etab.ac-reunion.fr\/lyc-mahatma-gandhi\/wp-content\/uploads\/sites\/76\/2016\/10\/Apr\u00e8s-la-seconde-info-parents.odp\">Orientation apr\u00e8s la seconde information pour les parents Version Libre office<\/a><\/h2>\n<h2 style=\"text-align: center\"><a href=\"https:\/\/etab.ac-reunion.fr\/lyc-mahatma-gandhi\/wp-content\/uploads\/sites\/76\/2016\/10\/Apr\u00e8s-la-seconde-info-parents.ppt\">Orientation apr\u00e8s la seconde information pour les parents Version PPT<\/a><\/h2>\n","protected":false},"excerpt":{"rendered":"<p>Voil\u00e0 les documents pr\u00e9sent\u00e9s lors de la R\u00e9union sur l&rsquo;orientation post-seconde Orientation apr\u00e8s la seconde information pour les parents Version PDF Orientation apr\u00e8s la seconde information pour les parents Version Libre office Orientation apr\u00e8s la seconde information pour les parents Version PPT<\/p>\n","protected":false},"author":1513,"featured_media":0,"parent":0,"menu_order":0,"comment_status":"closed","ping_status":"closed","template":"page-full.php","meta":{"footnotes":""},"class_list":["post-2950","page","type-page","status-publish","hentry"],"_links":{"self":[{"href":"https:\/\/etab.ac-reunion.fr\/lyc-mahatma-gandhi\/wp-json\/wp\/v2\/pages\/2950","targetHints":{"allow":["GET"]}}],"collection":[{"href":"https:\/\/etab.ac-reunion.fr\/lyc-mahatma-gandhi\/wp-json\/wp\/v2\/pages"}],"about":[{"href":"https:\/\/etab.ac-reunion.fr\/lyc-mahatma-gandhi\/wp-json\/wp\/v2\/types\/page"}],"author":[{"embeddable":true,"href":"https:\/\/etab.ac-reunion.fr\/lyc-mahatma-gandhi\/wp-json\/wp\/v2\/users\/1513"}],"replies":[{"embeddable":true,"href":"https:\/\/etab.ac-reunion.fr\/lyc-mahatma-gandhi\/wp-json\/wp\/v2\/comments?post=2950"}],"version-history":[{"count":7,"href":"https:\/\/etab.ac-reunion.fr\/lyc-mahatma-gandhi\/wp-json\/wp\/v2\/pages\/2950\/revisions"}],"predecessor-version":[{"id":2985,"href":"https:\/\/etab.ac-reunion.fr\/lyc-mahatma-gandhi\/wp-json\/wp\/v2\/pages\/2950\/revisions\/2985"}],"wp:attachment":[{"href":"https:\/\/etab.ac-reunion.fr\/lyc-mahatma-gandhi\/wp-json\/wp\/v2\/media?parent=2950"}],"curies":[{"name":"wp","href":"https:\/\/api.w.org\/{rel}","templated":true}]}}