{"id":319,"date":"2018-09-02T13:31:25","date_gmt":"2018-09-02T12:31:25","guid":{"rendered":"http:\/\/lycee-mahatma-gandhi-tmp.ac-reunion.fr\/?page_id=319"},"modified":"2025-11-01T08:55:32","modified_gmt":"2025-11-01T07:55:32","slug":"bachibac","status":"publish","type":"page","link":"https:\/\/etab.ac-reunion.fr\/lyc-mahatma-gandhi\/bachibac\/","title":{"rendered":"BachiBac"},"content":{"rendered":"<div class='one_fourth'>\n\t\t\t\t\t<img loading=\"lazy\" decoding=\"async\" class=\"size-full wp-image-138 aligncenter\" src=\"https:\/\/etab.ac-reunion.fr\/lyc-mahatma-gandhi\/wp-content\/uploads\/sites\/76\/2014\/10\/DRAPEAU-ESPAGNOL.png\" alt=\"DRAPEAU ESPAGNOL\" width=\"110\" height=\"74\" \/>\n\t\t\t\t<\/div> <div class='one_half'>\n\t\t\t\t\t<div class='et-image-slider et_sliderfx_fade et_sliderauto_true et_sliderauto_speed_3000 et_slidertype_images'>\n\t\t\t<div class='et-image-slides'>\n\t\t\t\t<div class='et-tabs-content-wrapper'>\n\t\t\t\t\t<div class='et_slidecontent et-image-slide'><img loading=\"lazy\" decoding=\"async\" src=\"https:\/\/etab.ac-reunion.fr\/lyc-mahatma-gandhi\/wp-content\/uploads\/sites\/76\/et_temp\/Bachibac011-62970_400x300.jpg\" alt=\"\" width=\"400\" height=\"300\" \/><span class='et-image-overlay'> <\/span><\/div>\n\n\t\t<div class='et_slidecontent et-image-slide'><img loading=\"lazy\" decoding=\"async\" src=\"https:\/\/etab.ac-reunion.fr\/lyc-mahatma-gandhi\/wp-content\/uploads\/sites\/76\/et_temp\/Bachibac02-93796_400x300.jpg\" alt=\"\" width=\"400\" height=\"300\" \/><span class='et-image-overlay'> <\/span><\/div>\n\n\t\t<div class='et_slidecontent et-image-slide'><img loading=\"lazy\" decoding=\"async\" src=\"https:\/\/etab.ac-reunion.fr\/lyc-mahatma-gandhi\/wp-content\/uploads\/sites\/76\/et_temp\/Bachibac03-92467_400x300.jpg\" alt=\"\" width=\"400\" height=\"300\" \/><span class='et-image-overlay'> <\/span><\/div>\n\n\t\t<div class='et_slidecontent et-image-slide'><img loading=\"lazy\" decoding=\"async\" src=\"https:\/\/etab.ac-reunion.fr\/lyc-mahatma-gandhi\/wp-content\/uploads\/sites\/76\/et_temp\/Bachibac04-74898_400x300.jpg\" alt=\"\" width=\"400\" height=\"300\" \/><span class='et-image-overlay'> <\/span><\/div>\n\n\t\t<div class='et_slidecontent et-image-slide'><img loading=\"lazy\" decoding=\"async\" src=\"https:\/\/etab.ac-reunion.fr\/lyc-mahatma-gandhi\/wp-content\/uploads\/sites\/76\/et_temp\/Bachibac05-73133_400x300.jpg\" alt=\"\" width=\"400\" height=\"300\" \/><span class='et-image-overlay'> <\/span><\/div>\n\n\t\t<div class='et_slidecontent et-image-slide'><img loading=\"lazy\" decoding=\"async\" src=\"https:\/\/etab.ac-reunion.fr\/lyc-mahatma-gandhi\/wp-content\/uploads\/sites\/76\/et_temp\/Bachibac06-109265_400x300.jpg\" alt=\"\" width=\"400\" height=\"300\" \/><span class='et-image-overlay'> <\/span><\/div>\n\n\t\t<div class='et_slidecontent et-image-slide'><img loading=\"lazy\" decoding=\"async\" src=\"https:\/\/etab.ac-reunion.fr\/lyc-mahatma-gandhi\/wp-content\/uploads\/sites\/76\/et_temp\/Bachibac07-104582_400x300.jpg\" alt=\"\" width=\"400\" height=\"300\" \/><span class='et-image-overlay'> <\/span><\/div>\n\n\t\t<div class='et_slidecontent et-image-slide'><img loading=\"lazy\" decoding=\"async\" src=\"https:\/\/etab.ac-reunion.fr\/lyc-mahatma-gandhi\/wp-content\/uploads\/sites\/76\/et_temp\/Bachibac08-78834_400x300.jpg\" alt=\"\" width=\"400\" height=\"300\" \/><span class='et-image-overlay'> <\/span><\/div>\n\n\t\t<div class='et_slidecontent et-image-slide'><img loading=\"lazy\" decoding=\"async\" src=\"https:\/\/etab.ac-reunion.fr\/lyc-mahatma-gandhi\/wp-content\/uploads\/sites\/76\/et_temp\/Bachibac09-108012_400x300.jpg\" alt=\"\" width=\"400\" height=\"300\" \/><span class='et-image-overlay'> <\/span><\/div>\n\n\t\t<div class='et_slidecontent et-image-slide'><img loading=\"lazy\" decoding=\"async\" src=\"https:\/\/etab.ac-reunion.fr\/lyc-mahatma-gandhi\/wp-content\/uploads\/sites\/76\/et_temp\/Bachibac10-133513_400x300.jpg\" alt=\"\" width=\"400\" height=\"300\" \/><span class='et-image-overlay'> <\/span><\/div>\n\n\t\t<div class='et_slidecontent et-image-slide'><img loading=\"lazy\" decoding=\"async\" src=\"https:\/\/etab.ac-reunion.fr\/lyc-mahatma-gandhi\/wp-content\/uploads\/sites\/76\/et_temp\/Bachibac11-110627_400x300.jpg\" alt=\"\" width=\"400\" height=\"300\" \/><span class='et-image-overlay'> <\/span><\/div>\n\n\t\t<div class='et_slidecontent et-image-slide'><img loading=\"lazy\" decoding=\"async\" src=\"https:\/\/etab.ac-reunion.fr\/lyc-mahatma-gandhi\/wp-content\/uploads\/sites\/76\/et_temp\/Bachibac12-107574_400x300.jpg\" alt=\"\" width=\"400\" height=\"300\" \/><span class='et-image-overlay'> <\/span><\/div>\n\n\t\t<div class='et_slidecontent et-image-slide'><img loading=\"lazy\" decoding=\"async\" src=\"https:\/\/etab.ac-reunion.fr\/lyc-mahatma-gandhi\/wp-content\/uploads\/sites\/76\/et_temp\/Bachibac13-123514_400x300.jpg\" alt=\"\" width=\"400\" height=\"300\" \/><span class='et-image-overlay'> <\/span><\/div>\n\n\t\t<div class='et_slidecontent et-image-slide'><img loading=\"lazy\" decoding=\"async\" src=\"https:\/\/etab.ac-reunion.fr\/lyc-mahatma-gandhi\/wp-content\/uploads\/sites\/76\/et_temp\/Bachibac14-52891_400x300.jpg\" alt=\"\" width=\"400\" height=\"300\" \/><span class='et-image-overlay'> <\/span><\/div>\n\t\t\t\t<\/div>\n\t\t\t<\/div>\n\t\t<\/div> <!-- .et-image-slider -->\n\t\t\t\t<\/div> <div class='one_fourth et_column_last'>\n\t\t\t\t\t<img loading=\"lazy\" decoding=\"async\" class=\"size-full wp-image-138 aligncenter\" src=\"https:\/\/etab.ac-reunion.fr\/lyc-mahatma-gandhi\/wp-content\/uploads\/sites\/76\/2014\/10\/DRAPEAU-francais.jpg\" alt=\"DRAPEAU francais\" width=\"110\" height=\"74\" \/>\n\t\t\t\t<\/div><div class='clear'><\/div>\n<p style=\"text-align: center\"><strong><span style=\"color: blue\"><span style=\"font-size: x-large\">Le bachibac permet la d\u00e9livrance simultan\u00e9e<\/span><\/span><\/strong><\/p>\n<p style=\"text-align: center\"><strong><span style=\"color: blue\"><span style=\"font-size: x-large\">du bachillerato espagnol et du baccalaur\u00e9at fran\u00e7ais.<\/span><\/span><\/strong><\/p>\n\n\t\t\t<div class='et-tabs-container et_sliderfx_fade et_sliderauto_false et_sliderauto_speed_5000 et_slidertype_top_tabs'>\n\t\t\t\t<ul class='et-tabs-control'>\n\t\t\t<li><a href='#'>\n\t\t\t<h2>Informations :<\/h2>\n\t\t<\/a><\/li>\n\t\t<li><a href='#'>\n\t\t\t<h2>Programme en seconde :<\/h2>\n\t\t<\/a><\/li> \n\t\t<li><a href='#'>\n\t\t\t<h2>Programme en Premi\u00e8re et Terminale:<\/h2>\n\t\t<\/a><\/li> \n\t\t<li><a href='#'>\n\t\t\t<h2>D\u00e9roulement examens:<\/h2>\n\t\t<\/a><\/li> \n\t\t<li><a href='#'>\n\t\t\t<h2>D\u00e9livrance du bachillerato:<\/h2>\n\t\t<\/a><\/li> \n\t\t<li><a href='#'>\n\t\t\t<h2>Bulletin officiel:<\/h2>\n\t\t<\/a><\/li> \n\t\t<li><a href='#'>\n\t\t\t<h2>Modalit\u00e9 d&rsquo;inscription:<\/h2>\n\t\t<\/a><\/li> \n\t\t<li><a href='#'>\n\t\t\t<h2>Documents:<\/h2>\n\t\t<\/a><\/li>\n\t\t<\/ul> <!-- .et-tabs-control -->\n\t\t<div class='et-tabs-content'>\n\t\t\t<div class='et-tabs-content-main-wrap'>\n\t\t\t\t<div class='et-tabs-content-wrapper'>\n\t\t\t\t\t<div class='et_slidecontent'>\n\t\t\t<div class='et-box et-bio'>\n\t\t\t\t\t<div class='et-box-content'><ul>\n<li><strong>Le Bachibac permet la d\u00e9livrance simultan\u00e9e du baccalaur\u00e9at fran\u00e7ais et du Bachillerato espagnol.<\/strong><\/li>\n<li><strong>Ce dipl\u00f4me est pr\u00e9par\u00e9 dans les lyc\u00e9es \u00e0 section binationale fran\u00e7ais \/ espagnol \u00ab\u00a0bachibac\u00a0\u00bb.<\/strong><\/li>\n<li><strong>Les\u00a0 \u00e9l\u00e8ves qui l&rsquo;obtiennent peuvent acc\u00e9der \u00e0 l&rsquo;enseignement sup\u00e9rieur fran\u00e7ais et \u00e0 l&rsquo;enseignement sup\u00e9rieur espagnol.<\/strong><\/li>\n<li><strong>Le bachibac comporte des enseignements sp\u00e9cifiques de langue et litt\u00e9rature espagnoles et d&rsquo;histoire-g\u00e9ographie, \u00e0 raison de 7 heures hebdomadaires en seconde et 8 heures hebdomadaires en premi\u00e8re et en terminale.<\/strong><\/li>\n<\/ul><\/div><\/div>\n\t\t<\/div>\n\t\t<div class='et_slidecontent'>\n\t\t\t<div class='et-box et-bio'>\n\t\t\t\t\t<div class='et-box-content'><ul>\n<li><strong>L\u2019enseignement d&rsquo;histoire-g\u00e9ographie est dispens\u00e9 en langue espagnole.<\/strong><\/li>\n<li><strong>La langue vivante 1 fait l&rsquo;objet d&rsquo;un enseignement d&rsquo;une dur\u00e9e de quatre heures hebdomadaires.<\/strong><\/li>\n<li><strong>Les programmes sont fix\u00e9s par la France.<\/strong><\/li>\n<\/ul><\/div><\/div>\n\t\t<\/div>\n\t\t<div class='et_slidecontent'>\n\t\t\t<div class='et-box et-bio'>\n\t\t\t\t\t<div class='et-box-content'><ul>\n<li><strong>Un enseignement d&rsquo;histoire-g\u00e9ographie de quatre heures est dispens\u00e9 en langue espagnole. Son programme est fix\u00e9 conjointement par la France et l&rsquo;Espagne<\/strong><\/li>\n<li><strong>Un enseignement de langue et litt\u00e9rature espagnoles est dispens\u00e9 en langue espagnole. Il remplace l&rsquo;enseignement de LV1. Le programme est fix\u00e9 conjointement par la France et l&rsquo;Espagne<\/strong><\/li>\n<li><strong>Ces enseignements sp\u00e9cifiques doivent permettre aux \u00e9l\u00e8ves d&rsquo;atteindre au moins le niveau B2 du cadre europ\u00e9en commun de r\u00e9f\u00e9rence pour les langues (CECRL)<\/strong><\/li>\n<\/ul><\/div><\/div>\n\t\t<\/div> \n\t\t<div class='et_slidecontent'>\n\t\t\t<div class='et-box et-bio'>\n\t\t\t\t\t<div class='et-box-content'><ul>\n<li style=\"list-style-type: none\">\n<ul>\n<li><strong>Les \u00e9l\u00e8ves qui choisissent de s&rsquo;y pr\u00e9senter passent :<\/strong><\/li>\n<li><strong>\u2022 en fran\u00e7ais les \u00e9preuves correspondant \u00e0 leur s\u00e9rie et comptant pour le seul baccalaur\u00e9at<\/strong><\/li>\n<li><strong>\u2022 en espagnol les \u00e9preuves sp\u00e9cifiques comptant \u00e0 la fois pour le baccalaur\u00e9at et pour le bachibac : histoire-g\u00e9ographie (\u00e0 l&rsquo;\u00e9crit) et Litt\u00e9rature (\u00e0 l&rsquo;\u00e9crit et \u00e0 l&rsquo;oral).<\/strong><\/li>\n<\/ul>\n<\/li>\n<\/ul><\/div><\/div>\n\t\t<\/div>\n\n\t\t<div class='et_slidecontent'>\n\t\t\t<div class='et-box et-bio'>\n\t\t\t\t\t<div class='et-box-content'><strong>La d\u00e9livrance du bachillerato est subordonn\u00e9e \u00e0 :<\/strong><\/p>\n<ul>\n<li style=\"list-style-type: none\">\n<ul>\n<li><strong>la r\u00e9ussite \u00e0 l&rsquo;examen du baccalaur\u00e9at<\/strong><\/li>\n<li><strong>l&rsquo;obtention d&rsquo;une moyenne au moins \u00e9gale \u00e0 10\/20 aux \u00e9preuves \u00e9crite et orale de langue et litt\u00e9rature espagnoles \u00e0 l&rsquo;issue du premier groupe d&rsquo;\u00e9preuves<\/strong><\/li>\n<li><strong>l&rsquo;obtention d&rsquo;une note moyenne au moins \u00e9gale \u00e0 10\/20 \u00e0 l&rsquo;issue des \u00e9preuves \u00e9crite et orale de langue et litt\u00e9rature espagnoles et de la partie \u00ab\u00a0histoire\u00a0\u00bb de l&rsquo;\u00e9preuve d&rsquo;histoire-g\u00e9ographie \u00e0 l&rsquo;issue du premier groupe d&rsquo;\u00e9preuves<\/strong><\/li>\n<li><\/li>\n<li>lien avec le minist\u00e8re de l&rsquo;\u00e9ducation espagnol<\/li>\n<\/ul>\n<\/li>\n<\/ul><\/div><\/div>\n\t\t<\/div>\n\n\t\t<div class='et_slidecontent'>\n\t\t\t<div class='et-box et-bio'>\n\t\t\t\t\t<div class='et-box-content'><strong>Double d\u00e9livrance du dipl\u00f4me du baccalaur\u00e9at et du dipl\u00f4me du bachillerato<\/strong><\/p>\n<ul>\n<li><a title=\"bulletin \" href=\"http:\/\/www.education.gouv.fr\/cid52115\/mene1007693a.htmlhttp:\/\/\" target=\"_blank\" rel=\"noopener\">Bulletin officiel sp\u00e9cial du n\u00b05 du 17 juin 2010<\/a><\/li>\n<\/ul>\n<p>&nbsp;<\/p><\/div><\/div>\n\t\t<\/div> \n\t\t<div class='et_slidecontent'>\n\t\t\t<div class='et-box et-bio'>\n\t\t\t\t\t<div class='et-box-content'><ul>\n<li><strong>S\u00e9lection sur dossier<\/strong><\/li>\n<li><strong>Puis s\u00e9lection sur un \u00e9crit<\/strong><\/li>\n<li><strong>Puis s\u00e9lection sur un oral<\/strong><\/li>\n<\/ul><\/div><\/div>\n\t\t<\/div> \n\t\t<div class='et_slidecontent'>\n\t\t\t<div class='et-box et-bio'>\n\t\t\t\t\t<div class='et-box-content'><a href=\"https:\/\/etab.ac-reunion.fr\/lyc-mahatma-gandhi\/wp-content\/uploads\/sites\/76\/2014\/11\/Section-Binationale-BachiBac.pdf\">Section Binationale BachiBac<\/a><\/p><\/div><\/div>\n\t\t<\/div>\n\t\t\t\t<\/div>\n\t\t\t<\/div>\n\t\t<\/div>\n\t\t\t<\/div> <!-- .et-tabs-container -->\n<p><img loading=\"lazy\" decoding=\"async\" class=\"aligncenter size-thumbnail wp-image-3550\" src=\"https:\/\/etab.ac-reunion.fr\/lyc-mahatma-gandhi\/wp-content\/uploads\/sites\/76\/2017\/11\/photo-bachibac-eleve.jpg\" alt=\"\" width=\"250\" height=\"250\" srcset=\"https:\/\/etab.ac-reunion.fr\/lyc-mahatma-gandhi\/wp-content\/uploads\/sites\/76\/2017\/11\/photo-bachibac-eleve-150x150.jpg 150w, https:\/\/etab.ac-reunion.fr\/lyc-mahatma-gandhi\/wp-content\/uploads\/sites\/76\/2017\/11\/photo-bachibac-eleve-200x200.jpg 200w, https:\/\/etab.ac-reunion.fr\/lyc-mahatma-gandhi\/wp-content\/uploads\/sites\/76\/2017\/11\/photo-bachibac-eleve-130x130.jpg 130w, https:\/\/etab.ac-reunion.fr\/lyc-mahatma-gandhi\/wp-content\/uploads\/sites\/76\/2017\/11\/photo-bachibac-eleve-67x67.jpg 67w, https:\/\/etab.ac-reunion.fr\/lyc-mahatma-gandhi\/wp-content\/uploads\/sites\/76\/2017\/11\/photo-bachibac-eleve-40x40.jpg 40w, https:\/\/etab.ac-reunion.fr\/lyc-mahatma-gandhi\/wp-content\/uploads\/sites\/76\/2017\/11\/photo-bachibac-eleve-184x184.jpg 184w\" sizes=\"auto, (max-width: 250px) 100vw, 250px\" \/><br \/>\n<img loading=\"lazy\" decoding=\"async\" class=\"aligncenter size-thumbnail wp-image-3549\" src=\"https:\/\/etab.ac-reunion.fr\/lyc-mahatma-gandhi\/wp-content\/uploads\/sites\/76\/2017\/11\/photo-bachibac-diplome.jpg\" alt=\"\" width=\"250\" height=\"250\" srcset=\"https:\/\/etab.ac-reunion.fr\/lyc-mahatma-gandhi\/wp-content\/uploads\/sites\/76\/2017\/11\/photo-bachibac-diplome-150x150.jpg 150w, https:\/\/etab.ac-reunion.fr\/lyc-mahatma-gandhi\/wp-content\/uploads\/sites\/76\/2017\/11\/photo-bachibac-diplome-200x200.jpg 200w, https:\/\/etab.ac-reunion.fr\/lyc-mahatma-gandhi\/wp-content\/uploads\/sites\/76\/2017\/11\/photo-bachibac-diplome-130x130.jpg 130w, https:\/\/etab.ac-reunion.fr\/lyc-mahatma-gandhi\/wp-content\/uploads\/sites\/76\/2017\/11\/photo-bachibac-diplome-67x67.jpg 67w, https:\/\/etab.ac-reunion.fr\/lyc-mahatma-gandhi\/wp-content\/uploads\/sites\/76\/2017\/11\/photo-bachibac-diplome-40x40.jpg 40w, https:\/\/etab.ac-reunion.fr\/lyc-mahatma-gandhi\/wp-content\/uploads\/sites\/76\/2017\/11\/photo-bachibac-diplome-184x184.jpg 184w\" sizes=\"auto, (max-width: 250px) 100vw, 250px\" \/><br \/>\n<img loading=\"lazy\" decoding=\"async\" class=\"aligncenter size-thumbnail wp-image-4068\" src=\"https:\/\/etab.ac-reunion.fr\/lyc-mahatma-gandhi\/wp-content\/uploads\/sites\/76\/2019\/02\/diplome-2018-bachibac.jpg\" alt=\"\" width=\"250\" height=\"250\" srcset=\"https:\/\/etab.ac-reunion.fr\/lyc-mahatma-gandhi\/wp-content\/uploads\/sites\/76\/2019\/02\/diplome-2018-bachibac-150x150.jpg 150w, https:\/\/etab.ac-reunion.fr\/lyc-mahatma-gandhi\/wp-content\/uploads\/sites\/76\/2019\/02\/diplome-2018-bachibac-200x200.jpg 200w, https:\/\/etab.ac-reunion.fr\/lyc-mahatma-gandhi\/wp-content\/uploads\/sites\/76\/2019\/02\/diplome-2018-bachibac-130x130.jpg 130w, https:\/\/etab.ac-reunion.fr\/lyc-mahatma-gandhi\/wp-content\/uploads\/sites\/76\/2019\/02\/diplome-2018-bachibac-67x67.jpg 67w, https:\/\/etab.ac-reunion.fr\/lyc-mahatma-gandhi\/wp-content\/uploads\/sites\/76\/2019\/02\/diplome-2018-bachibac-40x40.jpg 40w, https:\/\/etab.ac-reunion.fr\/lyc-mahatma-gandhi\/wp-content\/uploads\/sites\/76\/2019\/02\/diplome-2018-bachibac-184x184.jpg 184w\" sizes=\"auto, (max-width: 250px) 100vw, 250px\" \/><br \/>\n<img loading=\"lazy\" decoding=\"async\" class=\"aligncenter size-thumbnail wp-image-4068\" src=\"https:\/\/etab.ac-reunion.fr\/lyc-mahatma-gandhi\/wp-content\/uploads\/sites\/76\/2021\/06\/Bourses-dexcellence-AVENIR-2021-2022-BACHIBAC-et-Sections-Internationales-espagnoles-1.jpg\" alt=\"\" width=\"250\" height=\"250\" \/><\/p>\n","protected":false},"excerpt":{"rendered":"<p>Le bachibac permet la d\u00e9livrance simultan\u00e9e du bachillerato espagnol et du baccalaur\u00e9at fran\u00e7ais.<\/p>\n","protected":false},"author":1513,"featured_media":0,"parent":0,"menu_order":0,"comment_status":"open","ping_status":"open","template":"page-full.php","meta":{"footnotes":""},"class_list":["post-319","page","type-page","status-publish","hentry"],"_links":{"self":[{"href":"https:\/\/etab.ac-reunion.fr\/lyc-mahatma-gandhi\/wp-json\/wp\/v2\/pages\/319","targetHints":{"allow":["GET"]}}],"collection":[{"href":"https:\/\/etab.ac-reunion.fr\/lyc-mahatma-gandhi\/wp-json\/wp\/v2\/pages"}],"about":[{"href":"https:\/\/etab.ac-reunion.fr\/lyc-mahatma-gandhi\/wp-json\/wp\/v2\/types\/page"}],"author":[{"embeddable":true,"href":"https:\/\/etab.ac-reunion.fr\/lyc-mahatma-gandhi\/wp-json\/wp\/v2\/users\/1513"}],"replies":[{"embeddable":true,"href":"https:\/\/etab.ac-reunion.fr\/lyc-mahatma-gandhi\/wp-json\/wp\/v2\/comments?post=319"}],"version-history":[{"count":123,"href":"https:\/\/etab.ac-reunion.fr\/lyc-mahatma-gandhi\/wp-json\/wp\/v2\/pages\/319\/revisions"}],"predecessor-version":[{"id":6861,"href":"https:\/\/etab.ac-reunion.fr\/lyc-mahatma-gandhi\/wp-json\/wp\/v2\/pages\/319\/revisions\/6861"}],"wp:attachment":[{"href":"https:\/\/etab.ac-reunion.fr\/lyc-mahatma-gandhi\/wp-json\/wp\/v2\/media?parent=319"}],"curies":[{"name":"wp","href":"https:\/\/api.w.org\/{rel}","templated":true}]}}