{"id":374,"date":"2018-04-20T05:57:41","date_gmt":"2018-04-20T04:57:41","guid":{"rendered":"http:\/\/lycee-mahatma-gandhi-tmp.ac-reunion.fr\/?page_id=374"},"modified":"2022-04-26T10:07:07","modified_gmt":"2022-04-26T09:07:07","slug":"examens","status":"publish","type":"page","link":"https:\/\/etab.ac-reunion.fr\/lyc-mahatma-gandhi\/examens\/","title":{"rendered":"Examens"},"content":{"rendered":"<p><img loading=\"lazy\" decoding=\"async\" class=\"aligncenter size-full wp-image-803\" src=\"https:\/\/etab.ac-reunion.fr\/lyc-mahatma-gandhi\/wp-content\/uploads\/sites\/76\/2014\/10\/news.png\" alt=\"news\" width=\"64\" height=\"64\" srcset=\"https:\/\/etab.ac-reunion.fr\/lyc-mahatma-gandhi\/wp-content\/uploads\/sites\/76\/2014\/10\/news.png 64w, https:\/\/etab.ac-reunion.fr\/lyc-mahatma-gandhi\/wp-content\/uploads\/sites\/76\/2014\/10\/news-25x25.png 25w\" sizes=\"auto, (max-width: 64px) 100vw, 64px\" \/><\/p>\n<div class='et-learn-more clearfix'>\n\t\t\t\t\t<h3 class='heading-more'>Informations sur le secr\u00e9tariat des examens<span class='et_learnmore_arrow'><span><\/span><\/span><\/h3>\n\t\t\t\t\t<div class='learn-more-content'><h3>Secr\u00e9tariat des examens (BTS &#8211; BAC)<\/h3>\n<h3>Le secr\u00e9tariat des examens sera activ\u00e9 entre le 20 Avril 2021 et le 11 juillet 2021<\/h3>\n<p style=\"text-align: center\">\n\t\t\t<div class='et-tabs-container et_sliderfx_fade et_sliderauto_false et_sliderauto_speed_5000 et_slidertype_top_tabs'>\n\t\t\t\t<ul class='et-tabs-control'>\n\t\t\t<li><a href='#'>\n\t\t\t<h2>L\u2019adresse postale<\/h2>\n\t\t<\/a><\/li>\n\t\t<li><a href='#'>\n\t\t\t<h2>Le courriel<\/h2>\n\t\t<\/a><\/li> \n\t\t<li><a href='#'>\n\t\t\t<h2>Le t\u00e9l\u00e9phone<\/h2>\n\t\t<\/a><\/li> \n\t\t<li><a href='#'>\n\t\t\t<h2>Les indications d&rsquo;acc\u00e8s<\/h2>\n\t\t<\/a><\/li>\n\t\t<li><a href='#'>\n\t\t\t<h2>Le plan d&rsquo;acc\u00e8s<\/h2>\n\t\t<\/a><\/li>\n\t\t<\/ul> <!-- .et-tabs-control -->\n\t\t<div class='et-tabs-content'>\n\t\t\t<div class='et-tabs-content-main-wrap'>\n\t\t\t\t<div class='et-tabs-content-wrapper'>\n\t\t\t\t\t<div class='et_slidecontent'>\n\t\t\t<div class='et-box et-bio'>\n\t\t\t\t\t<div class='et-box-content'><img loading=\"lazy\" decoding=\"async\" class=\"aligncenter size-full wp-image-792\" src=\"https:\/\/etab.ac-reunion.fr\/lyc-mahatma-gandhi\/wp-content\/uploads\/sites\/76\/2014\/10\/mail.png\" alt=\"mail\" width=\"64\" height=\"64\" srcset=\"https:\/\/etab.ac-reunion.fr\/lyc-mahatma-gandhi\/wp-content\/uploads\/sites\/76\/2014\/10\/mail.png 64w, https:\/\/etab.ac-reunion.fr\/lyc-mahatma-gandhi\/wp-content\/uploads\/sites\/76\/2014\/10\/mail-25x25.png 25w\" sizes=\"auto, (max-width: 64px) 100vw, 64px\" \/><\/p>\n<ul>\n<li style=\"list-style-type: none\">\n<ul>\n<li><strong>Salle B01<\/strong><\/li>\n<li><strong>Lyc\u00e9e Mahatma Gandhi<\/strong><\/li>\n<li><strong>ZAC Porte des Salazes<\/strong><\/li>\n<li><strong>BP 507<\/strong><\/li>\n<li><strong>97440 Saint-Andr\u00e9 &#8211; La r\u00e9union<\/strong><\/li>\n<\/ul>\n<\/li>\n<\/ul><\/div><\/div>\n\t\t<\/div>\n\t\t<div class='et_slidecontent'>\n\t\t\t<div class='et-box et-bio'>\n\t\t\t\t\t<div class='et-box-content'><img loading=\"lazy\" decoding=\"async\" class=\"aligncenter size-full wp-image-791\" src=\"https:\/\/etab.ac-reunion.fr\/lyc-mahatma-gandhi\/wp-content\/uploads\/sites\/76\/2014\/10\/email.png\" alt=\"email\" width=\"64\" height=\"64\" srcset=\"https:\/\/etab.ac-reunion.fr\/lyc-mahatma-gandhi\/wp-content\/uploads\/sites\/76\/2014\/10\/email.png 64w, https:\/\/etab.ac-reunion.fr\/lyc-mahatma-gandhi\/wp-content\/uploads\/sites\/76\/2014\/10\/email-25x25.png 25w\" sizes=\"auto, (max-width: 64px) 100vw, 64px\" \/><\/p>\n<ul>\n<li><strong>secretariat.exambac9741324W@ac-reunion.fr<\/strong><\/li>\n<\/ul><\/div><\/div>\n\t\t<\/div>\n\t\t<div class='et_slidecontent'>\n\t\t\t<div class='et-box et-bio'>\n\t\t\t\t\t<div class='et-box-content'><img loading=\"lazy\" decoding=\"async\" class=\"aligncenter size-full wp-image-730\" src=\"https:\/\/etab.ac-reunion.fr\/lyc-mahatma-gandhi\/wp-content\/uploads\/sites\/76\/2014\/10\/phone.png\" alt=\"T\u00e9l\u00e9phone\" width=\"64\" height=\"64\" srcset=\"https:\/\/etab.ac-reunion.fr\/lyc-mahatma-gandhi\/wp-content\/uploads\/sites\/76\/2014\/10\/phone.png 64w, https:\/\/etab.ac-reunion.fr\/lyc-mahatma-gandhi\/wp-content\/uploads\/sites\/76\/2014\/10\/phone-25x25.png 25w\" sizes=\"auto, (max-width: 64px) 100vw, 64px\" \/><\/p>\n<ul>\n<li><strong>02 62 XXXXXX<\/strong><\/li>\n<\/ul><\/div><\/div>\n\t\t<\/div> \n\t\t<div class='et_slidecontent'>\n\t\t\t<div class='et-box et-bio'>\n\t\t\t\t\t<div class='et-box-content'><img loading=\"lazy\" decoding=\"async\" class=\"aligncenter size-full wp-image-797\" src=\"https:\/\/etab.ac-reunion.fr\/lyc-mahatma-gandhi\/wp-content\/uploads\/sites\/76\/2014\/10\/merge.png\" alt=\"merge\" width=\"64\" height=\"64\" srcset=\"https:\/\/etab.ac-reunion.fr\/lyc-mahatma-gandhi\/wp-content\/uploads\/sites\/76\/2014\/10\/merge.png 64w, https:\/\/etab.ac-reunion.fr\/lyc-mahatma-gandhi\/wp-content\/uploads\/sites\/76\/2014\/10\/merge-25x25.png 25w\" sizes=\"auto, (max-width: 64px) 100vw, 64px\" \/> <strong>Pour vous rendre au lyc\u00e9e Gandhi :<\/strong><\/p>\n<ul>\n<li style=\"list-style-type: none\">\n<ul>\n<li style=\"list-style-type: none\">\n<ul>\n<li><strong><span style=\"color: red\">En arrivant de Saint-Denis par la \u00ab\u00a0quatre-voies\u00a0\u00bb<\/span>, au niveau de Saint-Andr\u00e9, prenez la sortie en direction de Salazie (RD48) puis continuez tout droit. Apr\u00e8s avoir pass\u00e9 deux ronds-points, le lyc\u00e9e se trouve sur votre gauche au deuxi\u00e8me rond point.<\/strong><\/li>\n<li><strong><span style=\"color: red\">En arrivant de Saint-Benoit par la \u00ab\u00a0quatre-voies\u00a0\u00bb<\/span>, sortez \u00e0 la balance puis prenez la premi\u00e8re sortie du rond point direction Salazie (RD48). Apr\u00e8s avoir passez devant la balance, vous passez sous la quatre voies puis toujours tout droit pendant environ 1,5 km. Vous allez traverser deux ronds-points. Le lyc\u00e9e se trouve sur votre gauche au deuxi\u00e8me rond-point.<\/strong><\/li>\n<\/ul>\n<\/li>\n<\/ul>\n<\/li>\n<\/ul>\n<p style=\"text-align: left\"><\/div><\/div>\n\t\t<\/div> \n\t\t<div class='et_slidecontent'>\n\t\t\t<div class='et-box et-bio'>\n\t\t\t\t\t<div class='et-box-content'><img loading=\"lazy\" decoding=\"async\" class=\"aligncenter size-full wp-image-794\" src=\"https:\/\/etab.ac-reunion.fr\/lyc-mahatma-gandhi\/wp-content\/uploads\/sites\/76\/2014\/10\/map.png\" alt=\"map\" width=\"64\" height=\"64\" srcset=\"https:\/\/etab.ac-reunion.fr\/lyc-mahatma-gandhi\/wp-content\/uploads\/sites\/76\/2014\/10\/map.png 64w, https:\/\/etab.ac-reunion.fr\/lyc-mahatma-gandhi\/wp-content\/uploads\/sites\/76\/2014\/10\/map-25x25.png 25w\" sizes=\"auto, (max-width: 64px) 100vw, 64px\" \/> \u00a0 <img loading=\"lazy\" decoding=\"async\" class=\"aligncenter size-full wp-image-696\" src=\"https:\/\/etab.ac-reunion.fr\/lyc-mahatma-gandhi\/wp-content\/uploads\/sites\/76\/2014\/10\/maplycee.jpg\" alt=\"maplycee\" width=\"852\" height=\"967\" srcset=\"https:\/\/etab.ac-reunion.fr\/lyc-mahatma-gandhi\/wp-content\/uploads\/sites\/76\/2014\/10\/maplycee.jpg 852w, https:\/\/etab.ac-reunion.fr\/lyc-mahatma-gandhi\/wp-content\/uploads\/sites\/76\/2014\/10\/maplycee-264x300.jpg 264w\" sizes=\"auto, (max-width: 852px) 100vw, 852px\" \/><\/div><\/div>\n\t\t<\/div>\n\t\t\t\t<\/div>\n\t\t\t<\/div>\n\t\t<\/div>\n\t\t\t<\/div> <!-- .et-tabs-container --><\/div>\n\t\t\t\t<\/div> <div class='one_half'>\n\t\t\t\t\t<img loading=\"lazy\" decoding=\"async\" class=\"aligncenter size-full wp-image-542\" src=\"https:\/\/etab.ac-reunion.fr\/lyc-mahatma-gandhi\/wp-content\/uploads\/sites\/76\/2014\/10\/bac.jpg\" alt=\"bac photo\" width=\"147\" height=\"116\" \/>\n\t\t\t\t<\/div> <div class='one_half et_column_last'>\n\t\t\t\t\t<img loading=\"lazy\" decoding=\"async\" class=\"aligncenter size-full wp-image-544\" src=\"https:\/\/etab.ac-reunion.fr\/lyc-mahatma-gandhi\/wp-content\/uploads\/sites\/76\/2014\/10\/bts.jpg\" alt=\"bts photo\" width=\"147\" height=\"116\" \/>\n\t\t\t\t<\/div><div class='clear'><\/div>\n<div class='one_half'>\n\t\t\t\t\t<div class='et-learn-more clearfix'>\n\t\t\t\t\t<h3 class='heading-more'>Calendrier du BAC<span class='et_learnmore_arrow'><span><\/span><\/span><\/h3>\n\t\t\t\t\t<div class='learn-more-content'><ul>\n<li style=\"list-style-type: none\">\n<ul>\n<li style=\"list-style-type: none\">\n<ul>\n<li><a href=\"https:\/\/etab.ac-reunion.fr\/lyc-mahatma-gandhi\/wp-content\/uploads\/sites\/76\/2021\/05\/Calendrier-BAC-Technologique-session-juin-2021.jpg\">Calendrier Bac technologique 2021<\/a><\/li>\n<li><a href=\"https:\/\/etab.ac-reunion.fr\/lyc-mahatma-gandhi\/wp-content\/uploads\/sites\/76\/2021\/05\/Calendrier-BAC-General-session-juin-2021.jpg\">Calendrier Bac g\u00e9n\u00e9ral 2021<\/a><\/li>\n<\/ul>\n<\/li>\n<\/ul>\n<\/li>\n<\/ul><\/div>\n\t\t\t\t<\/div>\n\t\t\t\t<\/div>\n<div class='one_half et_column_last'>\n\t\t\t\t\t<div class='et-learn-more clearfix'>\n\t\t\t\t\t<h3 class='heading-more'>Calendrier du BTS<span class='et_learnmore_arrow'><span><\/span><\/span><\/h3>\n\t\t\t\t\t<div class='learn-more-content'><ul>\n<li style=\"list-style-type: none\">\n<ul>\n<li><a href=\"https:\/\/etab.ac-reunion.fr\/lyc-mahatma-gandhi\/wp-content\/uploads\/sites\/76\/2021\/03\/Calendrier-BTS-2021.jpg\">CALENDRIER bts SESSION 2021<\/a><\/li>\n<li><a href=\"https:\/\/etab.ac-reunion.fr\/lyc-mahatma-gandhi\/wp-content\/uploads\/sites\/76\/2021\/05\/oraux-Anglais-2021-1.pdf\">Oraux Anglais bts SESSION 2021<\/a><\/li>\n<\/ul><\/div>\n\t\t\t\t<\/div>\n\t\t\t\t<\/div><div class='clear'><\/div><\/li>\n<\/ul>\n","protected":false},"excerpt":{"rendered":"","protected":false},"author":1513,"featured_media":0,"parent":0,"menu_order":0,"comment_status":"closed","ping_status":"closed","template":"page-full.php","meta":{"footnotes":""},"class_list":["post-374","page","type-page","status-publish","hentry"],"_links":{"self":[{"href":"https:\/\/etab.ac-reunion.fr\/lyc-mahatma-gandhi\/wp-json\/wp\/v2\/pages\/374","targetHints":{"allow":["GET"]}}],"collection":[{"href":"https:\/\/etab.ac-reunion.fr\/lyc-mahatma-gandhi\/wp-json\/wp\/v2\/pages"}],"about":[{"href":"https:\/\/etab.ac-reunion.fr\/lyc-mahatma-gandhi\/wp-json\/wp\/v2\/types\/page"}],"author":[{"embeddable":true,"href":"https:\/\/etab.ac-reunion.fr\/lyc-mahatma-gandhi\/wp-json\/wp\/v2\/users\/1513"}],"replies":[{"embeddable":true,"href":"https:\/\/etab.ac-reunion.fr\/lyc-mahatma-gandhi\/wp-json\/wp\/v2\/comments?post=374"}],"version-history":[{"count":155,"href":"https:\/\/etab.ac-reunion.fr\/lyc-mahatma-gandhi\/wp-json\/wp\/v2\/pages\/374\/revisions"}],"predecessor-version":[{"id":5821,"href":"https:\/\/etab.ac-reunion.fr\/lyc-mahatma-gandhi\/wp-json\/wp\/v2\/pages\/374\/revisions\/5821"}],"wp:attachment":[{"href":"https:\/\/etab.ac-reunion.fr\/lyc-mahatma-gandhi\/wp-json\/wp\/v2\/media?parent=374"}],"curies":[{"name":"wp","href":"https:\/\/api.w.org\/{rel}","templated":true}]}}