{"id":437,"date":"2014-10-10T09:10:15","date_gmt":"2014-10-10T08:10:15","guid":{"rendered":"http:\/\/lycee-mahatma-gandhi-tmp.ac-reunion.fr\/?page_id=437"},"modified":"2015-04-02T15:20:09","modified_gmt":"2015-04-02T14:20:09","slug":"cuisine-centrale","status":"publish","type":"page","link":"https:\/\/etab.ac-reunion.fr\/lyc-mahatma-gandhi\/cuisine-centrale\/","title":{"rendered":"Cuisine centrale"},"content":{"rendered":"<div class='one_third'>\n\t\t\t\t\t<div class='et-image-slider et_sliderfx_fade et_sliderauto_true et_sliderauto_speed_2000 et_slidertype_images'>\n\t\t\t<div class='et-image-slides'>\n\t\t\t\t<div class='et-tabs-content-wrapper'>\n\t\t\t\t\t<div class='et_slidecontent et-image-slide'><img loading=\"lazy\" decoding=\"async\" src=\"https:\/\/etab.ac-reunion.fr\/lyc-mahatma-gandhi\/wp-content\/uploads\/sites\/76\/2015\/02\/cuisine-centrale-001.png\" alt=\"\" width=\"900\" height=\"300\" \/><span class='et-image-overlay'> <\/span><\/div>\n\n\t\t<div class='et_slidecontent et-image-slide'><img loading=\"lazy\" decoding=\"async\" src=\"https:\/\/etab.ac-reunion.fr\/lyc-mahatma-gandhi\/wp-content\/uploads\/sites\/76\/2015\/02\/cuisine-centrale-002.png\" alt=\"\" width=\"900\" height=\"300\" \/><span class='et-image-overlay'> <\/span><\/div>\n\t\t\t\t<\/div>\n\t\t\t<\/div>\n\t\t<\/div> <!-- .et-image-slider -->\n\t\t\t\t<\/div>\n<div class='one_third'>\n\t\t\t\t\t<div class='et-image-slider et_sliderfx_fade et_sliderauto_true et_sliderauto_speed_2000 et_slidertype_images'>\n\t\t\t<div class='et-image-slides'>\n\t\t\t\t<div class='et-tabs-content-wrapper'>\n\t\t\t\t\t<div class='et_slidecontent et-image-slide'><img loading=\"lazy\" decoding=\"async\" src=\"https:\/\/etab.ac-reunion.fr\/lyc-mahatma-gandhi\/wp-content\/uploads\/sites\/76\/2015\/02\/cuisine-centrale-003.png\" alt=\"\" width=\"900\" height=\"300\" \/><span class='et-image-overlay'> <\/span><\/div>\n\n\t\t<div class='et_slidecontent et-image-slide'><img loading=\"lazy\" decoding=\"async\" src=\"https:\/\/etab.ac-reunion.fr\/lyc-mahatma-gandhi\/wp-content\/uploads\/sites\/76\/2015\/02\/cuisine-centrale-004.png\" alt=\"\" width=\"900\" height=\"300\" \/><span class='et-image-overlay'> <\/span><\/div>\n\n\t\t<div class='et_slidecontent et-image-slide'><img loading=\"lazy\" decoding=\"async\" src=\"https:\/\/etab.ac-reunion.fr\/lyc-mahatma-gandhi\/wp-content\/uploads\/sites\/76\/2015\/02\/cuisine-centrale-005.png\" alt=\"\" width=\"900\" height=\"300\" \/><span class='et-image-overlay'> <\/span><\/div>\n\t\t\t\t<\/div>\n\t\t\t<\/div>\n\t\t<\/div> <!-- .et-image-slider -->\n\t\t\t\t<\/div>\n<div class='one_third et_column_last'>\n\t\t\t\t\t<div class='et-image-slider et_sliderfx_fade et_sliderauto_true et_sliderauto_speed_2000 et_slidertype_images'>\n\t\t\t<div class='et-image-slides'>\n\t\t\t\t<div class='et-tabs-content-wrapper'>\n\t\t\t\t\t<div class='et_slidecontent et-image-slide'><img loading=\"lazy\" decoding=\"async\" src=\"https:\/\/etab.ac-reunion.fr\/lyc-mahatma-gandhi\/wp-content\/uploads\/sites\/76\/2015\/02\/cuisine-centrale-006.png\" alt=\"\" width=\"900\" height=\"300\" \/><span class='et-image-overlay'> <\/span><\/div>\n\n\t\t<div class='et_slidecontent et-image-slide'><img loading=\"lazy\" decoding=\"async\" src=\"https:\/\/etab.ac-reunion.fr\/lyc-mahatma-gandhi\/wp-content\/uploads\/sites\/76\/2015\/02\/cuisine-centrale-007.png\" alt=\"\" width=\"900\" height=\"300\" \/><span class='et-image-overlay'> <\/span><\/div>\n\t\t\t\t<\/div>\n\t\t\t<\/div>\n\t\t<\/div> <!-- .et-image-slider -->\n\t\t\t\t<\/div><div class='clear'><\/div>\n<h4>La cuisine centrale du Lyc\u00e9e Mahatma Gandhi d\u00e9livre des repas \u00e0 plusieurs \u00e9tablissements.<\/h4>\n<h4>Pour connaitre les appels d&rsquo;offre en cours de la cuisine centrale aller sur l&rsquo;onglet March\u00e9 public<\/h4>\n<p style=\"text-align: center\"><a title=\"March\u00e9 public\" href=\"https:\/\/etab.ac-reunion.fr\/lyc-mahatma-gandhi\/marche-public\/\">Cliquer March\u00e9 Public<\/a><\/p>\n<h3>Pour envoyer directement un mail, compl\u00e9ter les diff\u00e9rentes rubriques ainsi que la valeur \u00ab\u00a0Captcha\u00a0\u00bb<\/h3>\n","protected":false},"excerpt":{"rendered":"<p>La cuisine centrale du Lyc\u00e9e Mahatma Gandhi d\u00e9livre des repas \u00e0 plusieurs \u00e9tablissements. Pour connaitre les appels d&rsquo;offre en cours de la cuisine centrale aller sur l&rsquo;onglet March\u00e9 public Cliquer March\u00e9 Public Pour envoyer directement un mail, compl\u00e9ter les diff\u00e9rentes rubriques ainsi que la valeur \u00ab\u00a0Captcha\u00a0\u00bb<\/p>\n","protected":false},"author":1513,"featured_media":0,"parent":0,"menu_order":0,"comment_status":"open","ping_status":"open","template":"page-contact.php","meta":{"footnotes":""},"class_list":["post-437","page","type-page","status-publish","hentry"],"_links":{"self":[{"href":"https:\/\/etab.ac-reunion.fr\/lyc-mahatma-gandhi\/wp-json\/wp\/v2\/pages\/437","targetHints":{"allow":["GET"]}}],"collection":[{"href":"https:\/\/etab.ac-reunion.fr\/lyc-mahatma-gandhi\/wp-json\/wp\/v2\/pages"}],"about":[{"href":"https:\/\/etab.ac-reunion.fr\/lyc-mahatma-gandhi\/wp-json\/wp\/v2\/types\/page"}],"author":[{"embeddable":true,"href":"https:\/\/etab.ac-reunion.fr\/lyc-mahatma-gandhi\/wp-json\/wp\/v2\/users\/1513"}],"replies":[{"embeddable":true,"href":"https:\/\/etab.ac-reunion.fr\/lyc-mahatma-gandhi\/wp-json\/wp\/v2\/comments?post=437"}],"version-history":[{"count":40,"href":"https:\/\/etab.ac-reunion.fr\/lyc-mahatma-gandhi\/wp-json\/wp\/v2\/pages\/437\/revisions"}],"predecessor-version":[{"id":1828,"href":"https:\/\/etab.ac-reunion.fr\/lyc-mahatma-gandhi\/wp-json\/wp\/v2\/pages\/437\/revisions\/1828"}],"wp:attachment":[{"href":"https:\/\/etab.ac-reunion.fr\/lyc-mahatma-gandhi\/wp-json\/wp\/v2\/media?parent=437"}],"curies":[{"name":"wp","href":"https:\/\/api.w.org\/{rel}","templated":true}]}}