{"id":4403,"date":"2019-09-21T09:13:54","date_gmt":"2019-09-21T08:13:54","guid":{"rendered":"http:\/\/lycee-mahatma-gandhi.ac-reunion.fr\/?page_id=4403"},"modified":"2022-09-21T08:53:09","modified_gmt":"2022-09-21T07:53:09","slug":"election-des-representants-des-parents-au-conseil-dadministration","status":"publish","type":"page","link":"https:\/\/etab.ac-reunion.fr\/lyc-mahatma-gandhi\/parents\/election-des-representants-des-parents-au-conseil-dadministration\/","title":{"rendered":"Election des repr\u00e9sentants des parents au conseil d&rsquo;administration"},"content":{"rendered":"<p><strong>Dans le cadre des \u00e9lections des repr\u00e9sentants des parents d&rsquo;\u00e9l\u00e8ves au conseil d&rsquo;administration du Lyc\u00e9e Mahatma Gandhi, veuillez trouver les professions de foi des listes qui se repr\u00e9sentent.<\/strong><\/p>\n<p><\/p>\n\n\n<div data-wp-interactive=\"core\/file\" class=\"wp-block-file\"><object data-wp-bind--hidden=\"!state.hasPdfPreview\" hidden class=\"wp-block-file__embed\" data=\"https:\/\/etab.ac-reunion.fr\/lyc-mahatma-gandhi\/wp-content\/uploads\/sites\/76\/2022\/08\/calendrier-CA-Parents-2022-site-lycee.pdf\" type=\"application\/pdf\" style=\"width:100%;height:220px\" aria-label=\"Contenu embarqu\u00e9 Contenu embarqu\u00e9 calendrier CA Parents 2022..\"><\/object><a id=\"wp-block-file--media-c1b25f68-c789-43f8-abe7-1e670caa1ee5\" href=\"https:\/\/etab.ac-reunion.fr\/lyc-mahatma-gandhi\/wp-content\/uploads\/sites\/76\/2022\/08\/calendrier-CA-Parents-2022-site-lycee.pdf\">calendrier CA Parents 2022<\/a><a href=\"https:\/\/etab.ac-reunion.fr\/lyc-mahatma-gandhi\/wp-content\/uploads\/sites\/76\/2022\/08\/calendrier-CA-Parents-2022-site-lycee.pdf\" class=\"wp-block-file__button\" download aria-describedby=\"wp-block-file--media-c1b25f68-c789-43f8-abe7-1e670caa1ee5\">T\u00e9l\u00e9charger<\/a><\/div>\n\n\n\n<figure class=\"wp-block-image size-large\"><img loading=\"lazy\" decoding=\"async\" width=\"1024\" height=\"575\" src=\"https:\/\/etab.ac-reunion.fr\/lyc-mahatma-gandhi\/wp-content\/uploads\/sites\/76\/2021\/09\/election-parents-au-CA-1024x575.jpg\" alt=\"\" class=\"wp-image-5491\" srcset=\"https:\/\/etab.ac-reunion.fr\/lyc-mahatma-gandhi\/wp-content\/uploads\/sites\/76\/2021\/09\/election-parents-au-CA-1024x575.jpg 1024w, https:\/\/etab.ac-reunion.fr\/lyc-mahatma-gandhi\/wp-content\/uploads\/sites\/76\/2021\/09\/election-parents-au-CA-300x168.jpg 300w, https:\/\/etab.ac-reunion.fr\/lyc-mahatma-gandhi\/wp-content\/uploads\/sites\/76\/2021\/09\/election-parents-au-CA-768x431.jpg 768w, https:\/\/etab.ac-reunion.fr\/lyc-mahatma-gandhi\/wp-content\/uploads\/sites\/76\/2021\/09\/election-parents-au-CA-95x54.jpg 95w, https:\/\/etab.ac-reunion.fr\/lyc-mahatma-gandhi\/wp-content\/uploads\/sites\/76\/2021\/09\/election-parents-au-CA.jpg 1140w\" sizes=\"auto, (max-width: 1024px) 100vw, 1024px\" \/><\/figure>\n\n\n\n<div class=\"wp-block-file\"><a id=\"wp-block-file--media-e0a6f19e-c5b0-4bca-8e36-0d632ae2f551\" href=\"https:\/\/etab.ac-reunion.fr\/lyc-mahatma-gandhi\/wp-content\/uploads\/sites\/76\/2021\/09\/propagande-FRAPE.pdf\">Profession de foi liste FRAPE<\/a><a href=\"https:\/\/etab.ac-reunion.fr\/lyc-mahatma-gandhi\/wp-content\/uploads\/sites\/76\/2021\/09\/propagande-FRAPE.pdf\" class=\"wp-block-file__button\" download aria-describedby=\"wp-block-file--media-e0a6f19e-c5b0-4bca-8e36-0d632ae2f551\">T\u00e9l\u00e9charger<\/a><\/div>\n\n\n\n<div class=\"wp-block-file\"><a id=\"wp-block-file--media-e0a6f19e-c5b0-4bca-8e36-0d632ae2f551\" href=\"https:\/\/etab.ac-reunion.fr\/lyc-mahatma-gandhi\/wp-content\/uploads\/sites\/76\/2022\/09\/Liste-FRAPPE.pdf\">Liste FRAPE<\/a><a href=\"https:\/\/etab.ac-reunion.fr\/lyc-mahatma-gandhi\/wp-content\/uploads\/sites\/76\/2022\/09\/Liste-FRAPPE.pdf\" class=\"wp-block-file__button\" download aria-describedby=\"wp-block-file--media-e0a6f19e-c5b0-4bca-8e36-0d632ae2f551\">T\u00e9l\u00e9charger<\/a><\/div>\n\n\n\n<div class=\"wp-block-file\"><a id=\"wp-block-file--media-f2d4ad67-bf3d-415b-b30c-55af0da2a231\" href=\"https:\/\/etab.ac-reunion.fr\/lyc-mahatma-gandhi\/wp-content\/uploads\/sites\/76\/2022\/09\/Profession-de-foi-FCPE-2022.pdf\">Profession de foi liste FCPE<\/a><a href=\"https:\/\/etab.ac-reunion.fr\/lyc-mahatma-gandhi\/wp-content\/uploads\/sites\/76\/2022\/09\/Profession-de-foi-FCPE-2022.pdf\" class=\"wp-block-file__button\" download aria-describedby=\"wp-block-file--media-f2d4ad67-bf3d-415b-b30c-55af0da2a231\">T\u00e9l\u00e9charger<\/a><\/div>\n\n\n\n<div class=\"wp-block-file\"><a id=\"wp-block-file--media-f2d4ad67-bf3d-415b-b30c-55af0da2a231\" href=\"https:\/\/etab.ac-reunion.fr\/lyc-mahatma-gandhi\/wp-content\/uploads\/sites\/76\/2022\/09\/Liste-FCPE.pdf\">Liste FCPE<\/a><a href=\"https:\/\/etab.ac-reunion.fr\/lyc-mahatma-gandhi\/wp-content\/uploads\/sites\/76\/2022\/09\/Liste-FCPE.pdf\" class=\"wp-block-file__button\" download aria-describedby=\"wp-block-file--media-f2d4ad67-bf3d-415b-b30c-55af0da2a231\">T\u00e9l\u00e9charger<\/a><\/div>\n","protected":false},"excerpt":{"rendered":"<p>Dans le cadre des \u00e9lections des repr\u00e9sentants des parents d&rsquo;\u00e9l\u00e8ves au conseil d&rsquo;administration du Lyc\u00e9e Mahatma Gandhi, veuillez trouver les professions de foi des listes qui se repr\u00e9sentent.<\/p>\n","protected":false},"author":1513,"featured_media":0,"parent":194,"menu_order":0,"comment_status":"closed","ping_status":"closed","template":"page-full.php","meta":{"footnotes":""},"class_list":["post-4403","page","type-page","status-publish","hentry"],"_links":{"self":[{"href":"https:\/\/etab.ac-reunion.fr\/lyc-mahatma-gandhi\/wp-json\/wp\/v2\/pages\/4403","targetHints":{"allow":["GET"]}}],"collection":[{"href":"https:\/\/etab.ac-reunion.fr\/lyc-mahatma-gandhi\/wp-json\/wp\/v2\/pages"}],"about":[{"href":"https:\/\/etab.ac-reunion.fr\/lyc-mahatma-gandhi\/wp-json\/wp\/v2\/types\/page"}],"author":[{"embeddable":true,"href":"https:\/\/etab.ac-reunion.fr\/lyc-mahatma-gandhi\/wp-json\/wp\/v2\/users\/1513"}],"replies":[{"embeddable":true,"href":"https:\/\/etab.ac-reunion.fr\/lyc-mahatma-gandhi\/wp-json\/wp\/v2\/comments?post=4403"}],"version-history":[{"count":22,"href":"https:\/\/etab.ac-reunion.fr\/lyc-mahatma-gandhi\/wp-json\/wp\/v2\/pages\/4403\/revisions"}],"predecessor-version":[{"id":5958,"href":"https:\/\/etab.ac-reunion.fr\/lyc-mahatma-gandhi\/wp-json\/wp\/v2\/pages\/4403\/revisions\/5958"}],"up":[{"embeddable":true,"href":"https:\/\/etab.ac-reunion.fr\/lyc-mahatma-gandhi\/wp-json\/wp\/v2\/pages\/194"}],"wp:attachment":[{"href":"https:\/\/etab.ac-reunion.fr\/lyc-mahatma-gandhi\/wp-json\/wp\/v2\/media?parent=4403"}],"curies":[{"name":"wp","href":"https:\/\/api.w.org\/{rel}","templated":true}]}}