{"id":879,"date":"2014-10-17T19:12:09","date_gmt":"2014-10-17T18:12:09","guid":{"rendered":"http:\/\/lycee-mahatma-gandhi-tmp.ac-reunion.fr\/?page_id=879"},"modified":"2025-11-01T09:05:00","modified_gmt":"2025-11-01T08:05:00","slug":"danse","status":"publish","type":"page","link":"https:\/\/etab.ac-reunion.fr\/lyc-mahatma-gandhi\/danse\/","title":{"rendered":"Option Danse"},"content":{"rendered":"<div class='one_third'>\n\t\t\t\t\t<span style=\"color: white\">a<\/span>\n<img loading=\"lazy\" decoding=\"async\" class=\"aligncenter size-full wp-image-1331\" src=\"https:\/\/etab.ac-reunion.fr\/lyc-mahatma-gandhi\/wp-content\/uploads\/sites\/76\/2014\/11\/images-danse1bis.png\" alt=\"images danse1bis\" width=\"137\" height=\"132\" srcset=\"https:\/\/etab.ac-reunion.fr\/lyc-mahatma-gandhi\/wp-content\/uploads\/sites\/76\/2014\/11\/images-danse1bis.png 137w, https:\/\/etab.ac-reunion.fr\/lyc-mahatma-gandhi\/wp-content\/uploads\/sites\/76\/2014\/11\/images-danse1bis-25x25.png 25w\" sizes=\"auto, (max-width: 137px) 100vw, 137px\" \/>\n\t\t\t\t<\/div>\n<div class='one_third'>\n\t\t\t\t\t<div class='et-image-slider et_sliderfx_fade et_sliderauto_true et_sliderauto_speed_2000 et_slidertype_images'>\n\t\t\t<div class='et-image-slides'>\n\t\t\t\t<div class='et-tabs-content-wrapper'>\n\t\t\t\t\t<div class='et_slidecontent et-image-slide'><img decoding=\"async\" src=\"https:\/\/etab.ac-reunion.fr\/lyc-mahatma-gandhi\/wp-content\/uploads\/sites\/76\/et_temp\/spectacle-salle-G-300x225-20329_x.jpg\" alt=\"\" width=\"\" height=\"\" \/><span class='et-image-overlay'> <\/span><\/div>\n\n\t\t<div class='et_slidecontent et-image-slide'><img decoding=\"async\" src=\"https:\/\/etab.ac-reunion.fr\/lyc-mahatma-gandhi\/wp-content\/uploads\/sites\/76\/et_temp\/Thomas-Lebrun-atelier-avec-les-secondes-300x225-20749_x.jpg\" alt=\"\" width=\"\" height=\"\" \/><span class='et-image-overlay'> <\/span><\/div>\n\n\t\t<div class='et_slidecontent et-image-slide'><img decoding=\"async\" src=\"https:\/\/etab.ac-reunion.fr\/lyc-mahatma-gandhi\/wp-content\/uploads\/sites\/76\/et_temp\/Edith-Ch\u00e2teau-avec-les-terminales-300x225-14676_x.jpg\" alt=\"\" width=\"\" height=\"\" \/><span class='et-image-overlay'> <\/span><\/div>\n\n\t\t<div class='et_slidecontent et-image-slide'><img decoding=\"async\" src=\"https:\/\/etab.ac-reunion.fr\/lyc-mahatma-gandhi\/wp-content\/uploads\/sites\/76\/et_temp\/Alioune-Diagne-avec-options-300x225-21545_x.jpg\" alt=\"\" width=\"\" height=\"\" \/><span class='et-image-overlay'> <\/span><\/div>\n\n\t\t<div class='et_slidecontent et-image-slide'><img decoding=\"async\" src=\"https:\/\/etab.ac-reunion.fr\/lyc-mahatma-gandhi\/wp-content\/uploads\/sites\/76\/et_temp\/Anthony-compnie-Artefakt-300x225-17630_x.jpg\" alt=\"\" width=\"\" height=\"\" \/><span class='et-image-overlay'> <\/span><\/div>\n\n\t\t<div class='et_slidecontent et-image-slide'><img decoding=\"async\" src=\"https:\/\/etab.ac-reunion.fr\/lyc-mahatma-gandhi\/wp-content\/uploads\/sites\/76\/et_temp\/Julien-Touati-avec-les-secondes-300x225-15509_x.jpg\" alt=\"\" width=\"\" height=\"\" \/><span class='et-image-overlay'> <\/span><\/div>\n\n\t\t<div class='et_slidecontent et-image-slide'><img decoding=\"async\" src=\"https:\/\/etab.ac-reunion.fr\/lyc-mahatma-gandhi\/wp-content\/uploads\/sites\/76\/et_temp\/Pakret-avec-V-300x225-21025_x.jpg\" alt=\"\" width=\"\" height=\"\" \/><span class='et-image-overlay'> <\/span><\/div>\n\t\t\t\t<\/div>\n\t\t\t<\/div>\n\t\t<\/div> <!-- .et-image-slider -->\n\t\t\t\t<\/div>\n<div class='one_third et_column_last'>\n\t\t\t\t\t<span style=\"color: white\">a<\/span>\n<img loading=\"lazy\" decoding=\"async\" class=\"aligncenter size-full wp-image-1333\" src=\"https:\/\/etab.ac-reunion.fr\/lyc-mahatma-gandhi\/wp-content\/uploads\/sites\/76\/2014\/11\/images-danse-2.png\" alt=\"images danse 2\" width=\"133\" height=\"95\" \/>\n\t\t\t\t<\/div><div class='clear'><\/div>\n<div class='et-box et-bio'>\n\t\t\t\t\t<div class='et-box-content'><strong>Le lyc\u00e9e Mahatma Gandhi propose \u00e0 ses \u00e9l\u00e8ves de Seconde, de Premi\u00e8re et de Terminale un enseignement artistique en danse en compl\u00e9ment des mati\u00e8res obligatoires.<\/strong>\n<div class='et-learn-more clearfix'>\n\t\t\t\t\t<h3 class='heading-more'>Suite des informations<span class='et_learnmore_arrow'><span><\/span><\/span><\/h3>\n\t\t\t\t\t<div class='learn-more-content'><strong>L\u2019enseignement est assur\u00e9 par une enseignante d\u2019E.P.S du lyc\u00e9e \u00e0 raison de 3 heures hebdomadaires en plus de l\u2019horaire obligatoire de l\u2019E.P.S.<\/strong>\n<strong>Cet enseignement s\u2019enrichit d\u2019un partenariat avec la salle G. Alphonsine \u00e0 St Andr\u00e9 (centre d\u2019intervention culturelle) et avec le Collectif Al\u00e9AAA qui pourront permettre l\u2019intervention d\u2019artistes professionnels, des sorties obligatoires (spectacles des arts vivants) et autres actions de sensibilisation au milieu artistique.<\/strong>\n<strong>OBJECTIFS :<\/strong><\/p>\n<ul>\n<li>Favoriser l\u2019acquisition d\u2019une m\u00e9thodologie de Travail autour de l&rsquo;\u00e9tude des fondamentaux de la danse<\/li>\n<li>Conduire les \u00e9l\u00e8ves \u00e0 d\u00e9velopper leur Imaginaire, \u00e0 mettre en \u0153uvre leur cr\u00e9ativit\u00e9 Et leur autonomie par la pratique artistique et culturelle et la R\u00e9flexion qui s\u2019y rattache.<\/li>\n<li>Apprendre \u00e0 s&rsquo;engager collectivement dans une d\u00e9marche artistique sollicitant une r\u00e9flexion du monde actuel.<\/li>\n<\/ul>\n<h2 style=\"text-align: center\"><strong>Trois ann\u00e9es de formation dans l\u2019option Art-Danse doivent permettre aux \u00e9l\u00e8ves \u00ab de pr\u00e9senter au baccalaur\u00e9at une production originale en coh\u00e9rence avec les exigences des textes officiels r\u00e9gissant cette \u00e9preuve.<\/strong><\/div>\n\t\t\t\t<\/div>\n<img loading=\"lazy\" decoding=\"async\" class=\"aligncenter size-full wp-image-1277\" src=\"https:\/\/etab.ac-reunion.fr\/lyc-mahatma-gandhi\/wp-content\/uploads\/sites\/76\/2014\/11\/danse.jpg\" alt=\"danse\" width=\"120\" height=\"90\" \/><a href=\"https:\/\/etab.ac-reunion.fr\/lyc-mahatma-gandhi\/wp-content\/uploads\/sites\/76\/2021\/10\/Pre\u0301sentation-OPTION-ART-\u2013-DANSE.pdf\" target=\"_blank\" rel=\"noopener\">flyer sur l&rsquo;option danse<\/a><\/h2>\n<p><a href=\"https:\/\/etab.ac-reunion.fr\/lyc-mahatma-gandhi\/wp-content\/uploads\/sites\/76\/2021\/10\/Presentation-OPTION-ART-DANSE.jpg\"><img loading=\"lazy\" decoding=\"async\" class=\"aligncenter wp-image-5537 size-full\" src=\"https:\/\/etab.ac-reunion.fr\/lyc-mahatma-gandhi\/wp-content\/uploads\/sites\/76\/2021\/10\/Presentation-OPTION-ART-DANSE.jpg\" alt=\"Flyer option Danse\" width=\"724\" height=\"1024\" srcset=\"https:\/\/etab.ac-reunion.fr\/lyc-mahatma-gandhi\/wp-content\/uploads\/sites\/76\/2021\/10\/Presentation-OPTION-ART-DANSE.jpg 724w, https:\/\/etab.ac-reunion.fr\/lyc-mahatma-gandhi\/wp-content\/uploads\/sites\/76\/2021\/10\/Presentation-OPTION-ART-DANSE-212x300.jpg 212w\" sizes=\"auto, (max-width: 724px) 100vw, 724px\" \/><\/a><\/p><\/div><\/div>\n<p>&nbsp;<\/p>\n<p>&nbsp;<\/p>\n","protected":false},"excerpt":{"rendered":"<p>&nbsp; &nbsp;<\/p>\n","protected":false},"author":1513,"featured_media":0,"parent":0,"menu_order":0,"comment_status":"closed","ping_status":"closed","template":"page-blog.php","meta":{"footnotes":""},"class_list":["post-879","page","type-page","status-publish","hentry"],"_links":{"self":[{"href":"https:\/\/etab.ac-reunion.fr\/lyc-mahatma-gandhi\/wp-json\/wp\/v2\/pages\/879","targetHints":{"allow":["GET"]}}],"collection":[{"href":"https:\/\/etab.ac-reunion.fr\/lyc-mahatma-gandhi\/wp-json\/wp\/v2\/pages"}],"about":[{"href":"https:\/\/etab.ac-reunion.fr\/lyc-mahatma-gandhi\/wp-json\/wp\/v2\/types\/page"}],"author":[{"embeddable":true,"href":"https:\/\/etab.ac-reunion.fr\/lyc-mahatma-gandhi\/wp-json\/wp\/v2\/users\/1513"}],"replies":[{"embeddable":true,"href":"https:\/\/etab.ac-reunion.fr\/lyc-mahatma-gandhi\/wp-json\/wp\/v2\/comments?post=879"}],"version-history":[{"count":75,"href":"https:\/\/etab.ac-reunion.fr\/lyc-mahatma-gandhi\/wp-json\/wp\/v2\/pages\/879\/revisions"}],"predecessor-version":[{"id":6866,"href":"https:\/\/etab.ac-reunion.fr\/lyc-mahatma-gandhi\/wp-json\/wp\/v2\/pages\/879\/revisions\/6866"}],"wp:attachment":[{"href":"https:\/\/etab.ac-reunion.fr\/lyc-mahatma-gandhi\/wp-json\/wp\/v2\/media?parent=879"}],"curies":[{"name":"wp","href":"https:\/\/api.w.org\/{rel}","templated":true}]}}