{"id":999,"date":"2019-08-13T04:53:18","date_gmt":"2019-08-13T03:53:18","guid":{"rendered":"http:\/\/lycee-mahatma-gandhi-tmp.ac-reunion.fr\/?page_id=999"},"modified":"2019-09-27T05:50:48","modified_gmt":"2019-09-27T04:50:48","slug":"mentions-legales","status":"publish","type":"page","link":"https:\/\/etab.ac-reunion.fr\/lyc-mahatma-gandhi\/mentions-legales\/","title":{"rendered":"Mentions L\u00e9gales"},"content":{"rendered":"<h1 class=\"title\">relatives\u00a0au site<\/h1>\n<h1 class=\"title\">du Lyc\u00e9e Mahatma Gandhi de Saint Andr\u00e9<\/h1>\n<ul>\n<li><strong>\u00c9diteur:<\/strong><\/li>\n<\/ul>\n<p>Lyc\u00e9e Mahatma Gandhi de l\u2019Acad\u00e9mie de La R\u00e9union<\/p>\n<p>adresse: Lyc\u00e9e de Mahatma Gandhi\u00a0 \u2013 BP 507 \u2013 97440 Saint Andr\u00e9<\/p>\n<ul>\n<li>\u00a0<strong>Directeur de la publication et responsable de la r\u00e9daction:<\/strong><\/li>\n<\/ul>\n<p>M. CUNNY Pierre, Chef d\u2019\u00e9tablissement .<\/p>\n<ul>\n<li>\u00a0<strong>Conception et r\u00e9alisation:<\/strong><\/li>\n<\/ul>\n<p>Jo\u00ebl Goasguen webmestre du site et professeur de math\u00e9matiques.<\/p>\n<ul>\n<li>\u00a0<strong>Fournisseur de l\u2019h\u00e9bergement:<\/strong><\/li>\n<\/ul>\n<p>Rectorat de l\u2019Acad\u00e9mie de La R\u00e9union<\/p>\n<p>Secr\u00e9tariat g\u00e9n\u00e9ral \u2013 Service Communication<\/p>\n<p>24, Avenue Georges Brassens \u2013 97702 \u2013 St-Denis \u2013 Messag Cedex 9<\/p>\n","protected":false},"excerpt":{"rendered":"<p>relatives\u00a0au site du Lyc\u00e9e Mahatma Gandhi de Saint Andr\u00e9 \u00c9diteur: Lyc\u00e9e Mahatma Gandhi de l\u2019Acad\u00e9mie de La R\u00e9union adresse: Lyc\u00e9e de Mahatma Gandhi\u00a0 \u2013 BP 507 \u2013 97440 Saint Andr\u00e9 \u00a0Directeur de la publication et responsable de la r\u00e9daction: M. CUNNY Pierre, Chef d\u2019\u00e9tablissement . \u00a0Conception et r\u00e9alisation: Jo\u00ebl Goasguen webmestre du site et professeur [&hellip;]<\/p>\n","protected":false},"author":1513,"featured_media":0,"parent":0,"menu_order":0,"comment_status":"open","ping_status":"open","template":"page-full.php","meta":{"footnotes":""},"class_list":["post-999","page","type-page","status-publish","hentry"],"_links":{"self":[{"href":"https:\/\/etab.ac-reunion.fr\/lyc-mahatma-gandhi\/wp-json\/wp\/v2\/pages\/999","targetHints":{"allow":["GET"]}}],"collection":[{"href":"https:\/\/etab.ac-reunion.fr\/lyc-mahatma-gandhi\/wp-json\/wp\/v2\/pages"}],"about":[{"href":"https:\/\/etab.ac-reunion.fr\/lyc-mahatma-gandhi\/wp-json\/wp\/v2\/types\/page"}],"author":[{"embeddable":true,"href":"https:\/\/etab.ac-reunion.fr\/lyc-mahatma-gandhi\/wp-json\/wp\/v2\/users\/1513"}],"replies":[{"embeddable":true,"href":"https:\/\/etab.ac-reunion.fr\/lyc-mahatma-gandhi\/wp-json\/wp\/v2\/comments?post=999"}],"version-history":[{"count":8,"href":"https:\/\/etab.ac-reunion.fr\/lyc-mahatma-gandhi\/wp-json\/wp\/v2\/pages\/999\/revisions"}],"predecessor-version":[{"id":4413,"href":"https:\/\/etab.ac-reunion.fr\/lyc-mahatma-gandhi\/wp-json\/wp\/v2\/pages\/999\/revisions\/4413"}],"wp:attachment":[{"href":"https:\/\/etab.ac-reunion.fr\/lyc-mahatma-gandhi\/wp-json\/wp\/v2\/media?parent=999"}],"curies":[{"name":"wp","href":"https:\/\/api.w.org\/{rel}","templated":true}]}}