{"id":10179,"date":"2021-08-15T23:14:27","date_gmt":"2021-08-15T19:14:27","guid":{"rendered":"http:\/\/lycee-marie-curie.ac-reunion.fr\/?page_id=10179"},"modified":"2023-11-22T21:20:39","modified_gmt":"2023-11-22T17:20:39","slug":"bts-economie-sociale-familiale","status":"publish","type":"page","link":"https:\/\/etab.ac-reunion.fr\/lyc-marie-curie\/page-daccueil-dvi-2-2\/pedagogie\/bts-economie-sociale-familiale\/","title":{"rendered":"BTS \u00c9conomie Sociale Familiale"},"content":{"rendered":"[et_pb_section fb_built=\u00a0\u00bb1&Prime; specialty=\u00a0\u00bbon\u00a0\u00bb admin_label=\u00a0\u00bbSection\u00a0\u00bb _builder_version=\u00a0\u00bb4.16&Prime; inner_max_width=\u00a0\u00bb90%\u00a0\u00bb custom_margin=\u00a0\u00bb||-79px|||\u00a0\u00bb custom_padding=\u00a0\u00bb54px|0|60px|0px|false|false\u00a0\u00bb use_custom_width=\u00a0\u00bbon\u00a0\u00bb width_unit=\u00a0\u00bboff\u00a0\u00bb custom_width_percent=\u00a0\u00bb90%\u00a0\u00bb global_colors_info=\u00a0\u00bb{}\u00a0\u00bb][et_pb_column type=\u00a0\u00bb1_4&Prime; _builder_version=\u00a0\u00bb4.16&Prime; custom_padding=\u00a0\u00bb|||\u00a0\u00bb global_colors_info=\u00a0\u00bb{}\u00a0\u00bb custom_padding__hover=\u00a0\u00bb|||\u00a0\u00bb][et_pb_blurb title=\u00a0\u00bbBTS \u00c9conomie Sociale Familiale\u00a0\u00bb _builder_version=\u00a0\u00bb4.16&Prime; _module_preset=\u00a0\u00bbdefault\u00a0\u00bb background_color=\u00a0\u00bbrgba(138,98,171,0.71)\u00a0\u00bb custom_margin=\u00a0\u00bb|||20px|false|false\u00a0\u00bb custom_padding=\u00a0\u00bb14px|20px|14px|20px|false|false\u00a0\u00bb border_radii=\u00a0\u00bbon|10px|10px|10px|10px\u00a0\u00bb text_shadow_style=\u00a0\u00bbpreset2&Prime; global_colors_info=\u00a0\u00bb{}\u00a0\u00bb][\/et_pb_blurb][\/et_pb_column][et_pb_column type=\u00a0\u00bb1_2&Prime; specialty_columns=\u00a0\u00bb2&Prime; _builder_version=\u00a0\u00bb4.16&Prime; custom_padding=\u00a0\u00bb|||\u00a0\u00bb global_colors_info=\u00a0\u00bb{}\u00a0\u00bb custom_padding__hover=\u00a0\u00bb|||\u00a0\u00bb][et_pb_row_inner _builder_version=\u00a0\u00bb4.16&Prime; custom_padding=\u00a0\u00bb35.0781px|0px|0|0px|false|false\u00a0\u00bb global_colors_info=\u00a0\u00bb{}\u00a0\u00bb][et_pb_column_inner saved_specialty_column_type=\u00a0\u00bb1_2&Prime; _builder_version=\u00a0\u00bb4.16&Prime; custom_padding=\u00a0\u00bb|||\u00a0\u00bb global_colors_info=\u00a0\u00bb{}\u00a0\u00bb custom_padding__hover=\u00a0\u00bb|||\u00a0\u00bb][et_pb_tabs active_tab_background_color=\u00a0\u00bb#2b76df\u00a0\u00bb inactive_tab_background_color=\u00a0\u00bb#3a5063&Prime; _builder_version=\u00a0\u00bb4.16&Prime; tab_text_color=\u00a0\u00bb#ffffff\u00a0\u00bb body_font=\u00a0\u00bbRubik||||||||\u00a0\u00bb body_line_height=\u00a0\u00bb2em\u00a0\u00bb tab_font=\u00a0\u00bb|700|||||||\u00a0\u00bb tab_font_size=\u00a0\u00bb14px\u00a0\u00bb tab_line_height=\u00a0\u00bb2em\u00a0\u00bb background_color=\u00a0\u00bbrgba(0,0,0,0.04)\u00a0\u00bb max_width_last_edited=\u00a0\u00bboff|desktop\u00a0\u00bb module_alignment=\u00a0\u00bbright\u00a0\u00bb custom_margin=\u00a0\u00bb|||\u00a0\u00bb custom_margin_last_edited=\u00a0\u00bboff|desktop\u00a0\u00bb custom_padding=\u00a0\u00bb|||\u00a0\u00bb animation_style=\u00a0\u00bbzoom\u00a0\u00bb animation_intensity_zoom=\u00a0\u00bb10%\u00a0\u00bb border_radii=\u00a0\u00bbon|10px|10px|10px|10px\u00a0\u00bb border_width_all=\u00a0\u00bb0px\u00a0\u00bb border_color_all=\u00a0\u00bb#ffffff\u00a0\u00bb locked=\u00a0\u00bboff\u00a0\u00bb global_colors_info=\u00a0\u00bb{}\u00a0\u00bb][et_pb_tab title=\u00a0\u00bbQui peut postuler ?\u00a0\u00bb _builder_version=\u00a0\u00bb4.16&Prime; tab_font=\u00a0\u00bb|700|||||||\u00a0\u00bb tab_letter_spacing=\u00a0\u00bb0px\u00a0\u00bb global_colors_info=\u00a0\u00bb{}\u00a0\u00bb]\n<ul>\n<li>Etre titulaire du baccalaur\u00e9at ou autre dipl\u00f4me \u00e9quivalent,<\/li>\n<li>Postuler sur le site d\u2019admission post bac : recrutement par l\u2019interm\u00e9diaire d\u2019une commission qui\u00a0 \u00e9tudie le dossier de candidature.<\/li>\n<\/ul>\n<p>Effectif de 18 \u00e9tudiants.<\/p>\n[\/et_pb_tab][et_pb_tab title=\u00a0\u00bbLes qualit\u00e9s\u00a0\u00bb _builder_version=\u00a0\u00bb4.16&Prime; tab_line_height=\u00a0\u00bb1em\u00a0\u00bb background_size=\u00a0\u00bbinitial\u00a0\u00bb background_position=\u00a0\u00bbtop_left\u00a0\u00bb background_repeat=\u00a0\u00bbrepeat\u00a0\u00bb global_colors_info=\u00a0\u00bb{}\u00a0\u00bb]\n<ul>\n<li>Dynamisme, travailler en groupe<\/li>\n<li>Rigueur, motivation, esprit d\u2019analyse<\/li>\n<li>Curiosit\u00e9, initiative, autonomie<\/li>\n<li>Cr\u00e9ativit\u00e9, sens de l\u2019organisation, habilet\u00e9 manuelle<\/li>\n<\/ul>\n[\/et_pb_tab][et_pb_tab title=\u00a0\u00bbLes stages\u00a0\u00bb _builder_version=\u00a0\u00bb4.16&Prime; _module_preset=\u00a0\u00bbdefault\u00a0\u00bb global_colors_info=\u00a0\u00bb{}\u00a0\u00bb]\n<p>Les objectifs de stage sont :<\/p>\n<ul>\n<li>Appr\u00e9hender la r\u00e9alit\u00e9 et diversit\u00e9 du milieu professionnel<\/li>\n<li>Observer et analyser des situations professionnelles<\/li>\n<li>Mettre en oeuvre les comp\u00e9tences<\/li>\n<li>Approfondir et compl\u00e9ter les connaissances et les techniques<\/li>\n<li>Participer a l\u2019organisation de la vie quotidienne d\u2019un \u00e9tablissement<\/li>\n<li>Evaluer les actions mises en place \u2026<\/li>\n<\/ul>\n<p>Dur\u00e9e des stages : 13 semaines r\u00e9parties sur 2 ann\u00e9es dans les structures appropri\u00e9es.<\/p>\n[\/et_pb_tab][et_pb_tab title=\u00a0\u00bbModules d&rsquo;enseignements\u00a0\u00bb _builder_version=\u00a0\u00bb4.16&Prime; _module_preset=\u00a0\u00bbdefault\u00a0\u00bb global_colors_info=\u00a0\u00bb{}\u00a0\u00bb]\n<ul>\n<li><strong>MODULE 1<\/strong> : EXPERTISE ET CONSEIL TECHNOLOGIQUES\n<\/li>\n<li><strong>MODULE 2<\/strong> : ANIMATION FORMATION<\/li>\n<li><strong>MODULE 3<\/strong> : COMMUNICATION PROFESSIONNELLE<\/li>\n<li><strong>MODULE 4<\/strong> : TRAVAIL EN PARTENARIAT INSTITUTIONNEL ET INTER INSTITUTIONNEL\n<\/li>\n<li><strong>MODULE 5<\/strong> : GESTION DE LA VIE QUOTIDIENNE DANS UN SERVICE OU DANS UN\u00a0 ETABLISSEMENT<\/li>\n<\/ul>\n[\/et_pb_tab][\/et_pb_tabs][et_pb_tabs active_tab_background_color=\u00a0\u00bb#2b76df\u00a0\u00bb inactive_tab_background_color=\u00a0\u00bb#3a5063&Prime; _builder_version=\u00a0\u00bb4.16&Prime; tab_text_color=\u00a0\u00bb#ffffff\u00a0\u00bb body_font=\u00a0\u00bbRubik||||||||\u00a0\u00bb body_line_height=\u00a0\u00bb2em\u00a0\u00bb tab_font=\u00a0\u00bb|700|||||||\u00a0\u00bb tab_font_size=\u00a0\u00bb14px\u00a0\u00bb tab_line_height=\u00a0\u00bb2em\u00a0\u00bb background_color=\u00a0\u00bbrgba(0,0,0,0.04)\u00a0\u00bb max_width_last_edited=\u00a0\u00bboff|desktop\u00a0\u00bb module_alignment=\u00a0\u00bbright\u00a0\u00bb custom_margin=\u00a0\u00bb|||\u00a0\u00bb custom_margin_last_edited=\u00a0\u00bboff|desktop\u00a0\u00bb custom_padding=\u00a0\u00bb|||\u00a0\u00bb animation_style=\u00a0\u00bbzoom\u00a0\u00bb animation_intensity_zoom=\u00a0\u00bb10%\u00a0\u00bb border_radii=\u00a0\u00bbon|10px|10px|10px|10px\u00a0\u00bb border_width_all=\u00a0\u00bb0px\u00a0\u00bb border_color_all=\u00a0\u00bb#ffffff\u00a0\u00bb locked=\u00a0\u00bboff\u00a0\u00bb global_colors_info=\u00a0\u00bb{}\u00a0\u00bb][et_pb_tab title=\u00a0\u00bbApr\u00e8s le BTS\u00a0\u00bb _builder_version=\u00a0\u00bb4.16&Prime; _module_preset=\u00a0\u00bbdefault\u00a0\u00bb global_colors_info=\u00a0\u00bb{}\u00a0\u00bb]\n<p>Apr\u00e8s l\u2019obtention du BTS, il est possible de continuer la formation par une ann\u00e9e de pr\u00e9paration au Dipl\u00f4me de Conseiller en ESF \u00e0 l\u2019IRTS de St-Benoit, le CNED ou en M\u00e9tropole.<br \/>Cependant, d\u2019autres poursuites d\u2019\u00e9tudes sont \u00e9galement envisageables :<\/p>\n<ul>\n<li>Licence et ma\u00eetrise sanitaire et sociale<\/li>\n<li>Licence professionnelle m\u00e9tiers de l\u2019insertion et de l\u2019accompagnement social<\/li>\n<li>Assistant gestionnaire de structure d\u2019accueil&#8230;<\/li>\n<li>Assistant technique de l\u2019habitat\u2026<\/li>\n<\/ul>\n<p>D\u2019autre part, toutes les licences sont envisageables avec un dipl\u00f4me de niveau BAC+2.<\/p>\n[\/et_pb_tab][et_pb_tab title=\u00a0\u00bbLe technicien ESF\u00a0\u00bb _builder_version=\u00a0\u00bb4.16&Prime; global_colors_info=\u00a0\u00bb{}\u00a0\u00bb]\n<p>Le titulaire du BTS ESF participe \u00e0 la r\u00e9alisation de missions li\u00e9es \u00e0 son expertise dans les domaines de\u00a0 la vie quotidienne :<\/p>\n<ul>\n<li>Alimentation sant\u00e9<\/li>\n<li>Budget<\/li>\n<li>Consommation<\/li>\n<li>Environnement, \u00e9nergie<\/li>\n<li>Habitat, logement<\/li>\n<\/ul>\n<p>aupr\u00e8s de publics vari\u00e9s, de tous \u00e2ges, en difficult\u00e9s sociales ou non.<\/p>\n[\/et_pb_tab][et_pb_tab title=\u00a0\u00bbO\u00f9 travailler\u00a0\u00bb _builder_version=\u00a0\u00bb4.16&Prime; _module_preset=\u00a0\u00bbdefault\u00a0\u00bb global_colors_info=\u00a0\u00bb{}\u00a0\u00bb]\n<ul>\n<li>Collectivit\u00e9s territoriales, CCAS, centre sociaux &#8230;<\/li>\n<li>Associations de consommateurs, associations familiales &#8230;<\/li>\n<li>Structures d\u2019insertion par l\u2019activit\u00e9 \u00e9conomique<\/li>\n<li>Services de pr\u00e9vention de sant\u00e9<\/li>\n<li>Bailleurs sociaux, Structures d\u2019h\u00e9bergement &#8230;<\/li>\n<\/ul>\n[\/et_pb_tab][\/et_pb_tabs][\/et_pb_column_inner][\/et_pb_row_inner][\/et_pb_column][et_pb_column type=\u00a0\u00bb1_4&Prime; _builder_version=\u00a0\u00bb4.16&Prime; custom_padding=\u00a0\u00bb|||\u00a0\u00bb global_colors_info=\u00a0\u00bb{}\u00a0\u00bb custom_padding__hover=\u00a0\u00bb|||\u00a0\u00bb][\/et_pb_column][\/et_pb_section][et_pb_section fb_built=\u00a0\u00bb1&Prime; _builder_version=\u00a0\u00bb4.23.1&Prime; _module_preset=\u00a0\u00bbdefault\u00a0\u00bb global_colors_info=\u00a0\u00bb{}\u00a0\u00bb][et_pb_row _builder_version=\u00a0\u00bb4.23.1&Prime; _module_preset=\u00a0\u00bbdefault\u00a0\u00bb global_colors_info=\u00a0\u00bb{}\u00a0\u00bb][et_pb_column type=\u00a0\u00bb4_4&Prime; _builder_version=\u00a0\u00bb4.23.1&Prime; _module_preset=\u00a0\u00bbdefault\u00a0\u00bb global_colors_info=\u00a0\u00bb{}\u00a0\u00bb][et_pb_text _builder_version=\u00a0\u00bb4.23.1&Prime; _module_preset=\u00a0\u00bbdefault\u00a0\u00bb background_color=\u00a0\u00bb#FFFFFF\u00a0\u00bb custom_padding=\u00a0\u00bb25px|50px|25px|50px|true|true\u00a0\u00bb border_radii=\u00a0\u00bbon|10px|10px|10px|10px\u00a0\u00bb border_width_all=\u00a0\u00bb2px\u00a0\u00bb box_shadow_style=\u00a0\u00bbpreset6&Prime; global_colors_info=\u00a0\u00bb{}\u00a0\u00bb]\n<p><span style=\"color: #000000\"><a href=\"https:\/\/etab.ac-reunion.fr\/lyc-marie-curie\/wp-content\/uploads\/sites\/30\/2023\/11\/depliant_ESF-23.pdf\" class=\"pdfemb-viewer\" style=\"\" data-width=\"max\" data-height=\"max\" data-toolbar=\"bottom\" data-toolbar-fixed=\"off\">depliant_ESF-23<\/a><\/span><\/p>\n<p>&nbsp;<\/p>\n<p><a href=\"https:\/\/etab.ac-reunion.fr\/lyc-marie-curie\/wp-content\/uploads\/sites\/30\/2023\/11\/depliant_ESF-23.pdf\" target=\"_blank\" rel=\"noopener\"><strong>T\u00e9l\u00e9charger le document ici<\/strong><\/a><\/p>\n[\/et_pb_text][\/et_pb_column][\/et_pb_row][\/et_pb_section]\n<!-- AddThis Advanced Settings generic via filter on the_content --><!-- AddThis Share Buttons generic via filter on the_content -->","protected":false},"excerpt":{"rendered":"<p>Etre titulaire du baccalaur\u00e9at ou autre dipl\u00f4me \u00e9quivalent, Postuler sur le site d\u2019admission post bac : recrutement par l\u2019interm\u00e9diaire d\u2019une commission qui\u00a0 \u00e9tudie le dossier de candidature. Effectif de 18 [&hellip;]<\/p>\n<p><!-- AddThis Advanced Settings generic via filter on get_the_excerpt --><!-- AddThis Share Buttons generic via filter on get_the_excerpt --><\/p>\n","protected":false},"author":27912,"featured_media":0,"parent":7868,"menu_order":0,"comment_status":"closed","ping_status":"closed","template":"","meta":{"_et_pb_use_builder":"on","_et_pb_old_content":"","_et_gb_content_width":"","footnotes":"","_links_to":"","_links_to_target":""},"class_list":["post-10179","page","type-page","status-publish","hentry"],"_links":{"self":[{"href":"https:\/\/etab.ac-reunion.fr\/lyc-marie-curie\/wp-json\/wp\/v2\/pages\/10179","targetHints":{"allow":["GET"]}}],"collection":[{"href":"https:\/\/etab.ac-reunion.fr\/lyc-marie-curie\/wp-json\/wp\/v2\/pages"}],"about":[{"href":"https:\/\/etab.ac-reunion.fr\/lyc-marie-curie\/wp-json\/wp\/v2\/types\/page"}],"author":[{"embeddable":true,"href":"https:\/\/etab.ac-reunion.fr\/lyc-marie-curie\/wp-json\/wp\/v2\/users\/27912"}],"replies":[{"embeddable":true,"href":"https:\/\/etab.ac-reunion.fr\/lyc-marie-curie\/wp-json\/wp\/v2\/comments?post=10179"}],"version-history":[{"count":8,"href":"https:\/\/etab.ac-reunion.fr\/lyc-marie-curie\/wp-json\/wp\/v2\/pages\/10179\/revisions"}],"predecessor-version":[{"id":13467,"href":"https:\/\/etab.ac-reunion.fr\/lyc-marie-curie\/wp-json\/wp\/v2\/pages\/10179\/revisions\/13467"}],"up":[{"embeddable":true,"href":"https:\/\/etab.ac-reunion.fr\/lyc-marie-curie\/wp-json\/wp\/v2\/pages\/7868"}],"wp:attachment":[{"href":"https:\/\/etab.ac-reunion.fr\/lyc-marie-curie\/wp-json\/wp\/v2\/media?parent=10179"}],"curies":[{"name":"wp","href":"https:\/\/api.w.org\/{rel}","templated":true}]}}