{"id":11648,"date":"2022-08-12T14:36:45","date_gmt":"2022-08-12T10:36:45","guid":{"rendered":"http:\/\/lycee-marie-curie.ac-reunion.fr\/?page_id=11648"},"modified":"2023-08-17T21:53:15","modified_gmt":"2023-08-17T17:53:15","slug":"enseignement-de-specialite-physique-chimie","status":"publish","type":"page","link":"https:\/\/etab.ac-reunion.fr\/lyc-marie-curie\/page-daccueil-dvi-2-2\/pedagogie\/enseignement-de-specialite-physique-chimie\/","title":{"rendered":"Enseignement de sp\u00e9cialit\u00e9 physique-chimie"},"content":{"rendered":"[et_pb_section fb_built=\u00a0\u00bb1&Prime; specialty=\u00a0\u00bbon\u00a0\u00bb admin_label=\u00a0\u00bbSection\u00a0\u00bb _builder_version=\u00a0\u00bb4.16&Prime; inner_max_width=\u00a0\u00bb90%\u00a0\u00bb custom_margin=\u00a0\u00bb|||\u00a0\u00bb custom_padding=\u00a0\u00bb54px|0|100px|0px|false|false\u00a0\u00bb use_custom_width=\u00a0\u00bbon\u00a0\u00bb width_unit=\u00a0\u00bboff\u00a0\u00bb custom_width_percent=\u00a0\u00bb90%\u00a0\u00bb global_colors_info=\u00a0\u00bb{}\u00a0\u00bb][et_pb_column type=\u00a0\u00bb1_4&Prime; _builder_version=\u00a0\u00bb4.16&Prime; custom_padding=\u00a0\u00bb|||\u00a0\u00bb global_colors_info=\u00a0\u00bb{}\u00a0\u00bb custom_padding__hover=\u00a0\u00bb|||\u00a0\u00bb][et_pb_blurb title=\u00a0\u00bbEnseignement de sp\u00e9cialit\u00e9\u00a0\u00bb _builder_version=\u00a0\u00bb4.18.0&Prime; _module_preset=\u00a0\u00bbdefault\u00a0\u00bb header_level=\u00a0\u00bbh6&Prime; header_font=\u00a0\u00bb|700|||||||\u00a0\u00bb header_text_color=\u00a0\u00bb#000000&Prime; body_text_color=\u00a0\u00bb#000000&Prime; background_color=\u00a0\u00bbrgba(138,98,171,0.71)\u00a0\u00bb custom_margin=\u00a0\u00bb|||20px|false|false\u00a0\u00bb custom_padding=\u00a0\u00bb14px|20px|14px|20px|false|false\u00a0\u00bb border_radii=\u00a0\u00bbon|10px|10px|10px|10px\u00a0\u00bb global_colors_info=\u00a0\u00bb{}\u00a0\u00bb]\n<h4><strong>PHYSIQUE-CHIMIE<\/strong><\/h4>\n[\/et_pb_blurb][\/et_pb_column][et_pb_column type=\u00a0\u00bb1_2&Prime; specialty_columns=\u00a0\u00bb2&Prime; _builder_version=\u00a0\u00bb4.16&Prime; custom_padding=\u00a0\u00bb|||\u00a0\u00bb global_colors_info=\u00a0\u00bb{}\u00a0\u00bb custom_padding__hover=\u00a0\u00bb|||\u00a0\u00bb][et_pb_row_inner _builder_version=\u00a0\u00bb4.16&Prime; custom_padding=\u00a0\u00bb35.0781px|0px|0|0px|false|false\u00a0\u00bb global_colors_info=\u00a0\u00bb{}\u00a0\u00bb][et_pb_column_inner saved_specialty_column_type=\u00a0\u00bb1_2&Prime; _builder_version=\u00a0\u00bb4.16&Prime; custom_padding=\u00a0\u00bb|||\u00a0\u00bb global_colors_info=\u00a0\u00bb{}\u00a0\u00bb custom_padding__hover=\u00a0\u00bb|||\u00a0\u00bb][et_pb_slider _builder_version=\u00a0\u00bb4.18.0&Prime; header_font=\u00a0\u00bbRubik|700|||||||\u00a0\u00bb header_font_size=\u00a0\u00bb40px\u00a0\u00bb header_line_height=\u00a0\u00bb1.4em\u00a0\u00bb body_font=\u00a0\u00bbRubik|500|||||||\u00a0\u00bb body_font_size=\u00a0\u00bb18px\u00a0\u00bb body_line_height=\u00a0\u00bb2em\u00a0\u00bb background_color=\u00a0\u00bb#FFFFFF\u00a0\u00bb custom_button=\u00a0\u00bbon\u00a0\u00bb button_text_size=\u00a0\u00bb16px\u00a0\u00bb button_text_color=\u00a0\u00bb#ffffff\u00a0\u00bb button_bg_color=\u00a0\u00bbrgba(255,255,255,0.1)\u00a0\u00bb button_border_width=\u00a0\u00bb10px\u00a0\u00bb button_border_color=\u00a0\u00bbrgba(65,65,144,0)\u00a0\u00bb button_border_radius=\u00a0\u00bb70px\u00a0\u00bb button_font=\u00a0\u00bbRubik|700|||||||\u00a0\u00bb button_use_icon=\u00a0\u00bboff\u00a0\u00bb height=\u00a0\u00bb259px\u00a0\u00bb custom_padding=\u00a0\u00bb40px||32px||false|\u00a0\u00bb animation_style=\u00a0\u00bbzoom\u00a0\u00bb animation_intensity_zoom=\u00a0\u00bb10%\u00a0\u00bb auto=\u00a0\u00bbon\u00a0\u00bb auto_speed=\u00a0\u00bb5000&Prime; border_radii=\u00a0\u00bbon|10px|10px|10px|10px\u00a0\u00bb button_text_color_hover=\u00a0\u00bb#e00b00&Prime; button_border_radius_hover=\u00a0\u00bb70px\u00a0\u00bb button_bg_color_hover=\u00a0\u00bb#ffffff\u00a0\u00bb global_colors_info=\u00a0\u00bb{}\u00a0\u00bb button_text_size__hover_enabled=\u00a0\u00bboff\u00a0\u00bb button_one_text_size__hover_enabled=\u00a0\u00bboff\u00a0\u00bb button_two_text_size__hover_enabled=\u00a0\u00bboff\u00a0\u00bb button_text_color__hover_enabled=\u00a0\u00bbon\u00a0\u00bb button_text_color__hover=\u00a0\u00bb#e00b00&Prime; button_one_text_color__hover_enabled=\u00a0\u00bboff\u00a0\u00bb button_two_text_color__hover_enabled=\u00a0\u00bboff\u00a0\u00bb button_border_width__hover_enabled=\u00a0\u00bboff\u00a0\u00bb button_one_border_width__hover_enabled=\u00a0\u00bboff\u00a0\u00bb button_two_border_width__hover_enabled=\u00a0\u00bboff\u00a0\u00bb button_border_color__hover_enabled=\u00a0\u00bboff\u00a0\u00bb button_one_border_color__hover_enabled=\u00a0\u00bboff\u00a0\u00bb button_two_border_color__hover_enabled=\u00a0\u00bboff\u00a0\u00bb button_border_radius__hover_enabled=\u00a0\u00bbon\u00a0\u00bb button_border_radius__hover=\u00a0\u00bb70px\u00a0\u00bb button_one_border_radius__hover_enabled=\u00a0\u00bboff\u00a0\u00bb button_two_border_radius__hover_enabled=\u00a0\u00bboff\u00a0\u00bb button_letter_spacing__hover_enabled=\u00a0\u00bboff\u00a0\u00bb button_one_letter_spacing__hover_enabled=\u00a0\u00bboff\u00a0\u00bb button_two_letter_spacing__hover_enabled=\u00a0\u00bboff\u00a0\u00bb button_bg_color__hover_enabled=\u00a0\u00bbon\u00a0\u00bb button_bg_color__hover=\u00a0\u00bb#ffffff\u00a0\u00bb button_one_bg_color__hover_enabled=\u00a0\u00bboff\u00a0\u00bb button_two_bg_color__hover_enabled=\u00a0\u00bboff\u00a0\u00bb][et_pb_slide url_new_window=\u00a0\u00bbon\u00a0\u00bb use_bg_overlay=\u00a0\u00bbon\u00a0\u00bb bg_overlay_color=\u00a0\u00bbrgba(0,0,0,0.2)\u00a0\u00bb _builder_version=\u00a0\u00bb4.18.0&Prime; background_color=\u00a0\u00bbRGBA(255,255,255,0)\u00a0\u00bb background_enable_color=\u00a0\u00bbon\u00a0\u00bb background_enable_image=\u00a0\u00bboff\u00a0\u00bb background_size=\u00a0\u00bbcontain\u00a0\u00bb background_layout=\u00a0\u00bblight\u00a0\u00bb link_option_url_new_window=\u00a0\u00bbon\u00a0\u00bb global_colors_info=\u00a0\u00bb{}\u00a0\u00bb button_text_size__hover_enabled=\u00a0\u00bboff\u00a0\u00bb button_one_text_size__hover_enabled=\u00a0\u00bboff\u00a0\u00bb button_two_text_size__hover_enabled=\u00a0\u00bboff\u00a0\u00bb button_text_color__hover_enabled=\u00a0\u00bboff\u00a0\u00bb button_one_text_color__hover_enabled=\u00a0\u00bboff\u00a0\u00bb button_two_text_color__hover_enabled=\u00a0\u00bboff\u00a0\u00bb button_border_width__hover_enabled=\u00a0\u00bboff\u00a0\u00bb button_one_border_width__hover_enabled=\u00a0\u00bboff\u00a0\u00bb button_two_border_width__hover_enabled=\u00a0\u00bboff\u00a0\u00bb button_border_color__hover_enabled=\u00a0\u00bboff\u00a0\u00bb button_one_border_color__hover_enabled=\u00a0\u00bboff\u00a0\u00bb button_two_border_color__hover_enabled=\u00a0\u00bboff\u00a0\u00bb button_border_radius__hover_enabled=\u00a0\u00bboff\u00a0\u00bb button_one_border_radius__hover_enabled=\u00a0\u00bboff\u00a0\u00bb button_two_border_radius__hover_enabled=\u00a0\u00bboff\u00a0\u00bb button_letter_spacing__hover_enabled=\u00a0\u00bboff\u00a0\u00bb button_one_letter_spacing__hover_enabled=\u00a0\u00bboff\u00a0\u00bb button_two_letter_spacing__hover_enabled=\u00a0\u00bboff\u00a0\u00bb button_bg_color__hover_enabled=\u00a0\u00bboff\u00a0\u00bb button_one_bg_color__hover_enabled=\u00a0\u00bboff\u00a0\u00bb button_two_bg_color__hover_enabled=\u00a0\u00bboff\u00a0\u00bb sticky_transition=\u00a0\u00bbon\u00a0\u00bb]\n<p><a href=\"https:\/\/etab.ac-reunion.fr\/lyc-marie-curie\/wp-content\/uploads\/sites\/30\/2022\/08\/illustration_PC_01-scaled.jpg\"><img loading=\"lazy\" decoding=\"async\" src=\"https:\/\/etab.ac-reunion.fr\/lyc-marie-curie\/wp-content\/uploads\/sites\/30\/2022\/08\/illustration_PC_01-scaled.jpg\" alt=\"\" class=\"wp-image-11664 aligncenter size-full\" width=\"2560\" height=\"1445\" srcset=\"https:\/\/etab.ac-reunion.fr\/lyc-marie-curie\/wp-content\/uploads\/sites\/30\/2022\/08\/illustration_PC_01-scaled.jpg 2560w, https:\/\/etab.ac-reunion.fr\/lyc-marie-curie\/wp-content\/uploads\/sites\/30\/2022\/08\/illustration_PC_01-1280x723.jpg 1280w, https:\/\/etab.ac-reunion.fr\/lyc-marie-curie\/wp-content\/uploads\/sites\/30\/2022\/08\/illustration_PC_01-980x553.jpg 980w, https:\/\/etab.ac-reunion.fr\/lyc-marie-curie\/wp-content\/uploads\/sites\/30\/2022\/08\/illustration_PC_01-480x271.jpg 480w\" sizes=\"(min-width: 0px) and (max-width: 480px) 480px, (min-width: 481px) and (max-width: 980px) 980px, (min-width: 981px) and (max-width: 1280px) 1280px, (min-width: 1281px) 2560px, 100vw\" \/><\/a><\/p>\n[\/et_pb_slide][et_pb_slide use_bg_overlay=\u00a0\u00bbon\u00a0\u00bb bg_overlay_color=\u00a0\u00bbrgba(0,0,0,0.2)\u00a0\u00bb _builder_version=\u00a0\u00bb4.18.0&Prime; background_color=\u00a0\u00bbrgba(0,0,0,0)\u00a0\u00bb background_enable_color=\u00a0\u00bbon\u00a0\u00bb background_enable_image=\u00a0\u00bboff\u00a0\u00bb background_size=\u00a0\u00bbcontain\u00a0\u00bb background_layout=\u00a0\u00bblight\u00a0\u00bb global_colors_info=\u00a0\u00bb{}\u00a0\u00bb button_text_size__hover_enabled=\u00a0\u00bboff\u00a0\u00bb button_one_text_size__hover_enabled=\u00a0\u00bboff\u00a0\u00bb button_two_text_size__hover_enabled=\u00a0\u00bboff\u00a0\u00bb button_text_color__hover_enabled=\u00a0\u00bboff\u00a0\u00bb button_one_text_color__hover_enabled=\u00a0\u00bboff\u00a0\u00bb button_two_text_color__hover_enabled=\u00a0\u00bboff\u00a0\u00bb button_border_width__hover_enabled=\u00a0\u00bboff\u00a0\u00bb button_one_border_width__hover_enabled=\u00a0\u00bboff\u00a0\u00bb button_two_border_width__hover_enabled=\u00a0\u00bboff\u00a0\u00bb button_border_color__hover_enabled=\u00a0\u00bboff\u00a0\u00bb button_one_border_color__hover_enabled=\u00a0\u00bboff\u00a0\u00bb button_two_border_color__hover_enabled=\u00a0\u00bboff\u00a0\u00bb button_border_radius__hover_enabled=\u00a0\u00bboff\u00a0\u00bb button_one_border_radius__hover_enabled=\u00a0\u00bboff\u00a0\u00bb button_two_border_radius__hover_enabled=\u00a0\u00bboff\u00a0\u00bb button_letter_spacing__hover_enabled=\u00a0\u00bboff\u00a0\u00bb button_one_letter_spacing__hover_enabled=\u00a0\u00bboff\u00a0\u00bb button_two_letter_spacing__hover_enabled=\u00a0\u00bboff\u00a0\u00bb button_bg_color__hover_enabled=\u00a0\u00bboff\u00a0\u00bb button_one_bg_color__hover_enabled=\u00a0\u00bboff\u00a0\u00bb button_two_bg_color__hover_enabled=\u00a0\u00bboff\u00a0\u00bb sticky_transition=\u00a0\u00bbon\u00a0\u00bb]\n<p><a href=\"https:\/\/etab.ac-reunion.fr\/lyc-marie-curie\/wp-content\/uploads\/sites\/30\/2022\/08\/illustration_PC_02.png\"><img loading=\"lazy\" decoding=\"async\" src=\"https:\/\/etab.ac-reunion.fr\/lyc-marie-curie\/wp-content\/uploads\/sites\/30\/2022\/08\/illustration_PC_02.png\" alt=\"\" class=\"wp-image-11665 aligncenter size-full\" width=\"3807\" height=\"1893\" srcset=\"https:\/\/etab.ac-reunion.fr\/lyc-marie-curie\/wp-content\/uploads\/sites\/30\/2022\/08\/illustration_PC_02.png 3807w, https:\/\/etab.ac-reunion.fr\/lyc-marie-curie\/wp-content\/uploads\/sites\/30\/2022\/08\/illustration_PC_02-1280x636.png 1280w, https:\/\/etab.ac-reunion.fr\/lyc-marie-curie\/wp-content\/uploads\/sites\/30\/2022\/08\/illustration_PC_02-980x487.png 980w, https:\/\/etab.ac-reunion.fr\/lyc-marie-curie\/wp-content\/uploads\/sites\/30\/2022\/08\/illustration_PC_02-480x239.png 480w\" sizes=\"(min-width: 0px) and (max-width: 480px) 480px, (min-width: 481px) and (max-width: 980px) 980px, (min-width: 981px) and (max-width: 1280px) 1280px, (min-width: 1281px) 3807px, 100vw\" \/><\/a><\/p>\n[\/et_pb_slide][et_pb_slide _builder_version=\u00a0\u00bb4.18.0&Prime; _module_preset=\u00a0\u00bbdefault\u00a0\u00bb global_colors_info=\u00a0\u00bb{}\u00a0\u00bb sticky_transition=\u00a0\u00bbon\u00a0\u00bb]\n<p><a href=\"https:\/\/etab.ac-reunion.fr\/lyc-marie-curie\/wp-content\/uploads\/sites\/30\/2022\/08\/illustration_PC_03-scaled.jpg\"><img loading=\"lazy\" decoding=\"async\" src=\"https:\/\/etab.ac-reunion.fr\/lyc-marie-curie\/wp-content\/uploads\/sites\/30\/2022\/08\/illustration_PC_03-scaled.jpg\" alt=\"\" class=\"wp-image-11666 aligncenter size-full\" width=\"2560\" height=\"1402\" srcset=\"https:\/\/etab.ac-reunion.fr\/lyc-marie-curie\/wp-content\/uploads\/sites\/30\/2022\/08\/illustration_PC_03-scaled.jpg 2560w, https:\/\/etab.ac-reunion.fr\/lyc-marie-curie\/wp-content\/uploads\/sites\/30\/2022\/08\/illustration_PC_03-1280x701.jpg 1280w, https:\/\/etab.ac-reunion.fr\/lyc-marie-curie\/wp-content\/uploads\/sites\/30\/2022\/08\/illustration_PC_03-980x537.jpg 980w, https:\/\/etab.ac-reunion.fr\/lyc-marie-curie\/wp-content\/uploads\/sites\/30\/2022\/08\/illustration_PC_03-480x263.jpg 480w\" sizes=\"(min-width: 0px) and (max-width: 480px) 480px, (min-width: 481px) and (max-width: 980px) 980px, (min-width: 981px) and (max-width: 1280px) 1280px, (min-width: 1281px) 2560px, 100vw\" \/><\/a><\/p>\n[\/et_pb_slide][et_pb_slide _builder_version=\u00a0\u00bb4.18.0&Prime; _module_preset=\u00a0\u00bbdefault\u00a0\u00bb global_colors_info=\u00a0\u00bb{}\u00a0\u00bb sticky_transition=\u00a0\u00bbon\u00a0\u00bb]\n<p><a href=\"https:\/\/etab.ac-reunion.fr\/lyc-marie-curie\/wp-content\/uploads\/sites\/30\/2022\/08\/illustration_PC_04.png\"><img loading=\"lazy\" decoding=\"async\" src=\"https:\/\/etab.ac-reunion.fr\/lyc-marie-curie\/wp-content\/uploads\/sites\/30\/2022\/08\/illustration_PC_04.png\" alt=\"\" class=\"wp-image-11667 aligncenter size-full\" width=\"3904\" height=\"2040\" srcset=\"https:\/\/etab.ac-reunion.fr\/lyc-marie-curie\/wp-content\/uploads\/sites\/30\/2022\/08\/illustration_PC_04.png 3904w, https:\/\/etab.ac-reunion.fr\/lyc-marie-curie\/wp-content\/uploads\/sites\/30\/2022\/08\/illustration_PC_04-1280x669.png 1280w, https:\/\/etab.ac-reunion.fr\/lyc-marie-curie\/wp-content\/uploads\/sites\/30\/2022\/08\/illustration_PC_04-980x512.png 980w, https:\/\/etab.ac-reunion.fr\/lyc-marie-curie\/wp-content\/uploads\/sites\/30\/2022\/08\/illustration_PC_04-480x251.png 480w\" sizes=\"(min-width: 0px) and (max-width: 480px) 480px, (min-width: 481px) and (max-width: 980px) 980px, (min-width: 981px) and (max-width: 1280px) 1280px, (min-width: 1281px) 3904px, 100vw\" \/><\/a><\/p>\n[\/et_pb_slide][\/et_pb_slider][et_pb_tabs active_tab_background_color=\u00a0\u00bb#2b76df\u00a0\u00bb inactive_tab_background_color=\u00a0\u00bb#3a5063&Prime; _builder_version=\u00a0\u00bb4.18.0&Prime; tab_text_color=\u00a0\u00bb#ffffff\u00a0\u00bb body_font=\u00a0\u00bbRubik||||||||\u00a0\u00bb body_line_height=\u00a0\u00bb2em\u00a0\u00bb tab_font=\u00a0\u00bb|700|||||||\u00a0\u00bb tab_font_size=\u00a0\u00bb14px\u00a0\u00bb tab_line_height=\u00a0\u00bb2em\u00a0\u00bb background_color=\u00a0\u00bbrgba(0,0,0,0.04)\u00a0\u00bb max_width_last_edited=\u00a0\u00bboff|desktop\u00a0\u00bb module_alignment=\u00a0\u00bbright\u00a0\u00bb custom_margin=\u00a0\u00bb||||false|false\u00a0\u00bb custom_margin_last_edited=\u00a0\u00bboff|desktop\u00a0\u00bb custom_padding=\u00a0\u00bb||||false|false\u00a0\u00bb animation_style=\u00a0\u00bbzoom\u00a0\u00bb animation_intensity_zoom=\u00a0\u00bb10%\u00a0\u00bb border_radii=\u00a0\u00bbon|10px|10px|10px|10px\u00a0\u00bb border_width_all=\u00a0\u00bb0px\u00a0\u00bb border_color_all=\u00a0\u00bb#ffffff\u00a0\u00bb locked=\u00a0\u00bboff\u00a0\u00bb global_colors_info=\u00a0\u00bb{}\u00a0\u00bb][et_pb_tab title=\u00a0\u00bbPourquoi cette sp\u00e9cialit\u00e9\u00a0\u00bb _builder_version=\u00a0\u00bb4.18.0&Prime; body_font=\u00a0\u00bb||||||||\u00a0\u00bb custom_padding=\u00a0\u00bb||||false|false\u00a0\u00bb global_colors_info=\u00a0\u00bb{}\u00a0\u00bb]\n<ul>\n<li>La sp\u00e9cialit\u00e9 physique et chimie pr\u00e9pare les \u00e9l\u00e8ves \u00e0 des poursuites d&rsquo;\u00e9tudes dans les domaines scientifiques : sant\u00e9, agro alimentaire, recherche, ing\u00e9nierie, astrophysique, pharmacie, police, militaire, biochimie, &#8230;<\/li>\n<li>La physique et chimie est au c\u0153ur de l&rsquo;activit\u00e9 humaine (terrestre, spatiale, m\u00e9dicale).<\/li>\n<li>La sp\u00e9cialit\u00e9 physique et chimie est obligatoire dans certaines formations sup\u00e9rieures (\u00e9cole pr\u00e9pa, paces, IUT &#8230;) qui permettent d&rsquo;acc\u00e9der \u00e0 des fonctions sup\u00e9rieures.<\/li>\n<\/ul>\n[\/et_pb_tab][et_pb_tab title=\u00a0\u00bbPour qui\u00a0\u00bb _builder_version=\u00a0\u00bb4.18.0&Prime; tab_font=\u00a0\u00bb|700|||||||\u00a0\u00bb tab_letter_spacing=\u00a0\u00bb0px\u00a0\u00bb global_colors_info=\u00a0\u00bb{}\u00a0\u00bb]\n<ul>\n<li><strong>Vous \u00eates <span style=\"color: #ff0000\">curieux<\/span>, avez le sens de l&rsquo;observation<\/strong><strong><\/strong><\/li>\n<li><strong>Vous \u00eates <span style=\"color: #ff0000\">rigoureux<\/span> dans l&rsquo;analyse et la r\u00e9daction<\/strong><\/li>\n<li><strong>Vous avez <span style=\"color: #ff0000\">envie de raisonner<\/span><\/strong><\/li>\n<li><strong>Vous <span style=\"color: #ff0000\">aimez exp\u00e9rimenter<\/span><\/strong><\/li>\n<\/ul>\n[\/et_pb_tab][et_pb_tab title=\u00a0\u00bbComp\u00e9tences\u00a0\u00bb _builder_version=\u00a0\u00bb4.18.0&Prime; tab_font=\u00a0\u00bb|700|||||||\u00a0\u00bb tab_letter_spacing=\u00a0\u00bb0px\u00a0\u00bb global_colors_info=\u00a0\u00bb{}\u00a0\u00bb]\n<p><strong>Les comp\u00e9tences \u00e0 d\u00e9velopper :<\/strong><\/p>\n<ul>\n<li>Observer<\/li>\n<li>Exp\u00e9rmenter<\/li>\n<li>Mod\u00e9liser<\/li>\n<li>Analyser<\/li>\n<li>Argumenter &#8230;<\/li>\n<\/ul>\n[\/et_pb_tab][\/et_pb_tabs][et_pb_tabs active_tab_background_color=\u00a0\u00bb#2b76df\u00a0\u00bb inactive_tab_background_color=\u00a0\u00bb#3a5063&Prime; _builder_version=\u00a0\u00bb4.18.0&Prime; tab_text_color=\u00a0\u00bb#ffffff\u00a0\u00bb body_font=\u00a0\u00bbRubik||||||||\u00a0\u00bb body_line_height=\u00a0\u00bb2em\u00a0\u00bb tab_font=\u00a0\u00bb|700|||||||\u00a0\u00bb tab_font_size=\u00a0\u00bb14px\u00a0\u00bb tab_line_height=\u00a0\u00bb2em\u00a0\u00bb background_color=\u00a0\u00bbrgba(0,0,0,0.04)\u00a0\u00bb max_width_last_edited=\u00a0\u00bboff|desktop\u00a0\u00bb module_alignment=\u00a0\u00bbright\u00a0\u00bb custom_margin=\u00a0\u00bb|||\u00a0\u00bb custom_margin_last_edited=\u00a0\u00bboff|desktop\u00a0\u00bb custom_padding=\u00a0\u00bb|||\u00a0\u00bb animation_style=\u00a0\u00bbzoom\u00a0\u00bb animation_intensity_zoom=\u00a0\u00bb10%\u00a0\u00bb border_radii=\u00a0\u00bbon|10px|10px|10px|10px\u00a0\u00bb border_width_all=\u00a0\u00bb0px\u00a0\u00bb border_color_all=\u00a0\u00bb#ffffff\u00a0\u00bb locked=\u00a0\u00bboff\u00a0\u00bb global_colors_info=\u00a0\u00bb{}\u00a0\u00bb][et_pb_tab title=\u00a0\u00bbHoraires\u00a0\u00bb _builder_version=\u00a0\u00bb4.18.0&Prime; _module_preset=\u00a0\u00bbdefault\u00a0\u00bb global_colors_info=\u00a0\u00bb{}\u00a0\u00bb]\n<ul>\n<li><strong>4 heures par \u00e9l\u00e8ve<\/strong><\/li>\n<li><strong>Environ la moiti\u00e9 en salle de travaux pratiques pour des manipulations<\/strong><\/li>\n<\/ul>\n[\/et_pb_tab][et_pb_tab title=\u00a0\u00bbTh\u00e9matiques\u00a0\u00bb _builder_version=\u00a0\u00bb4.18.0&Prime; _module_preset=\u00a0\u00bbdefault\u00a0\u00bb global_colors_info=\u00a0\u00bb{}\u00a0\u00bb]\n<ul>\n<li><strong>Organisation et transformations de la mati\u00e8re<\/strong><\/li>\n<li><strong>Mouvement et interactions<\/strong><\/li>\n<li><strong>L&rsquo;\u00e9nergie : conversions et transferts<\/strong><\/li>\n<li><strong>Ondes et signaux<\/strong><\/li>\n<\/ul>\n[\/et_pb_tab][et_pb_tab title=\u00a0\u00bbApr\u00e8s le bac\u00a0\u00bb _builder_version=\u00a0\u00bb4.18.0&Prime; _module_preset=\u00a0\u00bbdefault\u00a0\u00bb global_colors_info=\u00a0\u00bb{}\u00a0\u00bb]\n<ul>\n<li><strong>BUT : Mesures physiques; Optique ; G\u00e9nie biologique ; Mat\u00e9riaux ; Chimie &#8230;<\/strong><\/li>\n<li><strong>BTS : A\u00e9ronautique, Analyses de biologie m\u00e9dicale, M\u00e9tier de la chimie &#8230;<\/strong><\/li>\n<li><strong>CPGE<\/strong><\/li>\n<li><strong>Ecoles d&rsquo;ing\u00e9nieurs<\/strong><\/li>\n<li><strong>PACES<\/strong><\/li>\n<li><strong>STAPS<\/strong><\/li>\n<li><strong>Facult\u00e9 des sciences et techniques<\/strong><\/li>\n<\/ul>\n[\/et_pb_tab][et_pb_tab title=\u00a0\u00bbB.O.\u00a0\u00bb _builder_version=\u00a0\u00bb4.18.0&Prime; _module_preset=\u00a0\u00bbdefault\u00a0\u00bb global_colors_info=\u00a0\u00bb{}\u00a0\u00bb]\n<ul>\n<li><strong>Classe de premi\u00e8re<br \/><\/strong><a href=\"https:\/\/www.education.gouv.fr\/bo\/19\/Special1\/MENE1901635A.htm\" target=\"_blank\" rel=\"noopener\">BO sp\u00e9cial n\u00b01 du 22 janvier 2019<\/a><\/li>\n<li><strong>Classe de terminale<\/strong><br \/><a href=\"https:\/\/www.education.gouv.fr\/bo\/19\/Special8\/MENE1921249A.htm\" target=\"_blank\" rel=\"noopener\">BO sp\u00e9cial n\u00b08 du 25 juillet 2019<\/a><\/li>\n<\/ul>\n[\/et_pb_tab][\/et_pb_tabs][et_pb_text _builder_version=\u00a0\u00bb4.16&Prime; text_font=\u00a0\u00bb||||||||\u00a0\u00bb text_line_height=\u00a0\u00bb2em\u00a0\u00bb header_font=\u00a0\u00bb||||||||\u00a0\u00bb header_2_font=\u00a0\u00bb|700||on|||||\u00a0\u00bb header_2_line_height=\u00a0\u00bb1.5em\u00a0\u00bb header_5_font=\u00a0\u00bb|700||on|||||\u00a0\u00bb header_5_letter_spacing=\u00a0\u00bb5px\u00a0\u00bb header_5_line_height=\u00a0\u00bb1.5em\u00a0\u00bb module_alignment=\u00a0\u00bbcenter\u00a0\u00bb min_height=\u00a0\u00bb40px\u00a0\u00bb custom_margin=\u00a0\u00bb50px||-17px||false|\u00a0\u00bb custom_margin_tablet=\u00a0\u00bb0px|||\u00a0\u00bb custom_margin_last_edited=\u00a0\u00bboff|desktop\u00a0\u00bb custom_padding=\u00a0\u00bb||9px|||\u00a0\u00bb text_line_height_last_edited=\u00a0\u00bboff|desktop\u00a0\u00bb locked=\u00a0\u00bboff\u00a0\u00bb global_colors_info=\u00a0\u00bb{}\u00a0\u00bb]\n<h2><strong>Actualit\u00e9s<br \/><\/strong><\/h2>\n[\/et_pb_text][et_pb_blog posts_number=\u00a0\u00bb5&Prime; include_categories=\u00a0\u00bb293&Prime; show_author=\u00a0\u00bboff\u00a0\u00bb show_pagination=\u00a0\u00bboff\u00a0\u00bb _builder_version=\u00a0\u00bb4.16&Prime; _module_preset=\u00a0\u00bbdefault\u00a0\u00bb custom_margin=\u00a0\u00bb|||0px|false|false\u00a0\u00bb custom_padding=\u00a0\u00bb10px|10px|1px|10px|false|false\u00a0\u00bb border_radii_fullwidth=\u00a0\u00bbon|5px|5px|5px|5px\u00a0\u00bb border_color_all_fullwidth=\u00a0\u00bbrgba(0,0,0,0)\u00a0\u00bb box_shadow_style=\u00a0\u00bbpreset6&Prime; global_colors_info=\u00a0\u00bb{}\u00a0\u00bb][\/et_pb_blog][\/et_pb_column_inner][\/et_pb_row_inner][et_pb_row_inner _builder_version=\u00a0\u00bb4.16&Prime; custom_padding=\u00a0\u00bb35.0781px|0px|0|0px|false|false\u00a0\u00bb global_colors_info=\u00a0\u00bb{}\u00a0\u00bb][et_pb_column_inner saved_specialty_column_type=\u00a0\u00bb1_2&Prime; _builder_version=\u00a0\u00bb4.16&Prime; custom_padding=\u00a0\u00bb|||\u00a0\u00bb global_colors_info=\u00a0\u00bb{}\u00a0\u00bb custom_padding__hover=\u00a0\u00bb|||\u00a0\u00bb][\/et_pb_column_inner][\/et_pb_row_inner][\/et_pb_column][et_pb_column type=\u00a0\u00bb1_4&Prime; _builder_version=\u00a0\u00bb4.16&Prime; custom_padding=\u00a0\u00bb|||\u00a0\u00bb global_colors_info=\u00a0\u00bb{}\u00a0\u00bb custom_padding__hover=\u00a0\u00bb|||\u00a0\u00bb][et_pb_text _builder_version=\u00a0\u00bb4.18.0&Prime; _module_preset=\u00a0\u00bbdefault\u00a0\u00bb global_colors_info=\u00a0\u00bb{}\u00a0\u00bb]\n<p>Informations diverses<\/p>\n[\/et_pb_text][et_pb_toggle title=\u00a0\u00bbBrochure\u00a0\u00bb open_toggle_text_color=\u00a0\u00bb#ffffff\u00a0\u00bb open_toggle_background_color=\u00a0\u00bb#4c5c67&Prime; closed_toggle_background_color=\u00a0\u00bb#4c5c67&Prime; icon_color=\u00a0\u00bbrgba(255,255,255,0.5)\u00a0\u00bb open_icon_color=\u00a0\u00bbrgba(255,255,255,0.5)\u00a0\u00bb _builder_version=\u00a0\u00bb4.22.0&Prime; title_text_color=\u00a0\u00bb#FFFFFF\u00a0\u00bb title_font=\u00a0\u00bb|700|||||||\u00a0\u00bb title_font_size=\u00a0\u00bb14px\u00a0\u00bb title_line_height=\u00a0\u00bb1.4em\u00a0\u00bb body_font=\u00a0\u00bb||||||||\u00a0\u00bb body_line_height=\u00a0\u00bb2em\u00a0\u00bb custom_margin=\u00a0\u00bb||0px|\u00a0\u00bb custom_padding=\u00a0\u00bb10px||10px||true\u00a0\u00bb animation_style=\u00a0\u00bbzoom\u00a0\u00bb animation_intensity_zoom=\u00a0\u00bb10%\u00a0\u00bb hover_enabled=\u00a0\u00bb0&Prime; border_radii=\u00a0\u00bbon|10px|10px|10px|10px\u00a0\u00bb border_width_all=\u00a0\u00bb0px\u00a0\u00bb border_width_bottom=\u00a0\u00bb2px\u00a0\u00bb border_color_bottom=\u00a0\u00bbrgba(0,0,0,0.22)\u00a0\u00bb locked=\u00a0\u00bboff\u00a0\u00bb global_colors_info=\u00a0\u00bb{}\u00a0\u00bb sticky_enabled=\u00a0\u00bb0&Prime;]\n<p><a href=\"https:\/\/etab.ac-reunion.fr\/lyc-marie-curie\/wp-content\/uploads\/sites\/30\/2022\/02\/PRESENTATION-SPECIALITE-PHYSIQUE-CHIMIE.pdf\" target=\"_blank\" rel=\"noopener\"><span style=\"color: #ffffff\">T\u00e9l\u00e9charger la brochure<\/span><\/a><\/p>\n[\/et_pb_toggle][\/et_pb_column][\/et_pb_section]\n<!-- AddThis Advanced Settings generic via filter on the_content --><!-- AddThis Share Buttons generic via filter on the_content -->","protected":false},"excerpt":{"rendered":"<p>PHYSIQUE-CHIMIE La sp\u00e9cialit\u00e9 physique et chimie pr\u00e9pare les \u00e9l\u00e8ves \u00e0 des poursuites d&rsquo;\u00e9tudes dans les domaines scientifiques : sant\u00e9, agro alimentaire, recherche, ing\u00e9nierie, astrophysique, pharmacie, police, militaire, biochimie, &#8230; La [&hellip;]<\/p>\n<p><!-- AddThis Advanced Settings generic via filter on get_the_excerpt --><!-- AddThis Share Buttons generic via filter on get_the_excerpt --><\/p>\n","protected":false},"author":27912,"featured_media":0,"parent":7868,"menu_order":0,"comment_status":"closed","ping_status":"closed","template":"","meta":{"_et_pb_use_builder":"on","_et_pb_old_content":"","_et_gb_content_width":"","footnotes":"","_links_to":"","_links_to_target":""},"class_list":["post-11648","page","type-page","status-publish","hentry"],"_links":{"self":[{"href":"https:\/\/etab.ac-reunion.fr\/lyc-marie-curie\/wp-json\/wp\/v2\/pages\/11648","targetHints":{"allow":["GET"]}}],"collection":[{"href":"https:\/\/etab.ac-reunion.fr\/lyc-marie-curie\/wp-json\/wp\/v2\/pages"}],"about":[{"href":"https:\/\/etab.ac-reunion.fr\/lyc-marie-curie\/wp-json\/wp\/v2\/types\/page"}],"author":[{"embeddable":true,"href":"https:\/\/etab.ac-reunion.fr\/lyc-marie-curie\/wp-json\/wp\/v2\/users\/27912"}],"replies":[{"embeddable":true,"href":"https:\/\/etab.ac-reunion.fr\/lyc-marie-curie\/wp-json\/wp\/v2\/comments?post=11648"}],"version-history":[{"count":10,"href":"https:\/\/etab.ac-reunion.fr\/lyc-marie-curie\/wp-json\/wp\/v2\/pages\/11648\/revisions"}],"predecessor-version":[{"id":12853,"href":"https:\/\/etab.ac-reunion.fr\/lyc-marie-curie\/wp-json\/wp\/v2\/pages\/11648\/revisions\/12853"}],"up":[{"embeddable":true,"href":"https:\/\/etab.ac-reunion.fr\/lyc-marie-curie\/wp-json\/wp\/v2\/pages\/7868"}],"wp:attachment":[{"href":"https:\/\/etab.ac-reunion.fr\/lyc-marie-curie\/wp-json\/wp\/v2\/media?parent=11648"}],"curies":[{"name":"wp","href":"https:\/\/api.w.org\/{rel}","templated":true}]}}