{"id":11779,"date":"2022-09-01T22:36:37","date_gmt":"2022-09-01T18:36:37","guid":{"rendered":"https:\/\/etab.ac-reunion.fr\/lyc-marie-curie\/?page_id=11779"},"modified":"2022-09-01T22:45:53","modified_gmt":"2022-09-01T18:45:53","slug":"actualites-de-letablissement-2","status":"publish","type":"page","link":"https:\/\/etab.ac-reunion.fr\/lyc-marie-curie\/actualites-de-letablissement-2\/","title":{"rendered":"Mentions l\u00e9gales"},"content":{"rendered":"[et_pb_section fb_built=\u00a0\u00bb1&Prime; fullwidth=\u00a0\u00bbon\u00a0\u00bb _builder_version=\u00a0\u00bb4.16&Prime; background_color=\u00a0\u00bb#2ea3f2&Prime; use_background_color_gradient=\u00a0\u00bbon\u00a0\u00bb background_color_gradient_direction=\u00a0\u00bb330deg\u00a0\u00bb background_color_gradient_stops=\u00a0\u00bb#2ea3f2 0%|#2e6df4 100%\u00a0\u00bb background_color_gradient_start=\u00a0\u00bb#2ea3f2&Prime; background_color_gradient_end=\u00a0\u00bb#2e6df4&Prime; global_colors_info=\u00a0\u00bb{}\u00a0\u00bb][et_pb_fullwidth_header title=\u00a0\u00bbMentions L\u00e9gales\u00a0\u00bb content_max_width=\u00a0\u00bbnone\u00a0\u00bb _builder_version=\u00a0\u00bb4.18.0&Prime; title_font=\u00a0\u00bb|800|||||||\u00a0\u00bb title_text_color=\u00a0\u00bb#000000&Prime; background_color=\u00a0\u00bb#FFFFFF\u00a0\u00bb global_colors_info=\u00a0\u00bb{}\u00a0\u00bb button_one_text_size__hover_enabled=\u00a0\u00bboff\u00a0\u00bb button_two_text_size__hover_enabled=\u00a0\u00bboff\u00a0\u00bb button_one_text_color__hover_enabled=\u00a0\u00bboff\u00a0\u00bb button_two_text_color__hover_enabled=\u00a0\u00bboff\u00a0\u00bb button_one_border_width__hover_enabled=\u00a0\u00bboff\u00a0\u00bb button_two_border_width__hover_enabled=\u00a0\u00bboff\u00a0\u00bb button_one_border_color__hover_enabled=\u00a0\u00bboff\u00a0\u00bb button_two_border_color__hover_enabled=\u00a0\u00bboff\u00a0\u00bb button_one_border_radius__hover_enabled=\u00a0\u00bboff\u00a0\u00bb button_two_border_radius__hover_enabled=\u00a0\u00bboff\u00a0\u00bb button_one_letter_spacing__hover_enabled=\u00a0\u00bboff\u00a0\u00bb button_two_letter_spacing__hover_enabled=\u00a0\u00bboff\u00a0\u00bb button_one_bg_color__hover_enabled=\u00a0\u00bboff\u00a0\u00bb button_two_bg_color__hover_enabled=\u00a0\u00bboff\u00a0\u00bb][\/et_pb_fullwidth_header][\/et_pb_section][et_pb_section fb_built=\u00a0\u00bb1&Prime; _builder_version=\u00a0\u00bb4.16&Prime; global_colors_info=\u00a0\u00bb{}\u00a0\u00bb][et_pb_row _builder_version=\u00a0\u00bb4.16&Prime; background_size=\u00a0\u00bbinitial\u00a0\u00bb background_position=\u00a0\u00bbtop_left\u00a0\u00bb background_repeat=\u00a0\u00bbrepeat\u00a0\u00bb global_colors_info=\u00a0\u00bb{}\u00a0\u00bb][et_pb_column type=\u00a0\u00bb4_4&Prime; _builder_version=\u00a0\u00bb4.16&Prime; custom_padding=\u00a0\u00bb|||\u00a0\u00bb global_colors_info=\u00a0\u00bb{}\u00a0\u00bb custom_padding__hover=\u00a0\u00bb|||\u00a0\u00bb][et_pb_text _builder_version=\u00a0\u00bb4.18.0&Prime; _module_preset=\u00a0\u00bbdefault\u00a0\u00bb global_colors_info=\u00a0\u00bb{}\u00a0\u00bb]\n<p><strong>Editeur :<\/strong><\/p>\n<div class=\"et_pb_toggle_content clearfix\">\n<p>Lyc\u00e9e Marie CURIE<br \/>81 rue Roger Dijoux<br \/>BP126<br \/>97437 Sainte-Anne<br \/>La R\u00e9union<br \/>0262 94 46 46<\/p>\n<p>&nbsp;<\/p>\n<p><strong>Directeur de publication :<\/strong><\/p>\n<p>Alain BIDEGAIMBERRY, Proviseur<\/p>\n<p>&nbsp;<\/p>\n<p><strong>Conception et r\u00e9alisation :<\/strong><\/p>\n<p>Yoan AH-SENG, webmestre<\/p>\n<p>&nbsp;<\/p>\n<p><strong>Fournisseur de l&rsquo;h\u00e9bergement :<\/strong><\/p>\n<p><a href=\"https:\/\/www.ac-reunion.fr\/\"><span style=\"color: #0000ff\">Rectorat de l\u2019Acad\u00e9mie de La R\u00e9union<\/span><\/a><br \/>Secr\u00e9tariat g\u00e9n\u00e9ral \u2013 Service Communication<br \/>24, Avenue Georges Brassens \u2013 97702 \u2013 St-Denis \u2013 Messag Cedex 9<\/p>\n<p>&nbsp;<\/p>\n<p><strong>Propri\u00e9t\u00e9 intellectuelle :<\/strong><\/p>\n<p>Les photographies, textes, slogans, dessins, images, ainsi que toutes les \u0153uvres int\u00e9gr\u00e9es dans le site sont la propri\u00e9t\u00e9 de l\u2019\u00e9diteur du site ou de tiers ayant autoris\u00e9 l\u2019\u00e9diteur du site \u00e0 les utiliser.<br \/>Toute reproduction totale ou partielle de ces \u00e9l\u00e9ments sans l\u2019autorisation expresse de l\u2019exploitant du site Internet ou de ses ayant-droit est prohib\u00e9e, au sens de l\u2019article L713-2 du CPI.<\/p>\n<\/div>\n[\/et_pb_text][\/et_pb_column][\/et_pb_row][\/et_pb_section]\n<!-- AddThis Advanced Settings generic via filter on the_content --><!-- AddThis Share Buttons generic via filter on the_content -->","protected":false},"excerpt":{"rendered":"<p>Editeur : Lyc\u00e9e Marie CURIE81 rue Roger DijouxBP12697437 Sainte-AnneLa R\u00e9union0262 94 46 46 &nbsp; Directeur de publication : Alain BIDEGAIMBERRY, Proviseur &nbsp; Conception et r\u00e9alisation : Yoan AH-SENG, webmestre &nbsp; [&hellip;]<\/p>\n<p><!-- AddThis Advanced Settings generic via filter on get_the_excerpt --><!-- AddThis Share Buttons generic via filter on get_the_excerpt --><\/p>\n","protected":false},"author":27912,"featured_media":0,"parent":0,"menu_order":0,"comment_status":"closed","ping_status":"closed","template":"","meta":{"_et_pb_use_builder":"on","_et_pb_old_content":"","_et_gb_content_width":"","footnotes":"","_links_to":"","_links_to_target":""},"class_list":["post-11779","page","type-page","status-publish","hentry"],"_links":{"self":[{"href":"https:\/\/etab.ac-reunion.fr\/lyc-marie-curie\/wp-json\/wp\/v2\/pages\/11779","targetHints":{"allow":["GET"]}}],"collection":[{"href":"https:\/\/etab.ac-reunion.fr\/lyc-marie-curie\/wp-json\/wp\/v2\/pages"}],"about":[{"href":"https:\/\/etab.ac-reunion.fr\/lyc-marie-curie\/wp-json\/wp\/v2\/types\/page"}],"author":[{"embeddable":true,"href":"https:\/\/etab.ac-reunion.fr\/lyc-marie-curie\/wp-json\/wp\/v2\/users\/27912"}],"replies":[{"embeddable":true,"href":"https:\/\/etab.ac-reunion.fr\/lyc-marie-curie\/wp-json\/wp\/v2\/comments?post=11779"}],"version-history":[{"count":4,"href":"https:\/\/etab.ac-reunion.fr\/lyc-marie-curie\/wp-json\/wp\/v2\/pages\/11779\/revisions"}],"predecessor-version":[{"id":11787,"href":"https:\/\/etab.ac-reunion.fr\/lyc-marie-curie\/wp-json\/wp\/v2\/pages\/11779\/revisions\/11787"}],"wp:attachment":[{"href":"https:\/\/etab.ac-reunion.fr\/lyc-marie-curie\/wp-json\/wp\/v2\/media?parent=11779"}],"curies":[{"name":"wp","href":"https:\/\/api.w.org\/{rel}","templated":true}]}}