{"id":14351,"date":"2024-05-28T17:00:14","date_gmt":"2024-05-28T13:00:14","guid":{"rendered":"https:\/\/etab.ac-reunion.fr\/lyc-marie-curie\/?page_id=14351"},"modified":"2024-05-28T17:00:15","modified_gmt":"2024-05-28T13:00:15","slug":"formation-par-la-voie-de-lapprentissage","status":"publish","type":"page","link":"https:\/\/etab.ac-reunion.fr\/lyc-marie-curie\/page-daccueil-dvi-2-2\/pedagogie\/formation-par-la-voie-de-lapprentissage\/","title":{"rendered":"Formation par la voie de l&rsquo;apprentissage"},"content":{"rendered":"[et_pb_section fb_built=\u00a0\u00bb1&Prime; fullwidth=\u00a0\u00bbon\u00a0\u00bb admin_label=\u00a0\u00bbHero\u00a0\u00bb _builder_version=\u00a0\u00bb4.16&Prime; background_image=\u00a0\u00bbhttps:\/\/etab.ac-reunion.fr\/lyc-marie-curie\/wp-content\/uploads\/sites\/30\/2013\/10\/2613-Copier-e1398401374727.jpg\u00a0\u00bb background_size=\u00a0\u00bbinitial\u00a0\u00bb custom_padding=\u00a0\u00bb||151px|||\u00a0\u00bb global_colors_info=\u00a0\u00bb{}\u00a0\u00bb][\/et_pb_section][et_pb_section fb_built=\u00a0\u00bb1&Prime; _builder_version=\u00a0\u00bb4.25.1&Prime; _module_preset=\u00a0\u00bbdefault\u00a0\u00bb global_colors_info=\u00a0\u00bb{}\u00a0\u00bb][et_pb_row column_structure=\u00a0\u00bb1_5,3_5,1_5&Prime; _builder_version=\u00a0\u00bb4.25.1&Prime; _module_preset=\u00a0\u00bbdefault\u00a0\u00bb global_colors_info=\u00a0\u00bb{}\u00a0\u00bb][et_pb_column type=\u00a0\u00bb1_5&Prime; _builder_version=\u00a0\u00bb4.25.1&Prime; _module_preset=\u00a0\u00bbdefault\u00a0\u00bb global_colors_info=\u00a0\u00bb{}\u00a0\u00bb][et_pb_blurb title=\u00a0\u00bbFormation par la voie de l&rsquo;apprentissage\u00a0\u00bb _builder_version=\u00a0\u00bb4.25.1&Prime; _module_preset=\u00a0\u00bbdefault\u00a0\u00bb header_font=\u00a0\u00bb|700|||||||\u00a0\u00bb header_font_size=\u00a0\u00bb14px\u00a0\u00bb background_color=\u00a0\u00bbrgba(138,98,171,0.71)\u00a0\u00bb background_layout=\u00a0\u00bbdark\u00a0\u00bb custom_margin=\u00a0\u00bb|||20px|false|false\u00a0\u00bb custom_padding=\u00a0\u00bb14px|20px|14px|20px|false|false\u00a0\u00bb border_radii=\u00a0\u00bbon|10px|10px|10px|10px\u00a0\u00bb global_colors_info=\u00a0\u00bb{}\u00a0\u00bb][\/et_pb_blurb][\/et_pb_column][et_pb_column type=\u00a0\u00bb3_5&Prime; _builder_version=\u00a0\u00bb4.25.1&Prime; _module_preset=\u00a0\u00bbdefault\u00a0\u00bb global_colors_info=\u00a0\u00bb{}\u00a0\u00bb][et_pb_text _builder_version=\u00a0\u00bb4.25.1&Prime; _module_preset=\u00a0\u00bbdefault\u00a0\u00bb background_color=\u00a0\u00bb#FFFFFF\u00a0\u00bb custom_padding=\u00a0\u00bb25px|50px|25px|50px|true|true\u00a0\u00bb border_radii=\u00a0\u00bbon|10px|10px|10px|10px\u00a0\u00bb border_width_all=\u00a0\u00bb2px\u00a0\u00bb box_shadow_style=\u00a0\u00bbpreset6&Prime; global_colors_info=\u00a0\u00bb{}\u00a0\u00bb]\n<p style=\"text-indent: 0px;margin: 0px\"><span style=\"color: #000000\">Pour l&rsquo;acad\u00e9mie, l&rsquo;apprentissage est port\u00e9 par le <\/span><span style=\"color: #000000\">GIP<\/span><span style=\"color: #000000\">&#8211;<\/span><span style=\"color: #000000\">FCIP<\/span><span style=\"color: #000000\"> via le <\/span><span style=\"color: #000000\">CFA<\/span><span style=\"color: #000000\"> Acad\u00e9mique. Le Lyc\u00e9e Marie Curie, Unit\u00e9 de Formation par Apprentissage (<\/span><span style=\"color: #000000\">UFA<\/span><span style=\"color: #000000\">) du <\/span><span style=\"color: #000000\">CFA<\/span><span style=\"color: #000000\"> Acad\u00e9mique, met en \u0153uvre des formations par l&rsquo;apprentissage.<\/span><\/p>\n<p style=\"text-indent: 0px;margin: 0px\"><span style=\"color: #000000\">Pour en savoir plus sur le <\/span><span style=\"color: #000000\">CFA<\/span><span style=\"color: #000000\"> Acad\u00e9mique : <a href=\"https:\/\/ftlvreunion.fr\/navigation-principale\/notre-reseau\/notre-reseau\/organisation-du-reseau-de-la-formation-professionnelle.html\">Organisation du r\u00e9seau de la formation professionnelle | <\/a><\/span><a href=\"https:\/\/ftlvreunion.fr\/navigation-principale\/notre-reseau\/notre-reseau\/organisation-du-reseau-de-la-formation-professionnelle.html\"><span style=\"color: #000000\">FTLV<\/span><\/a><span style=\"color: #000000\"><a href=\"https:\/\/ftlvreunion.fr\/navigation-principale\/notre-reseau\/notre-reseau\/organisation-du-reseau-de-la-formation-professionnelle.html\"> R\u00e9union<\/a><br \/><\/span><\/p>\n[\/et_pb_text][et_pb_text _builder_version=\u00a0\u00bb4.25.1&Prime; _module_preset=\u00a0\u00bbdefault\u00a0\u00bb background_color=\u00a0\u00bb#FFFFFF\u00a0\u00bb custom_padding=\u00a0\u00bb25px|50px|25px|50px|true|true\u00a0\u00bb border_radii=\u00a0\u00bbon|10px|10px|10px|10px\u00a0\u00bb border_width_all=\u00a0\u00bb2px\u00a0\u00bb box_shadow_style=\u00a0\u00bbpreset6&Prime; global_colors_info=\u00a0\u00bb{}\u00a0\u00bb]\n<h4 style=\"text-indent: 0px;margin: 0px\"><strong><span style=\"color: #000000\">El\u00e9ments relatifs aux r\u00e9sultats du <\/span><span style=\"color: #000000\">CFA<\/span><span style=\"color: #000000\"> Acad\u00e9mique :<\/span><\/strong><\/h4>\n<p style=\"text-indent: 0px;margin: 0px\"><span style=\"color: #000000\">Retrouvez \u00e0 cette infographie, tous les r\u00e9sultats du <\/span><span style=\"color: #000000\">CFA<\/span><span style=\"color: #000000\"> Acad\u00e9mique pour la p\u00e9riode 2022 &#8211; 2023, toutes actions de formation par la voie de l&rsquo;apprentissage confondues.<\/span><\/p>\n<p style=\"text-indent: 0px;margin: 0px\"><span style=\"color: #000000\">Lien : <\/span><span style=\"text-decoration: underline\"><a href=\"https:\/\/ftlvreunion.fr\/fileadmin\/user_upload\/a_telecharger\/Resultats_globaux_du_CFAacademique_2022-2023.pdf\"><span style=\"color: #000000;text-decoration: underline\">RESULTATS<\/span><span style=\"color: #000000;text-decoration: underline\"> ANNUELS CERTIFICATIONS <\/span><span style=\"color: #000000;text-decoration: underline\">RESEAU<\/span><span style=\"color: #000000;text-decoration: underline\"> SESSION 2023<\/span><\/a><\/span><\/p>\n<p style=\"text-indent: 0px;margin: 0px\"><span style=\"text-decoration: underline\"><span style=\"color: #000000;text-decoration: underline\"><\/span><\/span><\/p>\n<p style=\"text-indent: 0px;margin: 0px\"><span style=\"text-decoration: underline\"><span style=\"color: #000000;text-decoration: underline\"><a href=\"https:\/\/etab.ac-reunion.fr\/lyc-marie-curie\/wp-content\/uploads\/sites\/30\/2024\/05\/Indicateurs-CFA-Academique.jpg\"><img loading=\"lazy\" decoding=\"async\" src=\"https:\/\/etab.ac-reunion.fr\/lyc-marie-curie\/wp-content\/uploads\/sites\/30\/2024\/05\/Indicateurs-CFA-Academique.jpg\" width=\"799\" height=\"448\" alt=\"\" class=\"wp-image-14390 aligncenter size-full\" srcset=\"https:\/\/etab.ac-reunion.fr\/lyc-marie-curie\/wp-content\/uploads\/sites\/30\/2024\/05\/Indicateurs-CFA-Academique.jpg 799w, https:\/\/etab.ac-reunion.fr\/lyc-marie-curie\/wp-content\/uploads\/sites\/30\/2024\/05\/Indicateurs-CFA-Academique-480x269.jpg 480w\" sizes=\"(min-width: 0px) and (max-width: 480px) 480px, (min-width: 481px) 799px, 100vw\" \/><\/a><\/span><\/span><\/p>\n<p style=\"text-indent: 0px;margin: 0px\">[\/et_pb_text][et_pb_text _builder_version=\u00a0\u00bb4.25.1&Prime; _module_preset=\u00a0\u00bbdefault\u00a0\u00bb background_color=\u00a0\u00bb#FFFFFF\u00a0\u00bb custom_padding=\u00a0\u00bb25px|50px|25px|50px|true|true\u00a0\u00bb border_radii=\u00a0\u00bbon|10px|10px|10px|10px\u00a0\u00bb border_width_all=\u00a0\u00bb2px\u00a0\u00bb box_shadow_style=\u00a0\u00bbpreset6&Prime; global_colors_info=\u00a0\u00bb{}\u00a0\u00bb]\n<h4 style=\"text-indent: 0px;margin: 0px\"><strong><span style=\"color: #000000\">El\u00e9ments relatifs \u00e0 la <\/span><span style=\"color: #000000\">labellisation<\/span><\/strong><span style=\"color: #000000\"><strong> qualit\u00e9 des actions en apprentissage :<\/strong> <\/span><\/h4>\n<p style=\"text-indent: 0px;margin: 0px\"><span style=\"color: #000000\">Les actions d&rsquo;apprentissage r\u00e9alis\u00e9es dans le cadre du contrat d&rsquo;apprentissage par le <\/span><span style=\"color: #000000\">CFA<\/span><span style=\"color: #000000\"> Acad\u00e9mique et <\/span><span style=\"color: #000000\">l&rsquo;UFA<\/span><span style=\"color: #000000\"> Marie Curie sont labellis\u00e9es <\/span><span style=\"color: #000000\">Eduform<\/span><span style=\"color: #000000\">. Le label qualit\u00e9 de <\/span><span style=\"color: #000000\">l&rsquo;Education<\/span><span style=\"color: #000000\"> Nationale pour la formation professionnelle garantissant la conformit\u00e9 et la qualit\u00e9 des prestations de formation professionnelle.<\/span><\/p>\n<p style=\"text-indent: 0px;margin: 0px\"><span style=\"color: #000000\">Pour en savoir plus : lien vers le site <\/span><span style=\"color: #000000\">FTLV<\/span><span style=\"color: #000000\"> R\u00e9union &#8211; <a href=\"https:\/\/ftlvreunion.fr\/navigation-principale\/notre-reseau\/nos-engagements-nos-formations-et-dispositifs\/label-eduform-et-certification-qualiopi.html\">Label <\/a><\/span><a href=\"https:\/\/ftlvreunion.fr\/navigation-principale\/notre-reseau\/nos-engagements-nos-formations-et-dispositifs\/label-eduform-et-certification-qualiopi.html\"><span style=\"text-decoration: underline;color: #000000\">Eduform<\/span><span style=\"color: #000000\"> et Certification <\/span><span style=\"text-decoration: underline;color: #000000\">Qualiopi<\/span><span style=\"color: #000000\"> | <\/span><span style=\"text-decoration: underline;color: #000000\">FTLV<\/span><\/a><span style=\"color: #000000\"><a href=\"https:\/\/ftlvreunion.fr\/navigation-principale\/notre-reseau\/nos-engagements-nos-formations-et-dispositifs\/label-eduform-et-certification-qualiopi.html\"> R\u00e9union<\/a><br \/><\/span><\/p>\n[\/et_pb_text][\/et_pb_column][et_pb_column type=\u00a0\u00bb1_5&Prime; _builder_version=\u00a0\u00bb4.25.1&Prime; _module_preset=\u00a0\u00bbdefault\u00a0\u00bb global_colors_info=\u00a0\u00bb{}\u00a0\u00bb][\/et_pb_column][\/et_pb_row][\/et_pb_section]\n<!-- AddThis Advanced Settings generic via filter on the_content --><!-- AddThis Share Buttons generic via filter on the_content -->","protected":false},"excerpt":{"rendered":"<p>Pour l&rsquo;acad\u00e9mie, l&rsquo;apprentissage est port\u00e9 par le GIP-FCIP via le CFA Acad\u00e9mique. Le Lyc\u00e9e Marie Curie, Unit\u00e9 de Formation par Apprentissage (UFA) du CFA Acad\u00e9mique, met en \u0153uvre des formations [&hellip;]<\/p>\n<p><!-- AddThis Advanced Settings generic via filter on get_the_excerpt --><!-- AddThis Share Buttons generic via filter on get_the_excerpt --><\/p>\n","protected":false},"author":27912,"featured_media":0,"parent":7868,"menu_order":0,"comment_status":"closed","ping_status":"closed","template":"","meta":{"_et_pb_use_builder":"on","_et_pb_old_content":"","_et_gb_content_width":"","footnotes":"","_links_to":"","_links_to_target":""},"class_list":["post-14351","page","type-page","status-publish","hentry"],"_links":{"self":[{"href":"https:\/\/etab.ac-reunion.fr\/lyc-marie-curie\/wp-json\/wp\/v2\/pages\/14351","targetHints":{"allow":["GET"]}}],"collection":[{"href":"https:\/\/etab.ac-reunion.fr\/lyc-marie-curie\/wp-json\/wp\/v2\/pages"}],"about":[{"href":"https:\/\/etab.ac-reunion.fr\/lyc-marie-curie\/wp-json\/wp\/v2\/types\/page"}],"author":[{"embeddable":true,"href":"https:\/\/etab.ac-reunion.fr\/lyc-marie-curie\/wp-json\/wp\/v2\/users\/27912"}],"replies":[{"embeddable":true,"href":"https:\/\/etab.ac-reunion.fr\/lyc-marie-curie\/wp-json\/wp\/v2\/comments?post=14351"}],"version-history":[{"count":4,"href":"https:\/\/etab.ac-reunion.fr\/lyc-marie-curie\/wp-json\/wp\/v2\/pages\/14351\/revisions"}],"predecessor-version":[{"id":14394,"href":"https:\/\/etab.ac-reunion.fr\/lyc-marie-curie\/wp-json\/wp\/v2\/pages\/14351\/revisions\/14394"}],"up":[{"embeddable":true,"href":"https:\/\/etab.ac-reunion.fr\/lyc-marie-curie\/wp-json\/wp\/v2\/pages\/7868"}],"wp:attachment":[{"href":"https:\/\/etab.ac-reunion.fr\/lyc-marie-curie\/wp-json\/wp\/v2\/media?parent=14351"}],"curies":[{"name":"wp","href":"https:\/\/api.w.org\/{rel}","templated":true}]}}