{"id":271,"date":"2013-12-10T05:13:13","date_gmt":"2013-12-10T01:13:13","guid":{"rendered":"http:\/\/lycee-marie-curie.ac-reunion.fr\/?page_id=271"},"modified":"2025-12-03T08:53:37","modified_gmt":"2025-12-03T04:53:37","slug":"contacts-2","status":"publish","type":"page","link":"https:\/\/etab.ac-reunion.fr\/lyc-marie-curie\/page-daccueil-dvi-2-2\/vie-de-letablissement\/contacts-2\/","title":{"rendered":"Contacts"},"content":{"rendered":"[et_pb_section admin_label=\u00a0\u00bbsection\u00a0\u00bb]\n\t\t\t[et_pb_row admin_label=\u00a0\u00bbrow\u00a0\u00bb]\n\t\t\t\t[et_pb_column type=\u00a0\u00bb4_4&Prime;][et_pb_text admin_label=\u00a0\u00bbText\u00a0\u00bb]Contactez-nous<\/p>\n<p><!--more--><\/p>\n<h5>LYCEE MARIE CURIE REUNION<br \/>\n81 rue Roger Dijoux. BP126<br \/>\n97437 Sainte Anne. La R\u00e9union<\/h5>\n<div class=\"su-service\"><div class=\"su-service-title\" style=\"padding-left:44px;min-height:30px;line-height:30px\"><i class=\"sui sui-compress\" style=\"font-size:30px;color:#519b99\"><\/i> Accueil - Loge<\/div><div class=\"su-service-content su-u-clearfix su-u-trim\" style=\"padding-left:44px\"><\/div><\/div>\n\n<table id=\"tablepress-10\" class=\"tablepress tablepress-id-10\">\n<thead>\n<tr class=\"row-1\">\n\t<th class=\"column-1\">Fonction<\/th><th class=\"column-2\">Contact<\/th><th class=\"column-3\">T\u00e9l\u00e9phone<\/th><th class=\"column-4\">Fax<\/th>\n<\/tr>\n<\/thead>\n<tbody class=\"row-striping row-hover\">\n<tr class=\"row-2\">\n\t<td class=\"column-1\"><strong>Accueil - Loge<\/strong><\/td><td class=\"column-2\">Mme MAHE Vivienne<\/td><td class=\"column-3\">0262 94 46 46<\/td><td class=\"column-4\">0262 94 46 50<\/td>\n<\/tr>\n<\/tbody>\n<\/table>\n<!-- #tablepress-10 from cache -->\n<div class=\"su-service\"><div class=\"su-service-title\" style=\"padding-left:44px;min-height:30px;line-height:30px\"><i class=\"sui sui-institution\" style=\"font-size:30px;color:#ef4837\"><\/i> Direction d'\u00e9tablissement<\/div><div class=\"su-service-content su-u-clearfix su-u-trim\" style=\"padding-left:44px\"><\/div><\/div>\n\n<table id=\"tablepress-12\" class=\"tablepress tablepress-id-12\">\n<thead>\n<tr class=\"row-1\">\n\t<th class=\"column-1\">Fonction<\/th><th class=\"column-2\">Contact<\/th><th class=\"column-3\">T\u00e9l\u00e9phone<\/th>\n<\/tr>\n<\/thead>\n<tbody class=\"row-striping row-hover\">\n<tr class=\"row-2\">\n\t<td class=\"column-1\"><strong>Proviseur<\/strong><\/td><td class=\"column-2\"><strong>M BIDEGAIMBERRY Alain<\/strong><\/td><td class=\"column-3\"><\/td>\n<\/tr>\n<tr class=\"row-3\">\n\t<td class=\"column-1\"><strong>Proviseur-adjoint<\/strong><\/td><td class=\"column-2\"><strong>M DIDIER Pascal<\/strong><\/td><td class=\"column-3\"><\/td>\n<\/tr>\n<tr class=\"row-4\">\n\t<td class=\"column-1\"><strong>Secr\u00e9tariat de direction 1<\/strong><\/td><td class=\"column-2\"><strong>Mme GRIMAUD Fara<\/strong><\/td><td class=\"column-3\"><br \/>\n<\/td>\n<\/tr>\n<tr class=\"row-5\">\n\t<td class=\"column-1\"><strong>Secr\u00e9tariat de direction 2<\/strong><\/td><td class=\"column-2\"><strong>Mme EDMOND Jessica<\/strong><\/td><td class=\"column-3\"><\/td>\n<\/tr>\n<tr class=\"row-6\">\n\t<td class=\"column-1\"><strong>Secr\u00e9tariat BDE \/ IFAS-IFAP<\/strong><\/td><td class=\"column-2\"><strong>Mme BOYER Jessica<\/strong><\/td><td class=\"column-3\"><\/td>\n<\/tr>\n<\/tbody>\n<\/table>\n<!-- #tablepress-12 from cache -->\n<div class=\"su-service\"><div class=\"su-service-title\" style=\"padding-left:44px;min-height:30px;line-height:30px\"><i class=\"sui sui-gears\" style=\"font-size:30px;color:#ef4837\"><\/i> Direction d'\u00e9tablissement - Conseillers Principaux d'Education<\/div><div class=\"su-service-content su-u-clearfix su-u-trim\" style=\"padding-left:44px\"><\/div><\/div>\n\n<table id=\"tablepress-14\" class=\"tablepress tablepress-id-14\">\n<thead>\n<tr class=\"row-1\">\n\t<th class=\"column-1\">Fonction<\/th><th class=\"column-2\">Contact<\/th><th class=\"column-3\">T\u00e9l\u00e9phone<\/th>\n<\/tr>\n<\/thead>\n<tbody class=\"row-striping row-hover\">\n<tr class=\"row-2\">\n\t<td class=\"column-1\"><strong>Conseiller Principal d'Education<\/strong><\/td><td class=\"column-2\"><strong>M BOYER Olivier<\/strong><\/td><td class=\"column-3\"><\/td>\n<\/tr>\n<tr class=\"row-3\">\n\t<td class=\"column-1\"><strong>Conseiller Principal d'Education<\/strong><\/td><td class=\"column-2\"><strong>Mme HOARAU Karen<\/strong><\/td><td class=\"column-3\"><\/td>\n<\/tr>\n<\/tbody>\n<\/table>\n<!-- #tablepress-14 from cache -->\n<div class=\"su-service\"><div class=\"su-service-title\" style=\"padding-left:44px;min-height:30px;line-height:30px\"><i class=\"sui sui-euro\" style=\"font-size:30px;color:#ef4837\"><\/i> Direction d'\u00e9tablissement - Service de gestion<\/div><div class=\"su-service-content su-u-clearfix su-u-trim\" style=\"padding-left:44px\"><\/div><\/div>\n\n<table id=\"tablepress-13\" class=\"tablepress tablepress-id-13\">\n<thead>\n<tr class=\"row-1\">\n\t<th class=\"column-1\">Fonction<\/th><th class=\"column-2\">Contact<\/th><th class=\"column-3\">T\u00e9l\u00e9phone<\/th>\n<\/tr>\n<\/thead>\n<tbody class=\"row-striping row-hover\">\n<tr class=\"row-2\">\n\t<td class=\"column-1\"><strong>Gestionnaire<\/strong><\/td><td class=\"column-2\"><strong>Mme SAUTRON Marie-Pierre<\/strong><\/td><td class=\"column-3\"><\/td>\n<\/tr>\n<tr class=\"row-3\">\n\t<td class=\"column-1\"><strong>Secr\u00e9tariat de gestion 1<\/strong><\/td><td class=\"column-2\"><strong>Mme ATTIAVE Rosemonde<\/strong><\/td><td class=\"column-3\"><\/td>\n<\/tr>\n<tr class=\"row-4\">\n\t<td class=\"column-1\"><\/td><td class=\"column-2\"><\/td><td class=\"column-3\"><\/td>\n<\/tr>\n<\/tbody>\n<\/table>\n<!-- #tablepress-13 from cache -->\n<div class=\"su-service\"><div class=\"su-service-title\" style=\"padding-left:44px;min-height:30px;line-height:30px\"><i class=\"sui sui-gear\" style=\"font-size:30px;color:#ef4837\"><\/i> Direction d'\u00e9tablissement - Chef des travaux<\/div><div class=\"su-service-content su-u-clearfix su-u-trim\" style=\"padding-left:44px\"><\/div><\/div>\n\n<table id=\"tablepress-17\" class=\"tablepress tablepress-id-17\">\n<thead>\n<tr class=\"row-1\">\n\t<th class=\"column-1\">Fonction<\/th><th class=\"column-2\">Contact<\/th><th class=\"column-3\">T\u00e9l\u00e9phone<\/th>\n<\/tr>\n<\/thead>\n<tbody class=\"row-striping row-hover\">\n<tr class=\"row-2\">\n\t<td class=\"column-1\"><strong>Directeur d\u00e9l\u00e9gu\u00e9 aux formations  professionnelles et technologiques <\/strong><\/td><td class=\"column-2\"><strong>M ALAMELOU Willy<\/strong><\/td><td class=\"column-3\"><\/td>\n<\/tr>\n<tr class=\"row-3\">\n\t<td class=\"column-1\"><strong>Assistant au Directreur d\u00e9l\u00e9gu\u00e9 aux formations  professionnelles et technologiques<\/strong><\/td><td class=\"column-2\"><strong>M HUARD Arnaud<\/strong><\/td><td class=\"column-3\"><\/td>\n<\/tr>\n<\/tbody>\n<\/table>\n<!-- #tablepress-17 from cache -->\n<div class=\"su-service\"><div class=\"su-service-title\" style=\"padding-left:44px;min-height:30px;line-height:30px\"><i class=\"sui sui-gear\" style=\"font-size:30px;color:#ef4837\"><\/i> Campus des m\u00e9tiers<\/div><div class=\"su-service-content su-u-clearfix su-u-trim\" style=\"padding-left:44px\"><\/div><\/div>\n\n<table id=\"tablepress-28\" class=\"tablepress tablepress-id-28\">\n<thead>\n<tr class=\"row-1\">\n\t<th class=\"column-1\">Fonction<\/th><th class=\"column-2\">Contact<\/th><th class=\"column-3\">T\u00e9l\u00e9phone<\/th>\n<\/tr>\n<\/thead>\n<tbody class=\"row-striping row-hover\">\n<tr class=\"row-2\">\n\t<td class=\"column-1\"><strong>Campus des m\u00e9tiers <\/strong><\/td><td class=\"column-2\"><strong>Mme VOISIN Sandrine<\/strong><\/td><td class=\"column-3\"><br \/>\n<\/td>\n<\/tr>\n<\/tbody>\n<\/table>\n<!-- #tablepress-28 from cache -->\n<div class=\"su-service\"><div class=\"su-service-title\" style=\"padding-left:44px;min-height:30px;line-height:30px\"><i class=\"sui sui-user-md\" style=\"font-size:30px;color:#b6c158\"><\/i> DEAS - DEAP<\/div><div class=\"su-service-content su-u-clearfix su-u-trim\" style=\"padding-left:44px\"><\/div><\/div>\n\n<table id=\"tablepress-19\" class=\"tablepress tablepress-id-19\">\n<thead>\n<tr class=\"row-1\">\n\t<th class=\"column-1\">Fonction<\/th><th class=\"column-2\">Contact<\/th>\n<\/tr>\n<\/thead>\n<tbody class=\"row-striping row-hover\">\n<tr class=\"row-2\">\n\t<td class=\"column-1\"><strong>DEAS - DEAP<\/strong><\/td><td class=\"column-2\"><strong>Mme DIJOUX Sylvianne<\/strong><\/td>\n<\/tr>\n<\/tbody>\n<\/table>\n<!-- #tablepress-19 from cache -->\n<div class=\"su-service\"><div class=\"su-service-title\" style=\"padding-left:44px;min-height:30px;line-height:30px\"><i class=\"sui sui-user-md\" style=\"font-size:30px;color:#b6c158\"><\/i> DTS IMRT<\/div><div class=\"su-service-content su-u-clearfix su-u-trim\" style=\"padding-left:44px\"><\/div><\/div>\n\n<table id=\"tablepress-18\" class=\"tablepress tablepress-id-18\">\n<thead>\n<tr class=\"row-1\">\n\t<th class=\"column-1\">Fonction<\/th><th class=\"column-2\">Contact<\/th><th class=\"column-3\">T\u00e9l\u00e9phone<\/th>\n<\/tr>\n<\/thead>\n<tbody class=\"row-striping row-hover\">\n<tr class=\"row-2\">\n\t<td class=\"column-1\"><strong>DTS IMRT<\/strong><\/td><td class=\"column-2\"><strong>Mme ROULPH Martine<\/strong><\/td><td class=\"column-3\"><\/td>\n<\/tr>\n<tr class=\"row-3\">\n\t<td class=\"column-1\"><strong>DTS IMRT<\/strong><\/td><td class=\"column-2\"><strong>Mme NALATIAPOULLE Sarifa<\/strong><\/td><td class=\"column-3\"><\/td>\n<\/tr>\n<\/tbody>\n<\/table>\n<!-- #tablepress-18 from cache -->\n<div class=\"su-service\"><div class=\"su-service-title\" style=\"padding-left:44px;min-height:30px;line-height:30px\"><i class=\"sui sui-medkit\" style=\"font-size:30px;color:#774b9b\"><\/i> Services sociaux et de sant\u00e9<\/div><div class=\"su-service-content su-u-clearfix su-u-trim\" style=\"padding-left:44px\"><\/div><\/div>\n\n<table id=\"tablepress-15\" class=\"tablepress tablepress-id-15\">\n<thead>\n<tr class=\"row-1\">\n\t<th class=\"column-1\">Fonction<\/th><th class=\"column-2\">Contact<\/th><th class=\"column-3\">T\u00e9l\u00e9phone<\/th>\n<\/tr>\n<\/thead>\n<tbody class=\"row-striping row-hover\">\n<tr class=\"row-2\">\n\t<td class=\"column-1\"><strong>Assistante sociale<\/strong><\/td><td class=\"column-2\"><strong>Mme BOYER Mathilde<\/strong><\/td><td class=\"column-3\"><\/td>\n<\/tr>\n<tr class=\"row-3\">\n\t<td class=\"column-1\"><strong>Infirmerie<\/td><td class=\"column-2\"><strong>Mme BOURIRE M\u00e9lanie<\/strong><\/td><td class=\"column-3\"><\/td>\n<\/tr>\n<\/tbody>\n<\/table>\n<!-- #tablepress-15 from cache -->\n<div class=\"su-service\"><div class=\"su-service-title\" style=\"padding-left:44px;min-height:30px;line-height:30px\"><i class=\"sui sui-users\" style=\"font-size:30px;color:#774b9b\"><\/i> COPSY<\/div><div class=\"su-service-content su-u-clearfix su-u-trim\" style=\"padding-left:44px\"><\/div><\/div>\n\n<table id=\"tablepress-16\" class=\"tablepress tablepress-id-16\">\n<thead>\n<tr class=\"row-1\">\n\t<th class=\"column-1\">Fonction<\/th><th class=\"column-2\">Contact<\/th><th class=\"column-3\">T\u00e9l\u00e9phone<\/th>\n<\/tr>\n<\/thead>\n<tbody class=\"row-striping row-hover\">\n<tr class=\"row-2\">\n\t<td class=\"column-1\"><strong>Conseill\u00e8re d'orientation psychologue<\/strong><\/td><td class=\"column-2\"><strong>Mme VURPILLOT C\u00e9cile<\/strong><\/td><td class=\"column-3\"><\/td>\n<\/tr>\n<\/tbody>\n<\/table>\n<!-- #tablepress-16 from cache -->\n<div class=\"su-service\"><div class=\"su-service-title\" style=\"padding-left:44px;min-height:30px;line-height:30px\"><i class=\"sui sui-database\" style=\"font-size:30px;color:#b6c158\"><\/i> CDI - Documentation<\/div><div class=\"su-service-content su-u-clearfix su-u-trim\" style=\"padding-left:44px\"><\/div><\/div>\n\n<table id=\"tablepress-22\" class=\"tablepress tablepress-id-22\">\n<thead>\n<tr class=\"row-1\">\n\t<th class=\"column-1\">Fonction<\/th><th class=\"column-2\">Contact<\/th><th class=\"column-3\">T\u00e9l\u00e9phone<\/th>\n<\/tr>\n<\/thead>\n<tbody class=\"row-striping row-hover\">\n<tr class=\"row-2\">\n\t<td class=\"column-1\"><strong>Professeur documentaliste<\/strong><\/td><td class=\"column-2\"><strong><\/strong><\/td><td class=\"column-3\"><\/td>\n<\/tr>\n<\/tbody>\n<\/table>\n<!-- #tablepress-22 from cache -->[\/et_pb_text][\/et_pb_column]\n\t\t\t[\/et_pb_row]\n\t\t[\/et_pb_section]\n<!-- AddThis Advanced Settings generic via filter on the_content --><!-- AddThis Share Buttons generic via filter on the_content -->","protected":false},"excerpt":{"rendered":"<p>Contactez-nous LYCEE MARIE CURIE REUNION 81 rue Roger Dijoux. BP126 97437 Sainte Anne. La R\u00e9union <div class=\"su-service\"><div class=\"su-service-title\" style=\"padding-left:44px;min-height:30px;line-height:30px\"><i class=\"sui sui-compress\" style=\"font-size:30px;color:#519b99\"><\/i> Accueil - Loge<\/div><div class=\"su-service-content su-u-clearfix su-u-trim\" style=\"padding-left:44px\"><\/div><\/div> \n<table id=\"tablepress-10-no-2\" class=\"tablepress tablepress-id-10\">\n<thead>\n<tr class=\"row-1\">\n\t<th class=\"column-1\">Fonction<\/th><th class=\"column-2\">Contact<\/th><th class=\"column-3\">T\u00e9l\u00e9phone<\/th><th class=\"column-4\">Fax<\/th>\n<\/tr>\n<\/thead>\n<tbody class=\"row-striping row-hover\">\n<tr class=\"row-2\">\n\t<td class=\"column-1\"><strong>Accueil - Loge<\/strong><\/td><td class=\"column-2\">Mme MAHE Vivienne<\/td><td class=\"column-3\">0262 94 46 46<\/td><td class=\"column-4\">0262 94 46 50<\/td>\n<\/tr>\n<\/tbody>\n<\/table>\n <div class=\"su-service\"><div class=\"su-service-title\" style=\"padding-left:46px;min-height:32px;line-height:32px\"><i class=\"sui sui-\u00bb\" style=\"font-size:32px;color:#333\"><\/i> \u00bbDirection<\/div><div class=\"su-service-content su-u-clearfix su-u-trim\" style=\"padding-left:46px\"><\/div><\/div><\/p>\n<p><!-- AddThis Advanced Settings generic via filter on get_the_excerpt --><!-- AddThis Share Buttons generic via filter on get_the_excerpt --><\/p>\n","protected":false},"author":141,"featured_media":0,"parent":7864,"menu_order":0,"comment_status":"closed","ping_status":"closed","template":"","meta":{"_et_pb_use_builder":"on","_et_pb_old_content":"Contactez-nous\n\n<!--more-->\n<h5>LYCEE MARIE CURIE REUNION\n81 rue Roger Dijoux. BP126\n97437 Sainte Anne. La R\u00e9union<\/h5>\n[su_service title=\"Accueil - Loge\" icon=\"icon: compress\" icon_color=\"#519b99\" size=\"30\"][\/su_service]\n\n[table id=10 \/]\n\n[su_service title=\"Direction d'\u00e9tablissement\" icon=\"icon: institution\" icon_color=\"#ef4837\" size=\"30\"][\/su_service]\n\n[table id=12 \/]\n\n[su_service title=\"Direction d'\u00e9tablissement - Conseillers Principaux d'Education\" icon=\"icon: gears\" icon_color=\"#ef4837\" size=\"30\"][\/su_service]\n\n[table id=14 \/]\n\n[su_service title=\"Direction d'\u00e9tablissement - Service de gestion\" icon=\"icon: euro\" icon_color=\"#ef4837\" size=\"30\"][\/su_service]\n\n[table id=13 \/]\n\n[su_service title=\"Direction d'\u00e9tablissement - Chef des travaux\" icon=\"icon: gear\" icon_color=\"#ef4837\" size=\"30\"][\/su_service]\n\n[table id=17 \/]\n\n[su_service title=\"Campus des m\u00e9tiers\" icon=\"icon: gear\" icon_color=\"#ef4837\" size=\"30\"][\/su_service]\n\n[table id=28 \/]\n\n[su_service title=\"DEAS - DEAP\" icon=\"icon: user-md\" icon_color=\"#b6c158\" size=\"30\"][\/su_service]\n\n[table id=19 \/]\n\n[su_service title=\"DTS IMRT\" icon=\"icon: user-md\" icon_color=\"#b6c158\" size=\"30\"][\/su_service]\n\n[table id=18 \/]\n\n[su_service title=\"Services sociaux et de sant\u00e9\" icon=\"icon: medkit\" icon_color=\"#774b9b\" size=\"30\"][\/su_service]\n\n[table id=15 \/]\n\n[su_service title=\"COPSY\" icon=\"icon: users\" icon_color=\"#774b9b\" size=\"30\"][\/su_service]\n\n[table id=16 \/]\n\n[su_service title=\"CDI - Documentation\" icon=\"icon: database\" icon_color=\"#b6c158\" size=\"30\"][\/su_service]\n\n[table id=22 \/]","_et_gb_content_width":"","footnotes":"","_links_to":"","_links_to_target":""},"class_list":["post-271","page","type-page","status-publish","hentry"],"_links":{"self":[{"href":"https:\/\/etab.ac-reunion.fr\/lyc-marie-curie\/wp-json\/wp\/v2\/pages\/271","targetHints":{"allow":["GET"]}}],"collection":[{"href":"https:\/\/etab.ac-reunion.fr\/lyc-marie-curie\/wp-json\/wp\/v2\/pages"}],"about":[{"href":"https:\/\/etab.ac-reunion.fr\/lyc-marie-curie\/wp-json\/wp\/v2\/types\/page"}],"author":[{"embeddable":true,"href":"https:\/\/etab.ac-reunion.fr\/lyc-marie-curie\/wp-json\/wp\/v2\/users\/141"}],"replies":[{"embeddable":true,"href":"https:\/\/etab.ac-reunion.fr\/lyc-marie-curie\/wp-json\/wp\/v2\/comments?post=271"}],"version-history":[{"count":21,"href":"https:\/\/etab.ac-reunion.fr\/lyc-marie-curie\/wp-json\/wp\/v2\/pages\/271\/revisions"}],"predecessor-version":[{"id":16202,"href":"https:\/\/etab.ac-reunion.fr\/lyc-marie-curie\/wp-json\/wp\/v2\/pages\/271\/revisions\/16202"}],"up":[{"embeddable":true,"href":"https:\/\/etab.ac-reunion.fr\/lyc-marie-curie\/wp-json\/wp\/v2\/pages\/7864"}],"wp:attachment":[{"href":"https:\/\/etab.ac-reunion.fr\/lyc-marie-curie\/wp-json\/wp\/v2\/media?parent=271"}],"curies":[{"name":"wp","href":"https:\/\/api.w.org\/{rel}","templated":true}]}}