{"id":8439,"date":"2021-01-26T20:59:24","date_gmt":"2021-01-26T16:59:24","guid":{"rendered":"http:\/\/lycee-marie-curie.ac-reunion.fr\/?page_id=8439"},"modified":"2022-09-01T21:59:44","modified_gmt":"2022-09-01T17:59:44","slug":"bac-pro-assp","status":"publish","type":"page","link":"https:\/\/etab.ac-reunion.fr\/lyc-marie-curie\/page-daccueil-dvi-2-2\/pedagogie\/bac-pro-assp\/","title":{"rendered":"Bac Pro ASSP"},"content":{"rendered":"[et_pb_section fb_built=\u00a0\u00bb1&Prime; specialty=\u00a0\u00bbon\u00a0\u00bb admin_label=\u00a0\u00bbSection\u00a0\u00bb _builder_version=\u00a0\u00bb4.16&Prime; inner_max_width=\u00a0\u00bb90%\u00a0\u00bb custom_margin=\u00a0\u00bb|||\u00a0\u00bb custom_padding=\u00a0\u00bb54px|0|100px|0px|false|false\u00a0\u00bb use_custom_width=\u00a0\u00bbon\u00a0\u00bb width_unit=\u00a0\u00bboff\u00a0\u00bb custom_width_percent=\u00a0\u00bb90%\u00a0\u00bb global_colors_info=\u00a0\u00bb{}\u00a0\u00bb][et_pb_column type=\u00a0\u00bb1_4&Prime; _builder_version=\u00a0\u00bb4.16&Prime; custom_padding=\u00a0\u00bb|||\u00a0\u00bb global_colors_info=\u00a0\u00bb{}\u00a0\u00bb custom_padding__hover=\u00a0\u00bb|||\u00a0\u00bb][et_pb_blurb title=\u00a0\u00bbBac Pro ASSP\u00a0\u00bb _builder_version=\u00a0\u00bb4.16&Prime; _module_preset=\u00a0\u00bbdefault\u00a0\u00bb background_color=\u00a0\u00bbrgba(138,98,171,0.71)\u00a0\u00bb custom_margin=\u00a0\u00bb|||20px|false|false\u00a0\u00bb custom_padding=\u00a0\u00bb14px|20px|14px|20px|false|false\u00a0\u00bb border_radii=\u00a0\u00bbon|10px|10px|10px|10px\u00a0\u00bb text_shadow_style=\u00a0\u00bbpreset2&Prime; global_colors_info=\u00a0\u00bb{}\u00a0\u00bb][\/et_pb_blurb][\/et_pb_column][et_pb_column type=\u00a0\u00bb1_2&Prime; specialty_columns=\u00a0\u00bb2&Prime; _builder_version=\u00a0\u00bb4.16&Prime; custom_padding=\u00a0\u00bb|||\u00a0\u00bb global_colors_info=\u00a0\u00bb{}\u00a0\u00bb custom_padding__hover=\u00a0\u00bb|||\u00a0\u00bb][et_pb_row_inner _builder_version=\u00a0\u00bb4.16&Prime; custom_padding=\u00a0\u00bb35.0781px|0px|0|0px|false|false\u00a0\u00bb global_colors_info=\u00a0\u00bb{}\u00a0\u00bb][et_pb_column_inner saved_specialty_column_type=\u00a0\u00bb1_2&Prime; _builder_version=\u00a0\u00bb4.16&Prime; custom_padding=\u00a0\u00bb|||\u00a0\u00bb global_colors_info=\u00a0\u00bb{}\u00a0\u00bb custom_padding__hover=\u00a0\u00bb|||\u00a0\u00bb][et_pb_slider _builder_version=\u00a0\u00bb4.16&Prime; header_font=\u00a0\u00bbRubik|700|||||||\u00a0\u00bb header_font_size=\u00a0\u00bb40px\u00a0\u00bb header_line_height=\u00a0\u00bb1.4em\u00a0\u00bb body_font=\u00a0\u00bbRubik|500|||||||\u00a0\u00bb body_font_size=\u00a0\u00bb18px\u00a0\u00bb body_line_height=\u00a0\u00bb2em\u00a0\u00bb custom_button=\u00a0\u00bbon\u00a0\u00bb button_text_size=\u00a0\u00bb16px\u00a0\u00bb button_text_color=\u00a0\u00bb#ffffff\u00a0\u00bb button_bg_color=\u00a0\u00bbrgba(255,255,255,0.1)\u00a0\u00bb button_border_width=\u00a0\u00bb10px\u00a0\u00bb button_border_color=\u00a0\u00bbrgba(65,65,144,0)\u00a0\u00bb button_border_radius=\u00a0\u00bb70px\u00a0\u00bb button_font=\u00a0\u00bbRubik|700|||||||\u00a0\u00bb button_use_icon=\u00a0\u00bboff\u00a0\u00bb height=\u00a0\u00bb259px\u00a0\u00bb custom_padding=\u00a0\u00bb40px||32px||false|\u00a0\u00bb animation_style=\u00a0\u00bbzoom\u00a0\u00bb animation_intensity_zoom=\u00a0\u00bb10%\u00a0\u00bb auto=\u00a0\u00bbon\u00a0\u00bb auto_speed=\u00a0\u00bb5000&Prime; border_radii=\u00a0\u00bbon|10px|10px|10px|10px\u00a0\u00bb button_text_color_hover=\u00a0\u00bb#e00b00&Prime; button_border_radius_hover=\u00a0\u00bb70px\u00a0\u00bb button_bg_color_hover=\u00a0\u00bb#ffffff\u00a0\u00bb global_colors_info=\u00a0\u00bb{}\u00a0\u00bb button_text_size__hover_enabled=\u00a0\u00bboff\u00a0\u00bb button_one_text_size__hover_enabled=\u00a0\u00bboff\u00a0\u00bb button_two_text_size__hover_enabled=\u00a0\u00bboff\u00a0\u00bb button_text_color__hover_enabled=\u00a0\u00bbon\u00a0\u00bb button_text_color__hover=\u00a0\u00bb#e00b00&Prime; button_one_text_color__hover_enabled=\u00a0\u00bboff\u00a0\u00bb button_two_text_color__hover_enabled=\u00a0\u00bboff\u00a0\u00bb button_border_width__hover_enabled=\u00a0\u00bboff\u00a0\u00bb button_one_border_width__hover_enabled=\u00a0\u00bboff\u00a0\u00bb button_two_border_width__hover_enabled=\u00a0\u00bboff\u00a0\u00bb button_border_color__hover_enabled=\u00a0\u00bboff\u00a0\u00bb button_one_border_color__hover_enabled=\u00a0\u00bboff\u00a0\u00bb button_two_border_color__hover_enabled=\u00a0\u00bboff\u00a0\u00bb button_border_radius__hover_enabled=\u00a0\u00bbon\u00a0\u00bb button_border_radius__hover=\u00a0\u00bb70px\u00a0\u00bb button_one_border_radius__hover_enabled=\u00a0\u00bboff\u00a0\u00bb button_two_border_radius__hover_enabled=\u00a0\u00bboff\u00a0\u00bb button_letter_spacing__hover_enabled=\u00a0\u00bboff\u00a0\u00bb button_one_letter_spacing__hover_enabled=\u00a0\u00bboff\u00a0\u00bb button_two_letter_spacing__hover_enabled=\u00a0\u00bboff\u00a0\u00bb button_bg_color__hover_enabled=\u00a0\u00bbon\u00a0\u00bb button_bg_color__hover=\u00a0\u00bb#ffffff\u00a0\u00bb button_one_bg_color__hover_enabled=\u00a0\u00bboff\u00a0\u00bb button_two_bg_color__hover_enabled=\u00a0\u00bboff\u00a0\u00bb][et_pb_slide heading=\u00a0\u00bbPage en construction\u00a0\u00bb button_link=\u00a0\u00bbhttps:\/\/etab.ac-reunion.fr\/lyc-marie-curie\/category\/orientation\/parcoursup\/\u00a0\u00bb url_new_window=\u00a0\u00bbon\u00a0\u00bb use_bg_overlay=\u00a0\u00bbon\u00a0\u00bb bg_overlay_color=\u00a0\u00bbrgba(0,0,0,0.2)\u00a0\u00bb _builder_version=\u00a0\u00bb4.16&Prime; background_color=\u00a0\u00bbrgba(0,0,0,0)\u00a0\u00bb background_enable_color=\u00a0\u00bbon\u00a0\u00bb background_enable_image=\u00a0\u00bboff\u00a0\u00bb link_option_url=\u00a0\u00bbhttps:\/\/etab.ac-reunion.fr\/lyc-marie-curie\/category\/orientation\/parcoursup\/\u00a0\u00bb link_option_url_new_window=\u00a0\u00bbon\u00a0\u00bb global_colors_info=\u00a0\u00bb{}\u00a0\u00bb button_text_size__hover_enabled=\u00a0\u00bboff\u00a0\u00bb button_one_text_size__hover_enabled=\u00a0\u00bboff\u00a0\u00bb button_two_text_size__hover_enabled=\u00a0\u00bboff\u00a0\u00bb button_text_color__hover_enabled=\u00a0\u00bboff\u00a0\u00bb button_one_text_color__hover_enabled=\u00a0\u00bboff\u00a0\u00bb button_two_text_color__hover_enabled=\u00a0\u00bboff\u00a0\u00bb button_border_width__hover_enabled=\u00a0\u00bboff\u00a0\u00bb button_one_border_width__hover_enabled=\u00a0\u00bboff\u00a0\u00bb button_two_border_width__hover_enabled=\u00a0\u00bboff\u00a0\u00bb button_border_color__hover_enabled=\u00a0\u00bboff\u00a0\u00bb button_one_border_color__hover_enabled=\u00a0\u00bboff\u00a0\u00bb button_two_border_color__hover_enabled=\u00a0\u00bboff\u00a0\u00bb button_border_radius__hover_enabled=\u00a0\u00bboff\u00a0\u00bb button_one_border_radius__hover_enabled=\u00a0\u00bboff\u00a0\u00bb button_two_border_radius__hover_enabled=\u00a0\u00bboff\u00a0\u00bb button_letter_spacing__hover_enabled=\u00a0\u00bboff\u00a0\u00bb button_one_letter_spacing__hover_enabled=\u00a0\u00bboff\u00a0\u00bb button_two_letter_spacing__hover_enabled=\u00a0\u00bboff\u00a0\u00bb button_bg_color__hover_enabled=\u00a0\u00bboff\u00a0\u00bb button_one_bg_color__hover_enabled=\u00a0\u00bboff\u00a0\u00bb button_two_bg_color__hover_enabled=\u00a0\u00bboff\u00a0\u00bb sticky_transition=\u00a0\u00bbon\u00a0\u00bb][\/et_pb_slide][et_pb_slide heading=\u00a0\u00bbBac professionel Accompagnement Soins et Services \u00e0 la Personne\u00a0\u00bb button_link=\u00a0\u00bbhttps:\/\/etab.ac-reunion.fr\/lyc-marie-curie\/category\/orientation\/parcoursup\/\u00a0\u00bb url_new_window=\u00a0\u00bbon\u00a0\u00bb use_bg_overlay=\u00a0\u00bbon\u00a0\u00bb bg_overlay_color=\u00a0\u00bbrgba(0,0,0,0.2)\u00a0\u00bb _builder_version=\u00a0\u00bb4.16&Prime; background_color=\u00a0\u00bbrgba(0,0,0,0)\u00a0\u00bb background_enable_color=\u00a0\u00bbon\u00a0\u00bb background_enable_image=\u00a0\u00bboff\u00a0\u00bb link_option_url=\u00a0\u00bbhttps:\/\/etab.ac-reunion.fr\/lyc-marie-curie\/category\/orientation\/parcoursup\/\u00a0\u00bb link_option_url_new_window=\u00a0\u00bbon\u00a0\u00bb global_colors_info=\u00a0\u00bb{}\u00a0\u00bb button_text_size__hover_enabled=\u00a0\u00bboff\u00a0\u00bb button_one_text_size__hover_enabled=\u00a0\u00bboff\u00a0\u00bb button_two_text_size__hover_enabled=\u00a0\u00bboff\u00a0\u00bb button_text_color__hover_enabled=\u00a0\u00bboff\u00a0\u00bb button_one_text_color__hover_enabled=\u00a0\u00bboff\u00a0\u00bb button_two_text_color__hover_enabled=\u00a0\u00bboff\u00a0\u00bb button_border_width__hover_enabled=\u00a0\u00bboff\u00a0\u00bb button_one_border_width__hover_enabled=\u00a0\u00bboff\u00a0\u00bb button_two_border_width__hover_enabled=\u00a0\u00bboff\u00a0\u00bb button_border_color__hover_enabled=\u00a0\u00bboff\u00a0\u00bb button_one_border_color__hover_enabled=\u00a0\u00bboff\u00a0\u00bb button_two_border_color__hover_enabled=\u00a0\u00bboff\u00a0\u00bb button_border_radius__hover_enabled=\u00a0\u00bboff\u00a0\u00bb button_one_border_radius__hover_enabled=\u00a0\u00bboff\u00a0\u00bb button_two_border_radius__hover_enabled=\u00a0\u00bboff\u00a0\u00bb button_letter_spacing__hover_enabled=\u00a0\u00bboff\u00a0\u00bb button_one_letter_spacing__hover_enabled=\u00a0\u00bboff\u00a0\u00bb button_two_letter_spacing__hover_enabled=\u00a0\u00bboff\u00a0\u00bb button_bg_color__hover_enabled=\u00a0\u00bboff\u00a0\u00bb button_one_bg_color__hover_enabled=\u00a0\u00bboff\u00a0\u00bb button_two_bg_color__hover_enabled=\u00a0\u00bboff\u00a0\u00bb sticky_transition=\u00a0\u00bbon\u00a0\u00bb][\/et_pb_slide][\/et_pb_slider][et_pb_tabs active_tab_background_color=\u00a0\u00bb#2b76df\u00a0\u00bb inactive_tab_background_color=\u00a0\u00bb#3a5063&Prime; _builder_version=\u00a0\u00bb4.16&Prime; tab_text_color=\u00a0\u00bb#ffffff\u00a0\u00bb body_font=\u00a0\u00bb||||||||\u00a0\u00bb body_line_height=\u00a0\u00bb2em\u00a0\u00bb tab_font=\u00a0\u00bb|700|||||||\u00a0\u00bb tab_font_size=\u00a0\u00bb14px\u00a0\u00bb tab_line_height=\u00a0\u00bb2em\u00a0\u00bb background_color=\u00a0\u00bbrgba(0,0,0,0.04)\u00a0\u00bb max_width_last_edited=\u00a0\u00bboff|desktop\u00a0\u00bb module_alignment=\u00a0\u00bbright\u00a0\u00bb custom_margin=\u00a0\u00bb|||\u00a0\u00bb custom_margin_last_edited=\u00a0\u00bboff|desktop\u00a0\u00bb custom_padding=\u00a0\u00bb|||\u00a0\u00bb animation_style=\u00a0\u00bbzoom\u00a0\u00bb animation_intensity_zoom=\u00a0\u00bb10%\u00a0\u00bb border_radii=\u00a0\u00bbon|10px|10px|10px|10px\u00a0\u00bb border_width_all=\u00a0\u00bb0px\u00a0\u00bb border_color_all=\u00a0\u00bb#ffffff\u00a0\u00bb locked=\u00a0\u00bboff\u00a0\u00bb global_colors_info=\u00a0\u00bb{}\u00a0\u00bb][et_pb_tab title=\u00a0\u00bbL&rsquo;activit\u00e9 professionelle\u00a0\u00bb _builder_version=\u00a0\u00bb4.16&Prime; body_font=\u00a0\u00bb||||||||\u00a0\u00bb global_colors_info=\u00a0\u00bb{}\u00a0\u00bb]\n<p><span style=\"font-size: medium\"><strong>Le titulaire du Bac pro exerce ses fonctions aupr\u00e8s de personnes en situation temporaire ou permanente de d\u00e9pendance en structures collectives.<\/strong><\/span><br \/> <span style=\"font-size: medium\"> <strong> Il exerce aupr\u00e8s de ces personnes des activit\u00e9s de soins, d\u2019aide aux actes de la vie quotidienne,de maintien de la vie sociale.<\/strong><\/span><br \/> <span style=\"font-size: medium\"> <strong> Il est \u00e9galement amen\u00e9 \u00e0 exercer, des activit\u00e9s de gestion et des activit\u00e9s de promotion de la sant\u00e9.<\/strong><\/span><\/p>\n<p style=\"text-align: center\"><a href=\"https:\/\/etab.ac-reunion.fr\/lyc-marie-curie\/wp-content\/uploads\/sites\/30\/2021\/01\/ASSP_fig_0001.jpg\"><img loading=\"lazy\" decoding=\"async\" src=\"https:\/\/etab.ac-reunion.fr\/lyc-marie-curie\/wp-content\/uploads\/sites\/30\/2021\/01\/ASSP_fig_0001.jpg\" alt=\"\" class=\"wp-image-8445 aligncenter size-full\" width=\"783\" height=\"588\" srcset=\"https:\/\/etab.ac-reunion.fr\/lyc-marie-curie\/wp-content\/uploads\/sites\/30\/2021\/01\/ASSP_fig_0001.jpg 783w, https:\/\/etab.ac-reunion.fr\/lyc-marie-curie\/wp-content\/uploads\/sites\/30\/2021\/01\/ASSP_fig_0001-480x360.jpg 480w\" sizes=\"(min-width: 0px) and (max-width: 480px) 480px, (min-width: 481px) 783px, 100vw\" \/><\/a><\/p>\n[\/et_pb_tab][et_pb_tab title=\u00a0\u00bbQualit\u00e9s requises\u00a0\u00bb _builder_version=\u00a0\u00bb4.16&Prime; tab_font=\u00a0\u00bb|700|||||||\u00a0\u00bb tab_letter_spacing=\u00a0\u00bb0px\u00a0\u00bb global_colors_info=\u00a0\u00bb{}\u00a0\u00bb]\n<p><strong>Outre de r\u00e9elles motivations, le travail aupr\u00e8s des personnes en situation de d\u00e9pendance n\u00e9cessite les aptitudes et les qualit\u00e9s suivantes :<\/strong><\/p>\n<ul>\n<li>\n<p><strong>dynamisme, volont\u00e9<\/strong><\/p>\n<\/li>\n<li>\n<p><strong>r\u00e9sistance physique et nerveuse<\/strong><\/p>\n<\/li>\n<li>\n<p><strong>patience et tol\u00e9rance<\/strong><\/p>\n<\/li>\n<li>\n<p><strong>sens des relations humaines (\u00e9coute, contact)<\/strong><\/p>\n<\/li>\n<li>\n<p><strong>capacit\u00e9 \u00e0 communiquer (oralement et par \u00e9crit)<\/strong><\/p>\n<\/li>\n<li>\n<p><strong>sens de l&rsquo;organisation<\/strong><\/p>\n<\/li>\n<li>\n<p><strong>ouverture d&rsquo;esprit,imagination et cr\u00e9ativit\u00e9<\/strong><\/p>\n<\/li>\n<\/ul>\n[\/et_pb_tab][et_pb_tab title=\u00a0\u00bbDur\u00e9e de la formation\u00a0\u00bb _builder_version=\u00a0\u00bb4.16&Prime; tab_line_height=\u00a0\u00bb1em\u00a0\u00bb background_size=\u00a0\u00bbinitial\u00a0\u00bb background_position=\u00a0\u00bbtop_left\u00a0\u00bb background_repeat=\u00a0\u00bbrepeat\u00a0\u00bb global_colors_info=\u00a0\u00bb{}\u00a0\u00bb]\n<p><strong>La formation se d\u00e9roule sur trois ann\u00e9es scolaires.<\/strong><br \/> <strong>22 semaines de PFMP r\u00e9parties sur les milieux d&rsquo;accueil de la petite enfance et des personnes en situation de d\u00e9pendance.<\/strong><\/p>\n<p style=\"text-align: center\"><strong><a href=\"https:\/\/etab.ac-reunion.fr\/lyc-marie-curie\/wp-content\/uploads\/sites\/30\/2021\/01\/ASSP_fig_0002.jpg\"><img loading=\"lazy\" decoding=\"async\" src=\"https:\/\/etab.ac-reunion.fr\/lyc-marie-curie\/wp-content\/uploads\/sites\/30\/2021\/01\/ASSP_fig_0002.jpg\" alt=\"\" class=\"wp-image-8446 aligncenter size-full\" width=\"269\" height=\"336\" \/><\/a><\/strong><\/p>\n[\/et_pb_tab][et_pb_tab title=\u00a0\u00bbLe contenu de la formation\u00a0\u00bb _builder_version=\u00a0\u00bb4.16&Prime; _module_preset=\u00a0\u00bbdefault\u00a0\u00bb global_colors_info=\u00a0\u00bb{}\u00a0\u00bb]\n<h3><strong>ENSEIGNEMENT PROFESSIONNEL<\/strong><\/h3>\n<ul>\n<li><strong>Biologie g\u00e9n\u00e9rale et appliqu\u00e9e<\/strong><\/li>\n<li><strong>Nutrition, alimentation<\/strong><\/li>\n<li><strong>Sciences M\u00e9dico-sociale, \u00e9ducation \u00e0 la sant\u00e9<\/strong><\/li>\n<li><strong>Technologie associ\u00e9 aux techniques professionnelles<\/strong><\/li>\n<li><strong>Techniques de soins, d&rsquo;hygi\u00e8ne corporelle et e confort<\/strong><\/li>\n<li><strong>Techniques de pr\u00e9paration et de services des collations<\/strong><\/li>\n<li><strong>Techniques \u00e9ducatives et d&rsquo;animation (les \u00e9l\u00e8ves sont encourag\u00e9s \u00e0 se pr\u00e9senter au Brevet d&rsquo;Aptitude aux fonctions d&rsquo;Animateur)<\/strong><\/li>\n<li><strong>Techniques d&rsquo;entretien de l&rsquo;environnement de la personne<\/strong><\/li>\n<li><strong>Brevet de Sauveteur Secouriste du Travail<\/strong><\/li>\n<\/ul>\n<p><strong>\u00a0<\/strong><\/p>\n<h3><strong>ENSEIGNEMENT G\u00c9N\u00c9RAL<\/strong><\/h3>\n<ul>\n<li><strong>Expression fran\u00e7aise et \u00e9tude du monde contemporain<\/strong><\/li>\n<li><strong>Math\u00e9matiques, sciences<\/strong><\/li>\n<li><strong>Langue vivante (anglais)<\/strong><\/li>\n<li><strong>Pr\u00e9vention Sant\u00e9 Environnement<\/strong><\/li>\n<li><strong>\u00c9ducation artistique<\/strong><\/li>\n<li><strong>\u00c9ducation physique et sportive<\/strong><\/li>\n<li><strong>\u00c9conomie &#8211; Gestion<a href=\"https:\/\/etab.ac-reunion.fr\/lyc-marie-curie\/page-daccueil-dvi-2\/pedagogie\/bts-dietetique\/bts-dietetique-enseignement\/\" target=\"_blank\" rel=\"noopener noreferrer\"><\/a><\/strong><\/li>\n<\/ul>\n[\/et_pb_tab][\/et_pb_tabs][et_pb_tabs active_tab_background_color=\u00a0\u00bb#2b76df\u00a0\u00bb inactive_tab_background_color=\u00a0\u00bb#3a5063&Prime; _builder_version=\u00a0\u00bb4.16&Prime; tab_text_color=\u00a0\u00bb#ffffff\u00a0\u00bb body_font=\u00a0\u00bb||||||||\u00a0\u00bb body_line_height=\u00a0\u00bb2em\u00a0\u00bb tab_font=\u00a0\u00bb|700|||||||\u00a0\u00bb tab_font_size=\u00a0\u00bb14px\u00a0\u00bb tab_line_height=\u00a0\u00bb2em\u00a0\u00bb background_color=\u00a0\u00bbrgba(0,0,0,0.04)\u00a0\u00bb max_width_last_edited=\u00a0\u00bboff|desktop\u00a0\u00bb module_alignment=\u00a0\u00bbright\u00a0\u00bb custom_margin=\u00a0\u00bb|||\u00a0\u00bb custom_margin_last_edited=\u00a0\u00bboff|desktop\u00a0\u00bb custom_padding=\u00a0\u00bb|||\u00a0\u00bb animation_style=\u00a0\u00bbzoom\u00a0\u00bb animation_intensity_zoom=\u00a0\u00bb10%\u00a0\u00bb border_radii=\u00a0\u00bbon|10px|10px|10px|10px\u00a0\u00bb border_width_all=\u00a0\u00bb0px\u00a0\u00bb border_color_all=\u00a0\u00bb#ffffff\u00a0\u00bb locked=\u00a0\u00bboff\u00a0\u00bb global_colors_info=\u00a0\u00bb{}\u00a0\u00bb][et_pb_tab title=\u00a0\u00bbD\u00e9bouch\u00e9s professionels\u00a0\u00bb _builder_version=\u00a0\u00bb4.16&Prime; _module_preset=\u00a0\u00bbdefault\u00a0\u00bb body_font=\u00a0\u00bb||||||||\u00a0\u00bb global_colors_info=\u00a0\u00bb{}\u00a0\u00bb]\n<p><strong>Possibilit\u00e9 de travailler en tant que :<\/strong><\/p>\n<ul>\n<li><strong><\/strong><strong>assistant en soins et en sant\u00e9 communautaire,<\/strong><\/li>\n<li><strong>accompagnant de personnes fragilis\u00e9es, de personnes <\/strong><strong>handicap\u00e9es,<\/strong><\/li>\n<li><strong>gouvernante,<\/strong><\/li>\n<li><strong>responsable h\u00e9bergement,<\/strong><\/li>\n<li><strong>responsable de petites unit\u00e9s en domicile collectif.<\/strong><\/li>\n<\/ul>\n[\/et_pb_tab][et_pb_tab title=\u00a0\u00bbPoursuite d&rsquo;\u00e9tude\u00a0\u00bb _builder_version=\u00a0\u00bb4.16&Prime; global_colors_info=\u00a0\u00bb{}\u00a0\u00bb]\n<ul>\n<li><strong>BTS \u00c9conomie Sociale et Familiale<\/strong><\/li>\n<li><strong>BTS Services et Prestations des Secteurs Sanitaire et Social<\/strong><\/li>\n<li><strong>Pr\u00e9paration aux concours (infirmier,\u00e9ducateur jeunes enfants&#8230;)<\/strong><\/li>\n<li><strong>Concours d&rsquo;aide soignante, d&rsquo;auxiliaire de pu\u00e9riculture<\/strong><\/li>\n<\/ul>\n[\/et_pb_tab][\/et_pb_tabs][et_pb_text _builder_version=\u00a0\u00bb4.16&Prime; text_font=\u00a0\u00bb||||||||\u00a0\u00bb text_line_height=\u00a0\u00bb2em\u00a0\u00bb header_font=\u00a0\u00bb||||||||\u00a0\u00bb header_2_font=\u00a0\u00bb|700||on|||||\u00a0\u00bb header_2_line_height=\u00a0\u00bb1.5em\u00a0\u00bb header_5_font=\u00a0\u00bb|700||on|||||\u00a0\u00bb header_5_letter_spacing=\u00a0\u00bb5px\u00a0\u00bb header_5_line_height=\u00a0\u00bb1.5em\u00a0\u00bb module_alignment=\u00a0\u00bbcenter\u00a0\u00bb min_height=\u00a0\u00bb40px\u00a0\u00bb custom_margin=\u00a0\u00bb50px||-17px||false|\u00a0\u00bb custom_margin_tablet=\u00a0\u00bb0px|||\u00a0\u00bb custom_margin_last_edited=\u00a0\u00bboff|desktop\u00a0\u00bb custom_padding=\u00a0\u00bb||9px|||\u00a0\u00bb text_line_height_last_edited=\u00a0\u00bboff|desktop\u00a0\u00bb locked=\u00a0\u00bboff\u00a0\u00bb global_colors_info=\u00a0\u00bb{}\u00a0\u00bb]\n<h2><strong>Actualit\u00e9s<br \/><\/strong><\/h2>\n[\/et_pb_text][et_pb_blog posts_number=\u00a0\u00bb5&Prime; include_categories=\u00a0\u00bb30,4&Prime; show_author=\u00a0\u00bboff\u00a0\u00bb show_pagination=\u00a0\u00bboff\u00a0\u00bb _builder_version=\u00a0\u00bb4.16&Prime; _module_preset=\u00a0\u00bbdefault\u00a0\u00bb custom_margin=\u00a0\u00bb|||0px|false|false\u00a0\u00bb custom_padding=\u00a0\u00bb10px|10px|1px|10px|false|false\u00a0\u00bb border_radii_fullwidth=\u00a0\u00bbon|5px|5px|5px|5px\u00a0\u00bb border_color_all_fullwidth=\u00a0\u00bbrgba(0,0,0,0)\u00a0\u00bb box_shadow_style=\u00a0\u00bbpreset6&Prime; global_colors_info=\u00a0\u00bb{}\u00a0\u00bb][\/et_pb_blog][\/et_pb_column_inner][\/et_pb_row_inner][et_pb_row_inner _builder_version=\u00a0\u00bb4.16&Prime; custom_padding=\u00a0\u00bb35.0781px|0px|0|0px|false|false\u00a0\u00bb global_colors_info=\u00a0\u00bb{}\u00a0\u00bb][et_pb_column_inner saved_specialty_column_type=\u00a0\u00bb1_2&Prime; _builder_version=\u00a0\u00bb4.16&Prime; custom_padding=\u00a0\u00bb|||\u00a0\u00bb global_colors_info=\u00a0\u00bb{}\u00a0\u00bb custom_padding__hover=\u00a0\u00bb|||\u00a0\u00bb][\/et_pb_column_inner][\/et_pb_row_inner][\/et_pb_column][et_pb_column type=\u00a0\u00bb1_4&Prime; _builder_version=\u00a0\u00bb4.16&Prime; custom_padding=\u00a0\u00bb|||\u00a0\u00bb global_colors_info=\u00a0\u00bb{}\u00a0\u00bb custom_padding__hover=\u00a0\u00bb|||\u00a0\u00bb][et_pb_toggle title=\u00a0\u00bbConseils pour r\u00e9ussir sa PFMP\u00a0\u00bb open_toggle_text_color=\u00a0\u00bb#ffffff\u00a0\u00bb open_toggle_background_color=\u00a0\u00bb#2b76df\u00a0\u00bb closed_toggle_text_color=\u00a0\u00bb#ffffff\u00a0\u00bb closed_toggle_background_color=\u00a0\u00bb#4c5c67&Prime; icon_color=\u00a0\u00bbrgba(255,255,255,0.5)\u00a0\u00bb open_icon_color=\u00a0\u00bbrgba(255,255,255,0.5)\u00a0\u00bb _builder_version=\u00a0\u00bb4.16&Prime; title_text_color=\u00a0\u00bb#ffffff\u00a0\u00bb title_font=\u00a0\u00bbRubik|700|||||||\u00a0\u00bb title_font_size=\u00a0\u00bb14px\u00a0\u00bb title_line_height=\u00a0\u00bb1.4em\u00a0\u00bb body_font=\u00a0\u00bb||||||||\u00a0\u00bb body_text_color=\u00a0\u00bb#ffffff\u00a0\u00bb body_line_height=\u00a0\u00bb2em\u00a0\u00bb custom_margin=\u00a0\u00bb||0px|\u00a0\u00bb custom_padding=\u00a0\u00bb10px||10px||true\u00a0\u00bb animation_style=\u00a0\u00bbzoom\u00a0\u00bb animation_intensity_zoom=\u00a0\u00bb10%\u00a0\u00bb border_radii=\u00a0\u00bbon|10px|10px|10px|10px\u00a0\u00bb border_width_all=\u00a0\u00bb0px\u00a0\u00bb border_width_bottom=\u00a0\u00bb2px\u00a0\u00bb border_color_bottom=\u00a0\u00bbrgba(0,0,0,0.22)\u00a0\u00bb locked=\u00a0\u00bboff\u00a0\u00bb global_colors_info=\u00a0\u00bb{}\u00a0\u00bb]\n<p><span style=\"color: #ffffff\">Effectuer un stage en structure est une r\u00e9elle opportunit\u00e9 de d\u00e9couvrir le m\u00e9tier et d\u2019acqu\u00e9rir des comp\u00e9tences. Pour \u00eatre acteur de votre formation, voici quelques conseils :<\/span><\/p>\n<p><span style=\"color: #ffffff\">1) Avant votre d\u00e9part, prenez contact avec votre tuteur de stage ou l\u2019\u00e9tablissement d\u2019accueil pour vous pr\u00e9senter, confirmer les horaires\u2026<\/span><\/p>\n<p><span style=\"color: #ffffff\">2) V\u00e9rifiez l\u2019itin\u00e9raire jusqu\u2019au lieu de stage ( lignes de bus, temps de trajet, \u2026) afin d\u2019arriver \u00e0 l\u2019heure voire en avance.<\/span><\/p>\n<p><span style=\"color: #ffffff\">3) Adoptez une tenue professionnelle adapt\u00e9e \u00e0 la structure.<\/span><\/p>\n<p><span style=\"color: #ffffff\">4) Pr\u00e9sentez votre livret de stage au tuteur d\u00e8s le premier jour et formulez vos objectifs en accord avec le dipl\u00f4me pr\u00e9par\u00e9 et vos comp\u00e9tences \u00e0 valider.<\/span><\/p>\n<p><span style=\"color: #ffffff\">5) Ayez une attitude active et faites preuve de curiosit\u00e9.<\/span><\/p>\n<p><span style=\"color: #ffffff\">6) Respectez le secret professionnel et m\u00e9dical.<\/span><\/p>\n[\/et_pb_toggle][\/et_pb_column][\/et_pb_section]\n<!-- AddThis Advanced Settings generic via filter on the_content --><!-- AddThis Share Buttons generic via filter on the_content -->","protected":false},"excerpt":{"rendered":"<p>Le titulaire du Bac pro exerce ses fonctions aupr\u00e8s de personnes en situation temporaire ou permanente de d\u00e9pendance en structures collectives. Il exerce aupr\u00e8s de ces personnes des activit\u00e9s de [&hellip;]<\/p>\n<p><!-- AddThis Advanced Settings generic via filter on get_the_excerpt --><!-- AddThis Share Buttons generic via filter on get_the_excerpt --><\/p>\n","protected":false},"author":27912,"featured_media":0,"parent":7868,"menu_order":0,"comment_status":"closed","ping_status":"closed","template":"","meta":{"_et_pb_use_builder":"on","_et_pb_old_content":"","_et_gb_content_width":"","footnotes":"","_links_to":"","_links_to_target":""},"class_list":["post-8439","page","type-page","status-publish","hentry"],"_links":{"self":[{"href":"https:\/\/etab.ac-reunion.fr\/lyc-marie-curie\/wp-json\/wp\/v2\/pages\/8439","targetHints":{"allow":["GET"]}}],"collection":[{"href":"https:\/\/etab.ac-reunion.fr\/lyc-marie-curie\/wp-json\/wp\/v2\/pages"}],"about":[{"href":"https:\/\/etab.ac-reunion.fr\/lyc-marie-curie\/wp-json\/wp\/v2\/types\/page"}],"author":[{"embeddable":true,"href":"https:\/\/etab.ac-reunion.fr\/lyc-marie-curie\/wp-json\/wp\/v2\/users\/27912"}],"replies":[{"embeddable":true,"href":"https:\/\/etab.ac-reunion.fr\/lyc-marie-curie\/wp-json\/wp\/v2\/comments?post=8439"}],"version-history":[{"count":9,"href":"https:\/\/etab.ac-reunion.fr\/lyc-marie-curie\/wp-json\/wp\/v2\/pages\/8439\/revisions"}],"predecessor-version":[{"id":11762,"href":"https:\/\/etab.ac-reunion.fr\/lyc-marie-curie\/wp-json\/wp\/v2\/pages\/8439\/revisions\/11762"}],"up":[{"embeddable":true,"href":"https:\/\/etab.ac-reunion.fr\/lyc-marie-curie\/wp-json\/wp\/v2\/pages\/7868"}],"wp:attachment":[{"href":"https:\/\/etab.ac-reunion.fr\/lyc-marie-curie\/wp-json\/wp\/v2\/media?parent=8439"}],"curies":[{"name":"wp","href":"https:\/\/api.w.org\/{rel}","templated":true}]}}