{"id":3143,"date":"2019-09-18T08:56:38","date_gmt":"2019-09-18T06:56:38","guid":{"rendered":"http:\/\/lycee-nord.ac-reunion.fr\/?page_id=3143"},"modified":"2021-02-05T05:13:06","modified_gmt":"2021-02-05T04:13:06","slug":"localisation-du-lycee-polyvalent-nord","status":"publish","type":"page","link":"https:\/\/etab.ac-reunion.fr\/lyc-memona-hintermann-affejee\/localisation-du-lycee-polyvalent-nord\/","title":{"rendered":"Localisation du Lyc\u00e9e Polyvalent Nord"},"content":{"rendered":"<p>[et_pb_section fb_built=\u00a0\u00bb1&Prime; _builder_version=\u00a0\u00bb3.29.3&Prime;][et_pb_row _builder_version=\u00a0\u00bb3.29.3&Prime;][et_pb_column type=\u00a0\u00bb4_4&Prime; _builder_version=\u00a0\u00bb3.29.3&Prime;][et_pb_text _builder_version=\u00a0\u00bb3.29.3&Prime;]<\/p>\n<p><img loading=\"lazy\" decoding=\"async\" class=\"wp-image-2998 alignnone size-large aligncenter\" src=\"https:\/\/etab.ac-reunion.fr\/lyc-memona-hintermann-affejee\/wp-content\/uploads\/sites\/154\/2019\/07\/Lycee8c-1024x552.jpg\" alt=\"\" width=\"1024\" height=\"552\" srcset=\"https:\/\/etab.ac-reunion.fr\/lyc-memona-hintermann-affejee\/wp-content\/uploads\/sites\/154\/2019\/07\/Lycee8c-1024x552.jpg 1024w, https:\/\/etab.ac-reunion.fr\/lyc-memona-hintermann-affejee\/wp-content\/uploads\/sites\/154\/2019\/07\/Lycee8c-50x27.jpg 50w, https:\/\/etab.ac-reunion.fr\/lyc-memona-hintermann-affejee\/wp-content\/uploads\/sites\/154\/2019\/07\/Lycee8c-200x108.jpg 200w, https:\/\/etab.ac-reunion.fr\/lyc-memona-hintermann-affejee\/wp-content\/uploads\/sites\/154\/2019\/07\/Lycee8c-768x414.jpg 768w, https:\/\/etab.ac-reunion.fr\/lyc-memona-hintermann-affejee\/wp-content\/uploads\/sites\/154\/2019\/07\/Lycee8c-1080x583.jpg 1080w, https:\/\/etab.ac-reunion.fr\/lyc-memona-hintermann-affejee\/wp-content\/uploads\/sites\/154\/2019\/07\/Lycee8c.jpg 1140w\" sizes=\"(max-width: 1024px) 100vw, 1024px\" \/><\/p>\n<p>[\/et_pb_text][et_pb_divider color=\u00a0\u00bb#e02b20&Prime; divider_weight=\u00a0\u00bb5px\u00a0\u00bb _builder_version=\u00a0\u00bb3.29.3&Prime;][\/et_pb_divider][et_pb_text _builder_version=\u00a0\u00bb4.8.2&Prime; hover_enabled=\u00a0\u00bb0&Prime; sticky_enabled=\u00a0\u00bb0&Prime;]<\/p>\n<h3 style=\"text-align: center\"><strong>Localisation du Lyc\u00e9e M\u00e9mona Hintermann-Aff\u00e9jee<br \/><\/strong><\/h3>\n<p>&nbsp;<\/p>\n<p style=\"text-align: center\">\n<!-- iframe plugin v.5.2 wordpress.org\/plugins\/iframe\/ -->\n<iframe loading=\"lazy\" width=\"1000\" height=\"800\" frameborder=\"0\" scrolling=\"no\" marginheight=\"0\" marginwidth=\"0\" sandbox=\"allow-forms allow-scripts allow-same-origin\" src=\"https:\/\/www.geoportail.gouv.fr\/embed\/visu.html?c=55.48156949321865,-20.91080922764064&#038;z=15&#038;l0=ORTHOIMAGERY.ORTHOPHOTOS::GEOPORTAIL:OGC:WMTS(1)&#038;l1=GEOGRAPHICALNAMES.NAMES::GEOPORTAIL:OGC:WMTS(1)&#038;l2=TRANSPORTNETWORKS.ROADS::GEOPORTAIL:OGC:WMTS(1)&#038;l3=GEOGRAPHICALGRIDSYSTEMS.MAPS.SCAN25TOUR::GEOPORTAIL:OGC:WMTS(1)&#038;d4=1570196(1)&#038;d5=1785381(1)&#038;permalink=yes\" 0=\"allowfullscreen\" class=\"iframe-class\"><\/iframe>\n<\/p>\n<p>[\/et_pb_text][\/et_pb_column][\/et_pb_row][\/et_pb_section]<\/p>\n","protected":false},"excerpt":{"rendered":"<p>Localisation du Lyc\u00e9e M\u00e9mona Hintermann-Aff\u00e9jee &nbsp; \n<!-- iframe plugin v.5.2 wordpress.org\/plugins\/iframe\/ -->\n<iframe loading=\"lazy\" width=\"1000\" height=\"800\" frameborder=\"0\" scrolling=\"no\" marginheight=\"0\" marginwidth=\"0\" sandbox=\"allow-forms allow-scripts allow-same-origin\" src=\"https:\/\/www.geoportail.gouv.fr\/embed\/visu.html?c=55.48156949321865,-20.91080922764064&#038;z=15&#038;l0=ORTHOIMAGERY.ORTHOPHOTOS::GEOPORTAIL:OGC:WMTS(1)&#038;l1=GEOGRAPHICALNAMES.NAMES::GEOPORTAIL:OGC:WMTS(1)&#038;l2=TRANSPORTNETWORKS.ROADS::GEOPORTAIL:OGC:WMTS(1)&#038;l3=GEOGRAPHICALGRIDSYSTEMS.MAPS.SCAN25TOUR::GEOPORTAIL:OGC:WMTS(1)&#038;d4=1570196(1)&#038;d5=1785381(1)&#038;permalink=yes\" 0=\"allowfullscreen\" class=\"iframe-class\"><\/iframe>\n<\/p>\n","protected":false},"author":1337,"featured_media":0,"parent":0,"menu_order":0,"comment_status":"closed","ping_status":"closed","template":"","meta":{"_et_pb_use_builder":"on","_et_pb_old_content":"","_et_gb_content_width":"","footnotes":""},"class_list":["post-3143","page","type-page","status-publish","hentry"],"_links":{"self":[{"href":"https:\/\/etab.ac-reunion.fr\/lyc-memona-hintermann-affejee\/wp-json\/wp\/v2\/pages\/3143","targetHints":{"allow":["GET"]}}],"collection":[{"href":"https:\/\/etab.ac-reunion.fr\/lyc-memona-hintermann-affejee\/wp-json\/wp\/v2\/pages"}],"about":[{"href":"https:\/\/etab.ac-reunion.fr\/lyc-memona-hintermann-affejee\/wp-json\/wp\/v2\/types\/page"}],"author":[{"embeddable":true,"href":"https:\/\/etab.ac-reunion.fr\/lyc-memona-hintermann-affejee\/wp-json\/wp\/v2\/users\/1337"}],"replies":[{"embeddable":true,"href":"https:\/\/etab.ac-reunion.fr\/lyc-memona-hintermann-affejee\/wp-json\/wp\/v2\/comments?post=3143"}],"version-history":[{"count":13,"href":"https:\/\/etab.ac-reunion.fr\/lyc-memona-hintermann-affejee\/wp-json\/wp\/v2\/pages\/3143\/revisions"}],"predecessor-version":[{"id":5778,"href":"https:\/\/etab.ac-reunion.fr\/lyc-memona-hintermann-affejee\/wp-json\/wp\/v2\/pages\/3143\/revisions\/5778"}],"wp:attachment":[{"href":"https:\/\/etab.ac-reunion.fr\/lyc-memona-hintermann-affejee\/wp-json\/wp\/v2\/media?parent=3143"}],"curies":[{"name":"wp","href":"https:\/\/api.w.org\/{rel}","templated":true}]}}