{"id":3175,"date":"2019-09-19T07:12:13","date_gmt":"2019-09-19T05:12:13","guid":{"rendered":"http:\/\/lycee-nord.ac-reunion.fr\/?page_id=3175"},"modified":"2025-08-25T06:26:49","modified_gmt":"2025-08-25T04:26:49","slug":"contacts-2-2","status":"publish","type":"page","link":"https:\/\/etab.ac-reunion.fr\/lyc-memona-hintermann-affejee\/contacts-2-2\/","title":{"rendered":"Personnels et organigramme"},"content":{"rendered":"<p>[et_pb_section fb_built=\u00a0\u00bb1&Prime; _builder_version=\u00a0\u00bb4.16&Prime; global_colors_info=\u00a0\u00bb{}\u00a0\u00bb][et_pb_row _builder_version=\u00a0\u00bb4.16&Prime; background_size=\u00a0\u00bbinitial\u00a0\u00bb background_position=\u00a0\u00bbtop_left\u00a0\u00bb background_repeat=\u00a0\u00bbrepeat\u00a0\u00bb global_colors_info=\u00a0\u00bb{}\u00a0\u00bb][et_pb_column type=\u00a0\u00bb4_4&Prime; _builder_version=\u00a0\u00bb4.16&Prime; custom_padding=\u00a0\u00bb|||\u00a0\u00bb global_colors_info=\u00a0\u00bb{}\u00a0\u00bb custom_padding__hover=\u00a0\u00bb|||\u00a0\u00bb][et_pb_text _builder_version=\u00a0\u00bb4.16&Prime; global_colors_info=\u00a0\u00bb{}\u00a0\u00bb]<\/p>\n<p><img loading=\"lazy\" decoding=\"async\" class=\"size-large wp-image-1972 aligncenter\" src=\"https:\/\/etab.ac-reunion.fr\/lyc-memona-hintermann-affejee\/wp-content\/uploads\/sites\/154\/2018\/11\/Contacts.jpg\" alt=\"\" width=\"960\" height=\"635\" srcset=\"https:\/\/etab.ac-reunion.fr\/lyc-memona-hintermann-affejee\/wp-content\/uploads\/sites\/154\/2018\/11\/Contacts.jpg 960w, https:\/\/etab.ac-reunion.fr\/lyc-memona-hintermann-affejee\/wp-content\/uploads\/sites\/154\/2018\/11\/Contacts-50x33.jpg 50w, https:\/\/etab.ac-reunion.fr\/lyc-memona-hintermann-affejee\/wp-content\/uploads\/sites\/154\/2018\/11\/Contacts-200x132.jpg 200w, https:\/\/etab.ac-reunion.fr\/lyc-memona-hintermann-affejee\/wp-content\/uploads\/sites\/154\/2018\/11\/Contacts-768x508.jpg 768w\" sizes=\"(max-width: 960px) 100vw, 960px\" \/><\/p>\n<h1 style=\"text-align: center\"><strong><br \/>PERSONNELS ET ORGANIGRAMME<br \/><\/strong><\/h1>\n<p>[\/et_pb_text][et_pb_divider color=\u00a0\u00bb#e02b20&Prime; divider_weight=\u00a0\u00bb5&Prime; _builder_version=\u00a0\u00bb4.16&Prime; global_colors_info=\u00a0\u00bb{}\u00a0\u00bb][\/et_pb_divider][et_pb_text _builder_version=\u00a0\u00bb4.16&Prime; global_colors_info=\u00a0\u00bb{}\u00a0\u00bb]<\/p>\n<p style=\"text-align: left\"><b>Adresse<\/b><\/p>\n<p style=\"text-align: left\">LYCEE POLYVALENT MEMONA HINTERMANN-AFFEJEE<\/p>\n<p lang=\"\" style=\"text-align: left\"><span style=\"font-size: small\">1, rue des Francisc\u00e9as<br \/><\/span><span style=\"font-size: small\">BP n\u00b0 50136<br \/><\/span><span style=\"font-size: small\">97491 STE-CLOTILDE CEDEX<\/span><\/p>\n<p>[\/et_pb_text][et_pb_divider color=\u00a0\u00bb#0c71c3&Prime; divider_weight=\u00a0\u00bb3&Prime; _builder_version=\u00a0\u00bb4.16&Prime; global_colors_info=\u00a0\u00bb{}\u00a0\u00bb][\/et_pb_divider][et_pb_text _builder_version=\u00a0\u00bb4.27.4&Prime; global_colors_info=\u00a0\u00bb{}\u00a0\u00bb]<\/p>\n<p><strong>Accueil<br \/><\/strong><\/p>\n<p>Mme GRONDIN &#8211; M. Fr\u00e9d\u00e9ric TAVERNIER<br \/>T\u00e9l. : 0262 98 24 25<\/p>\n<p>[\/et_pb_text][et_pb_divider color=\u00a0\u00bb#0c71c3&Prime; divider_weight=\u00a0\u00bb3&Prime; _builder_version=\u00a0\u00bb4.16&Prime; global_colors_info=\u00a0\u00bb{}\u00a0\u00bb][\/et_pb_divider][et_pb_text _builder_version=\u00a0\u00bb4.27.4&Prime; global_colors_info=\u00a0\u00bb{}\u00a0\u00bb]<\/p>\n<p><strong>Direction<br \/><\/strong><\/p>\n<p>Proviseur : M. Ronan SPAGNOL<\/p>\n<p>Proviseur adjoint : M. Thierry HERAIL<\/p>\n<p>Proviseur adjoint : M.Patrick PAYET<\/p>\n<p>Secr\u00e9tariat de direction : Mme Melina VITARELA<\/p>\n<p>Mail : ce.9741620t@ac-reunion.fr<\/p>\n<p>[\/et_pb_text][et_pb_divider color=\u00a0\u00bb#0c71c3&Prime; divider_weight=\u00a0\u00bb3&Prime; _builder_version=\u00a0\u00bb4.16&Prime; global_colors_info=\u00a0\u00bb{}\u00a0\u00bb][\/et_pb_divider][et_pb_text _builder_version=\u00a0\u00bb4.27.4&Prime; global_colors_info=\u00a0\u00bb{}\u00a0\u00bb]<\/p>\n<p><strong>Gestion<\/strong><\/p>\n<p>Gestionnaire : Mme Aniza RACINE ISMAEL<\/p>\n<p>Adjoint : en cours<\/p>\n<p>Adjoint : M. Ludovic D&rsquo;EMMEREZ DE CHARMOY<\/p>\n<p>Adjoint : Mme Marie Jocelyne GAY<\/p>\n<p>Mail : gestion.9741620t@ac-reunion.fr<\/p>\n<p>[\/et_pb_text][et_pb_divider color=\u00a0\u00bb#0c71c3&Prime; divider_weight=\u00a0\u00bb3&Prime; _builder_version=\u00a0\u00bb4.16&Prime; global_colors_info=\u00a0\u00bb{}\u00a0\u00bb][\/et_pb_divider][et_pb_text _builder_version=\u00a0\u00bb4.16&Prime; global_colors_info=\u00a0\u00bb{}\u00a0\u00bb]<\/p>\n<p><strong>Directeur D\u00e9l\u00e9gu\u00e9 aux Formations Professionnelles et Technologiques<\/strong><\/p>\n<p>M. Bruno ALBRENGUES<\/p>\n<p>Mail : bruno.albrengues@ac-reunion.fr<\/p>\n<p>[\/et_pb_text][et_pb_divider color=\u00a0\u00bb#0c71c3&Prime; divider_weight=\u00a0\u00bb3&Prime; _builder_version=\u00a0\u00bb4.16&Prime; global_colors_info=\u00a0\u00bb{}\u00a0\u00bb][\/et_pb_divider][et_pb_text _builder_version=\u00a0\u00bb4.27.4&Prime; global_colors_info=\u00a0\u00bb{}\u00a0\u00bb]<\/p>\n<p><strong>Bureau des entreprises<br \/><\/strong><\/p>\n<p>M. Lova RAKOTOARIMANANA<\/p>\n<p>Mme Caroline DUBAR <\/p>\n<p>Mail : bde-lpo-memona-hintermann-affejee@ac-reunion.fr<br \/>\nMail : bde.lyceemha@ac-reunion.fr[\/et_pb_text][et_pb_divider color=\u00a0\u00bb#0c71c3&Prime; divider_weight=\u00a0\u00bb3&Prime; _builder_version=\u00a0\u00bb4.16&Prime; global_colors_info=\u00a0\u00bb{}\u00a0\u00bb][\/et_pb_divider][et_pb_text _builder_version=\u00a0\u00bb4.27.4&Prime; global_colors_info=\u00a0\u00bb{}\u00a0\u00bb]<\/p>\n<p><strong>Coordonnateur ATTEE<br \/><\/strong><\/p>\n<p>M. Thierry BITROU<\/p>\n<p>Mail : thierry.bitrou@lycee.cr-reunion.fr[\/et_pb_text][et_pb_divider color=\u00a0\u00bb#0c71c3&Prime; divider_weight=\u00a0\u00bb3&Prime; _builder_version=\u00a0\u00bb4.16&Prime; global_colors_info=\u00a0\u00bb{}\u00a0\u00bb][\/et_pb_divider][et_pb_text _builder_version=\u00a0\u00bb4.27.4&Prime; global_colors_info=\u00a0\u00bb{}\u00a0\u00bb]<\/p>\n<p><strong>Vie Scolaire<\/strong><\/p>\n<p>CPE : Mme Moyra MADEN<\/p>\n<p>CPE : Mme Marie Rolande MAILLOT<\/p>\n<p>CPE : Mme Jessie ROSE<\/p>\n<p>[\/et_pb_text][et_pb_divider color=\u00a0\u00bb#0c71c3&Prime; divider_weight=\u00a0\u00bb3&Prime; _builder_version=\u00a0\u00bb4.27.0&Prime; global_colors_info=\u00a0\u00bb{}\u00a0\u00bb][\/et_pb_divider][et_pb_text _builder_version=\u00a0\u00bb4.27.0&Prime; global_colors_info=\u00a0\u00bb{}\u00a0\u00bb]<\/p>\n<p><strong>Centre de Documentation et d&rsquo;Information<\/strong><\/p>\n<p>Professeur documentaliste : M. Johann RENARD<\/p>\n<p>Assistante documentaliste : Mme Jessica LEFEVRE<\/p>\n<p>Mail : jrenard@ac-reunion.fr<\/p>\n<p>[\/et_pb_text][et_pb_divider color=\u00a0\u00bb#0c71c3&Prime; divider_weight=\u00a0\u00bb3&Prime; _builder_version=\u00a0\u00bb4.16&Prime; global_colors_info=\u00a0\u00bb{}\u00a0\u00bb][\/et_pb_divider][et_pb_text _builder_version=\u00a0\u00bb4.27.4&Prime; global_colors_info=\u00a0\u00bb{}\u00a0\u00bb]<\/p>\n<p><strong>Assistants de Maintenance Informatique (AMI)<\/strong><\/p>\n<p>M. St\u00e9phane ADOLPHE<\/p>\n<p>M.Dimitri CHANE-CHO-HOI<\/p>\n<p>Mail : Ami.9741620T@ac-reunion.fr[\/et_pb_text][et_pb_divider color=\u00a0\u00bb#0c71c3&Prime; divider_weight=\u00a0\u00bb3&Prime; _builder_version=\u00a0\u00bb4.16&Prime; global_colors_info=\u00a0\u00bb{}\u00a0\u00bb][\/et_pb_divider][et_pb_text _builder_version=\u00a0\u00bb4.27.4&Prime; global_colors_info=\u00a0\u00bb{}\u00a0\u00bb]<\/p>\n<p><strong>ARTICE<\/strong><\/p>\n<p>M. Joel ROYE<\/p>\n<p>Mail : Artice.9741620T@ac-reunion.fr[\/et_pb_text][et_pb_divider color=\u00a0\u00bb#0c71c3&Prime; divider_weight=\u00a0\u00bb3&Prime; _builder_version=\u00a0\u00bb4.16&Prime; global_colors_info=\u00a0\u00bb{}\u00a0\u00bb][\/et_pb_divider][et_pb_text _builder_version=\u00a0\u00bb4.27.4&Prime; global_colors_info=\u00a0\u00bb{}\u00a0\u00bb]<\/p>\n<p><strong>Psychologue en Orientation<br \/><\/strong><\/p>\n<p>Mme Radha DAYAL<\/p>\n<p>Mail : Radha.Dayal@ac-reunion.fr[\/et_pb_text][et_pb_divider color=\u00a0\u00bb#0c71c3&Prime; divider_weight=\u00a0\u00bb3&Prime; _builder_version=\u00a0\u00bb4.16&Prime; global_colors_info=\u00a0\u00bb{}\u00a0\u00bb][\/et_pb_divider][et_pb_text _builder_version=\u00a0\u00bb4.27.0&Prime; global_colors_info=\u00a0\u00bb{}\u00a0\u00bb]<\/p>\n<p><strong>Infirmerie<\/strong><\/p>\n<p>Infirmi\u00e8re : Mme Laurence FREBILLOT<\/p>\n<p><strong>Assistante sociale<br \/><\/strong><\/p>\n<p>Mme Sandra LALLEMAND<\/p>\n<p>[\/et_pb_text][et_pb_divider color=\u00a0\u00bb#0c71c3&Prime; divider_weight=\u00a0\u00bb3&Prime; admin_label=\u00a0\u00bbS\u00e9parateur\u00a0\u00bb _builder_version=\u00a0\u00bb4.16&Prime; global_colors_info=\u00a0\u00bb{}\u00a0\u00bb][\/et_pb_divider][et_pb_text _builder_version=\u00a0\u00bb4.27.4&Prime; hover_enabled=\u00a0\u00bb0&Prime; global_colors_info=\u00a0\u00bb{}\u00a0\u00bb sticky_enabled=\u00a0\u00bb0&Prime;]<\/p>\n<p><img loading=\"lazy\" decoding=\"async\" class=\"wp-image-10450 alignnone size-large\" src=\"https:\/\/etab.ac-reunion.fr\/lyc-memona-hintermann-affejee\/wp-content\/uploads\/sites\/154\/2025\/08\/Organigramme2025-629x600.jpg\" alt=\"\" width=\"629\" height=\"600\" srcset=\"https:\/\/etab.ac-reunion.fr\/lyc-memona-hintermann-affejee\/wp-content\/uploads\/sites\/154\/2025\/08\/Organigramme2025-629x600.jpg 629w, https:\/\/etab.ac-reunion.fr\/lyc-memona-hintermann-affejee\/wp-content\/uploads\/sites\/154\/2025\/08\/Organigramme2025-480x458.jpg 480w\" sizes=\"(min-width: 0px) and (max-width: 480px) 480px, (min-width: 481px) 629px, 100vw\" \/><\/p>\n<p>[\/et_pb_text][\/et_pb_column][\/et_pb_row][\/et_pb_section]<\/p>\n","protected":false},"excerpt":{"rendered":"<p>PERSONNELS ET ORGANIGRAMMEAdresse LYCEE POLYVALENT MEMONA HINTERMANN-AFFEJEE 1, rue des Francisc\u00e9asBP n\u00b0 5013697491 STE-CLOTILDE CEDEXAccueilMme GRONDIN &#8211; M. Fr\u00e9d\u00e9ric TAVERNIERT\u00e9l. : 0262 98 24 25Direction Proviseur : M. Ronan SPAGNOL [&hellip;]<\/p>\n","protected":false},"author":1337,"featured_media":0,"parent":0,"menu_order":0,"comment_status":"closed","ping_status":"closed","template":"","meta":{"_et_pb_use_builder":"on","_et_pb_old_content":"","_et_gb_content_width":"","footnotes":""},"class_list":["post-3175","page","type-page","status-publish","hentry"],"_links":{"self":[{"href":"https:\/\/etab.ac-reunion.fr\/lyc-memona-hintermann-affejee\/wp-json\/wp\/v2\/pages\/3175","targetHints":{"allow":["GET"]}}],"collection":[{"href":"https:\/\/etab.ac-reunion.fr\/lyc-memona-hintermann-affejee\/wp-json\/wp\/v2\/pages"}],"about":[{"href":"https:\/\/etab.ac-reunion.fr\/lyc-memona-hintermann-affejee\/wp-json\/wp\/v2\/types\/page"}],"author":[{"embeddable":true,"href":"https:\/\/etab.ac-reunion.fr\/lyc-memona-hintermann-affejee\/wp-json\/wp\/v2\/users\/1337"}],"replies":[{"embeddable":true,"href":"https:\/\/etab.ac-reunion.fr\/lyc-memona-hintermann-affejee\/wp-json\/wp\/v2\/comments?post=3175"}],"version-history":[{"count":39,"href":"https:\/\/etab.ac-reunion.fr\/lyc-memona-hintermann-affejee\/wp-json\/wp\/v2\/pages\/3175\/revisions"}],"predecessor-version":[{"id":10451,"href":"https:\/\/etab.ac-reunion.fr\/lyc-memona-hintermann-affejee\/wp-json\/wp\/v2\/pages\/3175\/revisions\/10451"}],"wp:attachment":[{"href":"https:\/\/etab.ac-reunion.fr\/lyc-memona-hintermann-affejee\/wp-json\/wp\/v2\/media?parent=3175"}],"curies":[{"name":"wp","href":"https:\/\/api.w.org\/{rel}","templated":true}]}}