{"id":3415,"date":"2019-10-07T12:54:05","date_gmt":"2019-10-07T10:54:05","guid":{"rendered":"http:\/\/lycee-nord.ac-reunion.fr\/?page_id=3415"},"modified":"2021-12-07T12:42:32","modified_gmt":"2021-12-07T11:42:32","slug":"bts-audiovisuel","status":"publish","type":"page","link":"https:\/\/etab.ac-reunion.fr\/lyc-memona-hintermann-affejee\/bts-audiovisuel\/","title":{"rendered":"BTS Audiovisuel"},"content":{"rendered":"<p>[et_pb_section fb_built=\u00a0\u00bb1&Prime; _builder_version=\u00a0\u00bb3.29.3&Prime; global_colors_info=\u00a0\u00bb{}\u00a0\u00bb][et_pb_row _builder_version=\u00a0\u00bb3.29.3&Prime; global_colors_info=\u00a0\u00bb{}\u00a0\u00bb][et_pb_column type=\u00a0\u00bb4_4&Prime; _builder_version=\u00a0\u00bb3.29.3&Prime; global_colors_info=\u00a0\u00bb{}\u00a0\u00bb][et_pb_text _builder_version=\u00a0\u00bb3.29.3&Prime; global_colors_info=\u00a0\u00bb{}\u00a0\u00bb]<\/p>\n<p><img loading=\"lazy\" decoding=\"async\" class=\"wp-image-1313 size-full aligncenter\" src=\"https:\/\/etab.ac-reunion.fr\/lyc-memona-hintermann-affejee\/wp-content\/uploads\/sites\/154\/2018\/06\/Camera1.jpg\" alt=\"\" width=\"960\" height=\"640\" srcset=\"https:\/\/etab.ac-reunion.fr\/lyc-memona-hintermann-affejee\/wp-content\/uploads\/sites\/154\/2018\/06\/Camera1.jpg 960w, https:\/\/etab.ac-reunion.fr\/lyc-memona-hintermann-affejee\/wp-content\/uploads\/sites\/154\/2018\/06\/Camera1-50x33.jpg 50w, https:\/\/etab.ac-reunion.fr\/lyc-memona-hintermann-affejee\/wp-content\/uploads\/sites\/154\/2018\/06\/Camera1-200x133.jpg 200w, https:\/\/etab.ac-reunion.fr\/lyc-memona-hintermann-affejee\/wp-content\/uploads\/sites\/154\/2018\/06\/Camera1-768x512.jpg 768w\" sizes=\"(max-width: 960px) 100vw, 960px\" \/><\/p>\n<p>[\/et_pb_text][et_pb_divider color=\u00a0\u00bb#e02b20&Prime; divider_weight=\u00a0\u00bb5px\u00a0\u00bb _builder_version=\u00a0\u00bb3.29.3&Prime; global_colors_info=\u00a0\u00bb{}\u00a0\u00bb][\/et_pb_divider][et_pb_text _builder_version=\u00a0\u00bb4.3&Prime; global_colors_info=\u00a0\u00bb{}\u00a0\u00bb]<\/p>\n<p style=\"text-align: center\"><strong>Bienvenue sur le portail du BTS Audiovisuel !<\/strong><\/p>\n<p>Vous y trouverez les informations relatives au BTS ainsi que les productions des \u00e9l\u00e8ves de cette section.<\/p>\n<p style=\"text-align: center\">[\/et_pb_text][et_pb_divider color=\u00a0\u00bb#0c71c3&Prime; divider_weight=\u00a0\u00bb3px\u00a0\u00bb _builder_version=\u00a0\u00bb4.3&Prime; global_colors_info=\u00a0\u00bb{}\u00a0\u00bb][\/et_pb_divider][et_pb_tabs _builder_version=\u00a0\u00bb4.14.2&Prime; _module_preset=\u00a0\u00bbdefault\u00a0\u00bb hover_enabled=\u00a0\u00bb0&Prime; global_colors_info=\u00a0\u00bb{}\u00a0\u00bb sticky_enabled=\u00a0\u00bb0&Prime;][et_pb_tab title=\u00a0\u00bbD\u00e9couvrir le BTS audiovisuel\u00a0\u00bb _builder_version=\u00a0\u00bb4.9.7&Prime; _module_preset=\u00a0\u00bbdefault\u00a0\u00bb global_colors_info=\u00a0\u00bb{}\u00a0\u00bb][\/et_pb_tab][et_pb_tab title=\u00a0\u00bbL&rsquo;actualit\u00e9\u00a0\u00bb _builder_version=\u00a0\u00bb4.6.0&Prime; _module_preset=\u00a0\u00bbdefault\u00a0\u00bb global_colors_info=\u00a0\u00bb{}\u00a0\u00bb]<\/p>\n<p>Toute l&rsquo;actualit\u00e9 du BTS Audiovisuel !<\/p>\n<hr \/>\n      <div id=\"post-grid-lazy-5194\" class=\"post-grid-lazy\"><img decoding=\"async\" alt=\"\" src=\"\" \/><\/div>\n    <script>\n      jQuery('#post-grid-lazy-5194').ready(function($) {\n        $('#post-grid-lazy-5194').fadeOut();\n        $('#post-grid-5194   ').fadeIn();\n      })\n    <\/script>\n    <style type=\"text\/css\">\n      #post-grid-5194 {\n        display: none;\n      }\n\n      .post-grid-lazy {\n        text-align: center;\n      }\n    <\/style>\n    <div data-options='{&quot;id&quot;:&quot;5194&quot;,&quot;lazy_load&quot;:&quot;yes&quot;,&quot;masonry_enable&quot;:&quot;no&quot;,&quot;view_type&quot;:&quot;grid&quot;}' id=\"post-grid-5194\" class=\"post-grid grid\">\n    \n\n\n    <div class=\"grid-items\">\n      <div class=\"item item-11140 skin flat even 0 \">\n        <div class=\"layer-wrapper layout-\">\n        <div class=\"layer-media\"><a href=\"https:\/\/etab.ac-reunion.fr\/lyc-memona-hintermann-affejee\/2026\/02\/02\/election-des-representants-des-etudiants-au-conseil-dadministration-du-crous-de-la-reunion-et-de-mayotte-bts\/\"><img decoding=\"async\" alt=\"\" src=\"https:\/\/etab.ac-reunion.fr\/lyc-memona-hintermann-affejee\/wp-content\/uploads\/sites\/154\/2026\/02\/Logo.png\" \/><\/a><\/div>\n  <div class=\"layer-content\">\n        <div class=\"element element_1519792753560  title_link \">\r\n                    <a target=\"_blank\"\r\n                href=\"https:\/\/etab.ac-reunion.fr\/lyc-memona-hintermann-affejee\/2026\/02\/02\/election-des-representants-des-etudiants-au-conseil-dadministration-du-crous-de-la-reunion-et-de-mayotte-bts\/\">Election des repr\u00e9sentants des \u00e9tudiants au Conseil d&rsquo;administration du Crous de La R\u00e9union et de Mayotte (BTS)<\/a>\r\n            <\/div>\r\n    <div class=\"element element_1519792759486  excerpt \">\r\n        [et_pb_section fb_built=\"1\" _builder_version=\"4.27.5\" _module_preset=\"default\" global_colors_info=\"{}\"][et_pb_row _builder_version=\"4.27.5\" _module_preset=\"default\" global_colors_info=\"{}\"][et_pb_column type=\"4_4\" _builder_version=\"4.27.5\" _module_preset=\"default\" global_colors_info=\"{}\"][et_pb_divider color=\"#E02B20\" divider_weight=\"5px\" _builder_version=\"4.27.5\" _module_preset=\"default\" global_colors_info=\"{}\"][\/et_pb_divider][et_pb_text _builder_version=\"4.27.5\" _module_preset=\"default\" global_colors_info=\"{}\"]Dans            <\/div>\r\n            <a class=\"element element_1519792765747  read_more \"\r\n            target=\"_blank\"\r\n            href=\"https:\/\/etab.ac-reunion.fr\/lyc-memona-hintermann-affejee\/2026\/02\/02\/election-des-representants-des-etudiants-au-conseil-dadministration-du-crous-de-la-reunion-et-de-mayotte-bts\/\">Lire plus...<\/a>\r\n      <\/div>\n    <\/div>\n  <\/div><div class=\"item item-10276 skin flat odd 1 \">\n        <div class=\"layer-wrapper layout-\">\n        <div class=\"layer-media\"><a href=\"https:\/\/etab.ac-reunion.fr\/lyc-memona-hintermann-affejee\/2025\/06\/24\/calendriers-des-inscriptions-2025\/\"><img decoding=\"async\" alt=\"\" src=\"https:\/\/etab.ac-reunion.fr\/lyc-memona-hintermann-affejee\/wp-content\/uploads\/sites\/154\/2019\/06\/Lyc\u00e9e2-e1755666024204.jpg\" \/><\/a><\/div>\n  <div class=\"layer-content\">\n        <div class=\"element element_1519792753560  title_link \">\r\n                    <a target=\"_blank\"\r\n                href=\"https:\/\/etab.ac-reunion.fr\/lyc-memona-hintermann-affejee\/2025\/06\/24\/calendriers-des-inscriptions-2025\/\">Calendriers des inscriptions 2025<\/a>\r\n            <\/div>\r\n    <div class=\"element element_1519792759486  excerpt \">\r\n        [et_pb_section fb_built=\"1\" _builder_version=\"4.27.4\" _module_preset=\"default\" global_colors_info=\"{}\"][et_pb_row _builder_version=\"4.27.4\" _module_preset=\"default\" global_colors_info=\"{}\"][et_pb_column type=\"4_4\" _builder_version=\"4.27.4\" _module_preset=\"default\" global_colors_info=\"{}\"][et_pb_divider color=\"#E02B20\" divider_weight=\"5px\" admin_label=\"S\u00e9parateur\" _builder_version=\"4.27.4\" _module_preset=\"default\" global_colors_info=\"{}\"][\/et_pb_divider][et_pb_text _builder_version=\"4.27.4\" _module_preset=\"default\"            <\/div>\r\n            <a class=\"element element_1519792765747  read_more \"\r\n            target=\"_blank\"\r\n            href=\"https:\/\/etab.ac-reunion.fr\/lyc-memona-hintermann-affejee\/2025\/06\/24\/calendriers-des-inscriptions-2025\/\">Lire plus...<\/a>\r\n      <\/div>\n    <\/div>\n  <\/div><div class=\"item item-10149 skin flat even 2 \">\n        <div class=\"layer-wrapper layout-\">\n        <div class=\"layer-media\"><a href=\"https:\/\/etab.ac-reunion.fr\/lyc-memona-hintermann-affejee\/2025\/06\/03\/les-meilleures-productions-du-bts-mav-1-2025\/\"><img decoding=\"async\" alt=\"\" src=\"https:\/\/etab.ac-reunion.fr\/lyc-memona-hintermann-affejee\/wp-content\/uploads\/sites\/154\/2018\/02\/film1.png\" \/><\/a><\/div>\n  <div class=\"layer-content\">\n        <div class=\"element element_1519792753560  title_link \">\r\n                    <a target=\"_blank\"\r\n                href=\"https:\/\/etab.ac-reunion.fr\/lyc-memona-hintermann-affejee\/2025\/06\/03\/les-meilleures-productions-du-bts-mav-1-2025\/\">Les meilleures productions du BTS MAV 1, 2025<\/a>\r\n            <\/div>\r\n    <div class=\"element element_1519792759486  excerpt \">\r\n        [et_pb_section fb_built=\"1\" _builder_version=\"4.27.4\" _module_preset=\"default\" global_colors_info=\"{}\"][et_pb_row _builder_version=\"4.27.4\" _module_preset=\"default\" global_colors_info=\"{}\"][et_pb_column type=\"4_4\" _builder_version=\"4.27.4\" _module_preset=\"default\" global_colors_info=\"{}\"][et_pb_divider color=\"#E02B20\" divider_weight=\"5px\" _builder_version=\"4.27.4\" _module_preset=\"default\" global_colors_info=\"{}\"][\/et_pb_divider][et_pb_text _builder_version=\"4.27.4\" _module_preset=\"default\" global_colors_info=\"{}\"]Les            <\/div>\r\n            <a class=\"element element_1519792765747  read_more \"\r\n            target=\"_blank\"\r\n            href=\"https:\/\/etab.ac-reunion.fr\/lyc-memona-hintermann-affejee\/2025\/06\/03\/les-meilleures-productions-du-bts-mav-1-2025\/\">Lire plus...<\/a>\r\n      <\/div>\n    <\/div>\n  <\/div><div class=\"item item-10139 skin flat odd 3 \">\n        <div class=\"layer-wrapper layout-\">\n        <div class=\"layer-media\"><a href=\"https:\/\/etab.ac-reunion.fr\/lyc-memona-hintermann-affejee\/2025\/06\/03\/kisa-nou-le\/\"><img decoding=\"async\" alt=\"\" src=\"https:\/\/etab.ac-reunion.fr\/lyc-memona-hintermann-affejee\/wp-content\/uploads\/sites\/154\/2018\/03\/film2.jpg\" \/><\/a><\/div>\n  <div class=\"layer-content\">\n        <div class=\"element element_1519792753560  title_link \">\r\n                    <a target=\"_blank\"\r\n                href=\"https:\/\/etab.ac-reunion.fr\/lyc-memona-hintermann-affejee\/2025\/06\/03\/kisa-nou-le\/\">Kissa nou l\u00e9<\/a>\r\n            <\/div>\r\n    <div class=\"element element_1519792759486  excerpt \">\r\n        [et_pb_section fb_built=\"1\" _builder_version=\"4.27.4\" _module_preset=\"default\" global_colors_info=\"{}\"][et_pb_row _builder_version=\"4.27.4\" _module_preset=\"default\" global_colors_info=\"{}\"][et_pb_column type=\"4_4\" _builder_version=\"4.27.4\" _module_preset=\"default\" global_colors_info=\"{}\"][et_pb_divider color=\"#E02B20\" divider_weight=\"5px\" _builder_version=\"4.27.4\" _module_preset=\"default\" global_colors_info=\"{}\"][\/et_pb_divider][et_pb_text _builder_version=\"4.27.4\" _module_preset=\"default\" global_colors_info=\"{}\"]Le            <\/div>\r\n            <a class=\"element element_1519792765747  read_more \"\r\n            target=\"_blank\"\r\n            href=\"https:\/\/etab.ac-reunion.fr\/lyc-memona-hintermann-affejee\/2025\/06\/03\/kisa-nou-le\/\">Lire plus...<\/a>\r\n      <\/div>\n    <\/div>\n  <\/div><div class=\"item item-10014 skin flat even 4 \">\n        <div class=\"layer-wrapper layout-\">\n        <div class=\"layer-media\"><a href=\"https:\/\/etab.ac-reunion.fr\/lyc-memona-hintermann-affejee\/2025\/04\/08\/prix-du-concours-je-filme-ma-formation-2\/\"><img decoding=\"async\" alt=\"\" src=\"https:\/\/etab.ac-reunion.fr\/lyc-memona-hintermann-affejee\/wp-content\/uploads\/sites\/154\/2025\/04\/film_formation.jpg\" \/><\/a><\/div>\n  <div class=\"layer-content\">\n        <div class=\"element element_1519792753560  title_link \">\r\n                    <a target=\"_blank\"\r\n                href=\"https:\/\/etab.ac-reunion.fr\/lyc-memona-hintermann-affejee\/2025\/04\/08\/prix-du-concours-je-filme-ma-formation-2\/\">Prix du concours \u00ab\u00a0Je filme ma formation\u00a0\u00bb<\/a>\r\n            <\/div>\r\n    <div class=\"element element_1519792759486  excerpt \">\r\n        [et_pb_section fb_built=\"1\" _builder_version=\"4.27.4\" _module_preset=\"default\" global_colors_info=\"{}\"][et_pb_row _builder_version=\"4.27.4\" _module_preset=\"default\" global_colors_info=\"{}\"][et_pb_column type=\"4_4\" _builder_version=\"4.27.4\" _module_preset=\"default\" global_colors_info=\"{}\"][et_pb_divider color=\"#E02B20\" divider_weight=\"5px\" _builder_version=\"4.27.4\" _module_preset=\"default\" global_colors_info=\"{}\"][\/et_pb_divider][et_pb_text _builder_version=\"4.27.4\" _module_preset=\"default\" hover_enabled=\"0\"            <\/div>\r\n            <a class=\"element element_1519792765747  read_more \"\r\n            target=\"_blank\"\r\n            href=\"https:\/\/etab.ac-reunion.fr\/lyc-memona-hintermann-affejee\/2025\/04\/08\/prix-du-concours-je-filme-ma-formation-2\/\">Lire plus...<\/a>\r\n      <\/div>\n    <\/div>\n  <\/div><div class=\"item item-9894 skin flat odd 5 \">\n        <div class=\"layer-wrapper layout-\">\n        <div class=\"layer-media\"><a href=\"https:\/\/etab.ac-reunion.fr\/lyc-memona-hintermann-affejee\/2025\/02\/20\/bts-mav-le-vrai-faux-making-of-je-filme-ma-formation\/\"><img decoding=\"async\" alt=\"\" src=\"https:\/\/etab.ac-reunion.fr\/lyc-memona-hintermann-affejee\/wp-content\/uploads\/sites\/154\/2017\/12\/Clap3.jpg\" \/><\/a><\/div>\n  <div class=\"layer-content\">\n        <div class=\"element element_1519792753560  title_link \">\r\n                    <a target=\"_blank\"\r\n                href=\"https:\/\/etab.ac-reunion.fr\/lyc-memona-hintermann-affejee\/2025\/02\/20\/bts-mav-le-vrai-faux-making-of-je-filme-ma-formation\/\">BTS MAV : le vrai faux making-of \u00ab\u00a0Je filme ma formation\u00a0\u00bb<\/a>\r\n            <\/div>\r\n    <div class=\"element element_1519792759486  excerpt \">\r\n        [et_pb_section fb_built=\"1\" _builder_version=\"4.27.4\" _module_preset=\"default\" global_colors_info=\"{}\"][et_pb_row _builder_version=\"4.27.4\" _module_preset=\"default\" global_colors_info=\"{}\"][et_pb_column type=\"4_4\" _builder_version=\"4.27.4\" _module_preset=\"default\" global_colors_info=\"{}\"][et_pb_divider color=\"#E02B20\" divider_weight=\"5px\" admin_label=\"S\u00e9parateur\" _builder_version=\"4.27.4\" _module_preset=\"default\" global_colors_info=\"{}\"][\/et_pb_divider][et_pb_text _builder_version=\"4.27.4\" _module_preset=\"default\"            <\/div>\r\n            <a class=\"element element_1519792765747  read_more \"\r\n            target=\"_blank\"\r\n            href=\"https:\/\/etab.ac-reunion.fr\/lyc-memona-hintermann-affejee\/2025\/02\/20\/bts-mav-le-vrai-faux-making-of-je-filme-ma-formation\/\">Lire plus...<\/a>\r\n      <\/div>\n    <\/div>\n  <\/div><div class=\"item item-8828 skin flat even 6 \">\n        <div class=\"layer-wrapper layout-\">\n        <div class=\"layer-media\"><a href=\"https:\/\/etab.ac-reunion.fr\/lyc-memona-hintermann-affejee\/2024\/02\/27\/magnetos-pour-les-candidats-au-bts-audiovisuel\/\"><img decoding=\"async\" alt=\"\" src=\"https:\/\/etab.ac-reunion.fr\/lyc-memona-hintermann-affejee\/wp-content\/uploads\/sites\/154\/2019\/02\/Audiovisuel-1024x576.jpg\" \/><\/a><\/div>\n  <div class=\"layer-content\">\n        <div class=\"element element_1519792753560  title_link \">\r\n                    <a target=\"_blank\"\r\n                href=\"https:\/\/etab.ac-reunion.fr\/lyc-memona-hintermann-affejee\/2024\/02\/27\/magnetos-pour-les-candidats-au-bts-audiovisuel\/\">Magn\u00e9tos pour les candidats au BTS audiovisuel<\/a>\r\n            <\/div>\r\n    <div class=\"element element_1519792759486  excerpt \">\r\n        [et_pb_section fb_built=\"1\" _builder_version=\"4.24.2\" _module_preset=\"default\" global_colors_info=\"{}\"][et_pb_row _builder_version=\"4.24.2\" _module_preset=\"default\" global_colors_info=\"{}\"][et_pb_column type=\"4_4\" _builder_version=\"4.24.2\" _module_preset=\"default\" global_colors_info=\"{}\"][et_pb_text _builder_version=\"4.24.2\" _module_preset=\"default\" global_colors_info=\"{}\"]Ces quatre magn\u00e9tos, destin\u00e9s aux futurs            <\/div>\r\n            <a class=\"element element_1519792765747  read_more \"\r\n            target=\"_blank\"\r\n            href=\"https:\/\/etab.ac-reunion.fr\/lyc-memona-hintermann-affejee\/2024\/02\/27\/magnetos-pour-les-candidats-au-bts-audiovisuel\/\">Lire plus...<\/a>\r\n      <\/div>\n    <\/div>\n  <\/div>    <\/div>\n    <div class=\"pagination\">\n      <div class=\"paginate\">\n      <\/div>\n  <style type=\"text\/css\">\n    #post-grid-5194 .pagination .page-numbers {\n      font-size: 16px;\n      color: #fff;\n      background: #646464;\n    }\n\n    #post-grid-5194 .pagination .page-numbers:hover,\n    #post-grid-5194 .pagination .page-numbers.current {\n      background: #4b4b4b;\n    }\n  <\/style>\n  <\/div>\n      <script>\n          <\/script>\n    <style type=\"text\/css\">\n    #post-grid-5194 .element_1519792753560 {\n      font-size:12px;display:block;padding:10px;    }\n\n    #post-grid-5194 .element_1519792759486 {\n      font-size:12px;display:block;padding:10px;    }\n\n    #post-grid-5194 .element_1519792765747 {\n      font-size:12px;display:block;padding:10px;    }\n\n    #post-grid-5194 .element_1519792753560:hover{}#post-grid-5194 .element_1519792759486:hover{}#post-grid-5194 .element_1519792765747:hover{}  <\/style>\n  <style type=\"text\/css\">\n    #post-grid-5194 {\n      padding: 10px;\n          }\n\n    #post-grid-5194 .item {\n      padding: 0px;\n      background: #fff;\n          }\n\n    #post-grid-5194 .item .layer-media {\n      height:auto;    }\n\n    @media only screen and (min-width: 0px) and (max-width: 767px) {\n      #post-grid-5194 .grid-items {\n        text-align: center;\n              }\n\n      #post-grid-5194 .item {\n        width: 90%;\n        margin: 10px;\n        display: inline-block;\n        vertical-align: top;\n        height:auto;      }\n    }\n\n    @media only screen and (min-width: 768px) and (max-width: 1023px) {\n      #post-grid-5194 .grid-items {\n        text-align: center;\n              }\n\n      #post-grid-5194 .item {\n        width: 280px;\n        margin: 10px;\n        display: inline-block;\n        vertical-align: top;\n        max-height:auto;      }\n    }\n\n    @media only screen and (min-width: 1024px) {\n      #post-grid-5194 .grid-items {\n        text-align: center;\n              }\n\n      #post-grid-5194 .item {\n        width: 280px;\n        display: inline-block;\n        margin: 10px;\n        vertical-align: top;\n        height:auto;      }\n    }\n\n      <\/style>\n  <\/div>\n\n<p>[\/et_pb_tab][et_pb_tab title=\u00a0\u00bbLes productions audiovisuelles\u00a0\u00bb _builder_version=\u00a0\u00bb4.14.2&Prime; _module_preset=\u00a0\u00bbdefault\u00a0\u00bb hover_enabled=\u00a0\u00bb0&Prime; global_colors_info=\u00a0\u00bb{}\u00a0\u00bb sticky_enabled=\u00a0\u00bb0&Prime;]<\/p>\n<p>Visualisez les r\u00e9alisations des \u00e9tudiants en BTS Audiovisuel :<\/p>\n<p><a href=\"https:\/\/etab.ac-reunion.fr\/lyc-memona-hintermann-affejee\/?page_id=4809&amp;preview=true\" target=\"_blank\" rel=\"noopener noreferrer\"><img loading=\"lazy\" decoding=\"async\" class=\"wp-image-5198 alignnone size-full\" src=\"https:\/\/etab.ac-reunion.fr\/lyc-memona-hintermann-affejee\/wp-content\/uploads\/sites\/154\/2020\/08\/Behind_V.jpg\" alt=\"\" width=\"130\" height=\"98\" srcset=\"https:\/\/etab.ac-reunion.fr\/lyc-memona-hintermann-affejee\/wp-content\/uploads\/sites\/154\/2020\/08\/Behind_V.jpg 130w, https:\/\/etab.ac-reunion.fr\/lyc-memona-hintermann-affejee\/wp-content\/uploads\/sites\/154\/2020\/08\/Behind_V-50x38.jpg 50w\" sizes=\"(max-width: 130px) 100vw, 130px\" \/><\/a><br \/><a href=\"https:\/\/etab.ac-reunion.fr\/lyc-memona-hintermann-affejee\/?page_id=4809&amp;preview=true\" target=\"_blank\" rel=\"noopener noreferrer\">Behind the Scene<\/a><\/p>\n<p>&nbsp;<\/p>\n<p>&nbsp;<\/p>\n<p>[\/et_pb_tab][et_pb_tab title=\u00a0\u00bbOption image\u00a0\u00bb _builder_version=\u00a0\u00bb4.9.0&Prime; _module_preset=\u00a0\u00bbdefault\u00a0\u00bb global_colors_info=\u00a0\u00bb{}\u00a0\u00bb][\/et_pb_tab][et_pb_tab title=\u00a0\u00bbOption son\u00a0\u00bb _builder_version=\u00a0\u00bb4.9.3&Prime; _module_preset=\u00a0\u00bbdefault\u00a0\u00bb global_colors_info=\u00a0\u00bb{}\u00a0\u00bb]<\/p>\n<p><a href=\"https:\/\/etab.ac-reunion.fr\/lyc-memona-hintermann-affejee\/les-capsules-audio\/\">Toutes les capsules son<\/a><\/p>\n<p>[\/et_pb_tab][et_pb_tab title=\u00a0\u00bbOption TIEE\u00a0\u00bb _builder_version=\u00a0\u00bb4.9.0&Prime; _module_preset=\u00a0\u00bbdefault\u00a0\u00bb global_colors_info=\u00a0\u00bb{}\u00a0\u00bb][\/et_pb_tab][et_pb_tab _builder_version=\u00a0\u00bb4.14.2&Prime; _module_preset=\u00a0\u00bbdefault\u00a0\u00bb title=\u00a0\u00bbCAA\u00a0\u00bb hover_enabled=\u00a0\u00bb0&Prime; sticky_enabled=\u00a0\u00bb0&Prime;]<\/p>\n<p><img loading=\"lazy\" decoding=\"async\" class=\"wp-image-5795 alignnone size-full\" src=\"https:\/\/etab.ac-reunion.fr\/lyc-memona-hintermann-affejee\/wp-content\/uploads\/sites\/154\/2021\/02\/Camera2.jpg\" alt=\"\" width=\"130\" height=\"98\" srcset=\"https:\/\/etab.ac-reunion.fr\/lyc-memona-hintermann-affejee\/wp-content\/uploads\/sites\/154\/2021\/02\/Camera2.jpg 130w, https:\/\/etab.ac-reunion.fr\/lyc-memona-hintermann-affejee\/wp-content\/uploads\/sites\/154\/2021\/02\/Camera2-50x38.jpg 50w\" sizes=\"(max-width: 130px) 100vw, 130px\" \/><br \/><a href=\"https:\/\/etab.ac-reunion.fr\/lyc-memona-hintermann-affejee\/les-critiques-de-films\/\">Les critiques de films<\/a><\/p>\n<hr \/>\n<p><img loading=\"lazy\" decoding=\"async\" class=\"wp-image-5808 alignnone size-full\" src=\"https:\/\/etab.ac-reunion.fr\/lyc-memona-hintermann-affejee\/wp-content\/uploads\/sites\/154\/2021\/02\/CoulisseTezier2.jpg\" alt=\"\" width=\"130\" height=\"91\" srcset=\"https:\/\/etab.ac-reunion.fr\/lyc-memona-hintermann-affejee\/wp-content\/uploads\/sites\/154\/2021\/02\/CoulisseTezier2.jpg 130w, https:\/\/etab.ac-reunion.fr\/lyc-memona-hintermann-affejee\/wp-content\/uploads\/sites\/154\/2021\/02\/CoulisseTezier2-50x35.jpg 50w\" sizes=\"(max-width: 130px) 100vw, 130px\" \/><br \/><a href=\"https:\/\/etab.ac-reunion.fr\/lyc-memona-hintermann-affejee\/les-evenements-audiovisuels\/\">Les \u00e9v\u00e8nements<\/a><\/p>\n<hr \/>\n<p><img loading=\"lazy\" decoding=\"async\" class=\"wp-image-5824 alignnone size-full\" src=\"https:\/\/etab.ac-reunion.fr\/lyc-memona-hintermann-affejee\/wp-content\/uploads\/sites\/154\/2021\/02\/Clap4.jpg\" alt=\"\" width=\"130\" height=\"130\" srcset=\"https:\/\/etab.ac-reunion.fr\/lyc-memona-hintermann-affejee\/wp-content\/uploads\/sites\/154\/2021\/02\/Clap4.jpg 130w, https:\/\/etab.ac-reunion.fr\/lyc-memona-hintermann-affejee\/wp-content\/uploads\/sites\/154\/2021\/02\/Clap4-50x50.jpg 50w\" sizes=\"(max-width: 130px) 100vw, 130px\" \/><br \/><a href=\"https:\/\/etab.ac-reunion.fr\/lyc-memona-hintermann-affejee\/les-capsules-video\/\">Les capsules vid\u00e9o<\/a><\/p>\n<hr \/>\n<p><img loading=\"lazy\" decoding=\"async\" class=\"wp-image-5819 alignnone size-full\" src=\"https:\/\/etab.ac-reunion.fr\/lyc-memona-hintermann-affejee\/wp-content\/uploads\/sites\/154\/2021\/02\/Casque2.jpg\" alt=\"\" width=\"130\" height=\"87\" srcset=\"https:\/\/etab.ac-reunion.fr\/lyc-memona-hintermann-affejee\/wp-content\/uploads\/sites\/154\/2021\/02\/Casque2.jpg 130w, https:\/\/etab.ac-reunion.fr\/lyc-memona-hintermann-affejee\/wp-content\/uploads\/sites\/154\/2021\/02\/Casque2-50x33.jpg 50w\" sizes=\"(max-width: 130px) 100vw, 130px\" \/><br \/><a href=\"https:\/\/etab.ac-reunion.fr\/lyc-memona-hintermann-affejee\/les-capsules-audio\/\">Les capsules audio<\/a><\/p>\n<p>[\/et_pb_tab][\/et_pb_tabs][\/et_pb_column][\/et_pb_row][\/et_pb_section]<\/p>\n","protected":false},"excerpt":{"rendered":"<p>Dans le cadre de la prochaine \u00e9lection des repr\u00e9sentants des \u00e9tudiants au Conseil d&rsquo;administration du Crous de La R\u00e9union et de Mayotte qui se tiendra du 3 au 5 f\u00e9vrier [&hellip;]<\/p>\n","protected":false},"author":1337,"featured_media":0,"parent":0,"menu_order":0,"comment_status":"closed","ping_status":"closed","template":"","meta":{"_et_pb_use_builder":"on","_et_pb_old_content":"","_et_gb_content_width":"","footnotes":""},"class_list":["post-3415","page","type-page","status-publish","hentry"],"_links":{"self":[{"href":"https:\/\/etab.ac-reunion.fr\/lyc-memona-hintermann-affejee\/wp-json\/wp\/v2\/pages\/3415","targetHints":{"allow":["GET"]}}],"collection":[{"href":"https:\/\/etab.ac-reunion.fr\/lyc-memona-hintermann-affejee\/wp-json\/wp\/v2\/pages"}],"about":[{"href":"https:\/\/etab.ac-reunion.fr\/lyc-memona-hintermann-affejee\/wp-json\/wp\/v2\/types\/page"}],"author":[{"embeddable":true,"href":"https:\/\/etab.ac-reunion.fr\/lyc-memona-hintermann-affejee\/wp-json\/wp\/v2\/users\/1337"}],"replies":[{"embeddable":true,"href":"https:\/\/etab.ac-reunion.fr\/lyc-memona-hintermann-affejee\/wp-json\/wp\/v2\/comments?post=3415"}],"version-history":[{"count":35,"href":"https:\/\/etab.ac-reunion.fr\/lyc-memona-hintermann-affejee\/wp-json\/wp\/v2\/pages\/3415\/revisions"}],"predecessor-version":[{"id":6874,"href":"https:\/\/etab.ac-reunion.fr\/lyc-memona-hintermann-affejee\/wp-json\/wp\/v2\/pages\/3415\/revisions\/6874"}],"wp:attachment":[{"href":"https:\/\/etab.ac-reunion.fr\/lyc-memona-hintermann-affejee\/wp-json\/wp\/v2\/media?parent=3415"}],"curies":[{"name":"wp","href":"https:\/\/api.w.org\/{rel}","templated":true}]}}