{"id":4809,"date":"2020-08-27T09:34:51","date_gmt":"2020-08-27T07:34:51","guid":{"rendered":"http:\/\/lycee-hintermann.ac-reunion.fr\/?page_id=4809"},"modified":"2021-02-24T07:49:30","modified_gmt":"2021-02-24T06:49:30","slug":"behind-the-scene","status":"publish","type":"page","link":"https:\/\/etab.ac-reunion.fr\/lyc-memona-hintermann-affejee\/behind-the-scene\/","title":{"rendered":"Behind the Scene"},"content":{"rendered":"<p>[et_pb_section fb_built=\u00a0\u00bb1&Prime; _builder_version=\u00a0\u00bb4.5.6&Prime; _module_preset=\u00a0\u00bbdefault\u00a0\u00bb][et_pb_row _builder_version=\u00a0\u00bb4.5.6&Prime; _module_preset=\u00a0\u00bbdefault\u00a0\u00bb][et_pb_column type=\u00a0\u00bb4_4&Prime; _builder_version=\u00a0\u00bb4.5.6&Prime; _module_preset=\u00a0\u00bbdefault\u00a0\u00bb][et_pb_text _builder_version=\u00a0\u00bb4.6.0&Prime; _module_preset=\u00a0\u00bbdefault\u00a0\u00bb]<\/p>\n<p style=\"text-align: center\"><img loading=\"lazy\" decoding=\"async\" class=\"wp-image-4813 alignnone size-full\" src=\"https:\/\/etab.ac-reunion.fr\/lyc-memona-hintermann-affejee\/wp-content\/uploads\/sites\/154\/2020\/08\/coupon.jpg\" alt=\"\" width=\"512\" height=\"256\" srcset=\"https:\/\/etab.ac-reunion.fr\/lyc-memona-hintermann-affejee\/wp-content\/uploads\/sites\/154\/2020\/08\/coupon.jpg 512w, https:\/\/etab.ac-reunion.fr\/lyc-memona-hintermann-affejee\/wp-content\/uploads\/sites\/154\/2020\/08\/coupon-480x240.jpg 480w\" sizes=\"(min-width: 0px) and (max-width: 480px) 480px, (min-width: 481px) 512px, 100vw\" \/><\/p>\n<h1 style=\"text-align: center\"><strong>BEHIND THE SCENE<\/strong><\/h1>\n<p>[\/et_pb_text][et_pb_divider color=\u00a0\u00bb#e02b20&Prime; divider_weight=\u00a0\u00bb5px\u00a0\u00bb _builder_version=\u00a0\u00bb4.5.6&Prime; _module_preset=\u00a0\u00bbdefault\u00a0\u00bb][\/et_pb_divider][et_pb_gallery gallery_ids=\u00a0\u00bb5215,5216,5217,5387&Prime; show_title_and_caption=\u00a0\u00bboff\u00a0\u00bb _builder_version=\u00a0\u00bb4.6.1&Prime; _module_preset=\u00a0\u00bbdefault\u00a0\u00bb][\/et_pb_gallery][et_pb_divider color=\u00a0\u00bb#e02b20&Prime; divider_weight=\u00a0\u00bb5px\u00a0\u00bb _builder_version=\u00a0\u00bb4.5.6&Prime; _module_preset=\u00a0\u00bbdefault\u00a0\u00bb][\/et_pb_divider][et_pb_tabs _builder_version=\u00a0\u00bb4.9.0&Prime; _module_preset=\u00a0\u00bbdefault\u00a0\u00bb hover_enabled=\u00a0\u00bb0&Prime; sticky_enabled=\u00a0\u00bb0&Prime;][et_pb_tab title=\u00a0\u00bbJT\u00a0\u00bb _builder_version=\u00a0\u00bb4.5.6&Prime; _module_preset=\u00a0\u00bbdefault\u00a0\u00bb][\/et_pb_tab][et_pb_tab title=\u00a0\u00bbMaking Off\u00a0\u00bb _builder_version=\u00a0\u00bb4.6.6&Prime; _module_preset=\u00a0\u00bbdefault\u00a0\u00bb]Tous les Making of des tournages<\/p>\n<hr \/>\n<p>      <div id=\"post-grid-lazy-5610\" class=\"post-grid-lazy\"><img decoding=\"async\" alt=\"\" src=\"\" \/><\/div>\n    <script>\n      jQuery('#post-grid-lazy-5610').ready(function($) {\n        $('#post-grid-lazy-5610').fadeOut();\n        $('#post-grid-5610   ').fadeIn();\n      })\n    <\/script>\n    <style type=\"text\/css\">\n      #post-grid-5610 {\n        display: none;\n      }\n\n      .post-grid-lazy {\n        text-align: center;\n      }\n    <\/style>\n    <div data-options='{&quot;id&quot;:&quot;5610&quot;,&quot;lazy_load&quot;:&quot;yes&quot;,&quot;masonry_enable&quot;:&quot;no&quot;,&quot;view_type&quot;:&quot;grid&quot;}' id=\"post-grid-5610\" class=\"post-grid grid\">\n        <div class=\"no-post-found\">\n        <div class=\"no-post-found\">\n    No post found  <\/div>\n    <\/div>\n        <script>\n          <\/script>\n    <style type=\"text\/css\">\n    #post-grid-5610 .element_1519792753560 {\n      font-size:12px;display:block;padding:10px;    }\n\n    #post-grid-5610 .element_1519792759486 {\n      font-size:12px;display:block;padding:10px;    }\n\n    #post-grid-5610 .element_1519792765747 {\n      font-size:12px;display:block;padding:10px;    }\n\n    #post-grid-5610 .element_1519792753560:hover{}#post-grid-5610 .element_1519792759486:hover{}#post-grid-5610 .element_1519792765747:hover{}  <\/style>\n  <style type=\"text\/css\">\n    #post-grid-5610 {\n      padding: 10px;\n          }\n\n    #post-grid-5610 .item {\n      padding: 0px;\n      background: #fff;\n          }\n\n    #post-grid-5610 .item .layer-media {\n      height:auto;    }\n\n    @media only screen and (min-width: 0px) and (max-width: 767px) {\n      #post-grid-5610 .grid-items {\n        text-align: center;\n              }\n\n      #post-grid-5610 .item {\n        width: 90%;\n        margin: 10px;\n        display: inline-block;\n        vertical-align: top;\n        height:auto;      }\n    }\n\n    @media only screen and (min-width: 768px) and (max-width: 1023px) {\n      #post-grid-5610 .grid-items {\n        text-align: center;\n              }\n\n      #post-grid-5610 .item {\n        width: 280px;\n        margin: 10px;\n        display: inline-block;\n        vertical-align: top;\n        max-height:auto;      }\n    }\n\n    @media only screen and (min-width: 1024px) {\n      #post-grid-5610 .grid-items {\n        text-align: center;\n              }\n\n      #post-grid-5610 .item {\n        width: 280px;\n        display: inline-block;\n        margin: 10px;\n        vertical-align: top;\n        height:auto;      }\n    }\n\n      <\/style>\n  <\/div>\n[\/et_pb_tab][et_pb_tab title=\u00a0\u00bbBA\u00a0\u00bb _builder_version=\u00a0\u00bb4.5.6&Prime; _module_preset=\u00a0\u00bbdefault\u00a0\u00bb][\/et_pb_tab][et_pb_tab title=\u00a0\u00bb24h Innovation\u00a0\u00bb _builder_version=\u00a0\u00bb4.5.6&Prime; _module_preset=\u00a0\u00bbdefault\u00a0\u00bb][\/et_pb_tab][et_pb_tab title=\u00a0\u00bbExercices\u00a0\u00bb _builder_version=\u00a0\u00bb4.7.4&Prime; _module_preset=\u00a0\u00bbdefault\u00a0\u00bb]      <div id=\"post-grid-lazy-5739\" class=\"post-grid-lazy\"><img decoding=\"async\" alt=\"\" src=\"\" \/><\/div>\n    <script>\n      jQuery('#post-grid-lazy-5739').ready(function($) {\n        $('#post-grid-lazy-5739').fadeOut();\n        $('#post-grid-5739   ').fadeIn();\n      })\n    <\/script>\n    <style type=\"text\/css\">\n      #post-grid-5739 {\n        display: none;\n      }\n\n      .post-grid-lazy {\n        text-align: center;\n      }\n    <\/style>\n    <div data-options='{&quot;id&quot;:&quot;5739&quot;,&quot;lazy_load&quot;:&quot;yes&quot;,&quot;masonry_enable&quot;:&quot;no&quot;,&quot;view_type&quot;:&quot;grid&quot;}' id=\"post-grid-5739\" class=\"post-grid grid\">\n    \n\n\n    <div class=\"grid-items\">\n      <div class=\"item item-10149 skin flat even 0 \">\n        <div class=\"layer-wrapper layout-\">\n        <div class=\"layer-media\"><a href=\"https:\/\/etab.ac-reunion.fr\/lyc-memona-hintermann-affejee\/2025\/06\/03\/les-meilleures-productions-du-bts-mav-1-2025\/\"><img decoding=\"async\" alt=\"\" src=\"https:\/\/etab.ac-reunion.fr\/lyc-memona-hintermann-affejee\/wp-content\/uploads\/sites\/154\/2018\/02\/film1.png\" \/><\/a><\/div>\n  <div class=\"layer-content\">\n        <div class=\"element element_1519792753560  title_link \">\r\n                    <a target=\"_blank\"\r\n                href=\"https:\/\/etab.ac-reunion.fr\/lyc-memona-hintermann-affejee\/2025\/06\/03\/les-meilleures-productions-du-bts-mav-1-2025\/\">Les meilleures productions du BTS MAV 1, 2025<\/a>\r\n            <\/div>\r\n    <div class=\"element element_1519792759486  excerpt \">\r\n        [et_pb_section fb_built=\"1\" _builder_version=\"4.27.4\" _module_preset=\"default\" global_colors_info=\"{}\"][et_pb_row _builder_version=\"4.27.4\" _module_preset=\"default\" global_colors_info=\"{}\"][et_pb_column type=\"4_4\" _builder_version=\"4.27.4\" _module_preset=\"default\" global_colors_info=\"{}\"][et_pb_divider color=\"#E02B20\" divider_weight=\"5px\" _builder_version=\"4.27.4\" _module_preset=\"default\" global_colors_info=\"{}\"][\/et_pb_divider][et_pb_text _builder_version=\"4.27.4\" _module_preset=\"default\" global_colors_info=\"{}\"]Les            <\/div>\r\n            <a class=\"element element_1519792765747  read_more \"\r\n            target=\"_blank\"\r\n            href=\"https:\/\/etab.ac-reunion.fr\/lyc-memona-hintermann-affejee\/2025\/06\/03\/les-meilleures-productions-du-bts-mav-1-2025\/\">Lire plus...<\/a>\r\n      <\/div>\n    <\/div>\n  <\/div><div class=\"item item-8200 skin flat odd 1 \">\n        <div class=\"layer-wrapper layout-\">\n        <div class=\"layer-media\"><a href=\"https:\/\/etab.ac-reunion.fr\/lyc-memona-hintermann-affejee\/2023\/05\/02\/conference-medias-et-climat\/\"><img decoding=\"async\" alt=\"\" src=\"https:\/\/etab.ac-reunion.fr\/lyc-memona-hintermann-affejee\/wp-content\/uploads\/sites\/154\/2023\/05\/glacier-1024x682.jpg\" \/><\/a><\/div>\n  <div class=\"layer-content\">\n        <div class=\"element element_1519792753560  title_link \">\r\n                    <a target=\"_blank\"\r\n                href=\"https:\/\/etab.ac-reunion.fr\/lyc-memona-hintermann-affejee\/2023\/05\/02\/conference-medias-et-climat\/\">Conf\u00e9rence m\u00e9dias et climat<\/a>\r\n            <\/div>\r\n    <div class=\"element element_1519792759486  excerpt \">\r\n        [et_pb_section fb_built=\"1\" _builder_version=\"4.20.4\" _module_preset=\"default\" global_colors_info=\"{}\"][et_pb_row _builder_version=\"4.20.4\" _module_preset=\"default\" global_colors_info=\"{}\"][et_pb_column type=\"4_4\" _builder_version=\"4.20.4\" _module_preset=\"default\" global_colors_info=\"{}\"][et_pb_divider color=\"#E02B20\" divider_weight=\"5px\" _builder_version=\"4.20.4\" _module_preset=\"default\" global_colors_info=\"{}\"][\/et_pb_divider][et_pb_text _builder_version=\"4.20.4\" _module_preset=\"default\" global_colors_info=\"{}\"]Dans            <\/div>\r\n            <a class=\"element element_1519792765747  read_more \"\r\n            target=\"_blank\"\r\n            href=\"https:\/\/etab.ac-reunion.fr\/lyc-memona-hintermann-affejee\/2023\/05\/02\/conference-medias-et-climat\/\">Lire plus...<\/a>\r\n      <\/div>\n    <\/div>\n  <\/div><div class=\"item item-7566 skin flat even 2 \">\n        <div class=\"layer-wrapper layout-\">\n        <div class=\"layer-media\"><a href=\"https:\/\/etab.ac-reunion.fr\/lyc-memona-hintermann-affejee\/2022\/07\/05\/des-clips-et-des-claps-lil-happiness\/\"><img decoding=\"async\" alt=\"\" src=\"https:\/\/etab.ac-reunion.fr\/lyc-memona-hintermann-affejee\/wp-content\/uploads\/sites\/154\/2020\/11\/ClapCinema-1024x1024.jpg\" \/><\/a><\/div>\n  <div class=\"layer-content\">\n        <div class=\"element element_1519792753560  title_link \">\r\n                    <a target=\"_blank\"\r\n                href=\"https:\/\/etab.ac-reunion.fr\/lyc-memona-hintermann-affejee\/2022\/07\/05\/des-clips-et-des-claps-lil-happiness\/\">Des Clips et des Claps : Lil Happiness<\/a>\r\n            <\/div>\r\n    <div class=\"element element_1519792759486  excerpt \">\r\n        [et_pb_section fb_built=\"1\" _builder_version=\"4.17.4\" _module_preset=\"default\" global_colors_info=\"{}\"][et_pb_row _builder_version=\"4.17.4\" _module_preset=\"default\" global_colors_info=\"{}\"][et_pb_column type=\"4_4\" _builder_version=\"4.17.4\" _module_preset=\"default\" global_colors_info=\"{}\"][et_pb_divider color=\"#E02B20\" divider_weight=\"5px\" _builder_version=\"4.17.4\" _module_preset=\"default\" global_colors_info=\"{}\"][\/et_pb_divider][et_pb_text _builder_version=\"4.17.4\" _module_preset=\"default\" hover_enabled=\"0\"            <\/div>\r\n            <a class=\"element element_1519792765747  read_more \"\r\n            target=\"_blank\"\r\n            href=\"https:\/\/etab.ac-reunion.fr\/lyc-memona-hintermann-affejee\/2022\/07\/05\/des-clips-et-des-claps-lil-happiness\/\">Lire plus...<\/a>\r\n      <\/div>\n    <\/div>\n  <\/div><div class=\"item item-5731 skin flat odd 3 \">\n        <div class=\"layer-wrapper layout-\">\n        <div class=\"layer-media\"><a href=\"https:\/\/etab.ac-reunion.fr\/lyc-memona-hintermann-affejee\/2020\/12\/03\/exercice-de-jacobson-a-truby-la-pomme\/\"><img decoding=\"async\" alt=\"\" src=\"https:\/\/etab.ac-reunion.fr\/lyc-memona-hintermann-affejee\/wp-content\/uploads\/sites\/154\/2020\/12\/Camera1-1024x660.jpg\" \/><\/a><\/div>\n  <div class=\"layer-content\">\n        <div class=\"element element_1519792753560  title_link \">\r\n                    <a target=\"_blank\"\r\n                href=\"https:\/\/etab.ac-reunion.fr\/lyc-memona-hintermann-affejee\/2020\/12\/03\/exercice-de-jacobson-a-truby-la-pomme\/\">Exercice de Jakobson \u00e0 Truby : La pomme<\/a>\r\n            <\/div>\r\n    <div class=\"element element_1519792759486  excerpt \">\r\n        [et_pb_section fb_built=\"1\" _builder_version=\"4.16\" _module_preset=\"default\" global_colors_info=\"{}\"][et_pb_row _builder_version=\"4.16\" _module_preset=\"default\" global_colors_info=\"{}\"][et_pb_column type=\"4_4\" _builder_version=\"4.16\" _module_preset=\"default\" global_colors_info=\"{}\"][et_pb_divider color=\"#e02b20\" divider_weight=\"5px\" _builder_version=\"4.16\" _module_preset=\"default\" global_colors_info=\"{}\"][\/et_pb_divider][et_pb_text _builder_version=\"4.27.4\" _module_preset=\"default\" global_colors_info=\"{}\"][\/et_pb_text][\/et_pb_column][\/et_pb_row][\/et_pb_section]            <\/div>\r\n            <a class=\"element element_1519792765747  read_more \"\r\n            target=\"_blank\"\r\n            href=\"https:\/\/etab.ac-reunion.fr\/lyc-memona-hintermann-affejee\/2020\/12\/03\/exercice-de-jacobson-a-truby-la-pomme\/\">Lire plus...<\/a>\r\n      <\/div>\n    <\/div>\n  <\/div>    <\/div>\n    <div class=\"pagination\">\n      <div class=\"paginate\">\n      <\/div>\n  <style type=\"text\/css\">\n    #post-grid-5739 .pagination .page-numbers {\n      font-size: 16px;\n      color: #fff;\n      background: #646464;\n    }\n\n    #post-grid-5739 .pagination .page-numbers:hover,\n    #post-grid-5739 .pagination .page-numbers.current {\n      background: #4b4b4b;\n    }\n  <\/style>\n  <\/div>\n      <script>\n          <\/script>\n    <style type=\"text\/css\">\n    #post-grid-5739 .element_1519792753560 {\n      font-size:12px;display:block;padding:10px;    }\n\n    #post-grid-5739 .element_1519792759486 {\n      font-size:12px;display:block;padding:10px;    }\n\n    #post-grid-5739 .element_1519792765747 {\n      font-size:12px;display:block;padding:10px;    }\n\n    #post-grid-5739 .element_1519792753560:hover{}#post-grid-5739 .element_1519792759486:hover{}#post-grid-5739 .element_1519792765747:hover{}  <\/style>\n  <style type=\"text\/css\">\n    #post-grid-5739 {\n      padding: 10px;\n          }\n\n    #post-grid-5739 .item {\n      padding: 0px;\n      background: #fff;\n          }\n\n    #post-grid-5739 .item .layer-media {\n      height:auto;    }\n\n    @media only screen and (min-width: 0px) and (max-width: 767px) {\n      #post-grid-5739 .grid-items {\n        text-align: center;\n              }\n\n      #post-grid-5739 .item {\n        width: 90%;\n        margin: 10px;\n        display: inline-block;\n        vertical-align: top;\n        height:auto;      }\n    }\n\n    @media only screen and (min-width: 768px) and (max-width: 1023px) {\n      #post-grid-5739 .grid-items {\n        text-align: center;\n              }\n\n      #post-grid-5739 .item {\n        width: 280px;\n        margin: 10px;\n        display: inline-block;\n        vertical-align: top;\n        max-height:auto;      }\n    }\n\n    @media only screen and (min-width: 1024px) {\n      #post-grid-5739 .grid-items {\n        text-align: center;\n              }\n\n      #post-grid-5739 .item {\n        width: 280px;\n        display: inline-block;\n        margin: 10px;\n        vertical-align: top;\n        height:auto;      }\n    }\n\n      <\/style>\n  <\/div>\n[\/et_pb_tab][\/et_pb_tabs][\/et_pb_column][\/et_pb_row][\/et_pb_section]<\/p>\n","protected":false},"excerpt":{"rendered":"<p>Les meilleures productions du BTS MAV 1, 2025. Il s\u2019agit de plusieurs exercices donn\u00e9s en fin de diff\u00e9rentes s\u00e9quences. Le premier cl\u00f4ture la s\u00e9quence sur la narration visuelle et les [&hellip;]<\/p>\n","protected":false},"author":1337,"featured_media":0,"parent":0,"menu_order":0,"comment_status":"closed","ping_status":"closed","template":"","meta":{"_et_pb_use_builder":"on","_et_pb_old_content":"","_et_gb_content_width":"","footnotes":""},"class_list":["post-4809","page","type-page","status-publish","hentry"],"_links":{"self":[{"href":"https:\/\/etab.ac-reunion.fr\/lyc-memona-hintermann-affejee\/wp-json\/wp\/v2\/pages\/4809","targetHints":{"allow":["GET"]}}],"collection":[{"href":"https:\/\/etab.ac-reunion.fr\/lyc-memona-hintermann-affejee\/wp-json\/wp\/v2\/pages"}],"about":[{"href":"https:\/\/etab.ac-reunion.fr\/lyc-memona-hintermann-affejee\/wp-json\/wp\/v2\/types\/page"}],"author":[{"embeddable":true,"href":"https:\/\/etab.ac-reunion.fr\/lyc-memona-hintermann-affejee\/wp-json\/wp\/v2\/users\/1337"}],"replies":[{"embeddable":true,"href":"https:\/\/etab.ac-reunion.fr\/lyc-memona-hintermann-affejee\/wp-json\/wp\/v2\/comments?post=4809"}],"version-history":[{"count":23,"href":"https:\/\/etab.ac-reunion.fr\/lyc-memona-hintermann-affejee\/wp-json\/wp\/v2\/pages\/4809\/revisions"}],"predecessor-version":[{"id":5805,"href":"https:\/\/etab.ac-reunion.fr\/lyc-memona-hintermann-affejee\/wp-json\/wp\/v2\/pages\/4809\/revisions\/5805"}],"wp:attachment":[{"href":"https:\/\/etab.ac-reunion.fr\/lyc-memona-hintermann-affejee\/wp-json\/wp\/v2\/media?parent=4809"}],"curies":[{"name":"wp","href":"https:\/\/api.w.org\/{rel}","templated":true}]}}