{"id":5798,"date":"2021-02-24T07:36:08","date_gmt":"2021-02-24T06:36:08","guid":{"rendered":"http:\/\/lycee-hintermann.ac-reunion.fr\/?page_id=5798"},"modified":"2021-02-25T05:51:39","modified_gmt":"2021-02-25T04:51:39","slug":"les-critiques-de-films","status":"publish","type":"page","link":"https:\/\/etab.ac-reunion.fr\/lyc-memona-hintermann-affejee\/les-critiques-de-films\/","title":{"rendered":"Les critiques de films"},"content":{"rendered":"<p>[et_pb_section fb_built=\u00a0\u00bb1&Prime; _builder_version=\u00a0\u00bb4.9.0&Prime; _module_preset=\u00a0\u00bbdefault\u00a0\u00bb][et_pb_row _builder_version=\u00a0\u00bb4.9.0&Prime; _module_preset=\u00a0\u00bbdefault\u00a0\u00bb][et_pb_column type=\u00a0\u00bb4_4&Prime; _builder_version=\u00a0\u00bb4.9.0&Prime; _module_preset=\u00a0\u00bbdefault\u00a0\u00bb][et_pb_text _builder_version=\u00a0\u00bb4.9.0&Prime; _module_preset=\u00a0\u00bbdefault\u00a0\u00bb]<\/p>\n<h1 style=\"text-align: center\"><strong>Les critiques de films<\/strong><\/h1>\n<p><img loading=\"lazy\" decoding=\"async\" class=\"wp-image-5833 size-large aligncenter\" src=\"https:\/\/etab.ac-reunion.fr\/lyc-memona-hintermann-affejee\/wp-content\/uploads\/sites\/154\/2021\/02\/sunset-1024x682.jpg\" alt=\"\" width=\"1024\" height=\"682\" srcset=\"https:\/\/etab.ac-reunion.fr\/lyc-memona-hintermann-affejee\/wp-content\/uploads\/sites\/154\/2021\/02\/sunset-1024x682.jpg 1024w, https:\/\/etab.ac-reunion.fr\/lyc-memona-hintermann-affejee\/wp-content\/uploads\/sites\/154\/2021\/02\/sunset-980x653.jpg 980w, https:\/\/etab.ac-reunion.fr\/lyc-memona-hintermann-affejee\/wp-content\/uploads\/sites\/154\/2021\/02\/sunset-480x320.jpg 480w\" sizes=\"(min-width: 0px) and (max-width: 480px) 480px, (min-width: 481px) and (max-width: 980px) 980px, (min-width: 981px) 1024px, 100vw\" \/><\/p>\n<hr \/>\n<p>Cette rubrique a \u00e9t\u00e9 con\u00e7ue en Culture avec des \u00e9tudiants passionn\u00e9s de cin\u00e9ma. Elle a \u00e9t\u00e9 appel\u00e9e TOGT : <em>The Oscar goes to<\/em> et a pour but d&rsquo;analyser les films en salle qui ont retenu leur attention.<\/p>\n<p>[\/et_pb_text][et_pb_blog include_categories=\u00a0\u00bb71&Prime; _builder_version=\u00a0\u00bb4.9.0&Prime; _module_preset=\u00a0\u00bbdefault\u00a0\u00bb hover_enabled=\u00a0\u00bb0&Prime; fullwidth=\u00a0\u00bboff\u00a0\u00bb sticky_enabled=\u00a0\u00bb0&Prime;][\/et_pb_blog][\/et_pb_column][\/et_pb_row][\/et_pb_section]<\/p>\n","protected":false},"excerpt":{"rendered":"<p>Les critiques de films Cette rubrique a \u00e9t\u00e9 con\u00e7ue en Culture avec des \u00e9tudiants passionn\u00e9s de cin\u00e9ma. Elle a \u00e9t\u00e9 appel\u00e9e TOGT : The Oscar goes to et a pour [&hellip;]<\/p>\n","protected":false},"author":1337,"featured_media":0,"parent":0,"menu_order":0,"comment_status":"closed","ping_status":"closed","template":"","meta":{"_et_pb_use_builder":"on","_et_pb_old_content":"","_et_gb_content_width":"","footnotes":""},"class_list":["post-5798","page","type-page","status-publish","hentry"],"_links":{"self":[{"href":"https:\/\/etab.ac-reunion.fr\/lyc-memona-hintermann-affejee\/wp-json\/wp\/v2\/pages\/5798","targetHints":{"allow":["GET"]}}],"collection":[{"href":"https:\/\/etab.ac-reunion.fr\/lyc-memona-hintermann-affejee\/wp-json\/wp\/v2\/pages"}],"about":[{"href":"https:\/\/etab.ac-reunion.fr\/lyc-memona-hintermann-affejee\/wp-json\/wp\/v2\/types\/page"}],"author":[{"embeddable":true,"href":"https:\/\/etab.ac-reunion.fr\/lyc-memona-hintermann-affejee\/wp-json\/wp\/v2\/users\/1337"}],"replies":[{"embeddable":true,"href":"https:\/\/etab.ac-reunion.fr\/lyc-memona-hintermann-affejee\/wp-json\/wp\/v2\/comments?post=5798"}],"version-history":[{"count":4,"href":"https:\/\/etab.ac-reunion.fr\/lyc-memona-hintermann-affejee\/wp-json\/wp\/v2\/pages\/5798\/revisions"}],"predecessor-version":[{"id":5835,"href":"https:\/\/etab.ac-reunion.fr\/lyc-memona-hintermann-affejee\/wp-json\/wp\/v2\/pages\/5798\/revisions\/5835"}],"wp:attachment":[{"href":"https:\/\/etab.ac-reunion.fr\/lyc-memona-hintermann-affejee\/wp-json\/wp\/v2\/media?parent=5798"}],"curies":[{"name":"wp","href":"https:\/\/api.w.org\/{rel}","templated":true}]}}