{"id":6100,"date":"2021-05-04T14:24:53","date_gmt":"2021-05-04T12:24:53","guid":{"rendered":"http:\/\/lycee-hintermann.ac-reunion.fr\/?page_id=6100"},"modified":"2021-05-04T14:36:25","modified_gmt":"2021-05-04T12:36:25","slug":"informations-parents","status":"publish","type":"page","link":"https:\/\/etab.ac-reunion.fr\/lyc-memona-hintermann-affejee\/informations-parents\/","title":{"rendered":"INFORMATIONS PARENTS"},"content":{"rendered":"<p>[et_pb_section fb_built=\u00a0\u00bb1&Prime; _builder_version=\u00a0\u00bb4.9.4&Prime; _module_preset=\u00a0\u00bbdefault\u00a0\u00bb][et_pb_row _builder_version=\u00a0\u00bb4.9.4&Prime; _module_preset=\u00a0\u00bbdefault\u00a0\u00bb][et_pb_column type=\u00a0\u00bb4_4&Prime; _builder_version=\u00a0\u00bb4.9.4&Prime; _module_preset=\u00a0\u00bbdefault\u00a0\u00bb][et_pb_text admin_label=\u00a0\u00bbTexte\u00a0\u00bb _builder_version=\u00a0\u00bb4.9.4&Prime; _module_preset=\u00a0\u00bbdefault\u00a0\u00bb hover_enabled=\u00a0\u00bb0&Prime; sticky_enabled=\u00a0\u00bb0&Prime;]<\/p>\n<p><img loading=\"lazy\" decoding=\"async\" class=\"wp-image-5638 size-large aligncenter\" src=\"https:\/\/etab.ac-reunion.fr\/lyc-memona-hintermann-affejee\/wp-content\/uploads\/sites\/154\/2020\/11\/LogoLycee-1024x475.png\" alt=\"\" width=\"1024\" height=\"475\" srcset=\"https:\/\/etab.ac-reunion.fr\/lyc-memona-hintermann-affejee\/wp-content\/uploads\/sites\/154\/2020\/11\/LogoLycee-980x454.png 980w, https:\/\/etab.ac-reunion.fr\/lyc-memona-hintermann-affejee\/wp-content\/uploads\/sites\/154\/2020\/11\/LogoLycee-480x222.png 480w\" sizes=\"(min-width: 0px) and (max-width: 480px) 480px, (min-width: 481px) and (max-width: 980px) 980px, (min-width: 981px) 1024px, 100vw\" \/><\/p>\n<h1 style=\"text-align: center\"><strong>INFORMATIONS PARENTS<\/strong><\/h1>\n<p>&nbsp;<\/p>\n<p>Vous trouverez ci-dessous toutes les informations \u00e0 destination des parents d&rsquo;\u00e9l\u00e8ves.<\/p>\n<p>[\/et_pb_text][et_pb_divider color=\u00a0\u00bb#E02B20&Prime; divider_weight=\u00a0\u00bb5px\u00a0\u00bb _builder_version=\u00a0\u00bb4.9.4&Prime; _module_preset=\u00a0\u00bbdefault\u00a0\u00bb][\/et_pb_divider][et_pb_blog fullwidth=\u00a0\u00bboff\u00a0\u00bb include_categories=\u00a0\u00bb79&Prime; _builder_version=\u00a0\u00bb4.9.4&Prime; _module_preset=\u00a0\u00bbdefault\u00a0\u00bb][\/et_pb_blog][\/et_pb_column][\/et_pb_row][\/et_pb_section]<\/p>\n","protected":false},"excerpt":{"rendered":"<p>INFORMATIONS PARENTS &nbsp; Vous trouverez ci-dessous toutes les informations \u00e0 destination des parents d&rsquo;\u00e9l\u00e8ves.<\/p>\n","protected":false},"author":1337,"featured_media":0,"parent":0,"menu_order":0,"comment_status":"closed","ping_status":"closed","template":"","meta":{"_et_pb_use_builder":"on","_et_pb_old_content":"","_et_gb_content_width":"","footnotes":""},"class_list":["post-6100","page","type-page","status-publish","hentry"],"_links":{"self":[{"href":"https:\/\/etab.ac-reunion.fr\/lyc-memona-hintermann-affejee\/wp-json\/wp\/v2\/pages\/6100","targetHints":{"allow":["GET"]}}],"collection":[{"href":"https:\/\/etab.ac-reunion.fr\/lyc-memona-hintermann-affejee\/wp-json\/wp\/v2\/pages"}],"about":[{"href":"https:\/\/etab.ac-reunion.fr\/lyc-memona-hintermann-affejee\/wp-json\/wp\/v2\/types\/page"}],"author":[{"embeddable":true,"href":"https:\/\/etab.ac-reunion.fr\/lyc-memona-hintermann-affejee\/wp-json\/wp\/v2\/users\/1337"}],"replies":[{"embeddable":true,"href":"https:\/\/etab.ac-reunion.fr\/lyc-memona-hintermann-affejee\/wp-json\/wp\/v2\/comments?post=6100"}],"version-history":[{"count":4,"href":"https:\/\/etab.ac-reunion.fr\/lyc-memona-hintermann-affejee\/wp-json\/wp\/v2\/pages\/6100\/revisions"}],"predecessor-version":[{"id":6111,"href":"https:\/\/etab.ac-reunion.fr\/lyc-memona-hintermann-affejee\/wp-json\/wp\/v2\/pages\/6100\/revisions\/6111"}],"wp:attachment":[{"href":"https:\/\/etab.ac-reunion.fr\/lyc-memona-hintermann-affejee\/wp-json\/wp\/v2\/media?parent=6100"}],"curies":[{"name":"wp","href":"https:\/\/api.w.org\/{rel}","templated":true}]}}