{"id":647,"date":"2018-04-20T05:55:20","date_gmt":"2018-04-20T03:55:20","guid":{"rendered":"http:\/\/lycee-nord.ac-reunion.fr\/?page_id=647"},"modified":"2023-02-28T10:36:04","modified_gmt":"2023-02-28T09:36:04","slug":"le-portail-des-langues-du-lycee-polyvalent-nord","status":"publish","type":"page","link":"https:\/\/etab.ac-reunion.fr\/lyc-memona-hintermann-affejee\/le-portail-des-langues-du-lycee-polyvalent-nord\/","title":{"rendered":"Le portail des langues du Lyc\u00e9e Polyvalent Nord"},"content":{"rendered":"<p>[et_pb_section fb_built=\u00a0\u00bb1&Prime; _builder_version=\u00a0\u00bb4.16&Prime; global_colors_info=\u00a0\u00bb{}\u00a0\u00bb][et_pb_row _builder_version=\u00a0\u00bb4.16&Prime; background_size=\u00a0\u00bbinitial\u00a0\u00bb background_position=\u00a0\u00bbtop_left\u00a0\u00bb background_repeat=\u00a0\u00bbrepeat\u00a0\u00bb global_colors_info=\u00a0\u00bb{}\u00a0\u00bb][et_pb_column type=\u00a0\u00bb4_4&Prime; _builder_version=\u00a0\u00bb4.16&Prime; custom_padding=\u00a0\u00bb|||\u00a0\u00bb global_colors_info=\u00a0\u00bb{}\u00a0\u00bb custom_padding__hover=\u00a0\u00bb|||\u00a0\u00bb][et_pb_text _builder_version=\u00a0\u00bb4.20.0&Prime; _module_preset=\u00a0\u00bbdefault\u00a0\u00bb global_colors_info=\u00a0\u00bb{}\u00a0\u00bb]<\/p>\n<h3 style=\"text-align: center\"><img loading=\"lazy\" decoding=\"async\" class=\"size-full wp-image-659 aligncenter\" src=\"https:\/\/etab.ac-reunion.fr\/lyc-memona-hintermann-affejee\/wp-content\/uploads\/sites\/154\/2018\/03\/International2.png\" alt=\"\" width=\"797\" height=\"720\" srcset=\"https:\/\/etab.ac-reunion.fr\/lyc-memona-hintermann-affejee\/wp-content\/uploads\/sites\/154\/2018\/03\/International2.png 797w, https:\/\/etab.ac-reunion.fr\/lyc-memona-hintermann-affejee\/wp-content\/uploads\/sites\/154\/2018\/03\/International2-50x45.png 50w, https:\/\/etab.ac-reunion.fr\/lyc-memona-hintermann-affejee\/wp-content\/uploads\/sites\/154\/2018\/03\/International2-300x271.png 300w, https:\/\/etab.ac-reunion.fr\/lyc-memona-hintermann-affejee\/wp-content\/uploads\/sites\/154\/2018\/03\/International2-768x694.png 768w\" sizes=\"(max-width: 797px) 100vw, 797px\" \/><\/h3>\n<p>&nbsp;<\/p>\n<p>[\/et_pb_text][et_pb_divider color=\u00a0\u00bb#E02B20&Prime; divider_weight=\u00a0\u00bb5px\u00a0\u00bb _builder_version=\u00a0\u00bb4.20.0&Prime; _module_preset=\u00a0\u00bbdefault\u00a0\u00bb global_colors_info=\u00a0\u00bb{}\u00a0\u00bb][\/et_pb_divider][et_pb_text _builder_version=\u00a0\u00bb4.20.0&Prime; global_colors_info=\u00a0\u00bb{}\u00a0\u00bb]<\/p>\n<h3 style=\"text-align: center\">Toutes les langues enseign\u00e9es au lyc\u00e9e M\u00e9mona Hintermann Aff\u00e9jee<\/h3>\n<p>&nbsp;<\/p>\n<p>Le lyc\u00e9e propose la carte des langues suivante :<\/p>\n<ul>\n<li>Anglais : M. Jean-Yves DIOMAT (section g\u00e9n\u00e9ral), M. Patrice GIORDAN (section g\u00e9n\u00e9rale) , Mme B\u00e9n\u00e9dicte BROHAN (section g\u00e9n\u00e9rale), Mme\u00a0 Florence PANON (section g\u00e9n\u00e9rale),\u00a0 Mme Catherine HEALY (section g\u00e9n\u00e9rale),\u00a0 Mme Uma GUIGUE (section g\u00e9n\u00e9rale), Mme Pascale CELERINE (section professionnelle), Mme Mathilde GAGNE (section professionnelle).<\/li>\n<li>Espagnol : M. G\u00e9rald AGUIRRE (section g\u00e9n\u00e9rale), Mme Dominique ALONSO GARCIA (section g\u00e9n\u00e9rale), M. Jean-Louis KRAEMER (section g\u00e9n\u00e9rale), Mme L\u00e9a DENNEMONT (section g\u00e9n\u00e9rale), Mme Marie GUITTIEREZ MARTINEZ (section professionnelle), M. Henri MORENO (DNL Vente, section professionnelle).<\/li>\n<li>Allemand : Mme Karine COURTOIS (section g\u00e9n\u00e9rale).<\/li>\n<li>Chinois : Mme Licha\u00ef Vinerbi (section g\u00e9n\u00e9rale).<\/li>\n<\/ul>\n<p>[\/et_pb_text][et_pb_divider color=\u00a0\u00bb#0C71C3&Prime; divider_weight=\u00a0\u00bb3px\u00a0\u00bb _builder_version=\u00a0\u00bb4.20.0&Prime; _module_preset=\u00a0\u00bbdefault\u00a0\u00bb global_colors_info=\u00a0\u00bb{}\u00a0\u00bb][\/et_pb_divider][et_pb_text _builder_version=\u00a0\u00bb4.16&Prime; hover_enabled=\u00a0\u00bb0&Prime; global_colors_info=\u00a0\u00bb{}\u00a0\u00bb sticky_enabled=\u00a0\u00bb0&Prime;]<\/p>\n<h3 style=\"text-align: center\">Les articles en langues \u00e9trang\u00e8res \u00e9crits par les \u00e9l\u00e8ves du lyc\u00e9e<\/h3>\n<p>[\/et_pb_text][et_pb_blog fullwidth=\u00a0\u00bboff\u00a0\u00bb include_categories=\u00a0\u00bb29&Prime; show_comments=\u00a0\u00bbon\u00a0\u00bb _builder_version=\u00a0\u00bb4.16&Prime; pagination_font_size_tablet=\u00a0\u00bb51&Prime; pagination_line_height_tablet=\u00a0\u00bb2&Prime; global_colors_info=\u00a0\u00bb{}\u00a0\u00bb][\/et_pb_blog][\/et_pb_column][\/et_pb_row][\/et_pb_section]<\/p>\n","protected":false},"excerpt":{"rendered":"<p>&nbsp;Toutes les langues enseign\u00e9es au lyc\u00e9e M\u00e9mona Hintermann Aff\u00e9jee &nbsp; Le lyc\u00e9e propose la carte des langues suivante : Anglais : M. Jean-Yves DIOMAT (section g\u00e9n\u00e9ral), M. Patrice GIORDAN (section [&hellip;]<\/p>\n","protected":false},"author":1337,"featured_media":0,"parent":0,"menu_order":0,"comment_status":"closed","ping_status":"closed","template":"","meta":{"_et_pb_use_builder":"on","_et_pb_old_content":"Toutes les langues enseign\u00e9es au Lyc\u00e9e Polyvalent Nord.","_et_gb_content_width":"","footnotes":""},"class_list":["post-647","page","type-page","status-publish","hentry"],"_links":{"self":[{"href":"https:\/\/etab.ac-reunion.fr\/lyc-memona-hintermann-affejee\/wp-json\/wp\/v2\/pages\/647","targetHints":{"allow":["GET"]}}],"collection":[{"href":"https:\/\/etab.ac-reunion.fr\/lyc-memona-hintermann-affejee\/wp-json\/wp\/v2\/pages"}],"about":[{"href":"https:\/\/etab.ac-reunion.fr\/lyc-memona-hintermann-affejee\/wp-json\/wp\/v2\/types\/page"}],"author":[{"embeddable":true,"href":"https:\/\/etab.ac-reunion.fr\/lyc-memona-hintermann-affejee\/wp-json\/wp\/v2\/users\/1337"}],"replies":[{"embeddable":true,"href":"https:\/\/etab.ac-reunion.fr\/lyc-memona-hintermann-affejee\/wp-json\/wp\/v2\/comments?post=647"}],"version-history":[{"count":18,"href":"https:\/\/etab.ac-reunion.fr\/lyc-memona-hintermann-affejee\/wp-json\/wp\/v2\/pages\/647\/revisions"}],"predecessor-version":[{"id":8009,"href":"https:\/\/etab.ac-reunion.fr\/lyc-memona-hintermann-affejee\/wp-json\/wp\/v2\/pages\/647\/revisions\/8009"}],"wp:attachment":[{"href":"https:\/\/etab.ac-reunion.fr\/lyc-memona-hintermann-affejee\/wp-json\/wp\/v2\/media?parent=647"}],"curies":[{"name":"wp","href":"https:\/\/api.w.org\/{rel}","templated":true}]}}