{"id":710,"date":"2018-03-28T07:16:51","date_gmt":"2018-03-28T05:16:51","guid":{"rendered":"http:\/\/lycee-nord.ac-reunion.fr\/?page_id=710"},"modified":"2018-09-04T08:29:04","modified_gmt":"2018-09-04T06:29:04","slug":"mathematiques","status":"publish","type":"page","link":"https:\/\/etab.ac-reunion.fr\/lyc-memona-hintermann-affejee\/mathematiques\/","title":{"rendered":"Math\u00e9matiques"},"content":{"rendered":"<p>[et_pb_section bb_built=\u00a0\u00bb1&Prime;][et_pb_row][et_pb_column type=\u00a0\u00bb4_4&Prime;][et_pb_text _builder_version=\u00a0\u00bb3.13.1&Prime;]<\/p>\n<p><img loading=\"lazy\" decoding=\"async\" class=\"size-full wp-image-718 aligncenter\" src=\"https:\/\/etab.ac-reunion.fr\/lyc-memona-hintermann-affejee\/wp-content\/uploads\/sites\/154\/2018\/03\/Mathematiques.jpg\" alt=\"\" width=\"960\" height=\"632\" srcset=\"https:\/\/etab.ac-reunion.fr\/lyc-memona-hintermann-affejee\/wp-content\/uploads\/sites\/154\/2018\/03\/Mathematiques.jpg 960w, https:\/\/etab.ac-reunion.fr\/lyc-memona-hintermann-affejee\/wp-content\/uploads\/sites\/154\/2018\/03\/Mathematiques-50x33.jpg 50w, https:\/\/etab.ac-reunion.fr\/lyc-memona-hintermann-affejee\/wp-content\/uploads\/sites\/154\/2018\/03\/Mathematiques-300x198.jpg 300w, https:\/\/etab.ac-reunion.fr\/lyc-memona-hintermann-affejee\/wp-content\/uploads\/sites\/154\/2018\/03\/Mathematiques-768x506.jpg 768w\" sizes=\"(max-width: 960px) 100vw, 960px\" \/><\/p>\n<h3><\/h3>\n<h3 style=\"text-align: center\"><strong>La page p\u00e9dagogique des math\u00e9matiques<\/strong><\/h3>\n<p>[\/et_pb_text][et_pb_divider _builder_version=\u00a0\u00bb3.13.1&Prime; color=\u00a0\u00bb#e02b20&Prime; divider_weight=\u00a0\u00bb5&Prime; \/][et_pb_text _builder_version=\u00a0\u00bb3.13.1&Prime;]<\/p>\n<p style=\"text-align: center\"><strong>LES LIENS<\/strong><\/p>\n<ul>\n<li><strong><a href=\"http:\/\/lycee-nord.ac-reunion.fr\/capacites-a-maitriser-en-seconde\/\">Capacit\u00e9s \u00e0 ma\u00eetriser en seconde (M. Philippe Santi)<\/a>\n<p><\/strong><\/li>\n<li><strong><a href=\"http:\/\/lycee-nord.ac-reunion.fr\/capacites-a-maitriser-en-premiere-s\/\">Capacit\u00e9s \u00e0 ma\u00eetriser en premi\u00e8re S (M. Philippe Santi)<\/a><br \/>\n<\/strong><\/li>\n<\/ul>\n<p>[\/et_pb_text][et_pb_divider _builder_version=\u00a0\u00bb3.13.1&Prime; color=\u00a0\u00bb#e02b20&Prime; divider_weight=\u00a0\u00bb5&Prime; \/][et_pb_text _builder_version=\u00a0\u00bb3.13.1&Prime;]<\/p>\n<p style=\"text-align: center\"><strong>LES ARTICLES<\/strong><\/p>\n<p>[\/et_pb_text][et_pb_blog _builder_version=\u00a0\u00bb3.13.1&Prime; include_categories=\u00a0\u00bb22&Prime; fullwidth=\u00a0\u00bboff\u00a0\u00bb \/][\/et_pb_column][\/et_pb_row][\/et_pb_section]<\/p>\n","protected":false},"excerpt":{"rendered":"<p><div class=\"et_pb_row et_pb_row_0 et_pb_row_empty\">\n\t\t\t\t\n\t\t\t\t\n\t\t\t\t\n\t\t\t\t\n\t\t\t\t\n\t\t\t<\/div> La page p\u00e9dagogique des math\u00e9matiques LES LIENS Capacit\u00e9s \u00e0 ma\u00eetriser en seconde (M. Philippe Santi) Capacit\u00e9s \u00e0 ma\u00eetriser en premi\u00e8re S (M. Philippe Santi) LES ARTICLES<\/p>\n","protected":false},"author":1337,"featured_media":0,"parent":0,"menu_order":0,"comment_status":"closed","ping_status":"closed","template":"","meta":{"_et_pb_use_builder":"on","_et_pb_old_content":"<p>La page p\u00e9dagogique des math\u00e9matiques<\/p>","_et_gb_content_width":"","footnotes":""},"class_list":["post-710","page","type-page","status-publish","hentry"],"_links":{"self":[{"href":"https:\/\/etab.ac-reunion.fr\/lyc-memona-hintermann-affejee\/wp-json\/wp\/v2\/pages\/710","targetHints":{"allow":["GET"]}}],"collection":[{"href":"https:\/\/etab.ac-reunion.fr\/lyc-memona-hintermann-affejee\/wp-json\/wp\/v2\/pages"}],"about":[{"href":"https:\/\/etab.ac-reunion.fr\/lyc-memona-hintermann-affejee\/wp-json\/wp\/v2\/types\/page"}],"author":[{"embeddable":true,"href":"https:\/\/etab.ac-reunion.fr\/lyc-memona-hintermann-affejee\/wp-json\/wp\/v2\/users\/1337"}],"replies":[{"embeddable":true,"href":"https:\/\/etab.ac-reunion.fr\/lyc-memona-hintermann-affejee\/wp-json\/wp\/v2\/comments?post=710"}],"version-history":[{"count":12,"href":"https:\/\/etab.ac-reunion.fr\/lyc-memona-hintermann-affejee\/wp-json\/wp\/v2\/pages\/710\/revisions"}],"predecessor-version":[{"id":1639,"href":"https:\/\/etab.ac-reunion.fr\/lyc-memona-hintermann-affejee\/wp-json\/wp\/v2\/pages\/710\/revisions\/1639"}],"wp:attachment":[{"href":"https:\/\/etab.ac-reunion.fr\/lyc-memona-hintermann-affejee\/wp-json\/wp\/v2\/media?parent=710"}],"curies":[{"name":"wp","href":"https:\/\/api.w.org\/{rel}","templated":true}]}}