{"id":887,"date":"2018-04-19T11:28:25","date_gmt":"2018-04-19T09:28:25","guid":{"rendered":"http:\/\/lycee-nord.ac-reunion.fr\/?page_id=887"},"modified":"2021-08-24T11:19:17","modified_gmt":"2021-08-24T09:19:17","slug":"disciplines","status":"publish","type":"page","link":"https:\/\/etab.ac-reunion.fr\/lyc-memona-hintermann-affejee\/disciplines\/","title":{"rendered":"Disciplines"},"content":{"rendered":"<p>[et_pb_section fb_built=\u00a0\u00bb1&Prime; admin_label=\u00a0\u00bbsection\u00a0\u00bb _builder_version=\u00a0\u00bb3.22&Prime; global_colors_info=\u00a0\u00bb{}\u00a0\u00bb][et_pb_row admin_label=\u00a0\u00bbrow\u00a0\u00bb _builder_version=\u00a0\u00bb3.25&Prime; background_size=\u00a0\u00bbinitial\u00a0\u00bb background_position=\u00a0\u00bbtop_left\u00a0\u00bb background_repeat=\u00a0\u00bbrepeat\u00a0\u00bb global_colors_info=\u00a0\u00bb{}\u00a0\u00bb][et_pb_column type=\u00a0\u00bb4_4&Prime; _builder_version=\u00a0\u00bb3.25&Prime; custom_padding=\u00a0\u00bb|||\u00a0\u00bb global_colors_info=\u00a0\u00bb{}\u00a0\u00bb custom_padding__hover=\u00a0\u00bb|||\u00a0\u00bb][et_pb_text admin_label=\u00a0\u00bbText\u00a0\u00bb _builder_version=\u00a0\u00bb3.27.4&Prime; background_size=\u00a0\u00bbinitial\u00a0\u00bb background_position=\u00a0\u00bbtop_left\u00a0\u00bb background_repeat=\u00a0\u00bbrepeat\u00a0\u00bb global_colors_info=\u00a0\u00bb{}\u00a0\u00bb]<img loading=\"lazy\" decoding=\"async\" class=\"size-full wp-image-891 aligncenter\" src=\"https:\/\/etab.ac-reunion.fr\/lyc-memona-hintermann-affejee\/wp-content\/uploads\/sites\/154\/2018\/04\/Disciplines.jpg\" alt=\"\" width=\"960\" height=\"539\" srcset=\"https:\/\/etab.ac-reunion.fr\/lyc-memona-hintermann-affejee\/wp-content\/uploads\/sites\/154\/2018\/04\/Disciplines.jpg 960w, https:\/\/etab.ac-reunion.fr\/lyc-memona-hintermann-affejee\/wp-content\/uploads\/sites\/154\/2018\/04\/Disciplines-50x28.jpg 50w, https:\/\/etab.ac-reunion.fr\/lyc-memona-hintermann-affejee\/wp-content\/uploads\/sites\/154\/2018\/04\/Disciplines-200x112.jpg 200w, https:\/\/etab.ac-reunion.fr\/lyc-memona-hintermann-affejee\/wp-content\/uploads\/sites\/154\/2018\/04\/Disciplines-768x431.jpg 768w\" sizes=\"(max-width: 960px) 100vw, 960px\" \/><br \/>\n[\/et_pb_text][et_pb_divider color=\u00a0\u00bb#e02b20&Prime; divider_weight=\u00a0\u00bb5px\u00a0\u00bb _builder_version=\u00a0\u00bb3.29.3&Prime; global_colors_info=\u00a0\u00bb{}\u00a0\u00bb][\/et_pb_divider][et_pb_text _builder_version=\u00a0\u00bb4.5.8&Prime; global_colors_info=\u00a0\u00bb{}\u00a0\u00bb]<\/p>\n<h2 style=\"text-align: center\"><strong>Disciplines<\/strong><\/h2>\n<p>[\/et_pb_text][et_pb_tabs _builder_version=\u00a0\u00bb4.5.8&Prime; _module_preset=\u00a0\u00bbdefault\u00a0\u00bb global_colors_info=\u00a0\u00bb{}\u00a0\u00bb][et_pb_tab title=\u00a0\u00bbAllemand\u00a0\u00bb _builder_version=\u00a0\u00bb4.5.8&Prime; _module_preset=\u00a0\u00bbdefault\u00a0\u00bb global_colors_info=\u00a0\u00bb{}\u00a0\u00bb]<\/p>\n<p><a href=\"https:\/\/etab.ac-reunion.fr\/lyc-memona-hintermann-affejee\/allemand\/\" target=\"_blank\" rel=\"noopener noreferrer\"><img loading=\"lazy\" decoding=\"async\" class=\"wp-image-5131 alignnone size-full\" src=\"https:\/\/etab.ac-reunion.fr\/lyc-memona-hintermann-affejee\/wp-content\/uploads\/sites\/154\/2020\/08\/drapeau_All_V.png\" alt=\"\" width=\"130\" height=\"78\" srcset=\"https:\/\/etab.ac-reunion.fr\/lyc-memona-hintermann-affejee\/wp-content\/uploads\/sites\/154\/2020\/08\/drapeau_All_V.png 130w, https:\/\/etab.ac-reunion.fr\/lyc-memona-hintermann-affejee\/wp-content\/uploads\/sites\/154\/2020\/08\/drapeau_All_V-50x30.png 50w\" sizes=\"(max-width: 130px) 100vw, 130px\" \/><\/a><br \/><a href=\"https:\/\/etab.ac-reunion.fr\/lyc-memona-hintermann-affejee\/allemand\/\" target=\"_blank\" rel=\"noopener noreferrer\">Le portail en Allemand<\/a><\/p>\n<p>[\/et_pb_tab][et_pb_tab title=\u00a0\u00bbAnglais\u00a0\u00bb _builder_version=\u00a0\u00bb4.5.8&Prime; _module_preset=\u00a0\u00bbdefault\u00a0\u00bb global_colors_info=\u00a0\u00bb{}\u00a0\u00bb]<\/p>\n<p><a href=\"https:\/\/etab.ac-reunion.fr\/lyc-memona-hintermann-affejee\/anglais\/\" target=\"_blank\" rel=\"noopener noreferrer\"><img loading=\"lazy\" decoding=\"async\" class=\"wp-image-5138 alignnone size-full\" src=\"https:\/\/etab.ac-reunion.fr\/lyc-memona-hintermann-affejee\/wp-content\/uploads\/sites\/154\/2020\/08\/DrapeauGB_V.png\" alt=\"\" width=\"130\" height=\"72\" srcset=\"https:\/\/etab.ac-reunion.fr\/lyc-memona-hintermann-affejee\/wp-content\/uploads\/sites\/154\/2020\/08\/DrapeauGB_V.png 130w, https:\/\/etab.ac-reunion.fr\/lyc-memona-hintermann-affejee\/wp-content\/uploads\/sites\/154\/2020\/08\/DrapeauGB_V-50x28.png 50w\" sizes=\"(max-width: 130px) 100vw, 130px\" \/><\/a><br \/><a href=\"https:\/\/etab.ac-reunion.fr\/lyc-memona-hintermann-affejee\/anglais\/\" target=\"_blank\" rel=\"noopener noreferrer\">Le portail en Anglais<\/a><\/p>\n<p>[\/et_pb_tab][et_pb_tab title=\u00a0\u00bbArts Appliqu\u00e9s\u00a0\u00bb _builder_version=\u00a0\u00bb4.5.8&Prime; _module_preset=\u00a0\u00bbdefault\u00a0\u00bb global_colors_info=\u00a0\u00bb{}\u00a0\u00bb]<\/p>\n<p><a href=\"https:\/\/etab.ac-reunion.fr\/lyc-memona-hintermann-affejee\/arts-appliques\/\" target=\"_blank\" rel=\"noopener noreferrer\"><img loading=\"lazy\" decoding=\"async\" class=\"wp-image-5185 alignnone size-full\" src=\"https:\/\/etab.ac-reunion.fr\/lyc-memona-hintermann-affejee\/wp-content\/uploads\/sites\/154\/2020\/08\/Arts_V.jpg\" alt=\"\" width=\"130\" height=\"87\" srcset=\"https:\/\/etab.ac-reunion.fr\/lyc-memona-hintermann-affejee\/wp-content\/uploads\/sites\/154\/2020\/08\/Arts_V.jpg 130w, https:\/\/etab.ac-reunion.fr\/lyc-memona-hintermann-affejee\/wp-content\/uploads\/sites\/154\/2020\/08\/Arts_V-50x33.jpg 50w\" sizes=\"(max-width: 130px) 100vw, 130px\" \/><\/a><br \/><a href=\"https:\/\/etab.ac-reunion.fr\/lyc-memona-hintermann-affejee\/arts-appliques\/\" target=\"_blank\" rel=\"noopener noreferrer\">Le portail des Arts Appliqu\u00e9s<\/a><\/p>\n<p>[\/et_pb_tab][et_pb_tab title=\u00a0\u00bbBTS SN\u00a0\u00bb _builder_version=\u00a0\u00bb4.5.8&Prime; _module_preset=\u00a0\u00bbdefault\u00a0\u00bb global_colors_info=\u00a0\u00bb{}\u00a0\u00bb]<\/p>\n<p><a href=\"https:\/\/etab.ac-reunion.fr\/lyc-memona-hintermann-affejee\/bts-systemesnumeriques\/\" target=\"_blank\" rel=\"noopener noreferrer\"><img loading=\"lazy\" decoding=\"async\" class=\"wp-image-5142 alignnone size-full\" src=\"https:\/\/etab.ac-reunion.fr\/lyc-memona-hintermann-affejee\/wp-content\/uploads\/sites\/154\/2020\/08\/Circuits_V.jpg\" alt=\"\" width=\"130\" height=\"88\" srcset=\"https:\/\/etab.ac-reunion.fr\/lyc-memona-hintermann-affejee\/wp-content\/uploads\/sites\/154\/2020\/08\/Circuits_V.jpg 130w, https:\/\/etab.ac-reunion.fr\/lyc-memona-hintermann-affejee\/wp-content\/uploads\/sites\/154\/2020\/08\/Circuits_V-50x34.jpg 50w\" sizes=\"(max-width: 130px) 100vw, 130px\" \/><\/a><br \/><a href=\"https:\/\/etab.ac-reunion.fr\/lyc-memona-hintermann-affejee\/bts-systemesnumeriques\/\" target=\"_blank\" rel=\"noopener noreferrer\">Le portail du BTS Syst\u00e8mes Num\u00e9riques<\/a><\/p>\n<p>[\/et_pb_tab][et_pb_tab title=\u00a0\u00bbBTS Audiovisuel\u00a0\u00bb _builder_version=\u00a0\u00bb4.5.8&Prime; _module_preset=\u00a0\u00bbdefault\u00a0\u00bb global_colors_info=\u00a0\u00bb{}\u00a0\u00bb]<\/p>\n<p><a href=\"https:\/\/etab.ac-reunion.fr\/lyc-memona-hintermann-affejee\/bts-audiovisuel\/\" target=\"_blank\" rel=\"noopener noreferrer\"><img loading=\"lazy\" decoding=\"async\" class=\"wp-image-5145 alignnone size-full\" src=\"https:\/\/etab.ac-reunion.fr\/lyc-memona-hintermann-affejee\/wp-content\/uploads\/sites\/154\/2020\/08\/Camera1_V.jpg\" alt=\"\" width=\"130\" height=\"87\" srcset=\"https:\/\/etab.ac-reunion.fr\/lyc-memona-hintermann-affejee\/wp-content\/uploads\/sites\/154\/2020\/08\/Camera1_V.jpg 130w, https:\/\/etab.ac-reunion.fr\/lyc-memona-hintermann-affejee\/wp-content\/uploads\/sites\/154\/2020\/08\/Camera1_V-50x33.jpg 50w\" sizes=\"(max-width: 130px) 100vw, 130px\" \/><\/a><br \/><a href=\"https:\/\/etab.ac-reunion.fr\/lyc-memona-hintermann-affejee\/bts-audiovisuel\/\" target=\"_blank\" rel=\"noopener noreferrer\">Le portail du BTS Audiovisuel<\/a><\/p>\n<p>[\/et_pb_tab][et_pb_tab title=\u00a0\u00bbChinois\u00a0\u00bb _builder_version=\u00a0\u00bb4.5.8&Prime; _module_preset=\u00a0\u00bbdefault\u00a0\u00bb global_colors_info=\u00a0\u00bb{}\u00a0\u00bb]<\/p>\n<p><a href=\"https:\/\/etab.ac-reunion.fr\/lyc-memona-hintermann-affejee\/chinois\/\" target=\"_blank\" rel=\"noopener noreferrer\"><img loading=\"lazy\" decoding=\"async\" class=\"wp-image-5149 alignnone size-full\" src=\"https:\/\/etab.ac-reunion.fr\/lyc-memona-hintermann-affejee\/wp-content\/uploads\/sites\/154\/2020\/08\/DrapeauChine_V.jpg\" alt=\"\" width=\"130\" height=\"87\" srcset=\"https:\/\/etab.ac-reunion.fr\/lyc-memona-hintermann-affejee\/wp-content\/uploads\/sites\/154\/2020\/08\/DrapeauChine_V.jpg 130w, https:\/\/etab.ac-reunion.fr\/lyc-memona-hintermann-affejee\/wp-content\/uploads\/sites\/154\/2020\/08\/DrapeauChine_V-50x33.jpg 50w\" sizes=\"(max-width: 130px) 100vw, 130px\" \/><\/a><br \/><a href=\"https:\/\/etab.ac-reunion.fr\/lyc-memona-hintermann-affejee\/chinois\/\" target=\"_blank\" rel=\"noopener noreferrer\">Le portail du chinois<\/a><\/p>\n<p>[\/et_pb_tab][et_pb_tab title=\u00a0\u00bbEPS\u00a0\u00bb _builder_version=\u00a0\u00bb4.5.8&Prime; _module_preset=\u00a0\u00bbdefault\u00a0\u00bb global_colors_info=\u00a0\u00bb{}\u00a0\u00bb]<\/p>\n<p><a href=\"https:\/\/etab.ac-reunion.fr\/lyc-memona-hintermann-affejee\/education-physique-et-sportive\/\" target=\"_blank\" rel=\"noopener noreferrer\"><img loading=\"lazy\" decoding=\"async\" class=\"wp-image-5152 alignnone size-full\" src=\"https:\/\/etab.ac-reunion.fr\/lyc-memona-hintermann-affejee\/wp-content\/uploads\/sites\/154\/2020\/08\/Sport2_V.jpg\" alt=\"\" width=\"130\" height=\"87\" srcset=\"https:\/\/etab.ac-reunion.fr\/lyc-memona-hintermann-affejee\/wp-content\/uploads\/sites\/154\/2020\/08\/Sport2_V.jpg 130w, https:\/\/etab.ac-reunion.fr\/lyc-memona-hintermann-affejee\/wp-content\/uploads\/sites\/154\/2020\/08\/Sport2_V-50x33.jpg 50w\" sizes=\"(max-width: 130px) 100vw, 130px\" \/><\/a><br \/><a href=\"https:\/\/etab.ac-reunion.fr\/lyc-memona-hintermann-affejee\/education-physique-et-sportive\/\" target=\"_blank\" rel=\"noopener noreferrer\">Le portail de l&rsquo;EPS<\/a><\/p>\n<p>[\/et_pb_tab][et_pb_tab title=\u00a0\u00bbEspagnol\u00a0\u00bb _builder_version=\u00a0\u00bb4.5.8&Prime; _module_preset=\u00a0\u00bbdefault\u00a0\u00bb global_colors_info=\u00a0\u00bb{}\u00a0\u00bb]<\/p>\n<p><a href=\"https:\/\/etab.ac-reunion.fr\/lyc-memona-hintermann-affejee\/espagnol\/\" target=\"_blank\" rel=\"noopener noreferrer\"><img loading=\"lazy\" decoding=\"async\" class=\"wp-image-5154 alignnone size-full\" src=\"https:\/\/etab.ac-reunion.fr\/lyc-memona-hintermann-affejee\/wp-content\/uploads\/sites\/154\/2020\/08\/DrapeauEsp_V.png\" alt=\"\" width=\"130\" height=\"87\" srcset=\"https:\/\/etab.ac-reunion.fr\/lyc-memona-hintermann-affejee\/wp-content\/uploads\/sites\/154\/2020\/08\/DrapeauEsp_V.png 130w, https:\/\/etab.ac-reunion.fr\/lyc-memona-hintermann-affejee\/wp-content\/uploads\/sites\/154\/2020\/08\/DrapeauEsp_V-50x33.png 50w\" sizes=\"(max-width: 130px) 100vw, 130px\" \/><\/a><br \/><a href=\"https:\/\/etab.ac-reunion.fr\/lyc-memona-hintermann-affejee\/espagnol\/\" target=\"_blank\" rel=\"noopener noreferrer\">Le portail de l&rsquo;Espagnol<\/a><\/p>\n<p>[\/et_pb_tab][et_pb_tab title=\u00a0\u00bbHistoire-G\u00e9o\u00a0\u00bb _builder_version=\u00a0\u00bb4.5.8&Prime; _module_preset=\u00a0\u00bbdefault\u00a0\u00bb global_colors_info=\u00a0\u00bb{}\u00a0\u00bb]<\/p>\n<p><a href=\"https:\/\/etab.ac-reunion.fr\/lyc-memona-hintermann-affejee\/histoire-geographie\/\" target=\"_blank\" rel=\"noopener noreferrer\"><img loading=\"lazy\" decoding=\"async\" class=\"wp-image-5158 alignnone size-full\" src=\"https:\/\/etab.ac-reunion.fr\/lyc-memona-hintermann-affejee\/wp-content\/uploads\/sites\/154\/2020\/08\/pyramides_V.jpg\" alt=\"\" width=\"130\" height=\"49\" srcset=\"https:\/\/etab.ac-reunion.fr\/lyc-memona-hintermann-affejee\/wp-content\/uploads\/sites\/154\/2020\/08\/pyramides_V.jpg 130w, https:\/\/etab.ac-reunion.fr\/lyc-memona-hintermann-affejee\/wp-content\/uploads\/sites\/154\/2020\/08\/pyramides_V-50x19.jpg 50w\" sizes=\"(max-width: 130px) 100vw, 130px\" \/><\/a><br \/><a href=\"https:\/\/etab.ac-reunion.fr\/lyc-memona-hintermann-affejee\/histoire-geographie\/\" target=\"_blank\" rel=\"noopener noreferrer\">Le portail d&rsquo;Histoire-G\u00e9o<\/a><\/p>\n<p>[\/et_pb_tab][et_pb_tab title=\u00a0\u00bbLettres modernes\u00a0\u00bb _builder_version=\u00a0\u00bb4.5.8&Prime; _module_preset=\u00a0\u00bbdefault\u00a0\u00bb global_colors_info=\u00a0\u00bb{}\u00a0\u00bb]<\/p>\n<p><a href=\"https:\/\/etab.ac-reunion.fr\/lyc-memona-hintermann-affejee\/lettres-modernes\/\" target=\"_blank\" rel=\"noopener noreferrer\"><img loading=\"lazy\" decoding=\"async\" class=\"wp-image-5160 alignnone size-full\" src=\"https:\/\/etab.ac-reunion.fr\/lyc-memona-hintermann-affejee\/wp-content\/uploads\/sites\/154\/2020\/08\/Livre_V.jpg\" alt=\"\" width=\"130\" height=\"81\" srcset=\"https:\/\/etab.ac-reunion.fr\/lyc-memona-hintermann-affejee\/wp-content\/uploads\/sites\/154\/2020\/08\/Livre_V.jpg 130w, https:\/\/etab.ac-reunion.fr\/lyc-memona-hintermann-affejee\/wp-content\/uploads\/sites\/154\/2020\/08\/Livre_V-50x31.jpg 50w\" sizes=\"(max-width: 130px) 100vw, 130px\" \/><\/a><br \/><a href=\"https:\/\/etab.ac-reunion.fr\/lyc-memona-hintermann-affejee\/lettres-modernes\/\" target=\"_blank\" rel=\"noopener noreferrer\">Le portail des Lettres Modernes<\/a><\/p>\n<p>[\/et_pb_tab][et_pb_tab title=\u00a0\u00bbMaths\u00a0\u00bb _builder_version=\u00a0\u00bb4.5.8&Prime; _module_preset=\u00a0\u00bbdefault\u00a0\u00bb global_colors_info=\u00a0\u00bb{}\u00a0\u00bb]<\/p>\n<p><a href=\"https:\/\/etab.ac-reunion.fr\/lyc-memona-hintermann-affejee\/mathematiques\/\" target=\"_blank\" rel=\"noopener noreferrer\"><img loading=\"lazy\" decoding=\"async\" class=\"wp-image-5164 alignnone size-full\" src=\"https:\/\/etab.ac-reunion.fr\/lyc-memona-hintermann-affejee\/wp-content\/uploads\/sites\/154\/2020\/08\/Mathematiques_V.jpg\" alt=\"\" width=\"130\" height=\"86\" srcset=\"https:\/\/etab.ac-reunion.fr\/lyc-memona-hintermann-affejee\/wp-content\/uploads\/sites\/154\/2020\/08\/Mathematiques_V.jpg 130w, https:\/\/etab.ac-reunion.fr\/lyc-memona-hintermann-affejee\/wp-content\/uploads\/sites\/154\/2020\/08\/Mathematiques_V-50x33.jpg 50w\" sizes=\"(max-width: 130px) 100vw, 130px\" \/><\/a><br \/><a href=\"https:\/\/etab.ac-reunion.fr\/lyc-memona-hintermann-affejee\/mathematiques\/\" target=\"_blank\" rel=\"noopener noreferrer\">Le portail des Math\u00e9matiques<\/a><\/p>\n<p>[\/et_pb_tab][\/et_pb_tabs][et_pb_tabs _builder_version=\u00a0\u00bb4.10.4&Prime; _module_preset=\u00a0\u00bbdefault\u00a0\u00bb hover_enabled=\u00a0\u00bb0&Prime; global_colors_info=\u00a0\u00bb{}\u00a0\u00bb sticky_enabled=\u00a0\u00bb0&Prime;][et_pb_tab title=\u00a0\u00bbNSI\u00a0\u00bb _builder_version=\u00a0\u00bb4.10.4&Prime; _module_preset=\u00a0\u00bbdefault\u00a0\u00bb global_colors_info=\u00a0\u00bb{}\u00a0\u00bb][\/et_pb_tab][et_pb_tab title=\u00a0\u00bbPhilosophie\u00a0\u00bb _builder_version=\u00a0\u00bb4.5.8&Prime; _module_preset=\u00a0\u00bbdefault\u00a0\u00bb global_colors_info=\u00a0\u00bb{}\u00a0\u00bb]<\/p>\n<p><a href=\"https:\/\/etab.ac-reunion.fr\/lyc-memona-hintermann-affejee\/philosophie\/\" target=\"_blank\" rel=\"noopener noreferrer\"><img loading=\"lazy\" decoding=\"async\" class=\"wp-image-5167 alignnone size-full\" src=\"https:\/\/etab.ac-reunion.fr\/lyc-memona-hintermann-affejee\/wp-content\/uploads\/sites\/154\/2020\/08\/Philosophie2_V.jpg\" alt=\"\" width=\"130\" height=\"87\" srcset=\"https:\/\/etab.ac-reunion.fr\/lyc-memona-hintermann-affejee\/wp-content\/uploads\/sites\/154\/2020\/08\/Philosophie2_V.jpg 130w, https:\/\/etab.ac-reunion.fr\/lyc-memona-hintermann-affejee\/wp-content\/uploads\/sites\/154\/2020\/08\/Philosophie2_V-50x33.jpg 50w\" sizes=\"(max-width: 130px) 100vw, 130px\" \/><\/a><br \/><a href=\"https:\/\/etab.ac-reunion.fr\/lyc-memona-hintermann-affejee\/philosophie\/\" target=\"_blank\" rel=\"noopener noreferrer\">Le portail de la Philosophie<\/a><\/p>\n<p>[\/et_pb_tab][et_pb_tab title=\u00a0\u00bbSciences Physiques\u00a0\u00bb _builder_version=\u00a0\u00bb4.5.8&Prime; _module_preset=\u00a0\u00bbdefault\u00a0\u00bb global_colors_info=\u00a0\u00bb{}\u00a0\u00bb]<\/p>\n<p><a href=\"https:\/\/etab.ac-reunion.fr\/lyc-memona-hintermann-affejee\/physique-chimie\/\" target=\"_blank\" rel=\"noopener noreferrer\"><img loading=\"lazy\" decoding=\"async\" class=\"wp-image-5169 alignnone size-full\" src=\"https:\/\/etab.ac-reunion.fr\/lyc-memona-hintermann-affejee\/wp-content\/uploads\/sites\/154\/2020\/08\/Physique_V.jpg\" alt=\"\" width=\"130\" height=\"96\" srcset=\"https:\/\/etab.ac-reunion.fr\/lyc-memona-hintermann-affejee\/wp-content\/uploads\/sites\/154\/2020\/08\/Physique_V.jpg 130w, https:\/\/etab.ac-reunion.fr\/lyc-memona-hintermann-affejee\/wp-content\/uploads\/sites\/154\/2020\/08\/Physique_V-50x37.jpg 50w\" sizes=\"(max-width: 130px) 100vw, 130px\" \/><\/a><br \/><a href=\"https:\/\/etab.ac-reunion.fr\/lyc-memona-hintermann-affejee\/physique-chimie\/\" target=\"_blank\" rel=\"noopener noreferrer\">Le portail des Sciences Physiques<\/a><\/p>\n<p>[\/et_pb_tab][et_pb_tab title=\u00a0\u00bbSES\u00a0\u00bb _builder_version=\u00a0\u00bb4.5.8&Prime; _module_preset=\u00a0\u00bbdefault\u00a0\u00bb global_colors_info=\u00a0\u00bb{}\u00a0\u00bb]<\/p>\n<p><a href=\"https:\/\/etab.ac-reunion.fr\/lyc-memona-hintermann-affejee\/sciences-economiques-et-sociales\/\" target=\"_blank\" rel=\"noopener noreferrer\"><img loading=\"lazy\" decoding=\"async\" class=\"wp-image-5173 alignnone size-full\" src=\"https:\/\/etab.ac-reunion.fr\/lyc-memona-hintermann-affejee\/wp-content\/uploads\/sites\/154\/2020\/08\/Economie_V.jpg\" alt=\"\" width=\"130\" height=\"92\" srcset=\"https:\/\/etab.ac-reunion.fr\/lyc-memona-hintermann-affejee\/wp-content\/uploads\/sites\/154\/2020\/08\/Economie_V.jpg 130w, https:\/\/etab.ac-reunion.fr\/lyc-memona-hintermann-affejee\/wp-content\/uploads\/sites\/154\/2020\/08\/Economie_V-50x35.jpg 50w\" sizes=\"(max-width: 130px) 100vw, 130px\" \/><\/a><br \/><a href=\"https:\/\/etab.ac-reunion.fr\/lyc-memona-hintermann-affejee\/sciences-economiques-et-sociales\/\" target=\"_blank\" rel=\"noopener noreferrer\">Le portail de SES<\/a><\/p>\n<p>[\/et_pb_tab][et_pb_tab title=\u00a0\u00bbSVT\u00a0\u00bb _builder_version=\u00a0\u00bb4.5.8&Prime; _module_preset=\u00a0\u00bbdefault\u00a0\u00bb global_colors_info=\u00a0\u00bb{}\u00a0\u00bb]<\/p>\n<p><a href=\"https:\/\/etab.ac-reunion.fr\/lyc-memona-hintermann-affejee\/sciences-de-la-vie-et-de-la-terre\/\" target=\"_blank\" rel=\"noopener noreferrer\"><img loading=\"lazy\" decoding=\"async\" class=\"wp-image-5176 alignnone size-full\" src=\"https:\/\/etab.ac-reunion.fr\/lyc-memona-hintermann-affejee\/wp-content\/uploads\/sites\/154\/2020\/08\/SVT_V.jpg\" alt=\"\" width=\"130\" height=\"73\" srcset=\"https:\/\/etab.ac-reunion.fr\/lyc-memona-hintermann-affejee\/wp-content\/uploads\/sites\/154\/2020\/08\/SVT_V.jpg 130w, https:\/\/etab.ac-reunion.fr\/lyc-memona-hintermann-affejee\/wp-content\/uploads\/sites\/154\/2020\/08\/SVT_V-50x28.jpg 50w\" sizes=\"(max-width: 130px) 100vw, 130px\" \/><\/a><br \/><a href=\"https:\/\/etab.ac-reunion.fr\/lyc-memona-hintermann-affejee\/sciences-de-la-vie-et-de-la-terre\/\" target=\"_blank\" rel=\"noopener noreferrer\">Le portail de SVT<\/a><\/p>\n<p>[\/et_pb_tab][\/et_pb_tabs][\/et_pb_column][\/et_pb_row][\/et_pb_section]<\/p>\n","protected":false},"excerpt":{"rendered":"<p>DisciplinesLe portail en AllemandLe portail en AnglaisLe portail des Arts Appliqu\u00e9sLe portail du BTS Syst\u00e8mes Num\u00e9riquesLe portail du BTS AudiovisuelLe portail du chinoisLe portail de l&rsquo;EPSLe portail de l&rsquo;EspagnolLe portail [&hellip;]<\/p>\n","protected":false},"author":1337,"featured_media":0,"parent":0,"menu_order":0,"comment_status":"closed","ping_status":"closed","template":"","meta":{"_et_pb_use_builder":"on","_et_pb_old_content":"","_et_gb_content_width":"","footnotes":""},"class_list":["post-887","page","type-page","status-publish","hentry"],"_links":{"self":[{"href":"https:\/\/etab.ac-reunion.fr\/lyc-memona-hintermann-affejee\/wp-json\/wp\/v2\/pages\/887","targetHints":{"allow":["GET"]}}],"collection":[{"href":"https:\/\/etab.ac-reunion.fr\/lyc-memona-hintermann-affejee\/wp-json\/wp\/v2\/pages"}],"about":[{"href":"https:\/\/etab.ac-reunion.fr\/lyc-memona-hintermann-affejee\/wp-json\/wp\/v2\/types\/page"}],"author":[{"embeddable":true,"href":"https:\/\/etab.ac-reunion.fr\/lyc-memona-hintermann-affejee\/wp-json\/wp\/v2\/users\/1337"}],"replies":[{"embeddable":true,"href":"https:\/\/etab.ac-reunion.fr\/lyc-memona-hintermann-affejee\/wp-json\/wp\/v2\/comments?post=887"}],"version-history":[{"count":69,"href":"https:\/\/etab.ac-reunion.fr\/lyc-memona-hintermann-affejee\/wp-json\/wp\/v2\/pages\/887\/revisions"}],"predecessor-version":[{"id":10457,"href":"https:\/\/etab.ac-reunion.fr\/lyc-memona-hintermann-affejee\/wp-json\/wp\/v2\/pages\/887\/revisions\/10457"}],"wp:attachment":[{"href":"https:\/\/etab.ac-reunion.fr\/lyc-memona-hintermann-affejee\/wp-json\/wp\/v2\/media?parent=887"}],"curies":[{"name":"wp","href":"https:\/\/api.w.org\/{rel}","templated":true}]}}