{"id":926,"date":"2018-04-20T07:21:49","date_gmt":"2018-04-20T05:21:49","guid":{"rendered":"http:\/\/lycee-nord.ac-reunion.fr\/?page_id=926"},"modified":"2020-08-25T08:19:15","modified_gmt":"2020-08-25T06:19:15","slug":"allemand","status":"publish","type":"page","link":"https:\/\/etab.ac-reunion.fr\/lyc-memona-hintermann-affejee\/allemand\/","title":{"rendered":"Allemand"},"content":{"rendered":"<p>[et_pb_section fb_built=\u00a0\u00bb1&Prime; _builder_version=\u00a0\u00bb3.22&Prime;][et_pb_row _builder_version=\u00a0\u00bb3.25&Prime; background_size=\u00a0\u00bbinitial\u00a0\u00bb background_position=\u00a0\u00bbtop_left\u00a0\u00bb background_repeat=\u00a0\u00bbrepeat\u00a0\u00bb][et_pb_column type=\u00a0\u00bb4_4&Prime; _builder_version=\u00a0\u00bb3.25&Prime; custom_padding=\u00a0\u00bb|||\u00a0\u00bb custom_padding__hover=\u00a0\u00bb|||\u00a0\u00bb][et_pb_text _builder_version=\u00a0\u00bb3.27.4&Prime;]<\/p>\n<h2 style=\"text-align: center\">Le portail de l&rsquo;Allemand<\/h2>\n<p><img loading=\"lazy\" decoding=\"async\" class=\"size-full wp-image-927 aligncenter\" src=\"https:\/\/etab.ac-reunion.fr\/lyc-memona-hintermann-affejee\/wp-content\/uploads\/sites\/154\/2018\/04\/DrapeauAll.png\" alt=\"\" width=\"960\" height=\"676\" srcset=\"https:\/\/etab.ac-reunion.fr\/lyc-memona-hintermann-affejee\/wp-content\/uploads\/sites\/154\/2018\/04\/DrapeauAll.png 960w, https:\/\/etab.ac-reunion.fr\/lyc-memona-hintermann-affejee\/wp-content\/uploads\/sites\/154\/2018\/04\/DrapeauAll-50x35.png 50w, https:\/\/etab.ac-reunion.fr\/lyc-memona-hintermann-affejee\/wp-content\/uploads\/sites\/154\/2018\/04\/DrapeauAll-200x141.png 200w, https:\/\/etab.ac-reunion.fr\/lyc-memona-hintermann-affejee\/wp-content\/uploads\/sites\/154\/2018\/04\/DrapeauAll-768x541.png 768w\" sizes=\"(max-width: 960px) 100vw, 960px\" \/><br \/>\n[\/et_pb_text][et_pb_divider show_divider=\u00a0\u00bboff\u00a0\u00bb _builder_version=\u00a0\u00bb3.2&Prime;][\/et_pb_divider][et_pb_tabs _builder_version=\u00a0\u00bb4.5.8&Prime; _module_preset=\u00a0\u00bbdefault\u00a0\u00bb][et_pb_tab title=\u00a0\u00bbPartenariats\u00a0\u00bb _builder_version=\u00a0\u00bb4.5.6&Prime; _module_preset=\u00a0\u00bbdefault\u00a0\u00bb]<\/p>\n<p>&nbsp;<\/p>\n<p>&nbsp;<\/p>\n<p>&nbsp;<\/p>\n<p>[\/et_pb_tab][et_pb_tab title=\u00a0\u00bbCertification en Allemand\u00a0\u00bb _builder_version=\u00a0\u00bb4.5.6&Prime; _module_preset=\u00a0\u00bbdefault\u00a0\u00bb]<\/p>\n<p>Le site <a href=\"https:\/\/www.pasch-net.de\/de\/index.html\" target=\"_blank\" rel=\"noopener noreferrer\">Pasch<\/a> pour pr\u00e9parer la certification en allemand niveau A2-B1 et niveau B2-C1<\/p>\n<p>[\/et_pb_tab][et_pb_tab title=\u00a0\u00bbArticles\u00a0\u00bb _builder_version=\u00a0\u00bb4.5.8&Prime; _module_preset=\u00a0\u00bbdefault\u00a0\u00bb]      <div id=\"post-grid-lazy-5135\" class=\"post-grid-lazy\"><img decoding=\"async\" alt=\"\" src=\"\" \/><\/div>\n    <script>\n      jQuery('#post-grid-lazy-5135').ready(function($) {\n        $('#post-grid-lazy-5135').fadeOut();\n        $('#post-grid-5135   ').fadeIn();\n      })\n    <\/script>\n    <style type=\"text\/css\">\n      #post-grid-5135 {\n        display: none;\n      }\n\n      .post-grid-lazy {\n        text-align: center;\n      }\n    <\/style>\n    <div data-options='{&quot;id&quot;:&quot;5135&quot;,&quot;lazy_load&quot;:&quot;yes&quot;,&quot;masonry_enable&quot;:&quot;no&quot;,&quot;view_type&quot;:&quot;grid&quot;}' id=\"post-grid-5135\" class=\"post-grid grid\">\n    \n\n\n    <div class=\"grid-items\">\n      <div class=\"item item-11267 skin flat even 0 \">\n        <div class=\"layer-wrapper layout-\">\n        <div class=\"layer-media\"><a href=\"https:\/\/etab.ac-reunion.fr\/lyc-memona-hintermann-affejee\/2026\/03\/31\/mobilite-erasmus-a-furth\/\"><img decoding=\"async\" alt=\"\" src=\"https:\/\/etab.ac-reunion.fr\/lyc-memona-hintermann-affejee\/wp-content\/uploads\/sites\/154\/2018\/04\/DrapeauAll.png\" \/><\/a><\/div>\n  <div class=\"layer-content\">\n        <div class=\"element element_1519792753560  title_link \">\r\n                    <a target=\"_blank\"\r\n                href=\"https:\/\/etab.ac-reunion.fr\/lyc-memona-hintermann-affejee\/2026\/03\/31\/mobilite-erasmus-a-furth\/\">Mobilit\u00e9 Erasmus \u00e0 F\u00fcrth<\/a>\r\n            <\/div>\r\n    <div class=\"element element_1519792759486  excerpt \">\r\n        [et_pb_section fb_built=\"1\" _builder_version=\"4.27.6\" _module_preset=\"default\" global_colors_info=\"{}\"][et_pb_row _builder_version=\"4.27.6\" _module_preset=\"default\" global_colors_info=\"{}\"][et_pb_column type=\"4_4\" _builder_version=\"4.27.6\" _module_preset=\"default\" global_colors_info=\"{}\"][et_pb_divider color=\"#E02B20\" divider_weight=\"5px\" _builder_version=\"4.27.6\" _module_preset=\"default\" global_colors_info=\"{}\"][\/et_pb_divider][et_pb_text _builder_version=\"4.27.6\" _module_preset=\"default\" hover_enabled=\"0\"            <\/div>\r\n            <a class=\"element element_1519792765747  read_more \"\r\n            target=\"_blank\"\r\n            href=\"https:\/\/etab.ac-reunion.fr\/lyc-memona-hintermann-affejee\/2026\/03\/31\/mobilite-erasmus-a-furth\/\">Lire plus...<\/a>\r\n      <\/div>\n    <\/div>\n  <\/div><div class=\"item item-11235 skin flat odd 1 \">\n        <div class=\"layer-wrapper layout-\">\n        <div class=\"layer-media\"><a href=\"https:\/\/etab.ac-reunion.fr\/lyc-memona-hintermann-affejee\/2026\/03\/26\/olympiade-internationale-en-allemand-lien-vers-les-candidats-internationaux\/\"><img decoding=\"async\" alt=\"\" src=\"https:\/\/etab.ac-reunion.fr\/lyc-memona-hintermann-affejee\/wp-content\/uploads\/sites\/154\/2022\/06\/Drapeau-Allemagne-1024x768.jpg\" \/><\/a><\/div>\n  <div class=\"layer-content\">\n        <div class=\"element element_1519792753560  title_link \">\r\n                    <a target=\"_blank\"\r\n                href=\"https:\/\/etab.ac-reunion.fr\/lyc-memona-hintermann-affejee\/2026\/03\/26\/olympiade-internationale-en-allemand-lien-vers-les-candidats-internationaux\/\">Olympiade internationale en allemand : lien vers les candidats internationaux<\/a>\r\n            <\/div>\r\n    <div class=\"element element_1519792759486  excerpt \">\r\n        [et_pb_section fb_built=\"1\" _builder_version=\"4.27.6\" _module_preset=\"default\" global_colors_info=\"{}\"][et_pb_row _builder_version=\"4.27.6\" _module_preset=\"default\" global_colors_info=\"{}\"][et_pb_column type=\"4_4\" _builder_version=\"4.27.6\" _module_preset=\"default\" global_colors_info=\"{}\"][et_pb_divider color=\"#E02B20\" divider_weight=\"5px\" _builder_version=\"4.27.6\" _module_preset=\"default\" global_colors_info=\"{}\"][\/et_pb_divider][et_pb_text _builder_version=\"4.27.6\" _module_preset=\"default\" hover_enabled=\"0\"            <\/div>\r\n            <a class=\"element element_1519792765747  read_more \"\r\n            target=\"_blank\"\r\n            href=\"https:\/\/etab.ac-reunion.fr\/lyc-memona-hintermann-affejee\/2026\/03\/26\/olympiade-internationale-en-allemand-lien-vers-les-candidats-internationaux\/\">Lire plus...<\/a>\r\n      <\/div>\n    <\/div>\n  <\/div><div class=\"item item-11181 skin flat even 2 \">\n        <div class=\"layer-wrapper layout-\">\n        <div class=\"layer-media\"><a href=\"https:\/\/etab.ac-reunion.fr\/lyc-memona-hintermann-affejee\/2026\/02\/10\/olympiades-internationales-de-lallemand-2026\/\"><img decoding=\"async\" alt=\"\" src=\"https:\/\/etab.ac-reunion.fr\/lyc-memona-hintermann-affejee\/wp-content\/uploads\/sites\/154\/2022\/06\/Drapeau-Allemagne-1024x768.jpg\" \/><\/a><\/div>\n  <div class=\"layer-content\">\n        <div class=\"element element_1519792753560  title_link \">\r\n                    <a target=\"_blank\"\r\n                href=\"https:\/\/etab.ac-reunion.fr\/lyc-memona-hintermann-affejee\/2026\/02\/10\/olympiades-internationales-de-lallemand-2026\/\">Olympiades Internationales de l\u2019Allemand 2026<\/a>\r\n            <\/div>\r\n    <div class=\"element element_1519792759486  excerpt \">\r\n        [et_pb_section fb_built=\"1\" theme_builder_area=\"post_content\" _builder_version=\"4.27.5\" _module_preset=\"default\"][et_pb_row _builder_version=\"4.27.5\" _module_preset=\"default\" theme_builder_area=\"post_content\"][et_pb_column _builder_version=\"4.27.5\" _module_preset=\"default\" type=\"4_4\" theme_builder_area=\"post_content\"][et_pb_divider _builder_version=\"4.27.5\" _module_preset=\"default\" theme_builder_area=\"post_content\" color=\"#E02B20\" divider_weight=\"5px\" hover_enabled=\"0\" sticky_enabled=\"0\"][\/et_pb_divider][et_pb_text _builder_version=\"4.27.5\"            <\/div>\r\n            <a class=\"element element_1519792765747  read_more \"\r\n            target=\"_blank\"\r\n            href=\"https:\/\/etab.ac-reunion.fr\/lyc-memona-hintermann-affejee\/2026\/02\/10\/olympiades-internationales-de-lallemand-2026\/\">Lire plus...<\/a>\r\n      <\/div>\n    <\/div>\n  <\/div><div class=\"item item-10176 skin flat odd 3 \">\n        <div class=\"layer-wrapper layout-\">\n        <div class=\"layer-media\"><a href=\"https:\/\/etab.ac-reunion.fr\/lyc-memona-hintermann-affejee\/2025\/06\/03\/bilan-du-sejour-linguistique-et-culturel-a-furth-du-07-au-25-mai-2025\/\"><img decoding=\"async\" alt=\"\" src=\"https:\/\/etab.ac-reunion.fr\/lyc-memona-hintermann-affejee\/wp-content\/uploads\/sites\/154\/2018\/04\/DrapeauAll.png\" \/><\/a><\/div>\n  <div class=\"layer-content\">\n        <div class=\"element element_1519792753560  title_link \">\r\n                    <a target=\"_blank\"\r\n                href=\"https:\/\/etab.ac-reunion.fr\/lyc-memona-hintermann-affejee\/2025\/06\/03\/bilan-du-sejour-linguistique-et-culturel-a-furth-du-07-au-25-mai-2025\/\">Bilan du s\u00e9jour linguistique et culturel \u00e0 F\u00fcrth du 07 au 25 mai 2025<\/a>\r\n            <\/div>\r\n    <div class=\"element element_1519792759486  excerpt \">\r\n        [et_pb_section fb_built=\"1\" _builder_version=\"4.27.4\" _module_preset=\"default\" global_colors_info=\"{}\"][et_pb_row _builder_version=\"4.27.4\" _module_preset=\"default\" global_colors_info=\"{}\"][et_pb_column type=\"4_4\" _builder_version=\"4.27.4\" _module_preset=\"default\" global_colors_info=\"{}\"][et_pb_divider color=\"#E02B20\" divider_weight=\"5px\" _builder_version=\"4.27.4\" _module_preset=\"default\" global_colors_info=\"{}\"][\/et_pb_divider][et_pb_text _builder_version=\"4.27.4\" _module_preset=\"default\" global_colors_info=\"{}\"]Certains            <\/div>\r\n            <a class=\"element element_1519792765747  read_more \"\r\n            target=\"_blank\"\r\n            href=\"https:\/\/etab.ac-reunion.fr\/lyc-memona-hintermann-affejee\/2025\/06\/03\/bilan-du-sejour-linguistique-et-culturel-a-furth-du-07-au-25-mai-2025\/\">Lire plus...<\/a>\r\n      <\/div>\n    <\/div>\n  <\/div><div class=\"item item-10167 skin flat even 4 \">\n        <div class=\"layer-wrapper layout-\">\n        <div class=\"layer-media\"><a href=\"https:\/\/etab.ac-reunion.fr\/lyc-memona-hintermann-affejee\/2025\/06\/03\/la-remise-de-diplomes-des-laureats-du-dsdii-de-la-classe-t3\/\"><img decoding=\"async\" alt=\"\" src=\"https:\/\/etab.ac-reunion.fr\/lyc-memona-hintermann-affejee\/wp-content\/uploads\/sites\/154\/2022\/06\/Drapeau-Allemagne-1024x768.jpg\" \/><\/a><\/div>\n  <div class=\"layer-content\">\n        <div class=\"element element_1519792753560  title_link \">\r\n                    <a target=\"_blank\"\r\n                href=\"https:\/\/etab.ac-reunion.fr\/lyc-memona-hintermann-affejee\/2025\/06\/03\/la-remise-de-diplomes-des-laureats-du-dsdii-de-la-classe-t3\/\">La remise de dipl\u00f4mes des laur\u00e9ats du DSDII de la classe T3.<\/a>\r\n            <\/div>\r\n    <div class=\"element element_1519792759486  excerpt \">\r\n        [et_pb_section fb_built=\"1\" _builder_version=\"4.27.4\" _module_preset=\"default\" global_colors_info=\"{}\"][et_pb_row _builder_version=\"4.27.4\" _module_preset=\"default\" global_colors_info=\"{}\"][et_pb_column type=\"4_4\" _builder_version=\"4.27.4\" _module_preset=\"default\" global_colors_info=\"{}\"][et_pb_divider color=\"#E02B20\" divider_weight=\"5px\" _builder_version=\"4.27.4\" _module_preset=\"default\" global_colors_info=\"{}\"][\/et_pb_divider][et_pb_text _builder_version=\"4.27.4\" _module_preset=\"default\" hover_enabled=\"0\"            <\/div>\r\n            <a class=\"element element_1519792765747  read_more \"\r\n            target=\"_blank\"\r\n            href=\"https:\/\/etab.ac-reunion.fr\/lyc-memona-hintermann-affejee\/2025\/06\/03\/la-remise-de-diplomes-des-laureats-du-dsdii-de-la-classe-t3\/\">Lire plus...<\/a>\r\n      <\/div>\n    <\/div>\n  <\/div><div class=\"item item-8854 skin flat odd 5 \">\n        <div class=\"layer-wrapper layout-\">\n        <div class=\"layer-media\"><a href=\"https:\/\/etab.ac-reunion.fr\/lyc-memona-hintermann-affejee\/2024\/02\/27\/echange-scolaire-en-baviere-juin-2023\/\"><img decoding=\"async\" alt=\"\" src=\"https:\/\/etab.ac-reunion.fr\/lyc-memona-hintermann-affejee\/wp-content\/uploads\/sites\/154\/2022\/06\/Drapeau-Allemagne-1024x768.jpg\" \/><\/a><\/div>\n  <div class=\"layer-content\">\n        <div class=\"element element_1519792753560  title_link \">\r\n                    <a target=\"_blank\"\r\n                href=\"https:\/\/etab.ac-reunion.fr\/lyc-memona-hintermann-affejee\/2024\/02\/27\/echange-scolaire-en-baviere-juin-2023\/\">Echange scolaire en Bavi\u00e8re (juin 2023)<\/a>\r\n            <\/div>\r\n    <div class=\"element element_1519792759486  excerpt \">\r\n        [et_pb_section fb_built=\"1\" _builder_version=\"4.24.2\" _module_preset=\"default\" global_colors_info=\"{}\"][et_pb_row _builder_version=\"4.24.2\" _module_preset=\"default\" global_colors_info=\"{}\"][et_pb_column type=\"4_4\" _builder_version=\"4.24.2\" _module_preset=\"default\" global_colors_info=\"{}\"][et_pb_divider color=\"#E02B20\" divider_weight=\"5px\" _builder_version=\"4.24.2\" _module_preset=\"default\" global_colors_info=\"{}\"][\/et_pb_divider][et_pb_text _builder_version=\"4.27.0\" _module_preset=\"default\" global_colors_info=\"{}\"]Le            <\/div>\r\n            <a class=\"element element_1519792765747  read_more \"\r\n            target=\"_blank\"\r\n            href=\"https:\/\/etab.ac-reunion.fr\/lyc-memona-hintermann-affejee\/2024\/02\/27\/echange-scolaire-en-baviere-juin-2023\/\">Lire plus...<\/a>\r\n      <\/div>\n    <\/div>\n  <\/div><div class=\"item item-7383 skin flat even 6 \">\n        <div class=\"layer-wrapper layout-\">\n        <div class=\"layer-media\"><a href=\"https:\/\/etab.ac-reunion.fr\/lyc-memona-hintermann-affejee\/2022\/06\/17\/remise-de-prix-olympiade-internationale-en-allemand\/\"><img decoding=\"async\" alt=\"\" src=\"https:\/\/etab.ac-reunion.fr\/lyc-memona-hintermann-affejee\/wp-content\/uploads\/sites\/154\/2022\/06\/Drapeau-Allemagne-1024x768.jpg\" \/><\/a><\/div>\n  <div class=\"layer-content\">\n        <div class=\"element element_1519792753560  title_link \">\r\n                    <a target=\"_blank\"\r\n                href=\"https:\/\/etab.ac-reunion.fr\/lyc-memona-hintermann-affejee\/2022\/06\/17\/remise-de-prix-olympiade-internationale-en-allemand\/\">Remise de prix \u00ab\u00a0Olympiade Internationale en allemand\u00a0\u00bb<\/a>\r\n            <\/div>\r\n    <div class=\"element element_1519792759486  excerpt \">\r\n        [et_pb_section fb_built=\"1\" _builder_version=\"4.17.4\" _module_preset=\"default\" global_colors_info=\"{}\"][et_pb_row _builder_version=\"4.17.4\" _module_preset=\"default\" global_colors_info=\"{}\"][et_pb_column type=\"4_4\" _builder_version=\"4.17.4\" _module_preset=\"default\" global_colors_info=\"{}\"][et_pb_divider color=\"#E02B20\" divider_weight=\"5px\" _builder_version=\"4.17.4\" _module_preset=\"default\" global_colors_info=\"{}\"][\/et_pb_divider][et_pb_text _builder_version=\"4.17.4\" _module_preset=\"default\" global_colors_info=\"{}\"]Le            <\/div>\r\n            <a class=\"element element_1519792765747  read_more \"\r\n            target=\"_blank\"\r\n            href=\"https:\/\/etab.ac-reunion.fr\/lyc-memona-hintermann-affejee\/2022\/06\/17\/remise-de-prix-olympiade-internationale-en-allemand\/\">Lire plus...<\/a>\r\n      <\/div>\n    <\/div>\n  <\/div><div class=\"item item-3243 skin flat odd 7 \">\n        <div class=\"layer-wrapper layout-\">\n        <div class=\"layer-media\"><a href=\"https:\/\/etab.ac-reunion.fr\/lyc-memona-hintermann-affejee\/2019\/09\/26\/allemand-liens-pedagogiques\/\"><img decoding=\"async\" alt=\"\" src=\"https:\/\/etab.ac-reunion.fr\/lyc-memona-hintermann-affejee\/wp-content\/uploads\/sites\/154\/2018\/04\/DrapeauAll.png\" \/><\/a><\/div>\n  <div class=\"layer-content\">\n        <div class=\"element element_1519792753560  title_link \">\r\n                    <a target=\"_blank\"\r\n                href=\"https:\/\/etab.ac-reunion.fr\/lyc-memona-hintermann-affejee\/2019\/09\/26\/allemand-liens-pedagogiques\/\">Allemand : liens p\u00e9dagogiques<\/a>\r\n            <\/div>\r\n    <div class=\"element element_1519792759486  excerpt \">\r\n        [et_pb_section fb_built=\"1\" _builder_version=\"3.29.3\"][et_pb_row _builder_version=\"3.29.3\"][et_pb_column _builder_version=\"3.29.3\" type=\"4_4\"][et_pb_text _builder_version=\"3.29.3\" hover_enabled=\"0\"][\/et_pb_text][\/et_pb_column][\/et_pb_row][\/et_pb_section]            <\/div>\r\n            <a class=\"element element_1519792765747  read_more \"\r\n            target=\"_blank\"\r\n            href=\"https:\/\/etab.ac-reunion.fr\/lyc-memona-hintermann-affejee\/2019\/09\/26\/allemand-liens-pedagogiques\/\">Lire plus...<\/a>\r\n      <\/div>\n    <\/div>\n  <\/div><div class=\"item item-1289 skin flat even 8 \">\n        <div class=\"layer-wrapper layout-\">\n        <div class=\"layer-media\"><a href=\"https:\/\/etab.ac-reunion.fr\/lyc-memona-hintermann-affejee\/2018\/06\/12\/la-carte-des-langues\/\"><img decoding=\"async\" alt=\"\" src=\"https:\/\/etab.ac-reunion.fr\/lyc-memona-hintermann-affejee\/wp-content\/uploads\/sites\/154\/2018\/06\/languesE2.png\" \/><\/a><\/div>\n  <div class=\"layer-content\">\n        <div class=\"element element_1519792753560  title_link \">\r\n                    <a target=\"_blank\"\r\n                href=\"https:\/\/etab.ac-reunion.fr\/lyc-memona-hintermann-affejee\/2018\/06\/12\/la-carte-des-langues\/\">La carte des langues en vid\u00e9o<\/a>\r\n            <\/div>\r\n    <div class=\"element element_1519792759486  excerpt \">\r\n        [et_pb_section fb_built=\"1\" _builder_version=\"3.22\"][et_pb_row _builder_version=\"3.25\" background_size=\"initial\" background_position=\"top_left\" background_repeat=\"repeat\"][et_pb_column type=\"4_4\" _builder_version=\"3.25\" custom_padding=\"|||\" custom_padding__hover=\"|||\"][et_pb_text _builder_version=\"4.7.4\" hover_enabled=\"0\" sticky_enabled=\"0\"] La carte des langues du lyc\u00e9e.            <\/div>\r\n            <a class=\"element element_1519792765747  read_more \"\r\n            target=\"_blank\"\r\n            href=\"https:\/\/etab.ac-reunion.fr\/lyc-memona-hintermann-affejee\/2018\/06\/12\/la-carte-des-langues\/\">Lire plus...<\/a>\r\n      <\/div>\n    <\/div>\n  <\/div>    <\/div>\n    <div class=\"pagination\">\n      <div class=\"paginate\">\n      <\/div>\n  <style type=\"text\/css\">\n    #post-grid-5135 .pagination .page-numbers {\n      font-size: 16px;\n      color: #fff;\n      background: #646464;\n    }\n\n    #post-grid-5135 .pagination .page-numbers:hover,\n    #post-grid-5135 .pagination .page-numbers.current {\n      background: #4b4b4b;\n    }\n  <\/style>\n  <\/div>\n      <script>\n          <\/script>\n    <style type=\"text\/css\">\n    #post-grid-5135 .element_1519792753560 {\n      font-size:12px;display:block;padding:10px;    }\n\n    #post-grid-5135 .element_1519792759486 {\n      font-size:12px;display:block;padding:10px;    }\n\n    #post-grid-5135 .element_1519792765747 {\n      font-size:12px;display:block;padding:10px;    }\n\n    #post-grid-5135 .element_1519792753560:hover{}#post-grid-5135 .element_1519792759486:hover{}#post-grid-5135 .element_1519792765747:hover{}  <\/style>\n  <style type=\"text\/css\">\n    #post-grid-5135 {\n      padding: 10px;\n          }\n\n    #post-grid-5135 .item {\n      padding: 0px;\n      background: #fff;\n          }\n\n    #post-grid-5135 .item .layer-media {\n      height:auto;    }\n\n    @media only screen and (min-width: 0px) and (max-width: 767px) {\n      #post-grid-5135 .grid-items {\n        text-align: center;\n              }\n\n      #post-grid-5135 .item {\n        width: 90%;\n        margin: 10px;\n        display: inline-block;\n        vertical-align: top;\n        height:auto;      }\n    }\n\n    @media only screen and (min-width: 768px) and (max-width: 1023px) {\n      #post-grid-5135 .grid-items {\n        text-align: center;\n              }\n\n      #post-grid-5135 .item {\n        width: 280px;\n        margin: 10px;\n        display: inline-block;\n        vertical-align: top;\n        max-height:auto;      }\n    }\n\n    @media only screen and (min-width: 1024px) {\n      #post-grid-5135 .grid-items {\n        text-align: center;\n              }\n\n      #post-grid-5135 .item {\n        width: 280px;\n        display: inline-block;\n        margin: 10px;\n        vertical-align: top;\n        height:auto;      }\n    }\n\n      <\/style>\n  <\/div>\n[\/et_pb_tab][\/et_pb_tabs][\/et_pb_column][\/et_pb_row][\/et_pb_section]<\/p>\n","protected":false},"excerpt":{"rendered":"<p>Voici l&rsquo;exp\u00e9rience de la mobilit\u00e9 individuelle Erasmus \u00e0 F\u00fcrth en Allemagne des \u00e9l\u00e8ves Rajaonah\u00a0Malala et Giner Aur\u00e9lien qui a \u00e9t\u00e9 montr\u00e9e lors de l&rsquo;Erasmus Day.Les deux \u00e9l\u00e8ves y donnent des [&hellip;]<\/p>\n","protected":false},"author":1337,"featured_media":0,"parent":0,"menu_order":0,"comment_status":"closed","ping_status":"closed","template":"","meta":{"_et_pb_use_builder":"on","_et_pb_old_content":"","_et_gb_content_width":"","footnotes":""},"class_list":["post-926","page","type-page","status-publish","hentry"],"_links":{"self":[{"href":"https:\/\/etab.ac-reunion.fr\/lyc-memona-hintermann-affejee\/wp-json\/wp\/v2\/pages\/926","targetHints":{"allow":["GET"]}}],"collection":[{"href":"https:\/\/etab.ac-reunion.fr\/lyc-memona-hintermann-affejee\/wp-json\/wp\/v2\/pages"}],"about":[{"href":"https:\/\/etab.ac-reunion.fr\/lyc-memona-hintermann-affejee\/wp-json\/wp\/v2\/types\/page"}],"author":[{"embeddable":true,"href":"https:\/\/etab.ac-reunion.fr\/lyc-memona-hintermann-affejee\/wp-json\/wp\/v2\/users\/1337"}],"replies":[{"embeddable":true,"href":"https:\/\/etab.ac-reunion.fr\/lyc-memona-hintermann-affejee\/wp-json\/wp\/v2\/comments?post=926"}],"version-history":[{"count":11,"href":"https:\/\/etab.ac-reunion.fr\/lyc-memona-hintermann-affejee\/wp-json\/wp\/v2\/pages\/926\/revisions"}],"predecessor-version":[{"id":5137,"href":"https:\/\/etab.ac-reunion.fr\/lyc-memona-hintermann-affejee\/wp-json\/wp\/v2\/pages\/926\/revisions\/5137"}],"wp:attachment":[{"href":"https:\/\/etab.ac-reunion.fr\/lyc-memona-hintermann-affejee\/wp-json\/wp\/v2\/media?parent=926"}],"curies":[{"name":"wp","href":"https:\/\/api.w.org\/{rel}","templated":true}]}}