{"id":3639,"date":"2020-11-09T23:23:30","date_gmt":"2020-11-09T19:23:30","guid":{"rendered":"http:\/\/lycee-patu-de-rosemont.ac-reunion.fr\/?page_id=3639"},"modified":"2020-11-09T23:42:37","modified_gmt":"2020-11-09T19:42:37","slug":"la-s-en-galerie-photos","status":"publish","type":"page","link":"https:\/\/etab.ac-reunion.fr\/lyc-patu-de-rosemont\/la-s-en-galerie-photos\/","title":{"rendered":"L&rsquo;A.S. en Galerie photos&#8230;"},"content":{"rendered":"\n<figure class=\"wp-block-gallery columns-1 wp-block-gallery-1 is-layout-flex wp-block-gallery-is-layout-flex\"><ul class=\"blocks-gallery-grid\"><li class=\"blocks-gallery-item\"><figure><img loading=\"lazy\" decoding=\"async\" width=\"480\" height=\"586\" src=\"https:\/\/etab.ac-reunion.fr\/lyc-patu-de-rosemont\/wp-content\/uploads\/sites\/83\/2020\/11\/Encadrement-de-la-descnte-des-eleves.png\" alt=\"\" data-id=\"3644\" data-full-url=\"https:\/\/etab.ac-reunion.fr\/lyc-patu-de-rosemont\/wp-content\/uploads\/sites\/83\/2020\/11\/Encadrement-de-la-descnte-des-eleves.png\" data-link=\"https:\/\/etab.ac-reunion.fr\/lyc-patu-de-rosemont\/la-s-en-galerie-photos\/encadrement-de-la-descnte-des-eleves\/\" class=\"wp-image-3644\" srcset=\"https:\/\/etab.ac-reunion.fr\/lyc-patu-de-rosemont\/wp-content\/uploads\/sites\/83\/2020\/11\/Encadrement-de-la-descnte-des-eleves.png 480w, https:\/\/etab.ac-reunion.fr\/lyc-patu-de-rosemont\/wp-content\/uploads\/sites\/83\/2020\/11\/Encadrement-de-la-descnte-des-eleves-246x300.png 246w, https:\/\/etab.ac-reunion.fr\/lyc-patu-de-rosemont\/wp-content\/uploads\/sites\/83\/2020\/11\/Encadrement-de-la-descnte-des-eleves-140x170.png 140w\" sizes=\"auto, (max-width: 480px) 100vw, 480px\" \/><figcaption class=\"blocks-gallery-item__caption\">Encadrement de la descente par les \u00e9l\u00e8ves<\/figcaption><\/figure><\/li><li class=\"blocks-gallery-item\"><figure><img loading=\"lazy\" decoding=\"async\" width=\"1280\" height=\"960\" src=\"https:\/\/etab.ac-reunion.fr\/lyc-patu-de-rosemont\/wp-content\/uploads\/sites\/83\/2020\/11\/Formation-Canoe-Kayak-au-CKCB.jpg\" alt=\"\" data-id=\"3645\" data-full-url=\"https:\/\/etab.ac-reunion.fr\/lyc-patu-de-rosemont\/wp-content\/uploads\/sites\/83\/2020\/11\/Formation-Canoe-Kayak-au-CKCB.jpg\" data-link=\"https:\/\/etab.ac-reunion.fr\/lyc-patu-de-rosemont\/la-s-en-galerie-photos\/formation-canoe-kayak-au-ckcb\/\" class=\"wp-image-3645\" srcset=\"https:\/\/etab.ac-reunion.fr\/lyc-patu-de-rosemont\/wp-content\/uploads\/sites\/83\/2020\/11\/Formation-Canoe-Kayak-au-CKCB.jpg 1280w, https:\/\/etab.ac-reunion.fr\/lyc-patu-de-rosemont\/wp-content\/uploads\/sites\/83\/2020\/11\/Formation-Canoe-Kayak-au-CKCB-300x225.jpg 300w, https:\/\/etab.ac-reunion.fr\/lyc-patu-de-rosemont\/wp-content\/uploads\/sites\/83\/2020\/11\/Formation-Canoe-Kayak-au-CKCB-768x576.jpg 768w, https:\/\/etab.ac-reunion.fr\/lyc-patu-de-rosemont\/wp-content\/uploads\/sites\/83\/2020\/11\/Formation-Canoe-Kayak-au-CKCB-1024x768.jpg 1024w\" sizes=\"auto, (max-width: 1280px) 100vw, 1280px\" \/><figcaption class=\"blocks-gallery-item__caption\">Formation Canoe kayak au CKCB<\/figcaption><\/figure><\/li><li class=\"blocks-gallery-item\"><figure><img loading=\"lazy\" decoding=\"async\" width=\"802\" height=\"601\" src=\"https:\/\/etab.ac-reunion.fr\/lyc-patu-de-rosemont\/wp-content\/uploads\/sites\/83\/2020\/11\/Sortie-VTTpreparation-et-briefing-de-depart.jpg\" alt=\"\" data-id=\"3646\" data-full-url=\"https:\/\/etab.ac-reunion.fr\/lyc-patu-de-rosemont\/wp-content\/uploads\/sites\/83\/2020\/11\/Sortie-VTTpreparation-et-briefing-de-depart.jpg\" data-link=\"https:\/\/etab.ac-reunion.fr\/lyc-patu-de-rosemont\/la-s-en-galerie-photos\/sortie-vttpreparation-et-briefing-de-depart\/\" class=\"wp-image-3646\" srcset=\"https:\/\/etab.ac-reunion.fr\/lyc-patu-de-rosemont\/wp-content\/uploads\/sites\/83\/2020\/11\/Sortie-VTTpreparation-et-briefing-de-depart.jpg 802w, https:\/\/etab.ac-reunion.fr\/lyc-patu-de-rosemont\/wp-content\/uploads\/sites\/83\/2020\/11\/Sortie-VTTpreparation-et-briefing-de-depart-300x225.jpg 300w, https:\/\/etab.ac-reunion.fr\/lyc-patu-de-rosemont\/wp-content\/uploads\/sites\/83\/2020\/11\/Sortie-VTTpreparation-et-briefing-de-depart-768x576.jpg 768w\" sizes=\"auto, (max-width: 802px) 100vw, 802px\" \/><figcaption class=\"blocks-gallery-item__caption\">Sortie VTT<\/figcaption><\/figure><\/li><li class=\"blocks-gallery-item\"><figure><img loading=\"lazy\" decoding=\"async\" width=\"810\" height=\"608\" src=\"https:\/\/etab.ac-reunion.fr\/lyc-patu-de-rosemont\/wp-content\/uploads\/sites\/83\/2020\/11\/Traversee-de-la-riviere-Bethleem.jpg\" alt=\"\" data-id=\"3647\" data-full-url=\"https:\/\/etab.ac-reunion.fr\/lyc-patu-de-rosemont\/wp-content\/uploads\/sites\/83\/2020\/11\/Traversee-de-la-riviere-Bethleem.jpg\" data-link=\"https:\/\/etab.ac-reunion.fr\/lyc-patu-de-rosemont\/la-s-en-galerie-photos\/traversee-de-la-riviere-bethleem\/\" class=\"wp-image-3647\" srcset=\"https:\/\/etab.ac-reunion.fr\/lyc-patu-de-rosemont\/wp-content\/uploads\/sites\/83\/2020\/11\/Traversee-de-la-riviere-Bethleem.jpg 810w, https:\/\/etab.ac-reunion.fr\/lyc-patu-de-rosemont\/wp-content\/uploads\/sites\/83\/2020\/11\/Traversee-de-la-riviere-Bethleem-300x225.jpg 300w, https:\/\/etab.ac-reunion.fr\/lyc-patu-de-rosemont\/wp-content\/uploads\/sites\/83\/2020\/11\/Traversee-de-la-riviere-Bethleem-768x576.jpg 768w\" sizes=\"auto, (max-width: 810px) 100vw, 810px\" \/><figcaption class=\"blocks-gallery-item__caption\">Travers\u00e9e de la rivi\u00e8re Bethl\u00e9em<\/figcaption><\/figure><\/li><li class=\"blocks-gallery-item\"><figure><img loading=\"lazy\" decoding=\"async\" width=\"1200\" height=\"675\" src=\"https:\/\/etab.ac-reunion.fr\/lyc-patu-de-rosemont\/wp-content\/uploads\/sites\/83\/2020\/11\/decouverte-du-paintball.jpg\" alt=\"\" data-id=\"3643\" data-full-url=\"https:\/\/etab.ac-reunion.fr\/lyc-patu-de-rosemont\/wp-content\/uploads\/sites\/83\/2020\/11\/decouverte-du-paintball.jpg\" data-link=\"https:\/\/etab.ac-reunion.fr\/lyc-patu-de-rosemont\/la-s-en-galerie-photos\/decouverte-du-paintball\/\" class=\"wp-image-3643\" srcset=\"https:\/\/etab.ac-reunion.fr\/lyc-patu-de-rosemont\/wp-content\/uploads\/sites\/83\/2020\/11\/decouverte-du-paintball.jpg 1200w, https:\/\/etab.ac-reunion.fr\/lyc-patu-de-rosemont\/wp-content\/uploads\/sites\/83\/2020\/11\/decouverte-du-paintball-300x169.jpg 300w, https:\/\/etab.ac-reunion.fr\/lyc-patu-de-rosemont\/wp-content\/uploads\/sites\/83\/2020\/11\/decouverte-du-paintball-768x432.jpg 768w, https:\/\/etab.ac-reunion.fr\/lyc-patu-de-rosemont\/wp-content\/uploads\/sites\/83\/2020\/11\/decouverte-du-paintball-1024x576.jpg 1024w\" sizes=\"auto, (max-width: 1200px) 100vw, 1200px\" \/><figcaption class=\"blocks-gallery-item__caption\">D\u00e9couverte du paintball<\/figcaption><\/figure><\/li><\/ul><\/figure>\n\n\n\n<p><\/p>\n","protected":false},"excerpt":{"rendered":"","protected":false},"author":11195,"featured_media":0,"parent":0,"menu_order":0,"comment_status":"closed","ping_status":"closed","template":"","meta":{"footnotes":""},"class_list":["post-3639","page","type-page","status-publish","hentry","wpautop"],"_links":{"self":[{"href":"https:\/\/etab.ac-reunion.fr\/lyc-patu-de-rosemont\/wp-json\/wp\/v2\/pages\/3639","targetHints":{"allow":["GET"]}}],"collection":[{"href":"https:\/\/etab.ac-reunion.fr\/lyc-patu-de-rosemont\/wp-json\/wp\/v2\/pages"}],"about":[{"href":"https:\/\/etab.ac-reunion.fr\/lyc-patu-de-rosemont\/wp-json\/wp\/v2\/types\/page"}],"author":[{"embeddable":true,"href":"https:\/\/etab.ac-reunion.fr\/lyc-patu-de-rosemont\/wp-json\/wp\/v2\/users\/11195"}],"replies":[{"embeddable":true,"href":"https:\/\/etab.ac-reunion.fr\/lyc-patu-de-rosemont\/wp-json\/wp\/v2\/comments?post=3639"}],"version-history":[{"count":12,"href":"https:\/\/etab.ac-reunion.fr\/lyc-patu-de-rosemont\/wp-json\/wp\/v2\/pages\/3639\/revisions"}],"predecessor-version":[{"id":3671,"href":"https:\/\/etab.ac-reunion.fr\/lyc-patu-de-rosemont\/wp-json\/wp\/v2\/pages\/3639\/revisions\/3671"}],"wp:attachment":[{"href":"https:\/\/etab.ac-reunion.fr\/lyc-patu-de-rosemont\/wp-json\/wp\/v2\/media?parent=3639"}],"curies":[{"name":"wp","href":"https:\/\/api.w.org\/{rel}","templated":true}]}}