{"id":3675,"date":"2020-11-26T11:07:18","date_gmt":"2020-11-26T07:07:18","guid":{"rendered":"http:\/\/lycee-patu-de-rosemont.ac-reunion.fr\/?page_id=3675"},"modified":"2020-12-09T08:28:10","modified_gmt":"2020-12-09T04:28:10","slug":"presentation-de-la-section-sportive","status":"publish","type":"page","link":"https:\/\/etab.ac-reunion.fr\/lyc-patu-de-rosemont\/presentation-de-la-section-sportive\/","title":{"rendered":"Pr\u00e9sentation de la Section Sportive"},"content":{"rendered":"\n<p>Son but est de permettre aux \u00e9l\u00e8ves du Lyc\u00e9e de d\u00e9couvrir les m\u00e9tiers du tourisme sportif sur l\u2019\u00eele et en particulier dans l\u2019Est. <\/p>\n\n\n\n<p><strong>Au programme&nbsp;?<\/strong> VTT, Randonn\u00e9e, plong\u00e9e, Paintball, Mafate, Escalade et Canyoning\u2026<\/p>\n\n\n\n<p>Tout le monde peut s\u2019inscrire&nbsp;! La formation se d\u00e9roule le mercredi apr\u00e8s-midi. La pr\u00e9sence est obligatoire. Les absences doivent \u00eatre justif\u00e9es. Les \u00e9l\u00e8ves doivent pouvoir rentrer chez eux apr\u00e8s les entra\u00eenements et les formations.<\/p>\n\n\n\n<p>Une note et une appr\u00e9ciation figure sur les bulletins.<\/p>\n\n\n\n<p>Ce groupe de jeunes privil\u00e9gi\u00e9s est r\u00e9serv\u00e9 aux \u00e9l\u00e8ves qui sont capables de maintenir un bon niveau scolaire. Il faudra \u00e9galement avoir un bon niveau sportif ou au moins le d\u00e9sir de progresser et de s&rsquo;investir dans les diff\u00e9rentes activit\u00e9s propos\u00e9es<\/p>\n\n\n\n<figure class=\"wp-block-image size-large\"><img loading=\"lazy\" decoding=\"async\" width=\"1024\" height=\"768\" src=\"https:\/\/etab.ac-reunion.fr\/lyc-patu-de-rosemont\/wp-content\/uploads\/sites\/83\/2020\/12\/vlcsnap-2020-09-12-10h01m58s514-1024x768.png\" alt=\"\" class=\"wp-image-3731\" srcset=\"https:\/\/etab.ac-reunion.fr\/lyc-patu-de-rosemont\/wp-content\/uploads\/sites\/83\/2020\/12\/vlcsnap-2020-09-12-10h01m58s514-1024x768.png 1024w, https:\/\/etab.ac-reunion.fr\/lyc-patu-de-rosemont\/wp-content\/uploads\/sites\/83\/2020\/12\/vlcsnap-2020-09-12-10h01m58s514-300x225.png 300w, https:\/\/etab.ac-reunion.fr\/lyc-patu-de-rosemont\/wp-content\/uploads\/sites\/83\/2020\/12\/vlcsnap-2020-09-12-10h01m58s514-768x576.png 768w, https:\/\/etab.ac-reunion.fr\/lyc-patu-de-rosemont\/wp-content\/uploads\/sites\/83\/2020\/12\/vlcsnap-2020-09-12-10h01m58s514-1536x1152.png 1536w, https:\/\/etab.ac-reunion.fr\/lyc-patu-de-rosemont\/wp-content\/uploads\/sites\/83\/2020\/12\/vlcsnap-2020-09-12-10h01m58s514-2048x1536.png 2048w\" sizes=\"auto, (max-width: 1024px) 100vw, 1024px\" \/><\/figure>\n\n\n\n<figure class=\"wp-block-image size-large\"><img loading=\"lazy\" decoding=\"async\" width=\"1024\" height=\"768\" src=\"https:\/\/etab.ac-reunion.fr\/lyc-patu-de-rosemont\/wp-content\/uploads\/sites\/83\/2020\/12\/IMG-20200910-WA0006-1024x768.jpg\" alt=\"\" class=\"wp-image-3733\" srcset=\"https:\/\/etab.ac-reunion.fr\/lyc-patu-de-rosemont\/wp-content\/uploads\/sites\/83\/2020\/12\/IMG-20200910-WA0006-1024x768.jpg 1024w, https:\/\/etab.ac-reunion.fr\/lyc-patu-de-rosemont\/wp-content\/uploads\/sites\/83\/2020\/12\/IMG-20200910-WA0006-300x225.jpg 300w, https:\/\/etab.ac-reunion.fr\/lyc-patu-de-rosemont\/wp-content\/uploads\/sites\/83\/2020\/12\/IMG-20200910-WA0006-768x576.jpg 768w, https:\/\/etab.ac-reunion.fr\/lyc-patu-de-rosemont\/wp-content\/uploads\/sites\/83\/2020\/12\/IMG-20200910-WA0006.jpg 1280w\" sizes=\"auto, (max-width: 1024px) 100vw, 1024px\" \/><\/figure>\n\n\n\n<figure class=\"wp-block-gallery columns-1 is-cropped wp-block-gallery-1 is-layout-flex wp-block-gallery-is-layout-flex\"><ul class=\"blocks-gallery-grid\"><li class=\"blocks-gallery-item\"><figure><img loading=\"lazy\" decoding=\"async\" width=\"1024\" height=\"768\" src=\"https:\/\/etab.ac-reunion.fr\/lyc-patu-de-rosemont\/wp-content\/uploads\/sites\/83\/2020\/12\/vlcsnap-2020-09-12-09h58m09s014-1024x768.png\" alt=\"\" data-id=\"3734\" data-full-url=\"https:\/\/etab.ac-reunion.fr\/lyc-patu-de-rosemont\/wp-content\/uploads\/sites\/83\/2020\/12\/vlcsnap-2020-09-12-09h58m09s014.png\" data-link=\"https:\/\/etab.ac-reunion.fr\/lyc-patu-de-rosemont\/presentation-de-la-section-sportive\/vlcsnap-2020-09-12-09h58m09s014\/\" class=\"wp-image-3734\" srcset=\"https:\/\/etab.ac-reunion.fr\/lyc-patu-de-rosemont\/wp-content\/uploads\/sites\/83\/2020\/12\/vlcsnap-2020-09-12-09h58m09s014-1024x768.png 1024w, https:\/\/etab.ac-reunion.fr\/lyc-patu-de-rosemont\/wp-content\/uploads\/sites\/83\/2020\/12\/vlcsnap-2020-09-12-09h58m09s014-300x225.png 300w, https:\/\/etab.ac-reunion.fr\/lyc-patu-de-rosemont\/wp-content\/uploads\/sites\/83\/2020\/12\/vlcsnap-2020-09-12-09h58m09s014-768x576.png 768w, https:\/\/etab.ac-reunion.fr\/lyc-patu-de-rosemont\/wp-content\/uploads\/sites\/83\/2020\/12\/vlcsnap-2020-09-12-09h58m09s014-1536x1152.png 1536w, https:\/\/etab.ac-reunion.fr\/lyc-patu-de-rosemont\/wp-content\/uploads\/sites\/83\/2020\/12\/vlcsnap-2020-09-12-09h58m09s014-2048x1536.png 2048w\" sizes=\"auto, (max-width: 1024px) 100vw, 1024px\" \/><\/figure><\/li><\/ul><\/figure>\n\n\n\n<figure class=\"wp-block-image size-large\"><img loading=\"lazy\" decoding=\"async\" width=\"1024\" height=\"768\" src=\"https:\/\/etab.ac-reunion.fr\/lyc-patu-de-rosemont\/wp-content\/uploads\/sites\/83\/2020\/12\/DJI_0139-1024x768.jpg\" alt=\"\" class=\"wp-image-3735\" srcset=\"https:\/\/etab.ac-reunion.fr\/lyc-patu-de-rosemont\/wp-content\/uploads\/sites\/83\/2020\/12\/DJI_0139-1024x768.jpg 1024w, https:\/\/etab.ac-reunion.fr\/lyc-patu-de-rosemont\/wp-content\/uploads\/sites\/83\/2020\/12\/DJI_0139-300x225.jpg 300w, https:\/\/etab.ac-reunion.fr\/lyc-patu-de-rosemont\/wp-content\/uploads\/sites\/83\/2020\/12\/DJI_0139-768x576.jpg 768w, https:\/\/etab.ac-reunion.fr\/lyc-patu-de-rosemont\/wp-content\/uploads\/sites\/83\/2020\/12\/DJI_0139-1536x1152.jpg 1536w, https:\/\/etab.ac-reunion.fr\/lyc-patu-de-rosemont\/wp-content\/uploads\/sites\/83\/2020\/12\/DJI_0139-2048x1536.jpg 2048w\" sizes=\"auto, (max-width: 1024px) 100vw, 1024px\" \/><figcaption>DCIM\/106MEDIA\/DJI_0139.JPG<\/figcaption><\/figure>\n\n\n\n<figure class=\"wp-block-image size-large\"><img loading=\"lazy\" decoding=\"async\" width=\"1024\" height=\"576\" src=\"https:\/\/etab.ac-reunion.fr\/lyc-patu-de-rosemont\/wp-content\/uploads\/sites\/83\/2020\/12\/Snapshot-1-30-11-2019-08-17-1024x576.png\" alt=\"\" class=\"wp-image-3736\" srcset=\"https:\/\/etab.ac-reunion.fr\/lyc-patu-de-rosemont\/wp-content\/uploads\/sites\/83\/2020\/12\/Snapshot-1-30-11-2019-08-17-1024x576.png 1024w, https:\/\/etab.ac-reunion.fr\/lyc-patu-de-rosemont\/wp-content\/uploads\/sites\/83\/2020\/12\/Snapshot-1-30-11-2019-08-17-300x169.png 300w, https:\/\/etab.ac-reunion.fr\/lyc-patu-de-rosemont\/wp-content\/uploads\/sites\/83\/2020\/12\/Snapshot-1-30-11-2019-08-17-768x432.png 768w, https:\/\/etab.ac-reunion.fr\/lyc-patu-de-rosemont\/wp-content\/uploads\/sites\/83\/2020\/12\/Snapshot-1-30-11-2019-08-17.png 1358w\" sizes=\"auto, (max-width: 1024px) 100vw, 1024px\" \/><\/figure>\n","protected":false},"excerpt":{"rendered":"<p> &hellip;<\/p>\n","protected":false},"author":14298,"featured_media":0,"parent":0,"menu_order":0,"comment_status":"closed","ping_status":"closed","template":"","meta":{"footnotes":""},"class_list":["post-3675","page","type-page","status-publish","hentry","wpautop"],"_links":{"self":[{"href":"https:\/\/etab.ac-reunion.fr\/lyc-patu-de-rosemont\/wp-json\/wp\/v2\/pages\/3675","targetHints":{"allow":["GET"]}}],"collection":[{"href":"https:\/\/etab.ac-reunion.fr\/lyc-patu-de-rosemont\/wp-json\/wp\/v2\/pages"}],"about":[{"href":"https:\/\/etab.ac-reunion.fr\/lyc-patu-de-rosemont\/wp-json\/wp\/v2\/types\/page"}],"author":[{"embeddable":true,"href":"https:\/\/etab.ac-reunion.fr\/lyc-patu-de-rosemont\/wp-json\/wp\/v2\/users\/14298"}],"replies":[{"embeddable":true,"href":"https:\/\/etab.ac-reunion.fr\/lyc-patu-de-rosemont\/wp-json\/wp\/v2\/comments?post=3675"}],"version-history":[{"count":4,"href":"https:\/\/etab.ac-reunion.fr\/lyc-patu-de-rosemont\/wp-json\/wp\/v2\/pages\/3675\/revisions"}],"predecessor-version":[{"id":3737,"href":"https:\/\/etab.ac-reunion.fr\/lyc-patu-de-rosemont\/wp-json\/wp\/v2\/pages\/3675\/revisions\/3737"}],"wp:attachment":[{"href":"https:\/\/etab.ac-reunion.fr\/lyc-patu-de-rosemont\/wp-json\/wp\/v2\/media?parent=3675"}],"curies":[{"name":"wp","href":"https:\/\/api.w.org\/{rel}","templated":true}]}}