{"id":3693,"date":"2020-11-26T12:25:30","date_gmt":"2020-11-26T08:25:30","guid":{"rendered":"http:\/\/lycee-patu-de-rosemont.ac-reunion.fr\/?page_id=3693"},"modified":"2021-11-19T11:24:08","modified_gmt":"2021-11-19T07:24:08","slug":"padlet-mon-orientation-au-lycee-professionnel","status":"publish","type":"page","link":"https:\/\/etab.ac-reunion.fr\/lyc-patu-de-rosemont\/padlet-mon-orientation-au-lycee-professionnel\/","title":{"rendered":"Padlet : Mon orientation au lyc\u00e9e Professionnel"},"content":{"rendered":"<p>Un Padlet mis \u00e0 disposition par le CIO de Saint-Beno\u00eet \u00e0 destination des \u00e9l\u00e8ves, enseignants et parents<\/p>\n<p>Nombreuses informations et sources pour r\u00e9fl\u00e9chir \u00e0 son orientation dans la voie professionnelle<\/p>\n<p><a href=\"https:\/\/padlet.com\/psyenciostbenoit\/MONORIENTATIONAULYCEEPROFESSIONNEL\"><img loading=\"lazy\" decoding=\"async\" class=\"alignnone wp-image-4467\" src=\"https:\/\/etab.ac-reunion.fr\/lyc-patu-de-rosemont\/wp-content\/uploads\/sites\/83\/2021\/11\/Screenshot-2021-11-19-at-11-05-51-MON-ORIENTATION-AU-LYCEE-PROFESSIONNEL-300x145.png\" alt=\"\" width=\"468\" height=\"226\" srcset=\"https:\/\/etab.ac-reunion.fr\/lyc-patu-de-rosemont\/wp-content\/uploads\/sites\/83\/2021\/11\/Screenshot-2021-11-19-at-11-05-51-MON-ORIENTATION-AU-LYCEE-PROFESSIONNEL-300x145.png 300w, https:\/\/etab.ac-reunion.fr\/lyc-patu-de-rosemont\/wp-content\/uploads\/sites\/83\/2021\/11\/Screenshot-2021-11-19-at-11-05-51-MON-ORIENTATION-AU-LYCEE-PROFESSIONNEL-768x372.png 768w, https:\/\/etab.ac-reunion.fr\/lyc-patu-de-rosemont\/wp-content\/uploads\/sites\/83\/2021\/11\/Screenshot-2021-11-19-at-11-05-51-MON-ORIENTATION-AU-LYCEE-PROFESSIONNEL-1024x496.png 1024w, https:\/\/etab.ac-reunion.fr\/lyc-patu-de-rosemont\/wp-content\/uploads\/sites\/83\/2021\/11\/Screenshot-2021-11-19-at-11-05-51-MON-ORIENTATION-AU-LYCEE-PROFESSIONNEL.png 1221w\" sizes=\"auto, (max-width: 468px) 100vw, 468px\" \/><\/a><\/p>\n","protected":false},"excerpt":{"rendered":"<p> &hellip;<\/p>\n","protected":false},"author":11195,"featured_media":0,"parent":0,"menu_order":0,"comment_status":"closed","ping_status":"closed","template":"","meta":{"footnotes":""},"class_list":["post-3693","page","type-page","status-publish","hentry","wpautop"],"_links":{"self":[{"href":"https:\/\/etab.ac-reunion.fr\/lyc-patu-de-rosemont\/wp-json\/wp\/v2\/pages\/3693","targetHints":{"allow":["GET"]}}],"collection":[{"href":"https:\/\/etab.ac-reunion.fr\/lyc-patu-de-rosemont\/wp-json\/wp\/v2\/pages"}],"about":[{"href":"https:\/\/etab.ac-reunion.fr\/lyc-patu-de-rosemont\/wp-json\/wp\/v2\/types\/page"}],"author":[{"embeddable":true,"href":"https:\/\/etab.ac-reunion.fr\/lyc-patu-de-rosemont\/wp-json\/wp\/v2\/users\/11195"}],"replies":[{"embeddable":true,"href":"https:\/\/etab.ac-reunion.fr\/lyc-patu-de-rosemont\/wp-json\/wp\/v2\/comments?post=3693"}],"version-history":[{"count":8,"href":"https:\/\/etab.ac-reunion.fr\/lyc-patu-de-rosemont\/wp-json\/wp\/v2\/pages\/3693\/revisions"}],"predecessor-version":[{"id":4471,"href":"https:\/\/etab.ac-reunion.fr\/lyc-patu-de-rosemont\/wp-json\/wp\/v2\/pages\/3693\/revisions\/4471"}],"wp:attachment":[{"href":"https:\/\/etab.ac-reunion.fr\/lyc-patu-de-rosemont\/wp-json\/wp\/v2\/media?parent=3693"}],"curies":[{"name":"wp","href":"https:\/\/api.w.org\/{rel}","templated":true}]}}