{"id":3968,"date":"2021-03-29T14:34:15","date_gmt":"2021-03-29T10:34:15","guid":{"rendered":"http:\/\/lycee-patu-de-rosemont.ac-reunion.fr\/?page_id=3968"},"modified":"2024-08-27T12:30:21","modified_gmt":"2024-08-27T08:30:21","slug":"carte-mentale-mindview","status":"publish","type":"page","link":"https:\/\/etab.ac-reunion.fr\/lyc-patu-de-rosemont\/carte-mentale-mindview\/","title":{"rendered":"Carte mentale MindView"},"content":{"rendered":"<p>&nbsp;<\/p>\n<p>&nbsp;<\/p>\n<p>&nbsp;<\/p>\n<p>&nbsp;<\/p>\n<p>&nbsp;<\/p>\n<h2>Formation \u00e0 l&rsquo;utilisation de MindView<\/h2>\n<p><strong>Objet :<\/strong> Initiation au logiciel<br \/>\n<strong>Date :<\/strong> Mercredi 04 septembre 2024 de 13h30 \u00e0 14h30 (Heure locale)<br \/>\n<strong>Dispens\u00e9e par :<\/strong> en distanciel, par la soci\u00e9t\u00e9 MATCHWARE \u00e9diteur du logiciel<br \/>\n<strong>Pr\u00e9requis :<\/strong><br \/>\n. Avoir MindView install\u00e9 sur son poste informatique (voir ci-dessous : \u00ab\u00a0Installation sur poste\u00a0\u00bb).<br \/>\n<strong>A l\u2019issue de la formation, les participant\/e\/s seront capables de :<br \/>\n<\/strong>. Cr\u00e9er et structurer des cartes mentales avec MindView.<br \/>\n. Utiliser les fonctionnalit\u00e9s principales de MindView.<br \/>\n. G\u00e9rer des projets et des t\u00e2ches gr\u00e2ce aux outils int\u00e9gr\u00e9s.<br \/>\n. Exporter et partager les cartes mentales sous diff\u00e9rents formats.<br \/>\n. Explorer des cas d\u2019usage sp\u00e9cifiques, tels que la pr\u00e9paration de rapports, la synth\u00e8se d\u2019informations, ou la gestion de projets collaboratifs.<br \/>\n<strong>Lien d\u2019inscription : <a href=\"https:\/\/attendee.gotowebinar.com\/register\/2292236994223720535\" target=\"_blank\" rel=\"noopener\">https:\/\/attendee.gotowebinar.com\/register\/2292236994223720535<\/a><\/strong><\/p>\n<hr \/>\n<h2>Exemples p\u00e9dagogiques de carte mentale<\/h2>\n<p>Sur le site de MATCHWARE : <a href=\"https:\/\/www.matchware.com\/fr\/exemples\/education#ordering=featured&amp;category=education\" target=\"_blank\" rel=\"noopener\">lien<\/a><\/p>\n<hr \/>\n<h2>Installation sur poste<\/h2>\n<p>La version 9 du logiciel de carte mentale MindView est maintenant disponible (en version Windows et MacOS).<br \/>\nL&rsquo;installation sur <strong>vos postes personnels \u00e0 votre domicile, ainsi qu&rsquo;au domicile de vos \u00e9l\u00e8ves<\/strong>, se fait d\u00e9sormais par le biais du METICE de chacun. Dans l&rsquo;onglet \u00ab\u00a0Ressources Documentaires\u00a0\u00bb il y a une ic\u00f4ne MINDVIEW parmi toutes celles qui s&rsquo;affichent, celle-ci vous permettra de t\u00e9l\u00e9charger un petit programme qui sera enregistr\u00e9 sur votre ordinateur et que vous devrez lancer pour t\u00e9l\u00e9charger et installer le logiciel sur votre poste personnel :<br \/>\n<a href=\"https:\/\/etab.ac-reunion.fr\/lyc-patu-de-rosemont\/wp-content\/uploads\/sites\/83\/2021\/03\/MindView-Metice.png\"><img loading=\"lazy\" decoding=\"async\" class=\"aligncenter wp-image-3946 size-medium\" src=\"https:\/\/etab.ac-reunion.fr\/lyc-patu-de-rosemont\/wp-content\/uploads\/sites\/83\/2021\/03\/MindView-Metice-300x183.png\" alt=\"\" width=\"300\" height=\"183\" srcset=\"https:\/\/etab.ac-reunion.fr\/lyc-patu-de-rosemont\/wp-content\/uploads\/sites\/83\/2021\/03\/MindView-Metice-300x183.png 300w, https:\/\/etab.ac-reunion.fr\/lyc-patu-de-rosemont\/wp-content\/uploads\/sites\/83\/2021\/03\/MindView-Metice-768x470.png 768w, https:\/\/etab.ac-reunion.fr\/lyc-patu-de-rosemont\/wp-content\/uploads\/sites\/83\/2021\/03\/MindView-Metice-1024x626.png 1024w, https:\/\/etab.ac-reunion.fr\/lyc-patu-de-rosemont\/wp-content\/uploads\/sites\/83\/2021\/03\/MindView-Metice.png 1315w\" sizes=\"auto, (max-width: 300px) 100vw, 300px\" \/><\/a><\/p>\n<p style=\"text-align: justify\">Vous aurez alors sur votre bureau une ic\u00f4ne du programme \u00ab\u00a0MindView 9\u00a0\u00bb, au premier lancement une fen\u00eatre s&rsquo;affichera vous demandant de renseigner vos identifiants, ce sont ceux que vous utilisez pour M\u00e9tice, ces informations une fois valid\u00e9e vous disposerez d&rsquo;une version avec licence du logiciel.<\/p>\n<p style=\"text-align: justify\">Pour une <strong>installation sur les postes informatiques du lyc\u00e9e<\/strong>, une demande devra \u00eatre faite au service informatique par le biais de l&#8217;email :<\/p>\n<p style=\"text-align: center\"><b><a class=\"moz-txt-link-abbreviated\" href=\"mailto:si.patu@ac-reunion.fr\">si.patu@ac-reunion.fr<\/a><\/b><\/p>\n<hr \/>\n<h2>Utilisation dans un navigateur internet<\/h2>\n<p style=\"text-align: justify\">Il est \u00e9galement possible d&rsquo;<b><span style=\"color: #0000ff\">utiliser ce logiciel par le biais de votre navigateur internet (donc OnLine)<\/span><\/b> : toujours par le biais de M\u00e9tice, onglet Ressources Documentaires, puis clic sur l&rsquo;ic\u00f4ne MindView ; dans la fen\u00eatre qui s&rsquo;affiche en cliquant sur Ouvrir dans le choix MindView OnLine en bas, une nouvelle fen\u00eatre s&rsquo;ouvrira dans votre navigateur vous permettant de cr\u00e9er vos cartes mentales, de les enregistrer en ligne (ou les t\u00e9l\u00e9charger sur votre poste) :<br \/>\n<a href=\"https:\/\/etab.ac-reunion.fr\/lyc-patu-de-rosemont\/wp-content\/uploads\/sites\/83\/2021\/03\/MindView-Metice-OnLine-01.png\"><img loading=\"lazy\" decoding=\"async\" class=\"size-medium wp-image-3955 aligncenter\" src=\"https:\/\/etab.ac-reunion.fr\/lyc-patu-de-rosemont\/wp-content\/uploads\/sites\/83\/2021\/03\/MindView-Metice-OnLine-01-257x300.png\" alt=\"\" width=\"257\" height=\"300\" srcset=\"https:\/\/etab.ac-reunion.fr\/lyc-patu-de-rosemont\/wp-content\/uploads\/sites\/83\/2021\/03\/MindView-Metice-OnLine-01-257x300.png 257w, https:\/\/etab.ac-reunion.fr\/lyc-patu-de-rosemont\/wp-content\/uploads\/sites\/83\/2021\/03\/MindView-Metice-OnLine-01.png 360w\" sizes=\"auto, (max-width: 257px) 100vw, 257px\" \/><\/a><\/p>\n<p style=\"text-align: center\"><a href=\"https:\/\/etab.ac-reunion.fr\/lyc-patu-de-rosemont\/wp-content\/uploads\/sites\/83\/2021\/09\/MindView-Metice-Carte-installation.png\"><img loading=\"lazy\" decoding=\"async\" class=\"alignnone wp-image-4365\" src=\"https:\/\/etab.ac-reunion.fr\/lyc-patu-de-rosemont\/wp-content\/uploads\/sites\/83\/2021\/09\/MindView-Metice-Carte-installation-300x141.png\" alt=\"\" width=\"500\" height=\"234\" srcset=\"https:\/\/etab.ac-reunion.fr\/lyc-patu-de-rosemont\/wp-content\/uploads\/sites\/83\/2021\/09\/MindView-Metice-Carte-installation-300x141.png 300w, https:\/\/etab.ac-reunion.fr\/lyc-patu-de-rosemont\/wp-content\/uploads\/sites\/83\/2021\/09\/MindView-Metice-Carte-installation-768x360.png 768w, https:\/\/etab.ac-reunion.fr\/lyc-patu-de-rosemont\/wp-content\/uploads\/sites\/83\/2021\/09\/MindView-Metice-Carte-installation-1024x480.png 1024w, https:\/\/etab.ac-reunion.fr\/lyc-patu-de-rosemont\/wp-content\/uploads\/sites\/83\/2021\/09\/MindView-Metice-Carte-installation-1536x720.png 1536w, https:\/\/etab.ac-reunion.fr\/lyc-patu-de-rosemont\/wp-content\/uploads\/sites\/83\/2021\/09\/MindView-Metice-Carte-installation.png 1722w\" sizes=\"auto, (max-width: 500px) 100vw, 500px\" \/><\/a><\/p>\n<p style=\"text-align: justify\">Cette version en ligne est un peu moins riche en fonctionnalit\u00e9, les cartes mentales r\u00e9alis\u00e9es par ce biais sont bien entendu modifiables dans la version sur poste.<\/p>\n","protected":false},"excerpt":{"rendered":"<p> &hellip;<\/p>\n","protected":false},"author":11268,"featured_media":4365,"parent":0,"menu_order":0,"comment_status":"closed","ping_status":"closed","template":"","meta":{"footnotes":""},"class_list":["post-3968","page","type-page","status-publish","has-post-thumbnail","hentry","wpautop"],"_links":{"self":[{"href":"https:\/\/etab.ac-reunion.fr\/lyc-patu-de-rosemont\/wp-json\/wp\/v2\/pages\/3968","targetHints":{"allow":["GET"]}}],"collection":[{"href":"https:\/\/etab.ac-reunion.fr\/lyc-patu-de-rosemont\/wp-json\/wp\/v2\/pages"}],"about":[{"href":"https:\/\/etab.ac-reunion.fr\/lyc-patu-de-rosemont\/wp-json\/wp\/v2\/types\/page"}],"author":[{"embeddable":true,"href":"https:\/\/etab.ac-reunion.fr\/lyc-patu-de-rosemont\/wp-json\/wp\/v2\/users\/11268"}],"replies":[{"embeddable":true,"href":"https:\/\/etab.ac-reunion.fr\/lyc-patu-de-rosemont\/wp-json\/wp\/v2\/comments?post=3968"}],"version-history":[{"count":40,"href":"https:\/\/etab.ac-reunion.fr\/lyc-patu-de-rosemont\/wp-json\/wp\/v2\/pages\/3968\/revisions"}],"predecessor-version":[{"id":5331,"href":"https:\/\/etab.ac-reunion.fr\/lyc-patu-de-rosemont\/wp-json\/wp\/v2\/pages\/3968\/revisions\/5331"}],"wp:featuredmedia":[{"embeddable":true,"href":"https:\/\/etab.ac-reunion.fr\/lyc-patu-de-rosemont\/wp-json\/wp\/v2\/media\/4365"}],"wp:attachment":[{"href":"https:\/\/etab.ac-reunion.fr\/lyc-patu-de-rosemont\/wp-json\/wp\/v2\/media?parent=3968"}],"curies":[{"name":"wp","href":"https:\/\/api.w.org\/{rel}","templated":true}]}}