{"id":4731,"date":"2022-08-29T10:57:31","date_gmt":"2022-08-29T06:57:31","guid":{"rendered":"https:\/\/etab.ac-reunion.fr\/lyc-patu-de-rosemont\/?page_id=4731"},"modified":"2022-08-29T10:57:31","modified_gmt":"2022-08-29T06:57:31","slug":"pix","status":"publish","type":"page","link":"https:\/\/etab.ac-reunion.fr\/lyc-patu-de-rosemont\/tice\/pix\/","title":{"rendered":"PIX"},"content":{"rendered":"<p><a href=\"https:\/\/pedagogie.ac-reunion.fr\/ecole-numerique\/enseigner-num\/pix-cultivez-vos-competences-numeriques.html\">https:\/\/pedagogie.ac-reunion.fr\/ecole-numerique\/enseigner-num\/pix-cultivez-vos-competences-numeriques.html<\/a><\/p>\n<p><a href=\"https:\/\/etab.ac-reunion.fr\/lyc-patu-de-rosemont\/wp-content\/uploads\/sites\/83\/2022\/08\/Diaporama-etablissements.pptx\">Diaporama \u00e9tablissements<\/a><\/p>\n<p><a href=\"https:\/\/etab.ac-reunion.fr\/lyc-patu-de-rosemont\/wp-content\/uploads\/sites\/83\/2022\/08\/document_accompagnement_crcn.pdf\">Document_accompagnement_crcn<\/a><\/p>\n<p><a href=\"https:\/\/etab.ac-reunion.fr\/lyc-patu-de-rosemont\/wp-content\/uploads\/sites\/83\/2022\/08\/Tutoriel-Analyse-des-resultats-des-eleves-Evaluation.pdf\">Tutoriel &#8211; Analyse des r\u00e9sultats des \u00e9l\u00e8ves &#8211; Evaluation<\/a><\/p>\n<p>&nbsp;<\/p>\n","protected":false},"excerpt":{"rendered":"<p> &hellip;<\/p>\n","protected":false},"author":11195,"featured_media":0,"parent":794,"menu_order":0,"comment_status":"closed","ping_status":"closed","template":"","meta":{"footnotes":""},"class_list":["post-4731","page","type-page","status-publish","hentry","wpautop"],"_links":{"self":[{"href":"https:\/\/etab.ac-reunion.fr\/lyc-patu-de-rosemont\/wp-json\/wp\/v2\/pages\/4731","targetHints":{"allow":["GET"]}}],"collection":[{"href":"https:\/\/etab.ac-reunion.fr\/lyc-patu-de-rosemont\/wp-json\/wp\/v2\/pages"}],"about":[{"href":"https:\/\/etab.ac-reunion.fr\/lyc-patu-de-rosemont\/wp-json\/wp\/v2\/types\/page"}],"author":[{"embeddable":true,"href":"https:\/\/etab.ac-reunion.fr\/lyc-patu-de-rosemont\/wp-json\/wp\/v2\/users\/11195"}],"replies":[{"embeddable":true,"href":"https:\/\/etab.ac-reunion.fr\/lyc-patu-de-rosemont\/wp-json\/wp\/v2\/comments?post=4731"}],"version-history":[{"count":1,"href":"https:\/\/etab.ac-reunion.fr\/lyc-patu-de-rosemont\/wp-json\/wp\/v2\/pages\/4731\/revisions"}],"predecessor-version":[{"id":4736,"href":"https:\/\/etab.ac-reunion.fr\/lyc-patu-de-rosemont\/wp-json\/wp\/v2\/pages\/4731\/revisions\/4736"}],"up":[{"embeddable":true,"href":"https:\/\/etab.ac-reunion.fr\/lyc-patu-de-rosemont\/wp-json\/wp\/v2\/pages\/794"}],"wp:attachment":[{"href":"https:\/\/etab.ac-reunion.fr\/lyc-patu-de-rosemont\/wp-json\/wp\/v2\/media?parent=4731"}],"curies":[{"name":"wp","href":"https:\/\/api.w.org\/{rel}","templated":true}]}}