{"id":5332,"date":"2024-08-29T23:57:20","date_gmt":"2024-08-29T19:57:20","guid":{"rendered":"https:\/\/etab.ac-reunion.fr\/lyc-patu-de-rosemont\/?page_id=5332"},"modified":"2026-03-27T09:18:55","modified_gmt":"2026-03-27T05:18:55","slug":"docs-administratifs","status":"publish","type":"page","link":"https:\/\/etab.ac-reunion.fr\/lyc-patu-de-rosemont\/etablissement\/docs-administratifs\/","title":{"rendered":"Docs Administratifs"},"content":{"rendered":"<p><a href=\"https:\/\/etab.ac-reunion.fr\/lyc-patu-de-rosemont\/wp-content\/uploads\/sites\/83\/2025\/08\/HSE-2025-2026.pdf\">HSE 2025-2026<\/a><\/p>\n<p><a href=\"https:\/\/etab.ac-reunion.fr\/lyc-patu-de-rosemont\/wp-content\/uploads\/sites\/83\/2025\/08\/Fiche-action.pdf\">Fiche action 2025<\/a><\/p>\n<p><a href=\"https:\/\/etab.ac-reunion.fr\/lyc-patu-de-rosemont\/wp-content\/uploads\/sites\/83\/2025\/08\/BULLETIN-DE-RENTREE-2025-1-1.pdf\">BULLETIN DE RENTREE 2025<\/a><\/p>\n<p><a href=\"https:\/\/etab.ac-reunion.fr\/lyc-patu-de-rosemont\/wp-content\/uploads\/sites\/83\/2025\/08\/organigramme-2025-2026.pdf\">organigramme 2025-2026<\/a><\/p>\n<p><a href=\"https:\/\/etab.ac-reunion.fr\/lyc-patu-de-rosemont\/wp-content\/uploads\/sites\/83\/2020\/08\/Plan-LP-Patu-2020.pdf\">Plan LP Patu &#8211; 2020<\/a><\/p>\n<p><a href=\"https:\/\/etab.ac-reunion.fr\/lyc-patu-de-rosemont\/wp-content\/uploads\/sites\/83\/2020\/08\/DEMANDE-DACHAT-SUR-CREDITS-PEDAGOGIQUES.pdf\">DEMANDE D&rsquo;ACHAT SUR CREDITS PEDAGOGIQUES<\/a><\/p>\n<p><a href=\"https:\/\/etab.ac-reunion.fr\/lyc-patu-de-rosemont\/wp-content\/uploads\/sites\/83\/2025\/08\/demande-de-report-de-cours.docx\">demande-de-report-de-cours<\/a><\/p>\n<p><a href=\"https:\/\/etab.ac-reunion.fr\/lyc-patu-de-rosemont\/wp-content\/uploads\/sites\/83\/2025\/02\/Fiche-action.doc\">Fiche action<\/a><\/p>\n<p><a href=\"https:\/\/etab.ac-reunion.fr\/lyc-patu-de-rosemont\/wp-content\/uploads\/sites\/83\/2024\/07\/ORDRE-DE-MISSION.doc\">ORDRE DE MISSION<\/a><\/p>\n<p><a href=\"https:\/\/etab.ac-reunion.fr\/lyc-patu-de-rosemont\/wp-content\/uploads\/sites\/83\/2024\/07\/rapport-dincident.pdf\">rapport d&rsquo;incident<\/a><\/p>\n<p><a href=\"https:\/\/etab.ac-reunion.fr\/lyc-patu-de-rosemont\/wp-content\/uploads\/sites\/83\/2025\/08\/IMPRIME-AUT-ABS-AED.doc\">IMPRIME AUT ABS AED<\/a><\/p>\n<p><a href=\"https:\/\/etab.ac-reunion.fr\/lyc-patu-de-rosemont\/wp-content\/uploads\/sites\/83\/2025\/08\/demande-dautorisation-dabsence-enseignant.pdf\">demande d&rsquo;autorisation d&rsquo;absence enseignant<\/a><\/p>\n<p><a href=\"https:\/\/etab.ac-reunion.fr\/lyc-patu-de-rosemont\/wp-content\/uploads\/sites\/83\/2025\/08\/demande-dautorisation-dabsence-enseignant.docx\">demande d&rsquo;autorisation d&rsquo;absence enseignant<\/a><\/p>\n<p><a href=\"https:\/\/etab.ac-reunion.fr\/lyc-patu-de-rosemont\/wp-content\/uploads\/sites\/83\/2024\/08\/IMPRIME-AUT-ABS-Administratif.doc\">IMPRIME AUT ABS Administratif<\/a><\/p>\n<p><a href=\"https:\/\/etab.ac-reunion.fr\/lyc-patu-de-rosemont\/wp-content\/uploads\/sites\/83\/2024\/09\/IMPRIME-AUT-ABS-ATTEE.doc\">IMPRIME-AUT-ABS-ATTE<\/a><\/p>\n<p><a href=\"https:\/\/etab.ac-reunion.fr\/lyc-patu-de-rosemont\/wp-content\/uploads\/sites\/83\/2022\/08\/vademecum-laicite-2021.pdf\">vademecum laicite-2021<\/a><\/p>\n<p><a href=\"https:\/\/etab.ac-reunion.fr\/lyc-patu-de-rosemont\/wp-content\/uploads\/sites\/83\/2016\/03\/autorisation-parentale-internat.pdf\" target=\"_blank\" rel=\"noopener noreferrer\">Autorisation-parentale-internat<\/a><\/p>\n<hr \/>\n<p>Carte mentale<strong> MindView<\/strong><br \/>\n<a href=\"https:\/\/etab.ac-reunion.fr\/lyc-patu-de-rosemont\/carte-mentale-mindview\/\" target=\"_blank\" rel=\"noopener\">Formation \/ Installation sur poste \/ Utilisation dans un navigateur<\/a><\/p>\n<hr \/>\n<p><strong>P<\/strong>\u00e9riode de<strong> F<\/strong>ormation en <strong>M<\/strong>ilieu<strong> P<\/strong>rofessionnel (<strong>PFMP<\/strong>)<br \/>\n<a href=\"https:\/\/etab.ac-reunion.fr\/lyc-patu-de-rosemont\/wp-content\/uploads\/sites\/83\/2024\/09\/PLANNING-PFMP-2024-2025-au-18-04-2025.pdf\" target=\"_blank\" rel=\"noopener\">PLANNING PFMP 2024 2025<\/a><br \/>\n<a href=\"https:\/\/etab.ac-reunion.fr\/lyc-patu-de-rosemont\/wp-content\/uploads\/sites\/83\/2021\/09\/PFMP-\u2013-Protocole-2021-2022.pdf\" target=\"_blank\" rel=\"noopener\">PFMP \u2013 Protocole 2021-2022<\/a><br \/>\n<a href=\"https:\/\/etab.ac-reunion.fr\/lyc-patu-de-rosemont\/wp-content\/uploads\/sites\/83\/2023\/11\/PFMP-\u2013-Accord-prealable-2024.pdf\" target=\"_blank\" rel=\"noopener\">PFMP \u2013 Accord pr\u00e9alable 2024<\/a><br \/>\n<a href=\"https:\/\/etab.ac-reunion.fr\/lyc-patu-de-rosemont\/wp-content\/uploads\/sites\/83\/2024\/08\/PFMP-\u2013-Ordre-de-mission-et-Frais-2025.pdf\" target=\"_blank\" rel=\"noopener\">PFMP \u2013 Ordre de mission et Frais 2025<\/a><br \/>\n<a href=\"https:\/\/etab.ac-reunion.fr\/lyc-patu-de-rosemont\/wp-content\/uploads\/sites\/83\/2021\/09\/PFMP-\u2013-Autorisation-parentale-annuelle-1.pdf\">PFMP<\/a><a href=\"https:\/\/etab.ac-reunion.fr\/lyc-patu-de-rosemont\/wp-content\/uploads\/sites\/83\/2021\/09\/PFMP-\u2013-Autorisation-parentale-annuelle-1.pdf\" target=\"_blank\" rel=\"noopener\"> &#8211; Autorisation parentale annuelle<\/a><br \/>\n<a href=\"https:\/\/etab.ac-reunion.fr\/lyc-patu-de-rosemont\/wp-content\/uploads\/sites\/83\/2021\/09\/PFMP-\u2013-Engagement-rattrapage.pdf\" target=\"_blank\" rel=\"noopener\">PFMP &#8211; Engagement rattrapage<\/a><br \/>\n<a href=\"https:\/\/etab.ac-reunion.fr\/lyc-patu-de-rosemont\/wp-content\/uploads\/sites\/83\/2023\/03\/2023_PFMP-\u2013-Utilisation-vehicule-personnel.pdf\">2023_PFMP \u2013 Utilisation v\u00e9hicule personnel<\/a><br \/>\n<a href=\"https:\/\/etab.ac-reunion.fr\/lyc-patu-de-rosemont\/wp-content\/uploads\/sites\/83\/2023\/03\/FICHE-ELEVE-FRAIS-DE-DEPLACEMENT.pdf\">FICHE ELEVE FRAIS DE DEPLACEMENT<\/a><br \/>\n<a href=\"https:\/\/etab.ac-reunion.fr\/lyc-patu-de-rosemont\/wp-content\/uploads\/sites\/83\/2023\/03\/FORMULAIRE_REMISE_D_ORDRE.pdf\">FORMULAIRE_REMISE_D_ORDRE<\/a><br \/>\n<a href=\"https:\/\/etab.ac-reunion.fr\/lyc-patu-de-rosemont\/wp-content\/uploads\/sites\/83\/2023\/03\/notice_modalites_remboursement_pfmp.pdf\">notice_modalites_remboursement_pfmp<\/a><br \/>\n<a href=\"https:\/\/etab.ac-reunion.fr\/lyc-patu-de-rosemont\/wp-content\/uploads\/sites\/83\/2021\/09\/PFMP-\u2013-Tableau-de-bord-encadrement.pdf\" target=\"_blank\" rel=\"noopener\">PFMP &#8211; Tableau de bord encadrement<\/a><\/p>\n<hr \/>\n<p><strong>O<\/strong>bjets<strong> C<\/strong>onfectionn\u00e9s (<strong>OC<\/strong>)<strong><br \/>\n<\/strong><a href=\"https:\/\/etab.ac-reunion.fr\/lyc-patu-de-rosemont\/wp-content\/uploads\/sites\/83\/2021\/03\/OC-Demande-de-travaux-LP-Patu-v21.pdf\" target=\"_blank\" rel=\"noopener\">OC &#8211; Demande de travaux LP Patu &#8211; v21<\/a><\/p>\n<hr \/>\n<p><strong>D<\/strong>otation<strong> G<\/strong>lobale d&rsquo;<strong>\u00c9<\/strong>quipement (<strong>DGE<\/strong>)<em><br \/>\n<\/em>DGE 2025 &#8211; Note vers EG &#8211; ADMIN &#8211; Vie sco &#8211; ATTEE &#8211; AMI &#8211; P\u00f4le sant\u00e9 <em>: ce document sera mis en ligne sous peu<\/em><br \/>\n<a href=\"https:\/\/etab.ac-reunion.fr\/lyc-patu-de-rosemont\/wp-content\/uploads\/sites\/83\/2024\/12\/DGE-2025-Note-vers-Enseignement-Professionnel.pdf\" target=\"_blank\" rel=\"noopener\">DGE 2025 &#8211; Note vers Enseignement Professionnel<\/a><br \/>\n<a href=\"https:\/\/etab.ac-reunion.fr\/lyc-patu-de-rosemont\/wp-content\/uploads\/sites\/83\/2024\/12\/DGE-2025-Fiche-projet.xlsx\" target=\"_blank\" rel=\"noopener\">DGE 2025 &#8211; Fiche projet<\/a><\/p>\n<hr \/>\n<p><strong>C<\/strong>ontr\u00f4le en <strong>C<\/strong>ours de <strong>F<\/strong>ormation (<strong>CCF<\/strong>) : EP et STS<br \/>\n<a href=\"https:\/\/etab.ac-reunion.fr\/lyc-patu-de-rosemont\/wp-content\/uploads\/sites\/83\/2024\/03\/CCF-Circulaire-2025-2026-Sections-BacPro-CAP-MC.pdf\" target=\"_blank\" rel=\"noopener\">CCF &#8211; Circulaire 2025-2026 &#8211; EP &#8211; BacPro CAP MC (CS)<\/a><br \/>\n<a href=\"https:\/\/etab.ac-reunion.fr\/lyc-patu-de-rosemont\/wp-content\/uploads\/sites\/83\/2024\/03\/CCF-Circulaire-2025-2026-Sections-STS.pdf\" target=\"_blank\" rel=\"noopener\">CCF &#8211; Circulaire 2025-2026 &#8211; Sections STS<\/a><br \/>\nTransmission de la liste des \u00e9l\u00e8ves absents \u00e0 convoquer par courrier \u00e0 un CCF du domaine Professionnel :<br \/>\n<a href=\"https:\/\/etab.ac-reunion.fr\/lyc-patu-de-rosemont\/wp-content\/uploads\/sites\/83\/2024\/03\/A-convoquer-en-CCF-2026-en-AR-ou-simple-LP-Patu.xlsx\" target=\"_blank\" rel=\"noopener\">A convoquer en CCF 2026 en AR ou simple &#8211; LP Patu.xlsx<\/a><br \/>\nProposition de mod\u00e8le de convocation pour remise directe aux \u00e9l\u00e8ves par les enseignants :<br \/>\n<a href=\"https:\/\/etab.ac-reunion.fr\/lyc-patu-de-rosemont\/wp-content\/uploads\/sites\/83\/2023\/04\/CCF-Convocation-EP-v7.docx\" target=\"_blank\" rel=\"noopener\">CCF-Convocation-EP-v7<\/a><br \/>\n<a href=\"https:\/\/etab.ac-reunion.fr\/lyc-patu-de-rosemont\/wp-content\/uploads\/sites\/83\/2023\/04\/CCF-Convocation-EG-v7.docx\" target=\"_blank\" rel=\"noopener\">CCF-Convocation-EG-v7<\/a><\/p>\n","protected":false},"excerpt":{"rendered":"<p> &hellip;<\/p>\n","protected":false},"author":11195,"featured_media":0,"parent":13,"menu_order":0,"comment_status":"closed","ping_status":"closed","template":"","meta":{"footnotes":""},"class_list":["post-5332","page","type-page","status-publish","hentry","wpautop"],"_links":{"self":[{"href":"https:\/\/etab.ac-reunion.fr\/lyc-patu-de-rosemont\/wp-json\/wp\/v2\/pages\/5332","targetHints":{"allow":["GET"]}}],"collection":[{"href":"https:\/\/etab.ac-reunion.fr\/lyc-patu-de-rosemont\/wp-json\/wp\/v2\/pages"}],"about":[{"href":"https:\/\/etab.ac-reunion.fr\/lyc-patu-de-rosemont\/wp-json\/wp\/v2\/types\/page"}],"author":[{"embeddable":true,"href":"https:\/\/etab.ac-reunion.fr\/lyc-patu-de-rosemont\/wp-json\/wp\/v2\/users\/11195"}],"replies":[{"embeddable":true,"href":"https:\/\/etab.ac-reunion.fr\/lyc-patu-de-rosemont\/wp-json\/wp\/v2\/comments?post=5332"}],"version-history":[{"count":30,"href":"https:\/\/etab.ac-reunion.fr\/lyc-patu-de-rosemont\/wp-json\/wp\/v2\/pages\/5332\/revisions"}],"predecessor-version":[{"id":5881,"href":"https:\/\/etab.ac-reunion.fr\/lyc-patu-de-rosemont\/wp-json\/wp\/v2\/pages\/5332\/revisions\/5881"}],"up":[{"embeddable":true,"href":"https:\/\/etab.ac-reunion.fr\/lyc-patu-de-rosemont\/wp-json\/wp\/v2\/pages\/13"}],"wp:attachment":[{"href":"https:\/\/etab.ac-reunion.fr\/lyc-patu-de-rosemont\/wp-json\/wp\/v2\/media?parent=5332"}],"curies":[{"name":"wp","href":"https:\/\/api.w.org\/{rel}","templated":true}]}}