{"id":799,"date":"2016-04-12T12:12:29","date_gmt":"2016-04-12T08:12:29","guid":{"rendered":"http:\/\/lycee-patu-de-rosemont.ac-reunion.fr\/?page_id=799"},"modified":"2021-11-02T16:04:54","modified_gmt":"2021-11-02T12:04:54","slug":"cdi","status":"publish","type":"page","link":"https:\/\/etab.ac-reunion.fr\/lyc-patu-de-rosemont\/vie-du-lycee\/cdi\/","title":{"rendered":"CDI"},"content":{"rendered":"\r\n<h2 class=\"has-text-align-center has-white-color has-vivid-red-background-color has-text-color has-background wp-block-heading\"><strong><span class=\"has-inline-color has-white-color\">Centre de Documentation et d&rsquo;Information<\/span><\/strong><\/h2>\r\n\r\n\r\n<hr class=\"wp-block-separator\" \/>\r\n\r\n\r\n<h4 class=\"has-text-align-left wp-block-heading\">Professeure-documentaliste : Mme PIOUT<\/h4>\r\n\r\n<p><a href=\"http:\/\/9740472v.esidoc.fr\/\" target=\"_blank\" rel=\"noopener noreferrer\"><div class='et-box et-bio'>\n\t\t\t\t\t<div class='et-box-content'>Consultez le site du CDI<\/div><\/div> <\/a><\/p>\r\n\r\n<p><strong>Les horaires d\u2019ouverture du CDI<\/strong><\/p>\r\n\r\n\r\n\r\n<p>Lundi : 8H30 \u2013 12H20 \/ 13H30 \u2013 16H30 <br \/>Mardi : 8h30 \u2013 12H20 \/ 13H30 \u2013 15H30 <br \/>Mercredi : ferm\u00e9 <br \/>Jeudi : 8H30 \u2013 12H20 \/ 13H30 \u2013 16H30<br \/>Vendredi : 8H30 \u2013 12H20 \/ 13H30 \u2013 16H30<\/p>\r\n\r\n\r\n<hr class=\"wp-block-separator\" \/>\r\n\r\n\r\n<h3 class=\"has-text-align-center wp-block-heading\"><strong>Les revues du CDI<\/strong><\/h3>\r\n\r\n\r\n\r\n<p class=\"has-text-align-left\"><strong>Actualit\u00e9s et revues g\u00e9n\u00e9ralistes<\/strong><br \/>Le Quotidien<br \/>K\u00e9zako Mundi<br \/>L&rsquo;Actu<br \/>Soif !<br \/>Metysse magazine<\/p>\r\n\r\n\r\n\r\n<p><strong>Culture Loisirs &amp; Sport<\/strong><br \/>So foot Club<br \/>MX Magazine<br \/>Coyote Mag<br \/>Animeland Xtra<br \/>Graffiti Art<\/p>\r\n\r\n\r\n\r\n<p><strong>Langues<\/strong><br \/>English now<\/p>\r\n\r\n\r\n\r\n<p><strong>Sciences<\/strong><br \/>Cerveau &amp; psycho<br \/>Les Savanturiers<br \/>Les d\u00e9fis du CEA<\/p>\r\n\r\n\r\n\r\n<p><strong>Revues professionnelles<\/strong><br \/>Raids<br \/>Soldats du feu<br \/>Pretties<br \/>Auto-moto<br \/>Motorsport<br \/>D\u00e9cision atelier<br \/>Mat\u00e9riel agricole<br \/>Mat\u00e9riel &amp; paysage<br \/>Forum chantiers<br \/>Electricien +<br \/>Artisan et bois<br \/>Leader R\u00e9union<\/p>\r\n\r\n\r\n\r\n<p>&nbsp;<\/p>\r\n\r\n\r\n\r\n<p>&nbsp;<\/p>\r\n","protected":false},"excerpt":{"rendered":"<p> &hellip;<\/p>\n","protected":false},"author":11195,"featured_media":0,"parent":784,"menu_order":0,"comment_status":"closed","ping_status":"closed","template":"","meta":{"footnotes":""},"class_list":["post-799","page","type-page","status-publish","hentry","wpautop"],"_links":{"self":[{"href":"https:\/\/etab.ac-reunion.fr\/lyc-patu-de-rosemont\/wp-json\/wp\/v2\/pages\/799","targetHints":{"allow":["GET"]}}],"collection":[{"href":"https:\/\/etab.ac-reunion.fr\/lyc-patu-de-rosemont\/wp-json\/wp\/v2\/pages"}],"about":[{"href":"https:\/\/etab.ac-reunion.fr\/lyc-patu-de-rosemont\/wp-json\/wp\/v2\/types\/page"}],"author":[{"embeddable":true,"href":"https:\/\/etab.ac-reunion.fr\/lyc-patu-de-rosemont\/wp-json\/wp\/v2\/users\/11195"}],"replies":[{"embeddable":true,"href":"https:\/\/etab.ac-reunion.fr\/lyc-patu-de-rosemont\/wp-json\/wp\/v2\/comments?post=799"}],"version-history":[{"count":86,"href":"https:\/\/etab.ac-reunion.fr\/lyc-patu-de-rosemont\/wp-json\/wp\/v2\/pages\/799\/revisions"}],"predecessor-version":[{"id":4520,"href":"https:\/\/etab.ac-reunion.fr\/lyc-patu-de-rosemont\/wp-json\/wp\/v2\/pages\/799\/revisions\/4520"}],"up":[{"embeddable":true,"href":"https:\/\/etab.ac-reunion.fr\/lyc-patu-de-rosemont\/wp-json\/wp\/v2\/pages\/784"}],"wp:attachment":[{"href":"https:\/\/etab.ac-reunion.fr\/lyc-patu-de-rosemont\/wp-json\/wp\/v2\/media?parent=799"}],"curies":[{"name":"wp","href":"https:\/\/api.w.org\/{rel}","templated":true}]}}