{"id":98,"date":"2016-03-11T23:12:00","date_gmt":"2016-03-11T19:12:00","guid":{"rendered":"http:\/\/lycee-patu-de-rosemont.ac-reunion.fr\/?page_id=98"},"modified":"2024-09-11T18:42:19","modified_gmt":"2024-09-11T14:42:19","slug":"accueil","status":"publish","type":"page","link":"https:\/\/etab.ac-reunion.fr\/lyc-patu-de-rosemont\/accueil\/","title":{"rendered":"LYC\u00c9E DES M\u00c9TIERS DE LA MAINTENANCE"},"content":{"rendered":"<hr \/>\r\n<h2>\u00a0<\/h2>\r\n<p>&nbsp;<\/p>\r\n<h1 style=\"text-align: center\"><span style=\"text-decoration: underline\"><span style=\"color: #000080;text-decoration: underline\">ACTUALIT\u00c9S<\/span><\/span><\/h1>\r\n<h3 style=\"text-align: left\"><div class=\"su-image-carousel  su-image-carousel-has-spacing su-image-carousel-has-lightbox su-image-carousel-has-outline su-image-carousel-adaptive su-image-carousel-slides-style-photo su-image-carousel-controls-style-dark su-image-carousel-align-none\" style=\"\" data-flickity-options='{\"groupCells\":true,\"cellSelector\":\".su-image-carousel-item\",\"adaptiveHeight\":true,\"cellAlign\":\"left\",\"prevNextButtons\":true,\"pageDots\":true,\"autoPlay\":5000,\"imagesLoaded\":true,\"contain\":false,\"selectedAttraction\":0.025,\"friction\":0.28}' id=\"su_image_carousel_69fccc3648861\"><div class=\"su-image-carousel-item\"><div class=\"su-image-carousel-item-content\"><a href=\"https:\/\/etab.ac-reunion.fr\/lyc-patu-de-rosemont\/wp-content\/uploads\/sites\/83\/2020\/09\/RPP-VISIO.png\" target=\"_blank\" rel=\"noopener noreferrer\" data-caption=\"\"><img loading=\"lazy\" decoding=\"async\" width=\"852\" height=\"243\" src=\"https:\/\/etab.ac-reunion.fr\/lyc-patu-de-rosemont\/wp-content\/uploads\/sites\/83\/2020\/09\/RPP-VISIO-1024x292.png\" class=\"\" alt=\"\" srcset=\"https:\/\/etab.ac-reunion.fr\/lyc-patu-de-rosemont\/wp-content\/uploads\/sites\/83\/2020\/09\/RPP-VISIO-1024x292.png 1024w, https:\/\/etab.ac-reunion.fr\/lyc-patu-de-rosemont\/wp-content\/uploads\/sites\/83\/2020\/09\/RPP-VISIO-300x86.png 300w, https:\/\/etab.ac-reunion.fr\/lyc-patu-de-rosemont\/wp-content\/uploads\/sites\/83\/2020\/09\/RPP-VISIO-768x219.png 768w, https:\/\/etab.ac-reunion.fr\/lyc-patu-de-rosemont\/wp-content\/uploads\/sites\/83\/2020\/09\/RPP-VISIO-1536x438.png 1536w, https:\/\/etab.ac-reunion.fr\/lyc-patu-de-rosemont\/wp-content\/uploads\/sites\/83\/2020\/09\/RPP-VISIO-2048x584.png 2048w\" sizes=\"auto, (max-width: 852px) 100vw, 852px\" \/><\/a><\/div><\/div><div class=\"su-image-carousel-item\"><div class=\"su-image-carousel-item-content\"><a href=\"https:\/\/etab.ac-reunion.fr\/lyc-patu-de-rosemont\/wp-content\/uploads\/sites\/83\/2020\/09\/aide-COVID.png\" target=\"_blank\" rel=\"noopener noreferrer\" data-caption=\"\"><img loading=\"lazy\" decoding=\"async\" width=\"852\" height=\"507\" src=\"https:\/\/etab.ac-reunion.fr\/lyc-patu-de-rosemont\/wp-content\/uploads\/sites\/83\/2020\/09\/aide-COVID-1024x609.png\" class=\"\" alt=\"\" srcset=\"https:\/\/etab.ac-reunion.fr\/lyc-patu-de-rosemont\/wp-content\/uploads\/sites\/83\/2020\/09\/aide-COVID-1024x609.png 1024w, https:\/\/etab.ac-reunion.fr\/lyc-patu-de-rosemont\/wp-content\/uploads\/sites\/83\/2020\/09\/aide-COVID-300x179.png 300w, https:\/\/etab.ac-reunion.fr\/lyc-patu-de-rosemont\/wp-content\/uploads\/sites\/83\/2020\/09\/aide-COVID-768x457.png 768w, https:\/\/etab.ac-reunion.fr\/lyc-patu-de-rosemont\/wp-content\/uploads\/sites\/83\/2020\/09\/aide-COVID-1536x914.png 1536w, https:\/\/etab.ac-reunion.fr\/lyc-patu-de-rosemont\/wp-content\/uploads\/sites\/83\/2020\/09\/aide-COVID.png 1741w\" sizes=\"auto, (max-width: 852px) 100vw, 852px\" \/><\/a><\/div><\/div><div class=\"su-image-carousel-item\"><div class=\"su-image-carousel-item-content\"><a href=\"https:\/\/etab.ac-reunion.fr\/lyc-patu-de-rosemont\/wp-content\/uploads\/sites\/83\/2024\/09\/recrute.png\" target=\"_blank\" rel=\"noopener noreferrer\" data-caption=\"\"><img loading=\"lazy\" decoding=\"async\" width=\"722\" height=\"1024\" src=\"https:\/\/etab.ac-reunion.fr\/lyc-patu-de-rosemont\/wp-content\/uploads\/sites\/83\/2024\/09\/recrute-722x1024.png\" class=\"\" alt=\"\" srcset=\"https:\/\/etab.ac-reunion.fr\/lyc-patu-de-rosemont\/wp-content\/uploads\/sites\/83\/2024\/09\/recrute-722x1024.png 722w, https:\/\/etab.ac-reunion.fr\/lyc-patu-de-rosemont\/wp-content\/uploads\/sites\/83\/2024\/09\/recrute-211x300.png 211w, https:\/\/etab.ac-reunion.fr\/lyc-patu-de-rosemont\/wp-content\/uploads\/sites\/83\/2024\/09\/recrute-768x1090.png 768w, https:\/\/etab.ac-reunion.fr\/lyc-patu-de-rosemont\/wp-content\/uploads\/sites\/83\/2024\/09\/recrute.png 1009w\" sizes=\"auto, (max-width: 722px) 100vw, 722px\" \/><\/a><\/div><\/div><\/div><script id=\"su_image_carousel_69fccc3648861_script\">if(window.SUImageCarousel){setTimeout(function() {window.SUImageCarousel.initGallery(document.getElementById(\"su_image_carousel_69fccc3648861\"))}, 0);}var su_image_carousel_69fccc3648861_script=document.getElementById(\"su_image_carousel_69fccc3648861_script\");if(su_image_carousel_69fccc3648861_script){su_image_carousel_69fccc3648861_script.parentNode.removeChild(su_image_carousel_69fccc3648861_script);}<\/script><\/h3>\r\n<p>&nbsp;<\/p>\r\n<h3 style=\"text-align: left\">\u00a0<\/h3>\r\n<hr \/>\r\n<h2>\u00a0<\/h2>\r\n<p>&nbsp;<\/p>\r\n<h1 style=\"text-align: center\"><span style=\"text-decoration: underline;color: #800080\">ARTICLES<\/span><\/h1>\r\n<p>&nbsp;<\/p>\r\n<h3 style=\"text-align: left\">\u00a0<\/h3>\r\n\r\n<div class=\"wp-block-media-text alignwide is-stacked-on-mobile\">\r\n<figure class=\"wp-block-media-text__media\"><a href=\"https:\/\/etab.ac-reunion.fr\/lyc-patu-de-rosemont\/?p=3500\"><img loading=\"lazy\" decoding=\"async\" width=\"323\" height=\"153\" class=\"wp-image-3505\" src=\"https:\/\/etab.ac-reunion.fr\/lyc-patu-de-rosemont\/wp-content\/uploads\/sites\/83\/2020\/09\/Elections-parents.jpg\" alt=\"\" srcset=\"https:\/\/etab.ac-reunion.fr\/lyc-patu-de-rosemont\/wp-content\/uploads\/sites\/83\/2020\/09\/Elections-parents.jpg 323w, https:\/\/etab.ac-reunion.fr\/lyc-patu-de-rosemont\/wp-content\/uploads\/sites\/83\/2020\/09\/Elections-parents-300x142.jpg 300w\" sizes=\"auto, (max-width: 323px) 100vw, 323px\" \/><\/a><\/figure>\r\n<div class=\"wp-block-media-text__content\">\r\n<p style=\"font-size: 22px\"><strong>Elections des parents d&rsquo;\u00e9l\u00e8ves au conseil d&rsquo;administration<\/strong><\/p>\r\n<\/div>\r\n<\/div>\r\n\r\n\r\n\r\n<div class=\"wp-block-group\">\r\n<div class=\"wp-block-group__inner-container is-layout-flow wp-block-group-is-layout-flow\">\r\n<div class=\"wp-block-media-text alignwide has-media-on-the-right is-stacked-on-mobile\">\r\n<figure class=\"wp-block-media-text__media\"><a href=\"https:\/\/etab.ac-reunion.fr\/lyc-patu-de-rosemont\/wp-content\/uploads\/sites\/83\/2020\/09\/GESTION-DES-CAS-COVID-19-DANS-LES-\u00c9COLES-ET-EPLE.pdf\"><img loading=\"lazy\" decoding=\"async\" width=\"275\" height=\"183\" class=\"wp-image-3475\" src=\"https:\/\/etab.ac-reunion.fr\/lyc-patu-de-rosemont\/wp-content\/uploads\/sites\/83\/2020\/09\/t\u00e9l\u00e9chargement-.jpg\" alt=\"\" srcset=\"https:\/\/etab.ac-reunion.fr\/lyc-patu-de-rosemont\/wp-content\/uploads\/sites\/83\/2020\/09\/t\u00e9l\u00e9chargement-.jpg 275w, https:\/\/etab.ac-reunion.fr\/lyc-patu-de-rosemont\/wp-content\/uploads\/sites\/83\/2020\/09\/t\u00e9l\u00e9chargement--140x94.jpg 140w\" sizes=\"auto, (max-width: 275px) 100vw, 275px\" \/><\/a><\/figure>\r\n<div class=\"wp-block-media-text__content\">\r\n<p class=\"has-text-align-left has-medium-font-size\"><strong>Synth\u00e8se acad\u00e9mique<\/strong>:GESTION DES CAS COVID 19 DANS LES \u00c9COLES ET EPLE<\/p>\r\n<\/div>\r\n<\/div>\r\n<\/div>\r\n<\/div>\r\n\r\n\r\n\r\n<figure class=\"wp-block-image size-large is-resized\"><a href=\"https:\/\/etab.ac-reunion.fr\/lyc-patu-de-rosemont\/inscriptions-2020-2021\/\"><img loading=\"lazy\" decoding=\"async\" class=\"wp-image-3372\" title=\"R\u00c9INSCRIPTION 2020-2021\" src=\"https:\/\/etab.ac-reunion.fr\/lyc-patu-de-rosemont\/wp-content\/uploads\/sites\/83\/2020\/06\/inscription-20-21-1024x507.png\" alt=\"\" width=\"382\" height=\"189\" srcset=\"https:\/\/etab.ac-reunion.fr\/lyc-patu-de-rosemont\/wp-content\/uploads\/sites\/83\/2020\/06\/inscription-20-21-1024x507.png 1024w, https:\/\/etab.ac-reunion.fr\/lyc-patu-de-rosemont\/wp-content\/uploads\/sites\/83\/2020\/06\/inscription-20-21-300x149.png 300w, https:\/\/etab.ac-reunion.fr\/lyc-patu-de-rosemont\/wp-content\/uploads\/sites\/83\/2020\/06\/inscription-20-21-768x380.png 768w, https:\/\/etab.ac-reunion.fr\/lyc-patu-de-rosemont\/wp-content\/uploads\/sites\/83\/2020\/06\/inscription-20-21-1536x760.png 1536w, https:\/\/etab.ac-reunion.fr\/lyc-patu-de-rosemont\/wp-content\/uploads\/sites\/83\/2020\/06\/inscription-20-21.png 1626w\" sizes=\"auto, (max-width: 382px) 100vw, 382px\" \/><\/a><\/figure>\r\n\r\n\r\n\r\n<figure class=\"wp-block-embed-dailymotion aligncenter wp-block-embed is-type-video is-provider-dailymotion wp-embed-aspect-16-9 wp-has-aspect-ratio\">\r\n<div class=\"wp-block-embed__wrapper\">https:\/\/www.dailymotion.com\/video\/x7tvl39<\/div>\r\n<figcaption><strong>Les vid\u00e9os de la phase d\u2019admission 2020<\/strong><br \/><a href=\"https:\/\/www.parcoursup.fr\/index.php?desc=videos_admission\">https:\/\/www.parcoursup.fr\/index.php?desc=videos_admission<\/a><\/figcaption>\r\n<\/figure>\r\n\r\n\r\n<ul class=\"wp-block-latest-posts__list has-dates wp-block-latest-posts\"><li><a class=\"wp-block-latest-posts__post-title\" href=\"https:\/\/etab.ac-reunion.fr\/lyc-patu-de-rosemont\/apprendre-et-entreprendre-votez-pour-patu\/\">Entreprendre POUR Apprendre: VOTEZ POUR PATU !<\/a><time datetime=\"2026-04-23T21:18:14+04:00\" class=\"wp-block-latest-posts__post-date\">23 avril 2026<\/time><div class=\"wp-block-latest-posts__post-excerpt\">Chef d&rsquo;oeuvre 2026 CAP MVP (maintenance v\u00e9hicule option voitures particuli\u00e8res) \u00ab\u00a0Votre s\u00e9curit\u00e9 et la propret\u00e9 de votre v\u00e9hicule, notre priorit\u00e9 !\u00a0\u00bb Cr\u00e9er &hellip;<\/div><\/li>\n<li><a class=\"wp-block-latest-posts__post-title\" href=\"https:\/\/etab.ac-reunion.fr\/lyc-patu-de-rosemont\/eleve-de-patu-passion-automobile-et-musicale\/\">El\u00e8ve de Patu: PASSION AUTOMOBILE ET MUSICALE<\/a><time datetime=\"2026-04-23T21:06:49+04:00\" class=\"wp-block-latest-posts__post-date\">23 avril 2026<\/time><div class=\"wp-block-latest-posts__post-excerpt\"><\/div><\/li>\n<\/ul>\r\n\r\n\r\n<div class=\"wp-block-media-text alignwide\">\r\n<figure class=\"wp-block-media-text__media\"><img loading=\"lazy\" decoding=\"async\" width=\"1024\" height=\"178\" class=\"wp-image-3139\" src=\"https:\/\/etab.ac-reunion.fr\/lyc-patu-de-rosemont\/wp-content\/uploads\/sites\/83\/2020\/02\/journ\u00e9e-porte-ouverte-1024x178.png\" alt=\"\" srcset=\"https:\/\/etab.ac-reunion.fr\/lyc-patu-de-rosemont\/wp-content\/uploads\/sites\/83\/2020\/02\/journ\u00e9e-porte-ouverte-1024x178.png 1024w, https:\/\/etab.ac-reunion.fr\/lyc-patu-de-rosemont\/wp-content\/uploads\/sites\/83\/2020\/02\/journ\u00e9e-porte-ouverte-300x52.png 300w, https:\/\/etab.ac-reunion.fr\/lyc-patu-de-rosemont\/wp-content\/uploads\/sites\/83\/2020\/02\/journ\u00e9e-porte-ouverte-768x133.png 768w, https:\/\/etab.ac-reunion.fr\/lyc-patu-de-rosemont\/wp-content\/uploads\/sites\/83\/2020\/02\/journ\u00e9e-porte-ouverte.png 1142w\" sizes=\"auto, (max-width: 1024px) 100vw, 1024px\" \/><\/figure>\r\n<div class=\"wp-block-media-text__content\">\r\n<p class=\"has-medium-font-size\"><a href=\"https:\/\/www.ac-reunion.fr\/orientation-formation\/sinformer-et-sorienter\/journees-portes-ouvertes.html\">Planning des JPO de l&rsquo;acad\u00e9mie REUNION<\/a><\/p>\r\n<\/div>\r\n<\/div>\r\n\r\n\r\n\r\n<div class=\"wp-block-media-text alignwide\">\r\n<figure class=\"wp-block-media-text__media\"><img loading=\"lazy\" decoding=\"async\" width=\"1024\" height=\"724\" class=\"wp-image-3048\" src=\"https:\/\/etab.ac-reunion.fr\/lyc-patu-de-rosemont\/wp-content\/uploads\/sites\/83\/2019\/12\/Planning-du-bac-et-bep-blanc-dec-191-1024x724.jpg\" alt=\"\" srcset=\"https:\/\/etab.ac-reunion.fr\/lyc-patu-de-rosemont\/wp-content\/uploads\/sites\/83\/2019\/12\/Planning-du-bac-et-bep-blanc-dec-191-1024x724.jpg 1024w, https:\/\/etab.ac-reunion.fr\/lyc-patu-de-rosemont\/wp-content\/uploads\/sites\/83\/2019\/12\/Planning-du-bac-et-bep-blanc-dec-191-768x543.jpg 768w, https:\/\/etab.ac-reunion.fr\/lyc-patu-de-rosemont\/wp-content\/uploads\/sites\/83\/2019\/12\/Planning-du-bac-et-bep-blanc-dec-191-300x212.jpg 300w, https:\/\/etab.ac-reunion.fr\/lyc-patu-de-rosemont\/wp-content\/uploads\/sites\/83\/2019\/12\/Planning-du-bac-et-bep-blanc-dec-191-1536x1087.jpg 1536w, https:\/\/etab.ac-reunion.fr\/lyc-patu-de-rosemont\/wp-content\/uploads\/sites\/83\/2019\/12\/Planning-du-bac-et-bep-blanc-dec-191-2048x1449.jpg 2048w\" sizes=\"auto, (max-width: 1024px) 100vw, 1024px\" \/><\/figure>\r\n<div class=\"wp-block-media-text__content\">\r\n<p class=\"has-large-font-size\">Planning BAC et BEP blancs<\/p>\r\n<\/div>\r\n<\/div>\r\n\r\n\r\n\r\n<div class=\"wp-block-media-text alignwide\">\r\n<figure class=\"wp-block-media-text__media\"><img loading=\"lazy\" decoding=\"async\" width=\"620\" height=\"380\" class=\"wp-image-3000\" src=\"https:\/\/etab.ac-reunion.fr\/lyc-patu-de-rosemont\/wp-content\/uploads\/sites\/83\/2019\/11\/rencontre-parents-profs.jpeg\" alt=\"\" srcset=\"https:\/\/etab.ac-reunion.fr\/lyc-patu-de-rosemont\/wp-content\/uploads\/sites\/83\/2019\/11\/rencontre-parents-profs.jpeg 620w, https:\/\/etab.ac-reunion.fr\/lyc-patu-de-rosemont\/wp-content\/uploads\/sites\/83\/2019\/11\/rencontre-parents-profs-300x184.jpeg 300w\" sizes=\"auto, (max-width: 620px) 100vw, 620px\" \/><\/figure>\r\n<div class=\"wp-block-media-text__content\">\r\n<p>AVIS AUX PARENTS<\/p>\r\n\r\n\r\n\r\n<p>Vous \u00eates convi\u00e9s \u00e0 la r\u00e9union parents-professeurs qui aura lieu le vendredi 29 novembre 2019 de 16h30 \u00e0 19h00. Les bulletins et les r\u00e9sultats aux tests de seconde vous seront remis \u00e0 cette occasion.<\/p>\r\n<\/div>\r\n<\/div>\r\n\r\n\r\n<hr class=\"wp-block-separator\" \/>\r\n\r\n\r\n<h4 class=\"has-text-align-left wp-block-heading\"><strong>Les articles r\u00e9cents<\/strong><\/h4>\r\n\r\n\r\n\r\n<div class=\"wp-block-file\"><a href=\"https:\/\/etab.ac-reunion.fr\/lyc-patu-de-rosemont\/wp-content\/uploads\/sites\/83\/2019\/09\/calendrier-annuel.pdf\">Calendrier annuel<\/a><a class=\"wp-block-file__button\" href=\"https:\/\/etab.ac-reunion.fr\/lyc-patu-de-rosemont\/wp-content\/uploads\/sites\/83\/2019\/09\/calendrier-annuel.pdf\">T\u00e9l\u00e9charger<\/a><\/div>\r\n\r\n\r\n\r\n<div class=\"wp-block-group is-layout-flow wp-block-group-is-layout-flow\">\r\n<div class=\"wp-block-group__inner-container\">\u00a0<\/div>\r\n<\/div>\r\n","protected":false},"excerpt":{"rendered":"[su_carousel source=\"media: 2658,2661,2712,2713\" limit=\"25\" link=\"lightbox\" width=\"400\" items=\"1\" title=\"no\"][su_carousel source=\"media: 413,403,765,557\" link=\"custom\" width=\"590\" height=\"590\"][\/su_carousel]\n[su_carousel source=\"media: 2757\" limit=\"25\" link=\"lightbox\" width=\"140\" items=\"1\" title=\"no\"][su_carousel source=\"media: 413,403,765,557\" link=\"custom\" width=\"590\" height=\"590\"][\/su_carousel]\n<h2 style=\"text-align: justify\"><img loading=\"lazy\" decoding=\"async\" class=\"\" src=\"https:\/\/etab.ac-reunion.fr\/lyc-patu-de-rosemont\/wp-content\/uploads\/sites\/83\/2019\/04\/travaux.png\" alt=\"\" width=\"77\" height=\"68\" \/>[su_note note_color=\"#b0a8ac\"]<strong><span style=\"color: #ff0000\">Site du Lyc\u00e9e en maintenance...<\/span><\/strong>[\/su_note]<\/h2>\n","protected":false},"author":11195,"featured_media":2461,"parent":0,"menu_order":1,"comment_status":"closed","ping_status":"closed","template":"page-full.php","meta":{"footnotes":""},"class_list":["post-98","page","type-page","status-publish","has-post-thumbnail","hentry","wpautop"],"_links":{"self":[{"href":"https:\/\/etab.ac-reunion.fr\/lyc-patu-de-rosemont\/wp-json\/wp\/v2\/pages\/98","targetHints":{"allow":["GET"]}}],"collection":[{"href":"https:\/\/etab.ac-reunion.fr\/lyc-patu-de-rosemont\/wp-json\/wp\/v2\/pages"}],"about":[{"href":"https:\/\/etab.ac-reunion.fr\/lyc-patu-de-rosemont\/wp-json\/wp\/v2\/types\/page"}],"author":[{"embeddable":true,"href":"https:\/\/etab.ac-reunion.fr\/lyc-patu-de-rosemont\/wp-json\/wp\/v2\/users\/11195"}],"replies":[{"embeddable":true,"href":"https:\/\/etab.ac-reunion.fr\/lyc-patu-de-rosemont\/wp-json\/wp\/v2\/comments?post=98"}],"version-history":[{"count":613,"href":"https:\/\/etab.ac-reunion.fr\/lyc-patu-de-rosemont\/wp-json\/wp\/v2\/pages\/98\/revisions"}],"predecessor-version":[{"id":5349,"href":"https:\/\/etab.ac-reunion.fr\/lyc-patu-de-rosemont\/wp-json\/wp\/v2\/pages\/98\/revisions\/5349"}],"wp:featuredmedia":[{"embeddable":true,"href":"https:\/\/etab.ac-reunion.fr\/lyc-patu-de-rosemont\/wp-json\/wp\/v2\/media\/2461"}],"wp:attachment":[{"href":"https:\/\/etab.ac-reunion.fr\/lyc-patu-de-rosemont\/wp-json\/wp\/v2\/media?parent=98"}],"curies":[{"name":"wp","href":"https:\/\/api.w.org\/{rel}","templated":true}]}}