{"id":152,"date":"2016-03-20T14:49:30","date_gmt":"2016-03-20T13:49:30","guid":{"rendered":"http:\/\/lycee-paul-langevin.ac-reunion.fr\/?page_id=152"},"modified":"2023-01-26T07:40:16","modified_gmt":"2023-01-26T06:40:16","slug":"mentions-legales","status":"publish","type":"page","link":"https:\/\/etab.ac-reunion.fr\/lyc-paul-langevin\/mentions-legales\/","title":{"rendered":"Mentions l\u00e9gales"},"content":{"rendered":"<p>Conform\u00e9ment aux dispositions des articles 6-III et 19 de la Loi n\u00b0 2004-575 du 21 juin 2004 pour la Confiance dans l&rsquo;\u00e9conomie num\u00e9rique, dite L.C.E.N., nous portons \u00e0 la connaissance des utilisateurs et visiteurs du site :\u00a0<a href=\"https:\/\/etab.ac-reunion.fr\/lyc-paul-langevin\" target=\"_blank\" rel=\"noopener noreferrer\">lycee-paul-langevin.ac-reunion.fr<\/a>\u00a0les informations suivantes :<\/p>\n<p>Informations l\u00e9gales :<\/p>\n<p>Statut du propri\u00e9taire : Personne morale<\/p>\n<p>Le Propri\u00e9taire est : TOMBARELLO Jean-Marc<\/p>\n<p>Adresse postale du propri\u00e9taire : LP Paul Langevin, 6 all\u00e9e des hibiscus 97480 Saint Joseph<\/p>\n<p>T\u00e9l. +262 (0)2 62 56 69 20<\/p>\n<p>Fournisseur de l&rsquo;h\u00e9bergement: Rectorat de l&rsquo;acad\u00e9mie de la R\u00e9union<\/p>\n<p>24, avenue Georges Brassens CS 71003, 97743 Saint Denis Cedex 9<\/p>\n<p>Le Responsable de la publication est : VANDERBEKEN J\u00e9r\u00f4me<\/p>\n<p>Le Responsable de la publication est une personne morale<\/p>\n<p>Le Webmaster est : Jonathan RIVIERE<\/p>\n<p>&nbsp;<\/p>\n<p><strong>Propri\u00e9t\u00e9 intellectuelle :<\/strong>\u00a0Ce site rel\u00e8ve de la l\u00e9gislation fran\u00e7aise et internationale sur le droit d\u2019auteur et la propri\u00e9t\u00e9 intellectuelle. Tous les droits de reproduction sont r\u00e9serv\u00e9s.<\/p>\n<p>&nbsp;<\/p>\n<p>&nbsp;<\/p>\n<p>&nbsp;<\/p>\n<p>&nbsp;<\/p>\n<p>&nbsp;<\/p>\n<p>&nbsp;<\/p>\n<p>&nbsp;<\/p>\n<p>&nbsp;<\/p>\n","protected":false},"excerpt":{"rendered":"<p>Conform\u00e9ment aux dispositions des articles 6-III et 19 de la Loi n\u00b0 2004-575 du 21 juin 2004 pour la Confiance dans l&rsquo;\u00e9conomie num\u00e9rique, dite L.C.E.N., nous portons \u00e0 la connaissance des utilisateurs et visiteurs du site :\u00a0lycee-paul-langevin.ac-reunion.fr\u00a0les informations suivantes : Informations l\u00e9gales : Statut du propri\u00e9taire : Personne morale Le\u2026<\/p>\n<p class=\"continue-reading-button\"> <a class=\"continue-reading-link\" href=\"https:\/\/etab.ac-reunion.fr\/lyc-paul-langevin\/mentions-legales\/\">Lire la suite&#8230;<i class=\"crycon-right-dir\"><\/i><\/a><\/p>\n","protected":false},"author":10917,"featured_media":0,"parent":0,"menu_order":0,"comment_status":"closed","ping_status":"closed","template":"","meta":{"footnotes":""},"class_list":["post-152","page","type-page","status-publish","hentry"],"_links":{"self":[{"href":"https:\/\/etab.ac-reunion.fr\/lyc-paul-langevin\/wp-json\/wp\/v2\/pages\/152","targetHints":{"allow":["GET"]}}],"collection":[{"href":"https:\/\/etab.ac-reunion.fr\/lyc-paul-langevin\/wp-json\/wp\/v2\/pages"}],"about":[{"href":"https:\/\/etab.ac-reunion.fr\/lyc-paul-langevin\/wp-json\/wp\/v2\/types\/page"}],"author":[{"embeddable":true,"href":"https:\/\/etab.ac-reunion.fr\/lyc-paul-langevin\/wp-json\/wp\/v2\/users\/10917"}],"replies":[{"embeddable":true,"href":"https:\/\/etab.ac-reunion.fr\/lyc-paul-langevin\/wp-json\/wp\/v2\/comments?post=152"}],"version-history":[{"count":8,"href":"https:\/\/etab.ac-reunion.fr\/lyc-paul-langevin\/wp-json\/wp\/v2\/pages\/152\/revisions"}],"predecessor-version":[{"id":3062,"href":"https:\/\/etab.ac-reunion.fr\/lyc-paul-langevin\/wp-json\/wp\/v2\/pages\/152\/revisions\/3062"}],"wp:attachment":[{"href":"https:\/\/etab.ac-reunion.fr\/lyc-paul-langevin\/wp-json\/wp\/v2\/media?parent=152"}],"curies":[{"name":"wp","href":"https:\/\/api.w.org\/{rel}","templated":true}]}}