{"id":1952,"date":"2020-05-28T12:30:12","date_gmt":"2020-05-28T11:30:12","guid":{"rendered":"http:\/\/lycee-paul-langevin.ac-reunion.fr\/?page_id=1952"},"modified":"2020-06-11T14:58:42","modified_gmt":"2020-06-11T13:58:42","slug":"plan-de-reprise-a-compter-du-2-juin-2020","status":"publish","type":"page","link":"https:\/\/etab.ac-reunion.fr\/lyc-paul-langevin\/plan-de-reprise-a-compter-du-2-juin-2020\/","title":{"rendered":"PLAN DE REPRISE \u00e0 compter du 2 Juin 2020"},"content":{"rendered":"<p>Ici vous trouverez le plan de reprise des cours valable \u00e0 partir du 2 juin 2020. Il sera mis \u00e0 jour r\u00e9guli\u00e8rement.<\/p>\n<p>Vous pouvez \u00e9galement visualiser les plannings par niveaux en s\u00e9lectionnant \u00a0\u00bb Informations COVID-19&Prime; dans le menu g\u00e9n\u00e9ral, puis \u00ab\u00a0plan de reprise \u00e0 compter du 2 juin 2020\u00a0\u00bb, ensuite cliquez la rubrique de votre choix.<\/p>\n<p>La demi-pension est toujours op\u00e9rationnelle pour les \u00e9l\u00e8ves qui en b\u00e9n\u00e9ficiaient avant le confinement, en revanche il est <strong>interdit <\/strong>pour un externe de <strong>manger<\/strong> dans l&rsquo;enceinte de l&rsquo;\u00e9tablissement.<\/p>\n<p>Les r\u00e9cr\u00e9ations ont \u00e9t\u00e9 r\u00e9parties de fa\u00e7on \u00e0 minimiser les contacts, cette nouvelle organisation est visible ci dessous.<\/p>\n<p><a href=\"https:\/\/etab.ac-reunion.fr\/lyc-paul-langevin\/wp-content\/uploads\/sites\/140\/2020\/05\/Organisation-p\u00e9dagogique-semaine-du-15-juin.pdf\">Organisation p\u00e9dagogique semaine du 15 juin<\/a><\/p>\n<p>&nbsp;<\/p>\n<p><img loading=\"lazy\" decoding=\"async\" class=\"alignnone size-full wp-image-1991\" src=\"https:\/\/etab.ac-reunion.fr\/lyc-paul-langevin\/wp-content\/uploads\/sites\/140\/2020\/05\/Gestion-des-r\u00e9cr\u00e9ations.png\" alt=\"\" width=\"1157\" height=\"583\" srcset=\"https:\/\/etab.ac-reunion.fr\/lyc-paul-langevin\/wp-content\/uploads\/sites\/140\/2020\/05\/Gestion-des-r\u00e9cr\u00e9ations.png 1157w, https:\/\/etab.ac-reunion.fr\/lyc-paul-langevin\/wp-content\/uploads\/sites\/140\/2020\/05\/Gestion-des-r\u00e9cr\u00e9ations-300x151.png 300w, https:\/\/etab.ac-reunion.fr\/lyc-paul-langevin\/wp-content\/uploads\/sites\/140\/2020\/05\/Gestion-des-r\u00e9cr\u00e9ations-1024x516.png 1024w, https:\/\/etab.ac-reunion.fr\/lyc-paul-langevin\/wp-content\/uploads\/sites\/140\/2020\/05\/Gestion-des-r\u00e9cr\u00e9ations-150x76.png 150w\" sizes=\"auto, (max-width: 1157px) 100vw, 1157px\" \/><\/p>\n","protected":false},"excerpt":{"rendered":"<p>Ici vous trouverez le plan de reprise des cours valable \u00e0 partir du 2 juin 2020. Il sera mis \u00e0 jour r\u00e9guli\u00e8rement. Vous pouvez \u00e9galement visualiser les plannings par niveaux en s\u00e9lectionnant \u00a0\u00bb Informations COVID-19&Prime; dans le menu g\u00e9n\u00e9ral, puis \u00ab\u00a0plan de reprise \u00e0 compter du 2 juin 2020\u00a0\u00bb, ensuite\u2026<\/p>\n<p class=\"continue-reading-button\"> <a class=\"continue-reading-link\" href=\"https:\/\/etab.ac-reunion.fr\/lyc-paul-langevin\/plan-de-reprise-a-compter-du-2-juin-2020\/\">Lire la suite&#8230;<i class=\"crycon-right-dir\"><\/i><\/a><\/p>\n","protected":false},"author":15433,"featured_media":0,"parent":0,"menu_order":0,"comment_status":"closed","ping_status":"closed","template":"","meta":{"footnotes":""},"class_list":["post-1952","page","type-page","status-publish","hentry"],"_links":{"self":[{"href":"https:\/\/etab.ac-reunion.fr\/lyc-paul-langevin\/wp-json\/wp\/v2\/pages\/1952","targetHints":{"allow":["GET"]}}],"collection":[{"href":"https:\/\/etab.ac-reunion.fr\/lyc-paul-langevin\/wp-json\/wp\/v2\/pages"}],"about":[{"href":"https:\/\/etab.ac-reunion.fr\/lyc-paul-langevin\/wp-json\/wp\/v2\/types\/page"}],"author":[{"embeddable":true,"href":"https:\/\/etab.ac-reunion.fr\/lyc-paul-langevin\/wp-json\/wp\/v2\/users\/15433"}],"replies":[{"embeddable":true,"href":"https:\/\/etab.ac-reunion.fr\/lyc-paul-langevin\/wp-json\/wp\/v2\/comments?post=1952"}],"version-history":[{"count":6,"href":"https:\/\/etab.ac-reunion.fr\/lyc-paul-langevin\/wp-json\/wp\/v2\/pages\/1952\/revisions"}],"predecessor-version":[{"id":2017,"href":"https:\/\/etab.ac-reunion.fr\/lyc-paul-langevin\/wp-json\/wp\/v2\/pages\/1952\/revisions\/2017"}],"wp:attachment":[{"href":"https:\/\/etab.ac-reunion.fr\/lyc-paul-langevin\/wp-json\/wp\/v2\/media?parent=1952"}],"curies":[{"name":"wp","href":"https:\/\/api.w.org\/{rel}","templated":true}]}}