{"id":2259,"date":"2021-04-13T14:39:55","date_gmt":"2021-04-13T13:39:55","guid":{"rendered":"http:\/\/lycee-paul-langevin.ac-reunion.fr\/?page_id=2259"},"modified":"2021-04-13T14:39:55","modified_gmt":"2021-04-13T13:39:55","slug":"presentation-du-lycee-et-de-ses-filieres","status":"publish","type":"page","link":"https:\/\/etab.ac-reunion.fr\/lyc-paul-langevin\/presentation-du-lycee-et-de-ses-filieres\/","title":{"rendered":"Pr\u00e9sentation du lyc\u00e9e et de ses fili\u00e8res"},"content":{"rendered":"<div style=\"width: 852px;\" class=\"wp-video\"><video class=\"wp-video-shortcode\" id=\"video-2259-1\" width=\"852\" height=\"480\" preload=\"metadata\" controls=\"controls\"><source type=\"video\/mp4\" src=\"https:\/\/etab.ac-reunion.fr\/lyc-paul-langevin\/wp-content\/uploads\/sites\/140\/2021\/04\/Orientation-3eme-LP-Paul-LANGEVIN.mp4?_=1\" \/><a href=\"https:\/\/etab.ac-reunion.fr\/lyc-paul-langevin\/wp-content\/uploads\/sites\/140\/2021\/04\/Orientation-3eme-LP-Paul-LANGEVIN.mp4\">https:\/\/etab.ac-reunion.fr\/lyc-paul-langevin\/wp-content\/uploads\/sites\/140\/2021\/04\/Orientation-3eme-LP-Paul-LANGEVIN.mp4<\/a><\/video><\/div>\n","protected":false},"excerpt":{"rendered":"<p class=\"continue-reading-button\"> <a class=\"continue-reading-link\" href=\"https:\/\/etab.ac-reunion.fr\/lyc-paul-langevin\/presentation-du-lycee-et-de-ses-filieres\/\">Lire la suite&#8230;<i class=\"crycon-right-dir\"><\/i><\/a><\/p>\n","protected":false},"author":15433,"featured_media":0,"parent":0,"menu_order":0,"comment_status":"closed","ping_status":"closed","template":"","meta":{"footnotes":""},"class_list":["post-2259","page","type-page","status-publish","hentry"],"_links":{"self":[{"href":"https:\/\/etab.ac-reunion.fr\/lyc-paul-langevin\/wp-json\/wp\/v2\/pages\/2259","targetHints":{"allow":["GET"]}}],"collection":[{"href":"https:\/\/etab.ac-reunion.fr\/lyc-paul-langevin\/wp-json\/wp\/v2\/pages"}],"about":[{"href":"https:\/\/etab.ac-reunion.fr\/lyc-paul-langevin\/wp-json\/wp\/v2\/types\/page"}],"author":[{"embeddable":true,"href":"https:\/\/etab.ac-reunion.fr\/lyc-paul-langevin\/wp-json\/wp\/v2\/users\/15433"}],"replies":[{"embeddable":true,"href":"https:\/\/etab.ac-reunion.fr\/lyc-paul-langevin\/wp-json\/wp\/v2\/comments?post=2259"}],"version-history":[{"count":1,"href":"https:\/\/etab.ac-reunion.fr\/lyc-paul-langevin\/wp-json\/wp\/v2\/pages\/2259\/revisions"}],"predecessor-version":[{"id":2261,"href":"https:\/\/etab.ac-reunion.fr\/lyc-paul-langevin\/wp-json\/wp\/v2\/pages\/2259\/revisions\/2261"}],"wp:attachment":[{"href":"https:\/\/etab.ac-reunion.fr\/lyc-paul-langevin\/wp-json\/wp\/v2\/media?parent=2259"}],"curies":[{"name":"wp","href":"https:\/\/api.w.org\/{rel}","templated":true}]}}