{"id":2931,"date":"2022-11-25T05:41:23","date_gmt":"2022-11-25T04:41:23","guid":{"rendered":"https:\/\/etab.ac-reunion.fr\/lyc-paul-langevin\/?page_id=2931"},"modified":"2026-02-26T10:39:30","modified_gmt":"2026-02-26T09:39:30","slug":"linternat","status":"publish","type":"page","link":"https:\/\/etab.ac-reunion.fr\/lyc-paul-langevin\/linternat\/","title":{"rendered":"L&rsquo;internat"},"content":{"rendered":"<p>L&rsquo;internat est un lieu de vie important au lyc\u00e9e, vous pouvez le d\u00e9couvrir sur cette page.<\/p>\n<p>Cliquez <a href=\"https:\/\/etab.ac-reunion.fr\/lyc-paul-langevin\/wp-content\/uploads\/sites\/140\/2026\/02\/Blue-3D-Illustration-School-Background-Poster_compressed.pdf\">ici<\/a> pour d\u00e9couvrir la journ\u00e9e type d&rsquo;un interne.<\/p>\n<p>De nombreux projets y sont men\u00e9s \u00e0 bien, comme par exemple <a href=\"https:\/\/etab.ac-reunion.fr\/lyc-paul-langevin\/wp-content\/uploads\/sites\/140\/2026\/02\/Black-Retro-Movie-Night-Poster_compressed.pdf\">l&rsquo;activit\u00e9 cin\u00e9<\/a>.<\/p>\n<p>Voici quelques photos pour d\u00e9couvrir l&rsquo;internat.<\/p>\n<p><img loading=\"lazy\" decoding=\"async\" class=\"alignnone size-full wp-image-4061\" src=\"https:\/\/etab.ac-reunion.fr\/lyc-paul-langevin\/wp-content\/uploads\/sites\/140\/2026\/02\/IMG_20260225_174453-scaled.jpg\" alt=\"\" width=\"2560\" height=\"1920\" srcset=\"https:\/\/etab.ac-reunion.fr\/lyc-paul-langevin\/wp-content\/uploads\/sites\/140\/2026\/02\/IMG_20260225_174453-scaled.jpg 2560w, https:\/\/etab.ac-reunion.fr\/lyc-paul-langevin\/wp-content\/uploads\/sites\/140\/2026\/02\/IMG_20260225_174453-300x225.jpg 300w, https:\/\/etab.ac-reunion.fr\/lyc-paul-langevin\/wp-content\/uploads\/sites\/140\/2026\/02\/IMG_20260225_174453-1024x768.jpg 1024w, https:\/\/etab.ac-reunion.fr\/lyc-paul-langevin\/wp-content\/uploads\/sites\/140\/2026\/02\/IMG_20260225_174453-1536x1152.jpg 1536w, https:\/\/etab.ac-reunion.fr\/lyc-paul-langevin\/wp-content\/uploads\/sites\/140\/2026\/02\/IMG_20260225_174453-2048x1536.jpg 2048w, https:\/\/etab.ac-reunion.fr\/lyc-paul-langevin\/wp-content\/uploads\/sites\/140\/2026\/02\/IMG_20260225_174453-150x113.jpg 150w\" sizes=\"auto, (max-width: 2560px) 100vw, 2560px\" \/> <img loading=\"lazy\" decoding=\"async\" class=\"alignnone size-full wp-image-4062\" src=\"https:\/\/etab.ac-reunion.fr\/lyc-paul-langevin\/wp-content\/uploads\/sites\/140\/2026\/02\/IMG_20260225_174402-scaled.jpg\" alt=\"\" width=\"2560\" height=\"1920\" srcset=\"https:\/\/etab.ac-reunion.fr\/lyc-paul-langevin\/wp-content\/uploads\/sites\/140\/2026\/02\/IMG_20260225_174402-scaled.jpg 2560w, https:\/\/etab.ac-reunion.fr\/lyc-paul-langevin\/wp-content\/uploads\/sites\/140\/2026\/02\/IMG_20260225_174402-300x225.jpg 300w, https:\/\/etab.ac-reunion.fr\/lyc-paul-langevin\/wp-content\/uploads\/sites\/140\/2026\/02\/IMG_20260225_174402-1024x768.jpg 1024w, https:\/\/etab.ac-reunion.fr\/lyc-paul-langevin\/wp-content\/uploads\/sites\/140\/2026\/02\/IMG_20260225_174402-1536x1152.jpg 1536w, https:\/\/etab.ac-reunion.fr\/lyc-paul-langevin\/wp-content\/uploads\/sites\/140\/2026\/02\/IMG_20260225_174402-2048x1536.jpg 2048w, https:\/\/etab.ac-reunion.fr\/lyc-paul-langevin\/wp-content\/uploads\/sites\/140\/2026\/02\/IMG_20260225_174402-150x113.jpg 150w\" sizes=\"auto, (max-width: 2560px) 100vw, 2560px\" \/> <img loading=\"lazy\" decoding=\"async\" class=\"alignnone size-full wp-image-4063\" src=\"https:\/\/etab.ac-reunion.fr\/lyc-paul-langevin\/wp-content\/uploads\/sites\/140\/2026\/02\/IMG_20260225_174207-scaled.jpg\" alt=\"\" width=\"2560\" height=\"1920\" srcset=\"https:\/\/etab.ac-reunion.fr\/lyc-paul-langevin\/wp-content\/uploads\/sites\/140\/2026\/02\/IMG_20260225_174207-scaled.jpg 2560w, https:\/\/etab.ac-reunion.fr\/lyc-paul-langevin\/wp-content\/uploads\/sites\/140\/2026\/02\/IMG_20260225_174207-300x225.jpg 300w, https:\/\/etab.ac-reunion.fr\/lyc-paul-langevin\/wp-content\/uploads\/sites\/140\/2026\/02\/IMG_20260225_174207-1024x768.jpg 1024w, https:\/\/etab.ac-reunion.fr\/lyc-paul-langevin\/wp-content\/uploads\/sites\/140\/2026\/02\/IMG_20260225_174207-1536x1152.jpg 1536w, https:\/\/etab.ac-reunion.fr\/lyc-paul-langevin\/wp-content\/uploads\/sites\/140\/2026\/02\/IMG_20260225_174207-2048x1536.jpg 2048w, https:\/\/etab.ac-reunion.fr\/lyc-paul-langevin\/wp-content\/uploads\/sites\/140\/2026\/02\/IMG_20260225_174207-150x113.jpg 150w\" sizes=\"auto, (max-width: 2560px) 100vw, 2560px\" \/> <img loading=\"lazy\" decoding=\"async\" class=\"alignnone size-full wp-image-4064\" src=\"https:\/\/etab.ac-reunion.fr\/lyc-paul-langevin\/wp-content\/uploads\/sites\/140\/2026\/02\/IMG_20260225_174045-scaled.jpg\" alt=\"\" width=\"2560\" height=\"1920\" srcset=\"https:\/\/etab.ac-reunion.fr\/lyc-paul-langevin\/wp-content\/uploads\/sites\/140\/2026\/02\/IMG_20260225_174045-scaled.jpg 2560w, https:\/\/etab.ac-reunion.fr\/lyc-paul-langevin\/wp-content\/uploads\/sites\/140\/2026\/02\/IMG_20260225_174045-300x225.jpg 300w, https:\/\/etab.ac-reunion.fr\/lyc-paul-langevin\/wp-content\/uploads\/sites\/140\/2026\/02\/IMG_20260225_174045-1024x768.jpg 1024w, https:\/\/etab.ac-reunion.fr\/lyc-paul-langevin\/wp-content\/uploads\/sites\/140\/2026\/02\/IMG_20260225_174045-1536x1152.jpg 1536w, https:\/\/etab.ac-reunion.fr\/lyc-paul-langevin\/wp-content\/uploads\/sites\/140\/2026\/02\/IMG_20260225_174045-2048x1536.jpg 2048w, https:\/\/etab.ac-reunion.fr\/lyc-paul-langevin\/wp-content\/uploads\/sites\/140\/2026\/02\/IMG_20260225_174045-150x113.jpg 150w\" sizes=\"auto, (max-width: 2560px) 100vw, 2560px\" \/><\/p>\n","protected":false},"excerpt":{"rendered":"<p>L&rsquo;internat est un lieu de vie important au lyc\u00e9e, vous pouvez le d\u00e9couvrir sur cette page. Cliquez ici pour d\u00e9couvrir la journ\u00e9e type d&rsquo;un interne. De nombreux projets y sont men\u00e9s \u00e0 bien, comme par exemple l&rsquo;activit\u00e9 cin\u00e9. Voici quelques photos pour d\u00e9couvrir l&rsquo;internat.<\/p>\n<p class=\"continue-reading-button\"> <a class=\"continue-reading-link\" href=\"https:\/\/etab.ac-reunion.fr\/lyc-paul-langevin\/linternat\/\">Lire la suite&#8230;<i class=\"crycon-right-dir\"><\/i><\/a><\/p>\n","protected":false},"author":32766,"featured_media":4064,"parent":0,"menu_order":0,"comment_status":"closed","ping_status":"closed","template":"","meta":{"footnotes":""},"class_list":["post-2931","page","type-page","status-publish","has-post-thumbnail","hentry"],"_links":{"self":[{"href":"https:\/\/etab.ac-reunion.fr\/lyc-paul-langevin\/wp-json\/wp\/v2\/pages\/2931","targetHints":{"allow":["GET"]}}],"collection":[{"href":"https:\/\/etab.ac-reunion.fr\/lyc-paul-langevin\/wp-json\/wp\/v2\/pages"}],"about":[{"href":"https:\/\/etab.ac-reunion.fr\/lyc-paul-langevin\/wp-json\/wp\/v2\/types\/page"}],"author":[{"embeddable":true,"href":"https:\/\/etab.ac-reunion.fr\/lyc-paul-langevin\/wp-json\/wp\/v2\/users\/32766"}],"replies":[{"embeddable":true,"href":"https:\/\/etab.ac-reunion.fr\/lyc-paul-langevin\/wp-json\/wp\/v2\/comments?post=2931"}],"version-history":[{"count":3,"href":"https:\/\/etab.ac-reunion.fr\/lyc-paul-langevin\/wp-json\/wp\/v2\/pages\/2931\/revisions"}],"predecessor-version":[{"id":4058,"href":"https:\/\/etab.ac-reunion.fr\/lyc-paul-langevin\/wp-json\/wp\/v2\/pages\/2931\/revisions\/4058"}],"wp:featuredmedia":[{"embeddable":true,"href":"https:\/\/etab.ac-reunion.fr\/lyc-paul-langevin\/wp-json\/wp\/v2\/media\/4064"}],"wp:attachment":[{"href":"https:\/\/etab.ac-reunion.fr\/lyc-paul-langevin\/wp-json\/wp\/v2\/media?parent=2931"}],"curies":[{"name":"wp","href":"https:\/\/api.w.org\/{rel}","templated":true}]}}